{"id":26,"date":"2014-09-18T12:24:32","date_gmt":"2014-09-18T11:24:32","guid":{"rendered":"http:\/\/agora.xtec.cat\/escmadorell\/?page_id=26"},"modified":"2021-07-05T12:37:39","modified_gmt":"2021-07-05T10:37:39","slug":"historia","status":"publish","type":"page","link":"https:\/\/agora.xtec.cat\/escmadorell\/lescola\/historia\/","title":{"rendered":"Hist\u00f2ria"},"content":{"rendered":"<p>L&#8217;Escola Josep Maria Madorell va ser creada l&#8217;any 1969 com a grup escolar annex de l&#8217;Escola Alfons XIII, per donar resposta a la demanda d&#8217;escolaritzaci\u00f3. El seu primer nom fou Col\u00b7legi Ferran Agull\u00f3, agafant el nom del carrer on es van fer les primeres depend\u00e8ncies.<\/p>\n<p>Durant els primers anys el centre es trobava repartit en diferents espais (l&#8217;actual Escola d&#8217;Adults Rafael Farr\u00e9) i diferents baixos del barri. Posteriorment es va fer una ampliaci\u00f3 amb la construcci\u00f3 de la zona d&#8217;infantil (actual Escola Bressol el Cargol). No fou fins l&#8217;any 1981, que l&#8217;Escola va agafar plena autonomia i va deixar de formar part del grup annex escola Alfons XIII per passar a ser un centre totalment diferenciat.<\/p>\n<p>L&#8217;augment de la matr\u00edcula va provocar que l&#8217;any 1985 l&#8217;Escola es divid\u00eds en dues, naixent d&#8217;aquesta manera l&#8217;Escola Pont de la Cadena en unes instal\u00b7lacions totalment noves.<\/p>\n<p>Durant m\u00e9s d&#8217;una d\u00e8cada, mestres, alumnes i pares i mares d&#8217;alumnes van estar lluitant per aconseguir salvar l&#8217;Escola, ja que les instal\u00b7lacions havien quedat totament obsoletes. Despr\u00e9s de la insist\u00e8ncia i patiment, l&#8217;any 2003 s&#8217;innagura el nou edicifici, situat al C\/ Men\u00e9ndez Pelayo 17.<\/p>\n<p>L&#8217;any 2007, la Generalitat de Catalunya, per fer front a l&#8217;augment de la matr\u00edcula de la Vila, decideix assignar al centre una nova l\u00ednia educativa. Aix\u00f2 comporta l&#8217;ampliaci\u00f3 de les instal\u00b7lacions. El setembre de 2010 s&#8217;entreguen aquestes obres que concluen un seguit de canvis. Per aquest motiu, el Consell Escolar es planteja canviar el nom de l&#8217;Escola vinculant-lo amb algun personatge de la Vila.<\/p>\n<p>Finalment s&#8217;opta per Josep Maria Madorell (a trav\u00e9s de votacions) fill predilecte de la Vila i il\u00b7lustrador. La seva traject\u00f2ria en la revista Cavall Fort i les seves aportacions a la literatura infantil ajudaran a con\u00e8ixer la vida d&#8217;aquest autor als nostres alumnes.<\/p>\n<p>El 23 de febrer de 2011 l&#8217;Ajuntament de Molins de Rei aprova el canvi de nom per unanimitat, i un cop fets tots els tr\u00e0mits, la Generalitat de Catalunya publica en el DOGC de 24 de maig de 2011 la nova denominaci\u00f3.<\/p>\n<p>Des del curs 2014\/2015, com a conseq\u00fc\u00e8ncia de la baixada de natalitat, el centre oferta \u00fanicament un grup.<\/p>\n","protected":false},"excerpt":{"rendered":"<p>L&#8217;Escola Josep Maria Madorell va ser creada l&#8217;any 1969 com a grup escolar annex de l&#8217;Escola Alfons XIII, per donar resposta a la demanda d&#8217;escolaritzaci\u00f3. El seu primer nom fou Col\u00b7legi Ferran Agull\u00f3, agafant el nom del carrer on es van fer les primeres depend\u00e8ncies.<br \/>\nDurant&hellip;  <a href=\"https:\/\/agora.xtec.cat\/escmadorell\/lescola\/historia\/\" title=\"Read Hist\u00f2ria\">Llegeix m\u00e9s\u00bb<\/a><\/p>\n","protected":false},"author":1,"featured_media":0,"parent":22,"menu_order":14,"comment_status":"closed","ping_status":"closed","template":"page-templates\/side-menu.php","meta":{"_bbp_topic_count":0,"_bbp_reply_count":0,"_bbp_total_topic_count":0,"_bbp_total_reply_count":0,"_bbp_voice_count":0,"_bbp_anonymous_reply_count":0,"_bbp_topic_count_hidden":0,"_bbp_reply_count_hidden":0,"_bbp_forum_subforum_count":0,"footnotes":""},"class_list":["post-26","page","type-page","status-publish","hentry"],"post_mailing_queue_ids":[],"_links":{"self":[{"href":"https:\/\/agora.xtec.cat\/escmadorell\/wp-json\/wp\/v2\/pages\/26","targetHints":{"allow":["GET"]}}],"collection":[{"href":"https:\/\/agora.xtec.cat\/escmadorell\/wp-json\/wp\/v2\/pages"}],"about":[{"href":"https:\/\/agora.xtec.cat\/escmadorell\/wp-json\/wp\/v2\/types\/page"}],"author":[{"embeddable":true,"href":"https:\/\/agora.xtec.cat\/escmadorell\/wp-json\/wp\/v2\/users\/1"}],"replies":[{"embeddable":true,"href":"https:\/\/agora.xtec.cat\/escmadorell\/wp-json\/wp\/v2\/comments?post=26"}],"version-history":[{"count":3,"href":"https:\/\/agora.xtec.cat\/escmadorell\/wp-json\/wp\/v2\/pages\/26\/revisions"}],"predecessor-version":[{"id":454,"href":"https:\/\/agora.xtec.cat\/escmadorell\/wp-json\/wp\/v2\/pages\/26\/revisions\/454"}],"up":[{"embeddable":true,"href":"https:\/\/agora.xtec.cat\/escmadorell\/wp-json\/wp\/v2\/pages\/22"}],"wp:attachment":[{"href":"https:\/\/agora.xtec.cat\/escmadorell\/wp-json\/wp\/v2\/media?parent=26"}],"curies":[{"name":"wp","href":"https:\/\/api.w.org\/{rel}","templated":true}]}}