{"id":2308,"date":"2017-02-17T21:21:36","date_gmt":"2017-02-17T20:21:36","guid":{"rendered":"http:\/\/agora.xtec.cat\/escmadorell\/?page_id=2308"},"modified":"2025-12-19T10:24:24","modified_gmt":"2025-12-19T09:24:24","slug":"informacio-general","status":"publish","type":"page","link":"https:\/\/agora.xtec.cat\/escmadorell\/lescola\/preinscripcio\/informacio-general\/","title":{"rendered":"Informaci\u00f3 General"},"content":{"rendered":"<div class=\"FW_sArticleFoto\">\n<div class=\"FW_sEditPro\">\n<p>La preinscripci\u00f3 \u00e9s el tr\u00e0mit que cal fer per ser adm\u00e8s per primera vegada en un centre sostingut amb fons p\u00fablics i per canviar de centre.<\/p>\n<p>Per fer la preinscripci\u00f3 cal:<\/p>\n<ul>\n<li>con\u00e8ixer el <a href=\"https:\/\/preinscripcio.gencat.cat\/ca\/inici\">calendari <\/a>de tot el proc\u00e9s,<\/li>\n<li>consultar els\u00a0centres i l&#8217;oferta de places escolars,<\/li>\n<li>con\u00e8ixer els criteris de prioritat amb qu\u00e8 s&#8217;ordenen les sol\u00b7licituds i la documentaci\u00f3 necess\u00e0ria per justificar-los,<\/li>\n<li>presentar la sol\u00b7licitud i la documentaci\u00f3 en els terminis establerts.<\/li>\n<\/ul>\n<p style=\"text-align: justify;\">Les sol\u00b7licituds s&#8217;ordenen a partir de l&#8217;aplicaci\u00f3 dels <strong>criteris de prioritat<\/strong>.<\/p>\n<p style=\"text-align: justify;\">Cada centre educatiu informa del seu projecte educatiu, dels ensenyaments que imparteix, de les places de qu\u00e8 disposa, de l&#8217;adscripci\u00f3 a altres centres i si t\u00e9 mitjans espec\u00edfics d&#8217;adaptaci\u00f3 a determinades discapacitats dels alumnes. Normalment, els centres organitzen jornades de portes obertes abans del per\u00edode de preinscripci\u00f3.<\/p>\n<p style=\"text-align: justify;\">Cada any el Departament publica la resoluci\u00f3 que regula el proc\u00e9s de preinscripci\u00f3, on s&#8217;estableixen les dates i els terminis que s\u00f3n espec\u00edfics per a cada ensenyament.<\/p>\n<\/div>\n<\/div>\n<div class=\"FW_clear FW_hrBlanc\"><\/div>\n<div class=\"FW_sTitolFons\"><\/div>\n<div class=\"FW_sPregunta FW_sImpacte\">\n<h4 id=\"FW_bloc_19e5247b-dd6d-11e6-80df-005056924a59_1\" class=\"FW_ancora\">Dates de la preinscripci\u00f3 del curs 2026-2027<\/h4>\n<p><span style=\"font-size: 1.125em; font-weight: bold;\">Preinscripci\u00f3<\/span><\/p>\n<\/div>\n<div class=\"FW_sPregunta FW_sImpacte\">\n<div class=\"FW_sArticleFoto\">\n<div class=\"FW_sEditPro\">\n<div class=\"FW_sPregunta FW_sImpacte\">\n<div class=\"FW_sArticleFoto\">\n<div class=\"FW_sEditPro\">\n<div class=\"FW_sPregunta FW_sImpacte\">\n<div class=\"FW_sArticleFoto\">\n<div class=\"FW_sEditPro\">\n<ul>\n<li>Oferta inicial de places escolars, publicada el dimarts XX de mar\u00e7 de 2026.<\/li>\n<\/ul>\n<\/div>\n<\/div>\n<div class=\"FW_clear FW_hrBlanc\"><\/div>\n<\/div>\n<\/div>\n<\/div>\n<\/div>\n<\/div>\n<\/div>\n<\/div>\n<div class=\"FW_sPregunta FW_sImpacte\">\n<div class=\"FW_sArticleFoto\">\n<div class=\"FW_sEditPro\">\n<div class=\"FW_sPregunta FW_sImpacte\">\n<div class=\"FW_sArticleFoto\">\n<div class=\"FW_sEditPro\">\n<div class=\"FW_sPregunta FW_sImpacte\">\n<div class=\"FW_clear FW_hrBlanc\"><\/div>\n<\/div>\n<\/div>\n<\/div>\n<div class=\"FW_sArticleFoto\">\n<div class=\"FW_sEditPro\">\n<div class=\"FW_sPregunta FW_sImpacte\">\n<div class=\"FW_clear FW_hrBlanc\">\n<ul>\n<li>Llista definitiva d&#8217;admesos en data de XX de juny de 2026.<\/li>\n<\/ul>\n<\/div>\n<\/div>\n<\/div>\n<\/div>\n<\/div>\n<\/div>\n<\/div>\n<\/div>\n","protected":false},"excerpt":{"rendered":"<p>La preinscripci\u00f3 \u00e9s el tr\u00e0mit que cal fer per ser adm\u00e8s per primera vegada en un centre sostingut amb fons p\u00fablics i per canviar de centre.<br \/>\nPer fer la preinscripci\u00f3 cal:<\/p>\n<ul>\n<li>con\u00e8ixer el <a href=\"https:\/\/preinscripcio.gencat.cat\/ca\/inici\">calendari <\/a>de tot el proc\u00e9s,<\/li>\n<li>consultar els\u00a0centres i l&#8217;oferta de places escolars,<\/li>\n<li>con\u00e8ixer els criteris&hellip;  <a href=\"https:\/\/agora.xtec.cat\/escmadorell\/lescola\/preinscripcio\/informacio-general\/\" title=\"Read Informaci\u00f3 General\">Llegeix m\u00e9s\u00bb<\/a><br \/>\n","protected":false},"author":4,"featured_media":0,"parent":2785,"menu_order":10,"comment_status":"closed","ping_status":"closed","template":"page-templates\/side-menu.php","meta":{"_bbp_topic_count":0,"_bbp_reply_count":0,"_bbp_total_topic_count":0,"_bbp_total_reply_count":0,"_bbp_voice_count":0,"_bbp_anonymous_reply_count":0,"_bbp_topic_count_hidden":0,"_bbp_reply_count_hidden":0,"_bbp_forum_subforum_count":0,"footnotes":""},"class_list":["post-2308","page","type-page","status-publish","hentry"],"post_mailing_queue_ids":[],"_links":{"self":[{"href":"https:\/\/agora.xtec.cat\/escmadorell\/wp-json\/wp\/v2\/pages\/2308","targetHints":{"allow":["GET"]}}],"collection":[{"href":"https:\/\/agora.xtec.cat\/escmadorell\/wp-json\/wp\/v2\/pages"}],"about":[{"href":"https:\/\/agora.xtec.cat\/escmadorell\/wp-json\/wp\/v2\/types\/page"}],"author":[{"embeddable":true,"href":"https:\/\/agora.xtec.cat\/escmadorell\/wp-json\/wp\/v2\/users\/4"}],"replies":[{"embeddable":true,"href":"https:\/\/agora.xtec.cat\/escmadorell\/wp-json\/wp\/v2\/comments?post=2308"}],"version-history":[{"count":8,"href":"https:\/\/agora.xtec.cat\/escmadorell\/wp-json\/wp\/v2\/pages\/2308\/revisions"}],"predecessor-version":[{"id":20109,"href":"https:\/\/agora.xtec.cat\/escmadorell\/wp-json\/wp\/v2\/pages\/2308\/revisions\/20109"}],"up":[{"embeddable":true,"href":"https:\/\/agora.xtec.cat\/escmadorell\/wp-json\/wp\/v2\/pages\/2785"}],"wp:attachment":[{"href":"https:\/\/agora.xtec.cat\/escmadorell\/wp-json\/wp\/v2\/media?parent=2308"}],"curies":[{"name":"wp","href":"https:\/\/api.w.org\/{rel}","templated":true}]}}