{"id":17572,"date":"2023-05-10T15:08:33","date_gmt":"2023-05-10T13:08:33","guid":{"rendered":"https:\/\/agora.xtec.cat\/escmadorell\/?page_id=17572"},"modified":"2023-06-26T11:00:40","modified_gmt":"2023-06-26T09:00:40","slug":"avaluacio-edc","status":"publish","type":"page","link":"https:\/\/agora.xtec.cat\/escmadorell\/projectes\/cultura-digital\/avaluacio-edc\/","title":{"rendered":"Avaluaci\u00f3 EDC"},"content":{"rendered":"<table style=\"width: 101.085%; border-collapse: collapse; border-style: double; height: 414px;\">\n<tbody>\n<tr style=\"height: 32px;\">\n<td style=\"width: 23.1884%; height: 32px;\"><b>OBJECTIU 1\u00a0<\/b><\/td>\n<td style=\"width: 78.9855%; height: 32px;\" colspan=\"5\">Assegurar el relleu de la coordinadora digital.<\/td>\n<\/tr>\n<tr style=\"height: 32px;\">\n<td style=\"width: 23.1884%; height: 286px;\" rowspan=\"5\"><b><br \/>\n<\/b><b><br \/>\n<\/b><b>Actuacions<\/b><\/td>\n<td style=\"width: 67.9478%; text-align: right; height: 32px;\" colspan=\"4\"><b>\u00a0Temporalitzaci\u00f3 cursos<\/b><\/td>\n<\/tr>\n<tr style=\"height: 32px;\">\n<td style=\"width: 40.5797%; height: 32px;\"><\/td>\n<td style=\"width: 8.88333%; text-align: center; height: 32px;\"><strong>1r<\/strong><\/td>\n<td style=\"width: 9.42194%; text-align: center; height: 32px;\"><strong>2n<\/strong><\/td>\n<td style=\"width: 9.06287%; text-align: center; height: 32px;\"><strong>3r<\/strong><\/td>\n<td style=\"width: 11.0377%; text-align: center; height: 32px;\"><strong>4t<\/strong><\/td>\n<\/tr>\n<tr style=\"height: 32px;\">\n<td style=\"width: 40.5797%; height: 32px;\">1.1 Acceptaci\u00f3 de la proposta.<\/td>\n<td style=\"width: 8.88333%; text-align: center; height: 32px;\">X<\/td>\n<td style=\"width: 9.42194%; text-align: center; height: 32px;\"><\/td>\n<td style=\"width: 9.06287%; text-align: center; height: 32px;\"><\/td>\n<td style=\"width: 11.0377%; text-align: center; height: 32px;\"><\/td>\n<\/tr>\n<tr style=\"height: 48px;\">\n<td style=\"width: 40.5797%; height: 48px;\">1.2 Realitzaci\u00f3 de la formaci\u00f3 d&#8217;estrat\u00e8gia digital.<\/td>\n<td style=\"width: 8.88333%; text-align: center; height: 48px;\">X<\/td>\n<td style=\"width: 9.42194%; text-align: center; height: 48px;\">X<\/td>\n<td style=\"width: 9.06287%; text-align: center; height: 48px;\">X<\/td>\n<td style=\"width: 11.0377%; text-align: center; height: 48px;\">X<\/td>\n<\/tr>\n<tr style=\"height: 48px;\">\n<td style=\"width: 40.5797%; height: 48px;\">1.3 Explicaci\u00f3 i trasp\u00e0s de tota la documentaci\u00f3.<\/td>\n<td style=\"width: 8.88333%; text-align: center; height: 48px;\">X<\/td>\n<td style=\"width: 9.42194%; text-align: center; height: 48px;\"><\/td>\n<td style=\"width: 9.06287%; text-align: center; height: 48px;\"><\/td>\n<td style=\"width: 11.0377%; text-align: center; height: 48px;\"><\/td>\n<\/tr>\n<tr style=\"height: 32px;\">\n<td style=\"width: 23.1884%; height: 32px;\"><b>Valoraci\u00f3<\/b><\/td>\n<td style=\"width: 40.5797%; height: 32px;\">S&#8217;han redactat totes les tasques a realitzar per la persona coordinadora digital de centre.<\/td>\n<td style=\"width: 8.88333%; height: 32px;\"><\/td>\n<td style=\"width: 9.42194%; height: 32px;\"><\/td>\n<td style=\"width: 9.06287%; height: 32px;\"><\/td>\n<td style=\"width: 11.0377%; height: 32px;\"><\/td>\n<\/tr>\n<tr style=\"height: 32px;\">\n<td style=\"width: 23.1884%; height: 32px;\"><b>Evid\u00e8ncies<\/b><\/td>\n<td style=\"width: 40.5797%; height: 32px;\"><a href=\"https:\/\/docs.google.com\/document\/d\/10UDwd6ZQN9soO_umaCTbc1_vIr6YDEbV28s4-AlMe30\/edit?usp=sharing\">Document de trasp\u00e0s<\/a><\/p>\n<p><a href=\"https:\/\/agora.xtec.cat\/escmadorell\/wp-content\/uploads\/usu1350\/2021\/02\/Disposicions-adicionas-Gener21.pdf\">Funcions de la coordinaci\u00f3 de cultura digital<\/a><\/td>\n<td style=\"width: 8.88333%; height: 32px;\"><\/td>\n<td style=\"width: 9.42194%; height: 32px;\"><\/td>\n<td style=\"width: 9.06287%; height: 32px;\"><\/td>\n<td style=\"width: 11.0377%; height: 32px;\"><\/td>\n<\/tr>\n<tr style=\"height: 32px;\">\n<td style=\"width: 23.1884%; height: 32px;\"><\/td>\n<td style=\"width: 40.5797%; height: 32px;\"><\/td>\n<td style=\"width: 8.88333%; height: 32px;\"><\/td>\n<td style=\"width: 9.42194%; height: 32px;\"><\/td>\n<td style=\"width: 9.06287%; height: 32px;\"><\/td>\n<td style=\"width: 11.0377%; height: 32px;\"><\/td>\n<\/tr>\n<\/tbody>\n<\/table>\n<table style=\"width: 101.085%; border-collapse: collapse; border-style: double; height: 414px;\">\n<tbody>\n<tr style=\"height: 32px;\">\n<td style=\"width: 23.1884%; height: 32px;\"><b>OBJECTIU 2<\/b><\/td>\n<td style=\"width: 78.9855%; height: 32px;\" colspan=\"5\">Actualitzar el desplegament complet de la compet\u00e8ncia digital de l\u2019alumnat a tots els nivells.<\/td>\n<\/tr>\n<tr style=\"height: 32px;\">\n<td style=\"width: 23.1884%; height: 286px;\" rowspan=\"4\"><b><br \/>\n<\/b><b><br \/>\n<\/b><b>Actuacions<\/b><\/td>\n<td style=\"width: 38.4058%; text-align: right; height: 32px;\" colspan=\"4\"><b>\u00a0Temporalitzaci\u00f3 cursos<\/b><\/td>\n<td><\/td>\n<\/tr>\n<tr style=\"height: 32px;\">\n<td style=\"width: 40.5797%; height: 32px;\"><\/td>\n<td style=\"width: 8.88333%; text-align: center; height: 32px;\"><strong>1r<\/strong><\/td>\n<td style=\"width: 9.42194%; text-align: center; height: 32px;\"><strong>2n<\/strong><\/td>\n<td style=\"width: 9.06287%; text-align: center; height: 32px;\"><strong>3r<\/strong><\/td>\n<td style=\"width: 11.0377%; text-align: center; height: 32px;\"><strong>4t<\/strong><\/td>\n<\/tr>\n<tr style=\"height: 32px;\">\n<td style=\"width: 40.5797%; height: 32px;\">2.1 Explicitar nivell a nivell, la compet\u00e8ncia digital a assolir<\/td>\n<td style=\"width: 8.88333%; text-align: center; height: 32px;\">X<\/td>\n<td style=\"width: 9.42194%; text-align: center; height: 32px;\">X<\/td>\n<td style=\"width: 9.06287%; text-align: center; height: 32px;\"><\/td>\n<td style=\"width: 11.0377%; text-align: center; height: 32px;\"><\/td>\n<\/tr>\n<tr style=\"height: 48px;\">\n<td style=\"width: 40.5797%; height: 48px;\">2.2 Crear bases d&#8217;orientaci\u00f3 o r\u00fabriques per a cada nivell<\/td>\n<td style=\"width: 8.88333%; text-align: center; height: 48px;\">X<\/td>\n<td style=\"width: 9.42194%; text-align: center; height: 48px;\">X<\/td>\n<td style=\"width: 9.06287%; text-align: center; height: 48px;\"><\/td>\n<td style=\"width: 11.0377%; text-align: center; height: 48px;\"><\/td>\n<\/tr>\n<tr style=\"height: 32px;\">\n<td style=\"width: 23.1884%; height: 32px;\"><b>Valoraci\u00f3<\/b><\/td>\n<td style=\"width: 40.5797%; height: 32px;\" colspan=\"5\">S&#8217;ha redactat la CDA<\/p>\n<p>S&#8217;han creat les r\u00fabriques de 6\u00e8.<\/td>\n<\/tr>\n<tr style=\"height: 32px;\">\n<td style=\"width: 23.1884%; height: 32px;\"><b>Evid\u00e8ncies<\/b><\/td>\n<td style=\"width: 40.5797%; height: 32px;\" colspan=\"5\"><a href=\"https:\/\/docs.google.com\/spreadsheets\/d\/1KqBNxAQtHUWCbTCRyoj8NCDXtFnn7Bwt\/edit?rtpof=true#gid=965160987\">Full amb la gradaci\u00f3 per cicles<\/a><\/p>\n<p><a href=\"https:\/\/drive.google.com\/drive\/u\/0\/folders\/1DUS-T91JjLR2HySoU8yiJ63Mqp2_-nG3\">Autoavaluacions d&#8217;educaci\u00f3 prim\u00e0ria<\/a><\/td>\n<\/tr>\n<tr style=\"height: 32px;\">\n<td style=\"width: 23.1884%; height: 32px;\"><\/td>\n<td style=\"width: 40.5797%; height: 32px;\"><\/td>\n<td style=\"width: 8.88333%; height: 32px;\"><\/td>\n<td style=\"width: 9.42194%; height: 32px;\"><\/td>\n<td style=\"width: 9.06287%; height: 32px;\"><\/td>\n<td style=\"width: 11.0377%; height: 32px;\"><\/td>\n<\/tr>\n<\/tbody>\n<\/table>\n<table style=\"width: 101.085%; border-collapse: collapse; border-style: double; height: 414px;\">\n<tbody>\n<tr style=\"height: 32px;\">\n<td style=\"width: 23.1884%; height: 32px;\"><b>OBJECTIU 3<br \/>\n<\/b><\/td>\n<td style=\"width: 76.8456%; height: 32px;\" colspan=\"5\">Fomentar el treball amb altres professors de manera cooperativa.<\/td>\n<\/tr>\n<tr style=\"height: 32px;\">\n<td style=\"width: 23.1884%; height: 286px;\" rowspan=\"4\"><b><br \/>\n<\/b><b><br \/>\n<\/b><b>Actuacions<\/b><\/td>\n<td style=\"width: 67.9478%; text-align: right; height: 32px;\" colspan=\"4\"><b>\u00a0Temporalitzaci\u00f3 cursos<\/b><\/td>\n<td style=\"width: 8.89774%;\"><\/td>\n<\/tr>\n<tr style=\"height: 32px;\">\n<td style=\"width: 40.5797%; height: 32px;\"><\/td>\n<td style=\"width: 8.88333%; text-align: center; height: 32px;\"><strong>1r<\/strong><\/td>\n<td style=\"width: 9.42194%; text-align: center; height: 32px;\"><strong>2n<\/strong><\/td>\n<td style=\"width: 9.06287%; text-align: center; height: 32px;\"><strong>3r<\/strong><\/td>\n<td style=\"width: 8.89774%; text-align: center; height: 32px;\"><strong>4t<\/strong><\/td>\n<\/tr>\n<tr style=\"height: 32px;\">\n<td style=\"width: 40.5797%; height: 32px;\">3.1. Establir reunions peri\u00f2diques per compartir experi\u00e8ncies i idees.<\/td>\n<td style=\"width: 8.88333%; text-align: center; height: 32px;\">X<\/td>\n<td style=\"width: 9.42194%; text-align: center; height: 32px;\">X<\/td>\n<td style=\"width: 9.06287%; text-align: center; height: 32px;\">X<\/td>\n<td style=\"width: 8.89774%; text-align: center; height: 32px;\">X<\/td>\n<\/tr>\n<tr style=\"height: 48px;\">\n<td style=\"width: 40.5797%; height: 48px;\">3.2. Avaluar els resultats de les accions dutes a terme.<\/td>\n<td style=\"width: 8.88333%; text-align: center; height: 48px;\">X<\/td>\n<td style=\"width: 9.42194%; text-align: center; height: 48px;\">X<\/td>\n<td style=\"width: 9.06287%; text-align: center; height: 48px;\">X<\/td>\n<td style=\"width: 8.89774%; text-align: center; height: 48px;\">X<\/td>\n<\/tr>\n<tr style=\"height: 32px;\">\n<td style=\"width: 23.1884%; height: 32px;\"><b>Valoraci\u00f3<\/b><\/td>\n<td style=\"width: 76.8456%; height: 32px;\" colspan=\"5\">Tot el treball docent s&#8217;organitza a partir del Drive del domini escmadorell. A partir d&#8217;unitats compartides i subcarpetes, s&#8217;estructura la informaci\u00f3 i es comparteix seguint les directrius marcades pel centre. La valoraci\u00f3 \u00e9s positiva, ja que permet compartir els documents i acords de forma \u00e0gil i segura.<\/td>\n<\/tr>\n<tr style=\"height: 32px;\">\n<td style=\"width: 23.1884%; height: 32px;\"><b>Evid\u00e8ncies<\/b><\/td>\n<td style=\"width: 40.5797%; height: 32px;\" colspan=\"5\">Drive escmadorell (\u00fas intern de l&#8217;equip docent).<\/td>\n<\/tr>\n<\/tbody>\n<\/table>\n<table style=\"width: 101.085%; border-collapse: collapse; border-style: double; height: 414px;\">\n<tbody>\n<tr style=\"height: 32px;\">\n<td style=\"width: 23.1884%; height: 32px;\"><b>OBJECTIU 4<\/b><\/td>\n<td style=\"width: 78.9855%; height: 32px;\" colspan=\"5\">Establir mecanismes d&#8217;autoavaluaci\u00f3 i reflexi\u00f3 personal dels alumnes.<\/td>\n<\/tr>\n<tr style=\"height: 32px;\">\n<td style=\"width: 23.1884%; height: 286px;\" rowspan=\"4\"><b><br \/>\n<\/b><b><br \/>\n<\/b><b>Actuacions<\/b><\/td>\n<td style=\"width: 67.9478%; text-align: right; height: 32px;\" colspan=\"4\"><b>\u00a0Temporalitzaci\u00f3 cursos<\/b><\/td>\n<td><\/td>\n<\/tr>\n<tr style=\"height: 32px;\">\n<td style=\"width: 40.5797%; height: 32px;\"><\/td>\n<td style=\"width: 8.88333%; text-align: center; height: 32px;\"><strong>1r<\/strong><\/td>\n<td style=\"width: 9.42194%; text-align: center; height: 32px;\"><strong>2n<\/strong><\/td>\n<td style=\"width: 9.06287%; text-align: center; height: 32px;\"><strong>3r<\/strong><\/td>\n<td style=\"width: 11.0377%; text-align: center; height: 32px;\"><strong>4t<\/strong><\/td>\n<\/tr>\n<tr style=\"height: 32px;\">\n<td style=\"width: 40.5797%; height: 32px;\">4.1 Dissenyar l&#8217;autoavaluaci\u00f3 a tots els nivells de Prim\u00e0ria.<\/td>\n<td style=\"width: 8.88333%; text-align: center; height: 32px;\">X<\/td>\n<td style=\"width: 9.42194%; text-align: center; height: 32px;\"><\/td>\n<td style=\"width: 9.06287%; text-align: center; height: 32px;\">X<\/td>\n<td style=\"width: 11.0377%; text-align: center; height: 32px;\"><\/td>\n<\/tr>\n<tr style=\"height: 48px;\">\n<td style=\"width: 40.5797%; height: 48px;\">4.2 Crear en l\u00ednia l&#8217;eina d&#8217;autoavaluaci\u00f3 i retroacci\u00f3 de l&#8217;alumnat de CS..<\/td>\n<td style=\"width: 8.88333%; text-align: center; height: 48px;\">X<\/td>\n<td style=\"width: 9.42194%; text-align: center; height: 48px;\"><\/td>\n<td style=\"width: 9.06287%; text-align: center; height: 48px;\">X<\/td>\n<td style=\"width: 11.0377%; text-align: center; height: 48px;\"><\/td>\n<\/tr>\n<tr style=\"height: 32px;\">\n<td style=\"width: 23.1884%; height: 32px;\"><b>Valoraci\u00f3<\/b><\/td>\n<td style=\"width: 40.5797%; height: 32px;\" colspan=\"5\">S&#8217;han aplicat dues autoavaluacions amb feedback acordat. Una al mes de febrer, on reflexionaven sobre diferents aspectes i acordaven propostes de millora. Una segona al mes de maig on valoraven el grau d&#8217;assoliment de les seves propostes de millora. En ambd\u00f3s casos, l&#8217;equip docent ha fet un retorn personal a l&#8217;alumne\/a. Aquests documents s&#8217;han adjuntat als informes corresponents a les fam\u00edlies.<\/td>\n<\/tr>\n<tr style=\"height: 32px;\">\n<td style=\"width: 23.1884%; height: 32px;\"><b>Evid\u00e8ncies<\/b><\/td>\n<td style=\"width: 40.5797%; height: 32px;\" colspan=\"5\"><a href=\"https:\/\/agora.xtec.cat\/escmadorell\">Autoavaluacions d&#8217;educaci\u00f3 prim\u00e0ria<\/a><\/td>\n<\/tr>\n<\/tbody>\n<\/table>\n<table style=\"width: 101.085%; border-collapse: collapse; border-style: double; height: 414px;\">\n<tbody>\n<tr style=\"height: 32px;\">\n<td style=\"width: 23.1884%; height: 32px;\"><b>OBJECTIU 5<\/b><\/td>\n<td style=\"width: 78.9855%; height: 32px;\" colspan=\"5\">Establir col\u00b7laboracions externes fent \u00fas de tecnologies digitals.<\/td>\n<\/tr>\n<tr style=\"height: 32px;\">\n<td style=\"width: 23.1884%; height: 286px;\" rowspan=\"4\"><b><br \/>\n<\/b><b><br \/>\n<\/b><b>Actuacions<\/b><\/td>\n<td style=\"width: 67.9478%; text-align: right; height: 32px;\" colspan=\"4\"><b>\u00a0Temporalitzaci\u00f3 cursos<\/b><\/td>\n<td><\/td>\n<\/tr>\n<tr style=\"height: 32px;\">\n<td style=\"width: 40.5797%; height: 32px;\"><\/td>\n<td style=\"width: 8.88333%; text-align: center; height: 32px;\"><strong>1r<\/strong><\/td>\n<td style=\"width: 9.42194%; text-align: center; height: 32px;\"><strong>2n<\/strong><\/td>\n<td style=\"width: 9.06287%; text-align: center; height: 32px;\"><strong>3r<\/strong><\/td>\n<td style=\"width: 11.0377%; text-align: center; height: 32px;\"><strong>4t<\/strong><\/td>\n<\/tr>\n<tr style=\"height: 32px;\">\n<td style=\"width: 40.5797%; height: 32px;\">5.1. Establir reunions peri\u00f2diques amb el CCiTUB per crear experi\u00e8ncies i idees.<\/td>\n<td style=\"width: 8.88333%; text-align: center; height: 32px;\">X<\/td>\n<td style=\"width: 9.42194%; text-align: center; height: 32px;\">X<\/td>\n<td style=\"width: 9.06287%; text-align: center; height: 32px;\">X<\/td>\n<td style=\"width: 11.0377%; text-align: center; height: 32px;\">X<\/td>\n<\/tr>\n<tr style=\"height: 48px;\">\n<td style=\"width: 40.5797%; height: 48px;\">5.2. Avaluar els resultats de les accions duts a terme.<\/td>\n<td style=\"width: 8.88333%; text-align: center; height: 48px;\">X<\/td>\n<td style=\"width: 9.42194%; text-align: center; height: 48px;\">X<\/td>\n<td style=\"width: 9.06287%; text-align: center; height: 48px;\">X<\/td>\n<td style=\"width: 11.0377%; text-align: center; height: 48px;\">X<\/td>\n<\/tr>\n<tr style=\"height: 32px;\">\n<td style=\"width: 23.1884%; height: 32px;\"><b>Valoraci\u00f3<\/b><\/td>\n<td style=\"width: 40.5797%; height: 32px;\" colspan=\"5\">S&#8217;ha realitzat molt m\u00e9s del que est\u00e0 previst, incorporant activitats de microsc\u00f2pia, laboratori, an\u00e0lisi&#8230;<\/td>\n<\/tr>\n<tr style=\"height: 32px;\">\n<td style=\"width: 23.1884%; height: 32px;\"><b>Evid\u00e8ncies<\/b><\/td>\n<td style=\"width: 40.5797%; height: 32px;\" colspan=\"5\">Sites <a href=\"https:\/\/sites.google.com\/xtec.cat\/molinssaiguaontrobemaiguaamoli\/p%C3%A0gina-principal\">Molins \u00e9s aigua. On trobem l&#8217;aigua a Molins?<\/a><\/td>\n<\/tr>\n<\/tbody>\n<\/table>\n<table style=\"width: 101.085%; border-collapse: collapse; border-style: double; height: 414px;\">\n<tbody>\n<tr style=\"height: 32px;\">\n<td style=\"width: 23.1884%; height: 32px;\"><b>OBJECTIU 6<br \/>\n<\/b><\/td>\n<td style=\"width: 78.9855%; height: 32px;\" colspan=\"5\">Mantenir i actualitzar peri\u00f2dicament el repositori de recursos digitals, seguint els criteris acordats a la FIC.<\/td>\n<\/tr>\n<tr style=\"height: 32px;\">\n<td style=\"width: 23.1884%; height: 286px;\" rowspan=\"4\"><b><br \/>\n<\/b><b><br \/>\n<\/b><b>Actuacions<\/b><\/td>\n<td style=\"width: 67.9478%; text-align: right; height: 32px;\" colspan=\"4\"><b>\u00a0Temporalitzaci\u00f3 cursos<\/b><\/td>\n<td><\/td>\n<\/tr>\n<tr style=\"height: 32px;\">\n<td style=\"width: 40.5797%; height: 32px;\"><\/td>\n<td style=\"width: 8.88333%; text-align: center; height: 32px;\"><strong>1r<\/strong><\/td>\n<td style=\"width: 9.42194%; text-align: center; height: 32px;\"><strong>2n<\/strong><\/td>\n<td style=\"width: 9.06287%; text-align: center; height: 32px;\"><strong>3r<\/strong><\/td>\n<td style=\"width: 11.0377%; text-align: center; height: 32px;\"><strong>4t<\/strong><\/td>\n<\/tr>\n<tr style=\"height: 32px;\">\n<td style=\"width: 40.5797%; height: 32px;\">6.1 Fer una trobada trimestral per validar recursos.<\/td>\n<td style=\"width: 8.88333%; text-align: center; height: 32px;\">X<\/td>\n<td style=\"width: 9.42194%; text-align: center; height: 32px;\"><\/td>\n<td style=\"width: 9.06287%; text-align: center; height: 32px;\"><\/td>\n<td style=\"width: 11.0377%; text-align: center; height: 32px;\"><\/td>\n<\/tr>\n<tr style=\"height: 48px;\">\n<td style=\"width: 40.5797%; height: 48px;\">6.2 Revisar anualment el contingut del repositori.<\/td>\n<td style=\"width: 8.88333%; text-align: center; height: 48px;\">X<\/td>\n<td style=\"width: 9.42194%; text-align: center; height: 48px;\"><\/td>\n<td style=\"width: 9.06287%; text-align: center; height: 48px;\"><\/td>\n<td style=\"width: 11.0377%; text-align: center; height: 48px;\"><\/td>\n<\/tr>\n<tr style=\"height: 32px;\">\n<td style=\"width: 23.1884%; height: 32px;\"><b>Valoraci\u00f3<\/b><\/td>\n<td style=\"width: 40.5797%; height: 32px;\" colspan=\"5\">Es valora que el repositori creat a partir de la demanda de la FIC el curs 21\/22 no \u00e9s \u00fatil pel funcionament intern de l&#8217;escola. Per aquest motiu, deixem d&#8217;actualitzar el repositori, eliminarem l&#8217;objectiu 6 i seguirem amb el funcionament intern al Drive d&#8217;Unitats Compartides..<\/td>\n<\/tr>\n<\/tbody>\n<\/table>\n<table style=\"width: 101.085%; border-collapse: collapse; border-style: double; height: 414px;\">\n<tbody>\n<tr style=\"height: 32px;\">\n<td style=\"width: 23.1884%; height: 32px;\"><b>OBJECTIU 7<br \/>\n<\/b><\/td>\n<td style=\"width: 78.9855%; height: 32px;\" colspan=\"5\">Utilitzar les tecnologies digitals per involucrar, motivar l&#8217;alumnat i reduir amb les seves experi\u00e8ncies a l&#8217;aula les bretxes de g\u00e8nere detectades (AR, VR, Drons, Scratch, impressi\u00f3 3D&#8230;).<\/td>\n<\/tr>\n<tr style=\"height: 32px;\">\n<td style=\"width: 23.1884%; height: 286px;\" rowspan=\"5\"><b><br \/>\n<\/b><b><br \/>\n<\/b><b>Actuacions<\/b><\/td>\n<td style=\"width: 67.9478%; text-align: right; height: 32px;\" colspan=\"4\"><b>\u00a0Temporalitzaci\u00f3 cursos<\/b><\/td>\n<td><\/td>\n<\/tr>\n<tr style=\"height: 32px;\">\n<td style=\"width: 40.5797%; height: 32px;\"><\/td>\n<td style=\"width: 8.88333%; text-align: center; height: 32px;\"><strong>1r<\/strong><\/td>\n<td style=\"width: 9.42194%; text-align: center; height: 32px;\"><strong>2n<\/strong><\/td>\n<td style=\"width: 9.06287%; text-align: center; height: 32px;\"><strong>3r<\/strong><\/td>\n<td style=\"width: 11.0377%; text-align: center; height: 32px;\"><strong>4t<\/strong><\/td>\n<\/tr>\n<tr style=\"height: 32px;\">\n<td style=\"width: 40.5797%; height: 32px;\">7.1 Establir col\u00b7laboracions amb l&#8217;\u00e0rea d&#8217;emprenedoria de l&#8217;Ajuntament de Molins de Rei.<\/td>\n<td style=\"width: 8.88333%; text-align: center; height: 32px;\">X<\/td>\n<td style=\"width: 9.42194%; text-align: center; height: 32px;\">X<\/td>\n<td style=\"width: 9.06287%; text-align: center; height: 32px;\">X<\/td>\n<td style=\"width: 11.0377%; text-align: center; height: 32px;\">X<\/td>\n<\/tr>\n<tr style=\"height: 48px;\">\n<td style=\"width: 40.5797%; height: 48px;\">7.2 Aplicar el pla de rob\u00f2tica del centre.<\/td>\n<td style=\"width: 8.88333%; text-align: center; height: 48px;\">X<\/td>\n<td style=\"width: 9.42194%; text-align: center; height: 48px;\">X<\/td>\n<td style=\"width: 9.06287%; text-align: center; height: 48px;\">X<\/td>\n<td style=\"width: 11.0377%; text-align: center; height: 48px;\">X<\/td>\n<\/tr>\n<tr style=\"height: 48px;\">\n<td style=\"width: 40.5797%; height: 48px;\">1.3 Explicaci\u00f3 i trasp\u00e0s de tota la documentaci\u00f3.<\/td>\n<td style=\"width: 8.88333%; text-align: center; height: 48px;\">X<\/td>\n<td style=\"width: 9.42194%; text-align: center; height: 48px;\"><\/td>\n<td style=\"width: 9.06287%; text-align: center; height: 48px;\"><\/td>\n<td style=\"width: 11.0377%; text-align: center; height: 48px;\"><\/td>\n<\/tr>\n<tr style=\"height: 32px;\">\n<td style=\"width: 23.1884%; height: 32px;\"><b>Valoraci\u00f3<\/b><\/td>\n<td style=\"width: 40.5797%; height: 32px;\" colspan=\"5\">S&#8217;han realitzat totes les activitats previstes, apropant el pensament computacional i el m\u00f3n digital a tot l&#8217;alumnat de Prim\u00e0ria, com tamb\u00e9 trencant estereotips de g\u00e8nere dins d&#8217;aquest \u00e0mbit m\u00e9s cient\u00edfic.<\/td>\n<\/tr>\n<tr style=\"height: 32px;\">\n<td style=\"width: 23.1884%; height: 32px;\"><b>Evid\u00e8ncies<\/b><\/td>\n<td style=\"width: 40.5797%; height: 32px;\" colspan=\"5\"><em><strong>Calendari<\/strong><\/em>:<\/p>\n<p>Octubre: Scratch 6\u00e8<\/p>\n<p>Novembre: Scratch 5\u00e8 i Microbit 3r<\/p>\n<p>Desembre: Microbit 4t<\/p>\n<p>Febrer: Drons 1r<\/p>\n<p>Mar\u00e7: Drons 3r (inicial) i 4t (avan\u00e7at)<\/p>\n<p>Abril: Realitat virtual 5\u00e8, Makey makey 4t, Dibuix 3D 2n<\/p>\n<p>Maig: Drons avan\u00e7at 6\u00e8<\/p>\n<p><strong><em>Articles a la p\u00e0gina Web<\/em><\/strong>:<\/p>\n<p><a href=\"https:\/\/agora.xtec.cat\/escmadorell\/categoria\/espaidigital-2\">Espai Digital<\/a><\/p>\n<p><a href=\"https:\/\/agora.xtec.cat\/escmadorell\/?s=rob%C3%B2tica\">Rob\u00f2tica<\/a><\/td>\n<\/tr>\n<\/tbody>\n<\/table>\n<p>&nbsp;<\/p>\n","protected":false},"excerpt":{"rendered":"<p>OBJECTIU 1\u00a0<br \/>\nAssegurar el relleu de la coordinadora digital.<\/p>\n<p>Actuacions<br \/>\n\u00a0Temporalitzaci\u00f3 cursos<\/p>\n<p>1r<br \/>\n2n<br \/>\n3r<br \/>\n4t<\/p>\n<p>1.1 Acceptaci\u00f3 de la proposta.<br \/>\nX<\/p>\n<p>1.2 Realitzaci\u00f3 de la formaci\u00f3 d&#8217;estrat\u00e8gia digital.<br \/>\nX<br \/>\nX<br \/>\nX<br \/>\nX<\/p>\n<p>1.3 Explicaci\u00f3 i trasp\u00e0s de tota la documentaci\u00f3.<br \/>\nX<\/p>\n<p>Valoraci\u00f3<br \/>\nS&#8217;han redactat totes les tasques a realitzar per la persona coordinadora digital de centre.<\/p>\n<p>Evid\u00e8ncies<br \/>\n<a href=\"https:\/\/docs.google.com\/document\/d\/10UDwd6ZQN9soO_umaCTbc1_vIr6YDEbV28s4-AlMe30\/edit?usp=sharing\">Document de trasp\u00e0s<\/a><br \/>\n<a href=\"https:\/\/agora.xtec.cat\/escmadorell\/wp-content\/uploads\/usu1350\/2021\/02\/Disposicions-adicionas-Gener21.pdf\">Funcions de la&hellip;  <a href=\"https:\/\/agora.xtec.cat\/escmadorell\/projectes\/cultura-digital\/avaluacio-edc\/\" title=\"Read Avaluaci\u00f3 EDC\">Llegeix m\u00e9s\u00bb<\/a><\/p>\n","protected":false},"author":4,"featured_media":0,"parent":16885,"menu_order":4,"comment_status":"closed","ping_status":"closed","template":"","meta":{"_bbp_topic_count":0,"_bbp_reply_count":0,"_bbp_total_topic_count":0,"_bbp_total_reply_count":0,"_bbp_voice_count":0,"_bbp_anonymous_reply_count":0,"_bbp_topic_count_hidden":0,"_bbp_reply_count_hidden":0,"_bbp_forum_subforum_count":0,"footnotes":""},"class_list":["post-17572","page","type-page","status-publish","hentry"],"post_mailing_queue_ids":[],"_links":{"self":[{"href":"https:\/\/agora.xtec.cat\/escmadorell\/wp-json\/wp\/v2\/pages\/17572","targetHints":{"allow":["GET"]}}],"collection":[{"href":"https:\/\/agora.xtec.cat\/escmadorell\/wp-json\/wp\/v2\/pages"}],"about":[{"href":"https:\/\/agora.xtec.cat\/escmadorell\/wp-json\/wp\/v2\/types\/page"}],"author":[{"embeddable":true,"href":"https:\/\/agora.xtec.cat\/escmadorell\/wp-json\/wp\/v2\/users\/4"}],"replies":[{"embeddable":true,"href":"https:\/\/agora.xtec.cat\/escmadorell\/wp-json\/wp\/v2\/comments?post=17572"}],"version-history":[{"count":3,"href":"https:\/\/agora.xtec.cat\/escmadorell\/wp-json\/wp\/v2\/pages\/17572\/revisions"}],"predecessor-version":[{"id":17796,"href":"https:\/\/agora.xtec.cat\/escmadorell\/wp-json\/wp\/v2\/pages\/17572\/revisions\/17796"}],"up":[{"embeddable":true,"href":"https:\/\/agora.xtec.cat\/escmadorell\/wp-json\/wp\/v2\/pages\/16885"}],"wp:attachment":[{"href":"https:\/\/agora.xtec.cat\/escmadorell\/wp-json\/wp\/v2\/media?parent=17572"}],"curies":[{"name":"wp","href":"https:\/\/api.w.org\/{rel}","templated":true}]}}