{"id":17179,"date":"2023-02-09T16:31:25","date_gmt":"2023-02-09T15:31:25","guid":{"rendered":"https:\/\/agora.xtec.cat\/escmadorell\/?page_id=17179"},"modified":"2025-04-01T11:03:14","modified_gmt":"2025-04-01T09:03:14","slug":"magnet","status":"publish","type":"page","link":"https:\/\/agora.xtec.cat\/escmadorell\/projectes\/magnet\/","title":{"rendered":"Magnet"},"content":{"rendered":"<p>A l\u2019<strong>Escola Madorell<\/strong>\u00a0de Molins de Rei el\u00a0<strong>fer, pensar i comunicar<\/strong>\u00a0s\u00f3n la base de l\u2019aprenentatge. L\u2019experimentaci\u00f3 i la reflexi\u00f3 per enfortir l\u2019esperit cr\u00edtic. L\u2019aprenentatge est\u00e0 vinculat a processos de presa de consci\u00e8ncia. Aprenem fent, reflexionant sobre el que fem i revisant el que sabem fer. Al centre, els ambients esdevenen diferents espais d\u2019aprenentatge, de relaci\u00f3 i comunicaci\u00f3 on a partir de diferents propostes els infants d\u2019infantil poden actuar, observar, experimentar, construir, inventar, imaginar, compartir, relacionar-se, emocionar-se, en definitiva, interactuar amb els altres.<\/p>\n<p>A partir de l&#8217;alian\u00e7a amb els Centres Cient\u00edfics i Tecnol\u00f2gics de la Universitat de Barcelona, porten el m\u00e8tode cient\u00edfic per donar resposta als seus reptes.<\/p>\n<p><strong>Curs 22\/23<\/strong><\/p>\n<p><a href=\"https:\/\/sites.google.com\/xtec.cat\/molinssaiguaontrobemaiguaamoli\/p%C3%A0gina-principal\">Molins \u00e9s aigua. On trobem l&#8217;aigua a Molins?<\/a><\/p>\n<p><strong>Curs 23\/24<\/strong><\/p>\n<p><a href=\"https:\/\/agora.xtec.cat\/escmadorell\/wp-content\/uploads\/usu1350\/2025\/04\/infantil.jpg\"><img loading=\"lazy\" decoding=\"async\" class=\"alignnone wp-image-19412 \" src=\"https:\/\/agora.xtec.cat\/escmadorell\/wp-content\/uploads\/usu1350\/2025\/04\/infantil.jpg\" alt=\"\" width=\"582\" height=\"824\" srcset=\"https:\/\/agora.xtec.cat\/escmadorell\/wp-content\/uploads\/usu1350\/2025\/04\/infantil.jpg 669w, https:\/\/agora.xtec.cat\/escmadorell\/wp-content\/uploads\/usu1350\/2025\/04\/infantil-212x300.jpg 212w\" sizes=\"auto, (max-width: 582px) 100vw, 582px\" \/><\/a> <a href=\"https:\/\/agora.xtec.cat\/escmadorell\/wp-content\/uploads\/usu1350\/2025\/04\/inicial.jpg\"><img loading=\"lazy\" decoding=\"async\" class=\"alignleft wp-image-19413 \" src=\"https:\/\/agora.xtec.cat\/escmadorell\/wp-content\/uploads\/usu1350\/2025\/04\/inicial.jpg\" alt=\"\" width=\"572\" height=\"815\" srcset=\"https:\/\/agora.xtec.cat\/escmadorell\/wp-content\/uploads\/usu1350\/2025\/04\/inicial.jpg 659w, https:\/\/agora.xtec.cat\/escmadorell\/wp-content\/uploads\/usu1350\/2025\/04\/inicial-211x300.jpg 211w\" sizes=\"auto, (max-width: 572px) 100vw, 572px\" \/><\/a> <a href=\"https:\/\/agora.xtec.cat\/escmadorell\/wp-content\/uploads\/usu1350\/2025\/04\/mitja.jpg\"><img loading=\"lazy\" decoding=\"async\" class=\"alignleft wp-image-19414 \" src=\"https:\/\/agora.xtec.cat\/escmadorell\/wp-content\/uploads\/usu1350\/2025\/04\/mitja.jpg\" alt=\"\" width=\"568\" height=\"803\" srcset=\"https:\/\/agora.xtec.cat\/escmadorell\/wp-content\/uploads\/usu1350\/2025\/04\/mitja.jpg 667w, https:\/\/agora.xtec.cat\/escmadorell\/wp-content\/uploads\/usu1350\/2025\/04\/mitja-212x300.jpg 212w\" sizes=\"auto, (max-width: 568px) 100vw, 568px\" \/><\/a> <a href=\"https:\/\/agora.xtec.cat\/escmadorell\/wp-content\/uploads\/usu1350\/2025\/04\/superior.jpg\"><img loading=\"lazy\" decoding=\"async\" class=\"alignleft wp-image-19415 \" src=\"https:\/\/agora.xtec.cat\/escmadorell\/wp-content\/uploads\/usu1350\/2025\/04\/superior.jpg\" alt=\"\" width=\"583\" height=\"828\" srcset=\"https:\/\/agora.xtec.cat\/escmadorell\/wp-content\/uploads\/usu1350\/2025\/04\/superior.jpg 663w, https:\/\/agora.xtec.cat\/escmadorell\/wp-content\/uploads\/usu1350\/2025\/04\/superior-211x300.jpg 211w\" sizes=\"auto, (max-width: 583px) 100vw, 583px\" \/><\/a><\/p>\n","protected":false},"excerpt":{"rendered":"<p>A l\u2019Escola Madorell\u00a0de Molins de Rei el\u00a0fer, pensar i comunicar\u00a0s\u00f3n la base de l\u2019aprenentatge. L\u2019experimentaci\u00f3 i la reflexi\u00f3 per enfortir l\u2019esperit cr\u00edtic. L\u2019aprenentatge est\u00e0 vinculat a processos de presa de consci\u00e8ncia. Aprenem fent, reflexionant sobre el que fem i revisant el que sabem fer. Al&hellip;  <a href=\"https:\/\/agora.xtec.cat\/escmadorell\/projectes\/magnet\/\" title=\"Read Magnet\">Llegeix m\u00e9s\u00bb<\/a><\/p>\n","protected":false},"author":4,"featured_media":0,"parent":64,"menu_order":0,"comment_status":"closed","ping_status":"closed","template":"","meta":{"_bbp_topic_count":0,"_bbp_reply_count":0,"_bbp_total_topic_count":0,"_bbp_total_reply_count":0,"_bbp_voice_count":0,"_bbp_anonymous_reply_count":0,"_bbp_topic_count_hidden":0,"_bbp_reply_count_hidden":0,"_bbp_forum_subforum_count":0,"footnotes":""},"class_list":["post-17179","page","type-page","status-publish","hentry"],"post_mailing_queue_ids":[],"_links":{"self":[{"href":"https:\/\/agora.xtec.cat\/escmadorell\/wp-json\/wp\/v2\/pages\/17179","targetHints":{"allow":["GET"]}}],"collection":[{"href":"https:\/\/agora.xtec.cat\/escmadorell\/wp-json\/wp\/v2\/pages"}],"about":[{"href":"https:\/\/agora.xtec.cat\/escmadorell\/wp-json\/wp\/v2\/types\/page"}],"author":[{"embeddable":true,"href":"https:\/\/agora.xtec.cat\/escmadorell\/wp-json\/wp\/v2\/users\/4"}],"replies":[{"embeddable":true,"href":"https:\/\/agora.xtec.cat\/escmadorell\/wp-json\/wp\/v2\/comments?post=17179"}],"version-history":[{"count":5,"href":"https:\/\/agora.xtec.cat\/escmadorell\/wp-json\/wp\/v2\/pages\/17179\/revisions"}],"predecessor-version":[{"id":19417,"href":"https:\/\/agora.xtec.cat\/escmadorell\/wp-json\/wp\/v2\/pages\/17179\/revisions\/19417"}],"up":[{"embeddable":true,"href":"https:\/\/agora.xtec.cat\/escmadorell\/wp-json\/wp\/v2\/pages\/64"}],"wp:attachment":[{"href":"https:\/\/agora.xtec.cat\/escmadorell\/wp-json\/wp\/v2\/media?parent=17179"}],"curies":[{"name":"wp","href":"https:\/\/api.w.org\/{rel}","templated":true}]}}