{"id":16913,"date":"2022-12-05T16:12:47","date_gmt":"2022-12-05T15:12:47","guid":{"rendered":"https:\/\/agora.xtec.cat\/escmadorell\/?page_id=16913"},"modified":"2023-06-26T12:46:49","modified_gmt":"2023-06-26T10:46:49","slug":"activitats","status":"publish","type":"page","link":"https:\/\/agora.xtec.cat\/escmadorell\/projectes\/cultura-digital\/activitats\/","title":{"rendered":"Planificaci\u00f3 i Avaluaci\u00f3"},"content":{"rendered":"<table style=\"width: 78.3671%; height: 323px;\">\n<tbody>\n<tr style=\"height: 33px;\">\n<td style=\"width: 27.0862%; height: 33px;\"><b>OBJECTIU 1\u00a0<\/b><\/td>\n<td style=\"width: 108.332%; height: 33px;\" colspan=\"9\">Assegurar el relleu digital de la coordinadora digital<\/td>\n<\/tr>\n<tr style=\"height: 24px;\">\n<td style=\"width: 27.0862%; height: 158px;\" rowspan=\"6\"><b>Actuacions<\/b><br \/>\n<b><br \/>\n<\/b><\/td>\n<td style=\"height: 158px; width: 51.5838%;\" colspan=\"5\" rowspan=\"5\">&nbsp;<\/p>\n<p>&nbsp;<\/p>\n<p>&nbsp;<\/p>\n<p>1.1 Acceptaci\u00f3 de la proposta.<\/p>\n<p>1.2 Incorporaci\u00f3 al grup de coordinadors digitals (CRP) i al de coordinadors novells<\/p>\n<p>1.3 Explicaci\u00f3 i trasp\u00e0s de tota la documentaci\u00f3<\/td>\n<td style=\"width: 56.7481%; height: 24px;\" colspan=\"4\"><b>Temp. cursos<\/b><\/td>\n<\/tr>\n<tr style=\"height: 33px;\">\n<td style=\"width: 4.09805%; height: 33px;\">1r<\/td>\n<td style=\"width: 5.46659%; height: 33px;\">2n<\/td>\n<td style=\"width: 4.2888%; height: 33px;\">3r<\/td>\n<td style=\"width: 42.8947%; height: 33px;\">4t<\/td>\n<\/tr>\n<tr style=\"height: 35px;\">\n<td style=\"width: 4.09805%; height: 35px;\"><\/td>\n<td style=\"width: 5.46659%; height: 35px;\">X<\/td>\n<td style=\"width: 4.2888%; height: 35px;\"><\/td>\n<td style=\"width: 42.8947%; height: 35px;\"><\/td>\n<\/tr>\n<tr style=\"height: 33px;\">\n<td style=\"width: 4.09805%; height: 33px;\">X<\/td>\n<td style=\"width: 5.46659%; height: 33px;\">X<\/td>\n<td style=\"width: 4.2888%; height: 33px;\">X<\/td>\n<td style=\"width: 42.8947%; height: 33px;\">X<\/td>\n<\/tr>\n<tr style=\"height: 33px;\">\n<td style=\"width: 4.09805%; height: 33px;\">X<\/td>\n<td style=\"width: 5.46659%; height: 33px;\">X<\/td>\n<td style=\"width: 4.2888%; height: 33px;\"><\/td>\n<td style=\"width: 42.8947%; height: 33px;\"><\/td>\n<\/tr>\n<tr>\n<td style=\"width: 51.5838%;\" colspan=\"5\">1.4. Seguiment i acompanyament per part de la comissi\u00f3 digital<\/td>\n<td style=\"width: 4.09805%;\"><\/td>\n<td style=\"width: 5.46659%;\">X<\/td>\n<td style=\"width: 4.2888%;\">X<\/td>\n<td style=\"width: 42.8947%;\">X<\/td>\n<\/tr>\n<tr style=\"height: 33px;\">\n<td style=\"width: 27.0862%; height: 33px;\"><b>Recursos<\/b><\/td>\n<td style=\"width: 108.332%; height: 33px;\" colspan=\"9\">PDI, entorn Gsuite, ordinadors port\u00e0tils, tauletes, registres<\/td>\n<\/tr>\n<tr style=\"height: 33px;\">\n<td style=\"width: 27.0862%; height: 33px;\"><b>Responsable<\/b><\/td>\n<td style=\"width: 108.332%; height: 33px;\" colspan=\"9\">Direcci\u00f3.<\/td>\n<\/tr>\n<tr style=\"height: 33px;\">\n<td style=\"width: 27.0862%; height: 33px;\"><b>Mecanismes de seguiment<\/b><\/td>\n<td style=\"width: 108.332%; height: 33px;\" colspan=\"9\">Reunions peri\u00f2diques.<\/td>\n<\/tr>\n<tr style=\"height: 33px;\">\n<td style=\"width: 27.0862%; height: 33px;\"><b>Criteris d\u2019avaluaci\u00f3<\/b><\/td>\n<td style=\"width: 108.332%; height: 33px;\" colspan=\"9\">Tasques de la programaci\u00f3 de la coordinaci\u00f3 digital realitzades amb \u00e8xit (80%)<\/td>\n<\/tr>\n<\/tbody>\n<\/table>\n<table style=\"width: 78.438%; height: 275px;\">\n<tbody>\n<tr style=\"height: 49px;\">\n<td style=\"height: 49px; width: 25.7979%;\"><b>OBJECTIU 2\u00a0<\/b><\/td>\n<td style=\"height: 49px; width: 105.193%;\" colspan=\"8\">Actualitzar el desplegament complet de la compet\u00e8ncia digital de l\u2019alumnat a tots els nivells<\/td>\n<\/tr>\n<tr style=\"height: 14px;\">\n<td style=\"height: 78px; width: 25.7979%;\" rowspan=\"4\"><b>Actuacions<\/b><\/td>\n<td style=\"height: 78px; width: 49.5723%;\" colspan=\"4\" rowspan=\"4\">&nbsp;<\/p>\n<p>&nbsp;<\/p>\n<p>&nbsp;<\/p>\n<p>2.1 Explicitar, per cicles, els sabers a assolir<\/p>\n<p>2.2 Crear bases d&#8217;orientaci\u00f3 o r\u00fabriques per a cada nivell<\/td>\n<td style=\"height: 14px; width: 55.6203%;\" colspan=\"4\">Temp. cursos<\/td>\n<\/tr>\n<tr style=\"height: 27px;\">\n<td style=\"height: 27px; width: 4.89096%;\">1r<\/td>\n<td style=\"height: 27px; width: 3.94413%;\">2n<\/td>\n<td style=\"height: 27px; width: 4.52128%;\">3r<\/td>\n<td style=\"height: 27px; width: 42.2639%;\">4t<\/td>\n<\/tr>\n<tr style=\"height: 19px;\">\n<td style=\"height: 19px; width: 4.89096%;\"><\/td>\n<td style=\"height: 19px; width: 3.94413%;\">X<\/td>\n<td style=\"height: 19px; width: 4.52128%;\">X<\/td>\n<td style=\"height: 19px; width: 42.2639%;\"><\/td>\n<\/tr>\n<tr style=\"height: 18px;\">\n<td style=\"height: 18px; width: 4.89096%;\">x<\/td>\n<td style=\"height: 18px; width: 3.94413%;\">x<\/td>\n<td style=\"height: 18px; width: 4.52128%;\">X<\/td>\n<td style=\"height: 18px; width: 42.2639%;\"><\/td>\n<\/tr>\n<tr style=\"height: 33px;\">\n<td style=\"height: 33px; width: 25.7979%;\"><b>Recursos<\/b><\/td>\n<td style=\"height: 33px; width: 105.193%;\" colspan=\"8\">Curr\u00edculum<\/td>\n<\/tr>\n<tr style=\"height: 33px;\">\n<td style=\"height: 33px; width: 25.7979%;\"><b>Responsable<\/b><\/td>\n<td style=\"height: 33px; width: 105.193%;\" colspan=\"8\">Comissi\u00f3 d&#8217;estrat\u00e8gia digital<\/td>\n<\/tr>\n<tr style=\"height: 49px;\">\n<td style=\"height: 49px; width: 25.7979%;\"><b>Mecanismes de seguiment<\/b><\/td>\n<td style=\"height: 49px; width: 105.193%;\" colspan=\"8\">R\u00fabriques d\u2019autoavaluaci\u00f3, avaluaci\u00f3 de les activitats, observaci\u00f3 d\u2019aula.<\/td>\n<\/tr>\n<tr style=\"height: 33px;\">\n<td style=\"height: 33px; width: 25.7979%;\"><b>Criteris d\u2019avaluaci\u00f3<\/b><\/td>\n<td style=\"height: 33px; width: 105.193%;\" colspan=\"8\">&#8211; Graelles actualitzades per nivells amb els sabers actuals del curr\u00edculum<\/p>\n<p>&#8211; Elaboraci\u00f3 de graelles amb els criteris d&#8217;avaluaci\u00f3 (1 per nivell)<\/td>\n<\/tr>\n<\/tbody>\n<\/table>\n<table style=\"width: 78.9128%; height: 292px;\">\n<tbody>\n<tr style=\"height: 33px;\">\n<td style=\"height: 33px;\"><b>OBJECTIU 3<\/b><\/td>\n<td style=\"height: 33px;\" colspan=\"8\">Fomentar el treball amb altres docents de manera cooperativa<\/td>\n<\/tr>\n<tr style=\"height: 42px;\">\n<td style=\"height: 111px;\" rowspan=\"4\"><b>Actuacions<\/b><\/td>\n<td style=\"height: 111px;\" colspan=\"4\" rowspan=\"4\">&nbsp;<\/p>\n<p>&nbsp;<\/p>\n<p>3.1. Establir reunions peri\u00f2diques per compartir experi\u00e8ncies i idees.<\/p>\n<p>3.2. Establir la codoc\u00e8ncia en els espais digitals<\/td>\n<td style=\"height: 42px;\" colspan=\"4\"><b>Temp. cursos<\/b><\/td>\n<\/tr>\n<tr style=\"height: 32px;\">\n<td style=\"height: 32px;\">1r<\/td>\n<td style=\"height: 32px;\">2n<\/td>\n<td style=\"height: 32px;\">3r<\/td>\n<td style=\"height: 32px;\">4t<\/td>\n<\/tr>\n<tr style=\"height: 25px;\">\n<td style=\"height: 27px;\">x<\/td>\n<td style=\"height: 27px;\">x<\/td>\n<td style=\"height: 27px;\">x<\/td>\n<td style=\"height: 27px;\">x<\/td>\n<\/tr>\n<tr style=\"height: 10px;\">\n<td style=\"height: 10px;\">x<\/td>\n<td style=\"height: 10px;\">x<\/td>\n<td style=\"height: 10px;\">x<\/td>\n<td style=\"height: 10px;\">x<\/td>\n<\/tr>\n<tr style=\"height: 33px;\">\n<td style=\"height: 33px;\"><b>Recursos<\/b><\/td>\n<td style=\"height: 33px;\" colspan=\"8\">PDI, Google Drive, formularis electr\u00f2nics, ordinadors port\u00e0tils, correus corporatius o Gmail.<\/td>\n<\/tr>\n<tr style=\"height: 33px;\">\n<td style=\"height: 33px;\"><b>Responsable<\/b><\/td>\n<td style=\"height: 33px;\" colspan=\"8\">Coordinadores.<\/td>\n<\/tr>\n<tr style=\"height: 49px;\">\n<td style=\"height: 49px;\"><b>Mecanismes de seguiment<\/b><\/td>\n<td style=\"height: 49px;\" colspan=\"8\">Reunions peri\u00f2diques, r\u00fabriques d\u2019autoavaluaci\u00f3, avaluaci\u00f3 de les formacions i\/o activitats, posada en com\u00fa d\u2019experi\u00e8ncies d\u2019aprenentatge.<\/td>\n<\/tr>\n<tr style=\"height: 33px;\">\n<td style=\"height: 33px;\"><b>Criteris d\u2019avaluaci\u00f3<\/b><\/td>\n<td style=\"height: 33px;\" colspan=\"8\">Trobades anuals per compartir experi\u00e8ncies d&#8217;\u00e8xit entre docents (3 m\u00ednim al curs)<\/td>\n<\/tr>\n<\/tbody>\n<\/table>\n<div class=\"addtoany_share_save_container addtoany_content addtoany_content_bottom\">\n<div class=\"a2a_kit a2a_kit_size_32 addtoany_list\" data-a2a-url=\"https:\/\/agora.xtec.cat\/ceipgrasisoler\/lescola\/diagnosi\/part-estrategica\/avaluacio\/\" data-a2a-title=\"Avaluaci\u00f3\">\n<table style=\"width: 79.1243%; height: 274px;\">\n<tbody>\n<tr style=\"height: 49px;\">\n<td style=\"height: 49px; width: 28.0228%;\"><b>OBJECTIU 4\u00a0<\/b><\/td>\n<td style=\"height: 49px; width: 115.725%;\" colspan=\"8\">Establir mecanismes d&#8217;autoavaluaci\u00f3 i reflexi\u00f3 personal dels alumnes<\/td>\n<\/tr>\n<tr style=\"height: 14px;\">\n<td style=\"height: 77px; width: 28.0228%;\" rowspan=\"4\"><b>Actuacions<\/b><\/td>\n<td style=\"height: 77px; width: 54.0072%;\" colspan=\"4\" rowspan=\"4\">&nbsp;<\/p>\n<p>4.1 Dissenyar l&#8217;autoavaluaci\u00f3 a tots els nivells de Prim\u00e0ria<\/p>\n<p>4.2 Crear en l\u00ednia l&#8217;eina d&#8217;autoavaluaci\u00f3 i retroacci\u00f3 de l&#8217;alumnat de CS.<\/td>\n<td style=\"height: 14px; width: 61.718%;\" colspan=\"4\">Temp. cursos<\/td>\n<\/tr>\n<tr style=\"height: 27px;\">\n<td style=\"height: 27px; width: 4.46026%;\">1r<\/td>\n<td style=\"height: 27px; width: 3.97041%;\">2n<\/td>\n<td style=\"height: 27px; width: 3.81865%;\">3r<\/td>\n<td style=\"height: 27px; width: 49.4687%;\">4t<\/td>\n<\/tr>\n<tr style=\"height: 19px;\">\n<td style=\"height: 18px; width: 4.46026%;\">x<\/td>\n<td style=\"height: 18px; width: 3.97041%;\">x<\/td>\n<td style=\"height: 18px; width: 3.81865%;\">x<\/td>\n<td style=\"height: 18px; width: 49.4687%;\">x<\/td>\n<\/tr>\n<tr style=\"height: 18px;\">\n<td style=\"height: 18px; width: 4.46026%;\">x<\/td>\n<td style=\"height: 18px; width: 3.97041%;\">x<\/td>\n<td style=\"height: 18px; width: 3.81865%;\">x<\/td>\n<td style=\"height: 18px; width: 49.4687%;\">x<\/td>\n<\/tr>\n<tr style=\"height: 33px;\">\n<td style=\"height: 33px; width: 28.0228%;\"><b>Recursos<\/b><\/td>\n<td style=\"height: 33px; width: 115.725%;\" colspan=\"8\">Curr\u00edculum<\/td>\n<\/tr>\n<tr style=\"height: 33px;\">\n<td style=\"height: 33px; width: 28.0228%;\"><b>Responsable<\/b><\/td>\n<td style=\"height: 33px; width: 115.725%;\" colspan=\"8\">Cap d&#8217;estudis<\/td>\n<\/tr>\n<tr style=\"height: 49px;\">\n<td style=\"height: 49px; width: 28.0228%;\"><b>Mecanismes de seguiment<\/b><\/td>\n<td style=\"height: 49px; width: 115.725%;\" colspan=\"8\">R\u00fabriques d\u2019autoavaluaci\u00f3, avaluaci\u00f3 de les activitats, observaci\u00f3 d\u2019aula.<\/td>\n<\/tr>\n<tr style=\"height: 33px;\">\n<td style=\"height: 33px; width: 28.0228%;\"><b>Criteris d\u2019avaluaci\u00f3<\/b><\/td>\n<td style=\"height: 33px; width: 115.725%;\" colspan=\"8\">Graelles d&#8217;autoavaluaci\u00f3 (3 m\u00ednim per nivell)<\/td>\n<\/tr>\n<\/tbody>\n<\/table>\n<\/div>\n<\/div>\n<table style=\"width: 78.9128%; height: 290px;\">\n<tbody>\n<tr style=\"height: 33px;\">\n<td style=\"height: 33px; width: 21.1816%;\"><b>OBJECTIU 5<\/b><\/td>\n<td style=\"height: 33px; width: 77.2898%;\" colspan=\"8\">Utilitzar les tecnologies digitals per involucrar, motivar l&#8217;alumnat i reduir amb les seves experi\u00e8ncies a l&#8217;aula les bretxes de g\u00e8nere detectades<\/td>\n<\/tr>\n<tr style=\"height: 42px;\">\n<td style=\"height: 109px; width: 21.1816%;\" rowspan=\"6\"><b>Actuacions<\/b><br \/>\n<b><br \/>\n<\/b><b><br \/>\n<\/b><\/td>\n<td style=\"height: 109px; width: 56.6846%;\" colspan=\"4\" rowspan=\"4\">&nbsp;<\/p>\n<p>&nbsp;<\/p>\n<p>&nbsp;<\/p>\n<p>&nbsp;<\/p>\n<p>&nbsp;<\/p>\n<p>5.1. Establir reunions peri\u00f2diques amb el CCiTUB per crear experi\u00e8ncies i idees.<\/p>\n<p>5.2. Establir col\u00b7laboracions amb l\u2019\u00e0rea d\u2019emprenedoria de l\u2019Ajuntament de Molins de Rei<\/td>\n<td style=\"height: 42px; width: 20.6052%;\" colspan=\"4\"><b>Temp. cursos<\/b><\/td>\n<\/tr>\n<tr style=\"height: 32px;\">\n<td style=\"height: 32px; width: 5.04323%;\">1r<\/td>\n<td style=\"height: 32px; width: 5.6196%;\">2n<\/td>\n<td style=\"height: 32px; width: 5.04323%;\">3r<\/td>\n<td style=\"height: 32px; width: 4.89914%;\">4t<\/td>\n<\/tr>\n<tr style=\"height: 25px;\">\n<td style=\"height: 25px; width: 5.04323%;\">x<\/td>\n<td style=\"height: 25px; width: 5.6196%;\">x<\/td>\n<td style=\"height: 25px; width: 5.04323%;\">x<\/td>\n<td style=\"height: 25px; width: 4.89914%;\">x<\/td>\n<\/tr>\n<tr style=\"height: 10px;\">\n<td style=\"height: 10px; width: 5.04323%;\">x<\/td>\n<td style=\"height: 10px; width: 5.6196%;\">x<\/td>\n<td style=\"height: 10px; width: 5.04323%;\">x<\/td>\n<td style=\"height: 10px; width: 4.89914%;\">x<\/td>\n<\/tr>\n<tr>\n<td style=\"width: 56.6846%;\" colspan=\"4\">5.3. Aplicar el pla de rob\u00f2tica del centre<\/td>\n<td style=\"width: 5.04323%;\">x<\/td>\n<td style=\"width: 5.6196%;\">x<\/td>\n<td style=\"width: 5.04323%;\">x<\/td>\n<td style=\"width: 4.89914%;\">x<\/td>\n<\/tr>\n<tr>\n<td style=\"width: 56.6846%;\" colspan=\"4\">5.4. Establir relacions externes segons necessitats puntuals de centre o d&#8217;aula<\/td>\n<td style=\"width: 5.04323%;\">x<\/td>\n<td style=\"width: 5.6196%;\">x<\/td>\n<td style=\"width: 5.04323%;\">x<\/td>\n<td style=\"width: 4.89914%;\">x<\/td>\n<\/tr>\n<tr style=\"height: 33px;\">\n<td style=\"height: 33px; width: 21.1816%;\"><b>Recursos<\/b><\/td>\n<td style=\"height: 33px; width: 77.2898%;\" colspan=\"8\">PDI, Google Drive, formularis electr\u00f2nics, ordinadors port\u00e0tils, correus corporatius o Gmail.<\/td>\n<\/tr>\n<tr style=\"height: 33px;\">\n<td style=\"height: 33px; width: 21.1816%;\"><b>Responsable<\/b><\/td>\n<td style=\"height: 33px; width: 77.2898%;\" colspan=\"8\">Coordinadores.<\/td>\n<\/tr>\n<tr style=\"height: 49px;\">\n<td style=\"height: 49px; width: 21.1816%;\"><b>Mecanismes de seguiment<\/b><\/td>\n<td style=\"height: 49px; width: 77.2898%;\" colspan=\"8\">Reunions peri\u00f2diques, r\u00fabriques d\u2019autoavaluaci\u00f3, avaluaci\u00f3 de les formacions i\/o activitats, posada en com\u00fa d\u2019experi\u00e8ncies d\u2019aprenentatge.<\/td>\n<\/tr>\n<tr style=\"height: 33px;\">\n<td style=\"height: 33px; width: 21.1816%;\"><b>Criteris d\u2019avaluaci\u00f3<\/b><\/td>\n<td style=\"height: 33px; width: 77.2898%;\" colspan=\"8\">&#8211; Valoraci\u00f3 de satisfacci\u00f3 dels tallers per part de l&#8217;alumnat (80%)<\/p>\n<p>&#8211; Realitzaci\u00f3 d&#8217;activitats \/ tallers (2 m\u00ednim\/nivell)<\/td>\n<\/tr>\n<\/tbody>\n<\/table>\n<div class=\"addtoany_share_save_container addtoany_content addtoany_content_bottom\">\n<div class=\"a2a_kit a2a_kit_size_32 addtoany_list\" data-a2a-url=\"https:\/\/agora.xtec.cat\/ceipgrasisoler\/lescola\/diagnosi\/part-estrategica\/avaluacio\/\" data-a2a-title=\"Avaluaci\u00f3\">\n<table style=\"width: 79.1243%;\">\n<tbody>\n<tr style=\"height: 49px;\">\n<td style=\"height: 49px; width: 28.0228%;\"><b>OBJECTIU 6\u00a0<\/b><\/td>\n<td style=\"height: 49px; width: 115.124%;\" colspan=\"8\">Mantenir i actualitzar peri\u00f2dicament el repositori de recursos digitals, seguint els criteris acordats a la FIC<\/td>\n<\/tr>\n<tr style=\"height: 14px;\">\n<td style=\"height: 78px; width: 28.0228%;\" rowspan=\"4\"><b>Actuacions<\/b><\/td>\n<td style=\"height: 78px; width: 53.4057%;\" colspan=\"4\" rowspan=\"4\">&nbsp;<\/p>\n<p>6.1 Fer una trobada trimestral per validar recursos.<\/p>\n<p>6.2 Revisar anualment el contingut del repositori.<\/td>\n<td style=\"height: 14px; width: 61.718%;\" colspan=\"4\">Temp. cursos<\/td>\n<\/tr>\n<tr style=\"height: 27px;\">\n<td style=\"height: 27px; width: 4.46026%;\">1r<\/td>\n<td style=\"height: 27px; width: 3.97041%;\">2n<\/td>\n<td style=\"height: 27px; width: 3.81865%;\">3r<\/td>\n<td style=\"height: 27px; width: 49.4687%;\">4t<\/td>\n<\/tr>\n<tr style=\"height: 19px;\">\n<td style=\"height: 19px; width: 4.46026%;\">x<\/td>\n<td style=\"height: 19px; width: 3.97041%;\">x<\/td>\n<td style=\"height: 19px; width: 3.81865%;\">x<\/td>\n<td style=\"height: 19px; width: 49.4687%;\">x<\/td>\n<\/tr>\n<tr style=\"height: 18px;\">\n<td style=\"height: 18px; width: 4.46026%;\">x<\/td>\n<td style=\"height: 18px; width: 3.97041%;\">x<\/td>\n<td style=\"height: 18px; width: 3.81865%;\">x<\/td>\n<td style=\"height: 18px; width: 49.4687%;\">x<\/td>\n<\/tr>\n<tr style=\"height: 33px;\">\n<td style=\"height: 33px; width: 28.0228%;\"><b>Recursos<\/b><\/td>\n<td style=\"height: 33px; width: 115.124%;\" colspan=\"8\">Curr\u00edculum<\/td>\n<\/tr>\n<tr style=\"height: 33px;\">\n<td style=\"height: 33px; width: 28.0228%;\"><b>Responsable<\/b><\/td>\n<td style=\"height: 33px; width: 115.124%;\" colspan=\"8\">Equip de mestres<\/td>\n<\/tr>\n<tr style=\"height: 49px;\">\n<td style=\"height: 49px; width: 28.0228%;\"><b>Mecanismes de seguiment<\/b><\/td>\n<td style=\"height: 49px; width: 115.124%;\" colspan=\"8\">R\u00fabriques d\u2019autoavaluaci\u00f3, avaluaci\u00f3 de les activitats, observaci\u00f3 d\u2019aula.<\/td>\n<\/tr>\n<tr style=\"height: 33px;\">\n<td style=\"height: 33px; width: 28.0228%;\"><b>Criteris d\u2019avaluaci\u00f3<\/b><\/td>\n<td style=\"height: 33px; width: 115.124%;\" colspan=\"8\">&#8211; Repositori mantingut i actualitzat<\/p>\n<p>&#8211; \u00das dels docents (90%)<\/td>\n<\/tr>\n<\/tbody>\n<\/table>\n<\/div>\n<\/div>\n<div class=\"addtoany_share_save_container addtoany_content addtoany_content_bottom\">\n<div class=\"a2a_kit a2a_kit_size_32 addtoany_list\" data-a2a-url=\"https:\/\/agora.xtec.cat\/ceipgrasisoler\/lescola\/diagnosi\/part-estrategica\/avaluacio\/\" data-a2a-title=\"Avaluaci\u00f3\"><\/div>\n<\/div>\n<p>&nbsp;<\/p>\n<p>&nbsp;<\/p>\n<p>&nbsp;<\/p>\n<p>&nbsp;<\/p>\n","protected":false},"excerpt":{"rendered":"<p>OBJECTIU 1\u00a0<br \/>\nAssegurar el relleu digital de la coordinadora digital<\/p>\n<p>Actuacions<\/p>\n<p>&nbsp;<br \/>\n&nbsp;<br \/>\n&nbsp;<br \/>\n1.1 Acceptaci\u00f3 de la proposta.<br \/>\n1.2 Incorporaci\u00f3 al grup de coordinadors digitals (CRP) i al de coordinadors novells<br \/>\n1.3 Explicaci\u00f3 i trasp\u00e0s de tota la documentaci\u00f3<br \/>\nTemp. cursos<\/p>\n<p>1r<br \/>\n2n<br \/>\n3r<br \/>\n4t<\/p>\n<p>X<\/p>\n<p>X<br \/>\nX<br \/>\nX<br \/>\nX<\/p>\n<p>X<br \/>\nX<\/p>\n<p>1.4. Seguiment i acompanyament per part de la comissi\u00f3 digital<\/p>\n<p>X<br \/>\nX<br \/>\nX<\/p>\n<p>Recursos<br \/>\nPDI, entorn Gsuite, ordinadors&hellip;  <a href=\"https:\/\/agora.xtec.cat\/escmadorell\/projectes\/cultura-digital\/activitats\/\" title=\"Read Planificaci\u00f3 i Avaluaci\u00f3\">Llegeix m\u00e9s\u00bb<\/a><\/p>\n","protected":false},"author":4,"featured_media":0,"parent":16885,"menu_order":3,"comment_status":"closed","ping_status":"closed","template":"","meta":{"_bbp_topic_count":0,"_bbp_reply_count":0,"_bbp_total_topic_count":0,"_bbp_total_reply_count":0,"_bbp_voice_count":0,"_bbp_anonymous_reply_count":0,"_bbp_topic_count_hidden":0,"_bbp_reply_count_hidden":0,"_bbp_forum_subforum_count":0,"footnotes":""},"class_list":["post-16913","page","type-page","status-publish","hentry"],"post_mailing_queue_ids":[],"_links":{"self":[{"href":"https:\/\/agora.xtec.cat\/escmadorell\/wp-json\/wp\/v2\/pages\/16913","targetHints":{"allow":["GET"]}}],"collection":[{"href":"https:\/\/agora.xtec.cat\/escmadorell\/wp-json\/wp\/v2\/pages"}],"about":[{"href":"https:\/\/agora.xtec.cat\/escmadorell\/wp-json\/wp\/v2\/types\/page"}],"author":[{"embeddable":true,"href":"https:\/\/agora.xtec.cat\/escmadorell\/wp-json\/wp\/v2\/users\/4"}],"replies":[{"embeddable":true,"href":"https:\/\/agora.xtec.cat\/escmadorell\/wp-json\/wp\/v2\/comments?post=16913"}],"version-history":[{"count":4,"href":"https:\/\/agora.xtec.cat\/escmadorell\/wp-json\/wp\/v2\/pages\/16913\/revisions"}],"predecessor-version":[{"id":17804,"href":"https:\/\/agora.xtec.cat\/escmadorell\/wp-json\/wp\/v2\/pages\/16913\/revisions\/17804"}],"up":[{"embeddable":true,"href":"https:\/\/agora.xtec.cat\/escmadorell\/wp-json\/wp\/v2\/pages\/16885"}],"wp:attachment":[{"href":"https:\/\/agora.xtec.cat\/escmadorell\/wp-json\/wp\/v2\/media?parent=16913"}],"curies":[{"name":"wp","href":"https:\/\/api.w.org\/{rel}","templated":true}]}}