{"id":11436,"date":"2020-03-13T20:02:51","date_gmt":"2020-03-13T19:02:51","guid":{"rendered":"http:\/\/agora.xtec.cat\/escmadorell\/?page_id=11436"},"modified":"2022-12-05T16:23:32","modified_gmt":"2022-12-05T15:23:32","slug":"mobils-edu","status":"publish","type":"page","link":"https:\/\/agora.xtec.cat\/escmadorell\/projectes\/cultura-digital\/activitats\/mobils-edu\/","title":{"rendered":"m\u00f2bils.edu"},"content":{"rendered":"<p>El curs 19\/20, l&#8217;escola fou seleccionada per dur a terme aquest pla d&#8217;innovaci\u00f3 educativa.<\/p>\n<p><iframe loading=\"lazy\" class=\"scribd_iframe_embed\" title=\"Tecnologia per a la motivaci\u00f3\" src=\"https:\/\/www.scribd.com\/embeds\/459170890\/content?start_page=1&amp;view_mode=scroll&amp;access_key=key-6vQTfuXxBn0yMLJz95mG\" width=\"100%\" height=\"600\" frameborder=\"0\" scrolling=\"no\" data-auto-height=\"true\" data-aspect-ratio=\"0.7068965517241379\"><\/iframe><\/p>\n<p>El Programa M\u00f2bils.edu \u00e9s un pla digital que t\u00e9 com a finalitat\u00a0<strong>l\u2019impuls de la tecnologia digital en els centres i, especialment, els dispositius m\u00f2bils, com a eina educativa estrat\u00e8gica<\/strong>\u00a0per al desenvolupament curricular, el treball competencial, l\u2019educaci\u00f3 inclusiva, l\u2019acci\u00f3 tutorial i la gesti\u00f3 de la conviv\u00e8ncia i de les relacions humanes per promoure l\u2019\u00e8xit educatiu.<\/p>\n<header class=\"entry-header\">\n<h1 class=\"entry-title\">Pla m\u00f2bils.edu<\/h1>\n<\/header>\n<div class=\"entry-content\">\n<p><strong>Descripci\u00f3<\/strong><\/p>\n<p>\u00c9s un pla del Departament d\u2019Educaci\u00f3 que impulsa l\u2019\u00fas de dispositius m\u00f2bils (m\u00f2bils i tauletes) com a tecnologies educatives, integrades en les pr\u00e0ctiques d\u2019aula per adquirir la compet\u00e8ncia digital de l\u2019alumnat i la millora en la resta de compet\u00e8ncies, liderat per la Direcci\u00f3 General d\u2019Innovaci\u00f3, Recerca i Cultura digital.<\/p>\n<p><strong>Justificaci\u00f3<\/strong><\/p>\n<p>El pla vol aprofundir en la potencialitat de les tecnologies digitals al servei de l\u2019aprenentatge i, alhora, donar resposta a la preocupaci\u00f3 social creixent al voltant de l\u2019\u00fas de la tecnologia m\u00f2bil. \u00c9s per aix\u00f2 que el pla far\u00e0 part\u00edcips tamb\u00e9 les fam\u00edlies, els centres, el professorat, l\u2019alumnat i els agents educatius de l\u2019entorn.<\/p>\n<p>L\u2019\u00fas eficient dels dispositius m\u00f2bils en l\u2019educaci\u00f3 comporta una triple perspectiva: com a objecte d\u2019aprenentatge, per garantir el domini instrumental dels dispositius m\u00f2bils i l\u2019adquisici\u00f3 de criteris per fer-ne un \u00fas \u00e8tic, responsable i efica\u00e7; com a recurs per a enriquir els processos d\u2019ensenyament-aprenentatge, amb materials educatius digitals que contribueixen a millorar la presentaci\u00f3 i l\u2019adquisici\u00f3 dels continguts curriculars; i, tamb\u00e9, com a context d\u2019aprenentatge.<\/p>\n<p><strong>Finalitat<\/strong><\/p>\n<p>La finalitat del pla \u00e9s desenvolupar un marc de cobertura d\u2019educaci\u00f3 digital per generar entorns de treball als centres del Servei d\u2019Educaci\u00f3 de Catalunya que ofereixin l\u2019adquisici\u00f3 de la compet\u00e8ncia digital pr\u00f2pia del segle XXI, d\u2019acord amb les recomanacions de la Uni\u00f3 Europea i de la UNESCO.<\/p>\n<p>L\u2019actuaci\u00f3 del Departament d\u2019Educaci\u00f3 pret\u00e9n que els centres utilitzin la tecnologia digital i, especialment, els dispositius m\u00f2bils, com a eina educativa estrat\u00e8gica per al desenvolupament curricular, el treball competencial, l\u2019educaci\u00f3 inclusiva, l\u2019acci\u00f3 tutorial i la gesti\u00f3 de la conviv\u00e8ncia i de les relacions humanes per promoure l\u2019\u00e8xit educatiu.<\/p>\n<p><strong>Objectius<\/strong><\/p>\n<ol>\n<li>Acompanyar els centres i la comunitat educativa en el proc\u00e9s de transformaci\u00f3 educativa<\/li>\n<li>Millorar la compet\u00e8ncia digital dels alumnes afavorint l\u2019assoliment de les altres compet\u00e8ncies<\/li>\n<li>Posar en valor el paper inclusiu de la tecnologia per assolir l\u2019\u00e8xit educatiu de tot l\u2019alumnat<\/li>\n<\/ol>\n<\/div>\n<p>&nbsp;<\/p>\n","protected":false},"excerpt":{"rendered":"<p>El curs 19\/20, l&#8217;escola fou seleccionada per dur a terme aquest pla d&#8217;innovaci\u00f3 educativa.<\/p>\n<p>El Programa M\u00f2bils.edu \u00e9s un pla digital que t\u00e9 com a finalitat\u00a0l\u2019impuls de la tecnologia digital en els centres i, especialment, els dispositius m\u00f2bils, com a eina educativa estrat\u00e8gica\u00a0per al desenvolupament curricular,&hellip;  <a href=\"https:\/\/agora.xtec.cat\/escmadorell\/projectes\/cultura-digital\/activitats\/mobils-edu\/\" title=\"Read m\u00f2bils.edu\">Llegeix m\u00e9s\u00bb<\/a><\/p>\n","protected":false},"author":4,"featured_media":0,"parent":16913,"menu_order":1,"comment_status":"closed","ping_status":"closed","template":"page-templates\/side-menu.php","meta":{"_bbp_topic_count":0,"_bbp_reply_count":0,"_bbp_total_topic_count":0,"_bbp_total_reply_count":0,"_bbp_voice_count":0,"_bbp_anonymous_reply_count":0,"_bbp_topic_count_hidden":0,"_bbp_reply_count_hidden":0,"_bbp_forum_subforum_count":0,"footnotes":""},"class_list":["post-11436","page","type-page","status-publish","hentry"],"post_mailing_queue_ids":[],"_links":{"self":[{"href":"https:\/\/agora.xtec.cat\/escmadorell\/wp-json\/wp\/v2\/pages\/11436","targetHints":{"allow":["GET"]}}],"collection":[{"href":"https:\/\/agora.xtec.cat\/escmadorell\/wp-json\/wp\/v2\/pages"}],"about":[{"href":"https:\/\/agora.xtec.cat\/escmadorell\/wp-json\/wp\/v2\/types\/page"}],"author":[{"embeddable":true,"href":"https:\/\/agora.xtec.cat\/escmadorell\/wp-json\/wp\/v2\/users\/4"}],"replies":[{"embeddable":true,"href":"https:\/\/agora.xtec.cat\/escmadorell\/wp-json\/wp\/v2\/comments?post=11436"}],"version-history":[{"count":3,"href":"https:\/\/agora.xtec.cat\/escmadorell\/wp-json\/wp\/v2\/pages\/11436\/revisions"}],"predecessor-version":[{"id":16906,"href":"https:\/\/agora.xtec.cat\/escmadorell\/wp-json\/wp\/v2\/pages\/11436\/revisions\/16906"}],"up":[{"embeddable":true,"href":"https:\/\/agora.xtec.cat\/escmadorell\/wp-json\/wp\/v2\/pages\/16913"}],"wp:attachment":[{"href":"https:\/\/agora.xtec.cat\/escmadorell\/wp-json\/wp\/v2\/media?parent=11436"}],"curies":[{"name":"wp","href":"https:\/\/api.w.org\/{rel}","templated":true}]}}