{"id":11434,"date":"2020-03-13T19:59:40","date_gmt":"2020-03-13T18:59:40","guid":{"rendered":"http:\/\/agora.xtec.cat\/escmadorell\/?page_id=11434"},"modified":"2020-03-13T20:06:12","modified_gmt":"2020-03-13T19:06:12","slug":"aquiproubulling","status":"publish","type":"page","link":"https:\/\/agora.xtec.cat\/escmadorell\/projectes\/aquiproubulling\/","title":{"rendered":"#aqu\u00edproubulling"},"content":{"rendered":"<p>El curs 17\/18, l&#8217;escola va ser seleccionada per implantar el programa d&#8217;innovaci\u00f3 educativa #aqu\u00edproubulling.<\/p>\n<p>El programa posa a l\u2019abast dels centres la formaci\u00f3, estrat\u00e8gies i recursos necessaris per elaborar un projecte de prevenci\u00f3, detecci\u00f3 i intervenci\u00f3 davant l\u2019assetjament amb la participaci\u00f3 de tota la comunitat escolar, especialment de l\u2019alumnat qui actuar\u00e0 com observador i agent actiu i comprom\u00e8s en la lluita contra l\u2019assetjament alhora que adquireix les actituds i els valors propis de la compet\u00e8ncia social i ciutadana.<\/p>\n<ul>\n<li>Implicar la comunitat escolar davant els casos d\u2019assetjament.<\/li>\n<li>Potenciar el comprom\u00eds actiu de l\u2019alumnat en la prevenci\u00f3 i detecci\u00f3 dels casos d\u2019assetjament.<\/li>\n<li>Fomentar la gesti\u00f3 positiva dels conflictes.<\/li>\n<li>Contribuir al desenvolupament personal i social de l\u2019alumnat.<\/li>\n<\/ul>\n<p>&nbsp;<\/p>\n<h2 class=\"subtitle\">Els equips X la conviv\u00e8ncia<\/h2>\n<div class=\"basic_text col-xs-12 pd-30 off-margin-bottom pd-15\">\n<p><span style=\"font-family: inherit; font-size: 1em;\">At\u00e8s que les situacions d\u2019assetjament, tot i que puguin donar-se a l\u2019educaci\u00f3 prim\u00e0ria, tenen major prevalen\u00e7a a la secund\u00e0ria, el programa #aquiproubullying a prim\u00e0ria vol incidir especialment en refor\u00e7ar els valors convivencials com a eines per prevenir possibles situacions d\u2019assetjament. En aquest sentit, els Equips X la conviv\u00e8ncia tenen com a finalitat detectar i aturar aquelles accions que dificultin les relacions entre iguals i malmetin la conviv\u00e8ncia i promoure tant estrat\u00e8gies de gesti\u00f3 positiva dels conflictes com mesures restauratives de tal manera no arribin a donar-se situacions d\u2019assetjament.<\/span><\/p>\n<\/div>\n<div class=\"basic_text_peq col-xs-12\">\n<div class=\"pd-15x\">\n<p>Les funcions dels Equips X la conviv\u00e8ncia s\u00f3n:<\/p>\n<ul>\n<li><strong>observar i detectar<\/strong>\u00a0situacions que trenquen la conviv\u00e8ncia i\u00a0<strong>enregistrar-les<\/strong><\/li>\n<li><strong>estar atents a companys<\/strong>\u00a0que necessitin ajuda perqu\u00e8 se sentin insegurs, exclosos, amena\u00e7ats o agredits<\/li>\n<li><strong>analitzar\u00a0<\/strong>les situacions conflictives i\u00a0<strong>fer propostes<\/strong>\u00a0<strong>d\u2019intervenci\u00f3<\/strong>.<\/li>\n<\/ul>\n<\/div>\n<\/div>\n","protected":false},"excerpt":{"rendered":"<p>El curs 17\/18, l&#8217;escola va ser seleccionada per implantar el programa d&#8217;innovaci\u00f3 educativa #aqu\u00edproubulling.<br \/>\nEl programa posa a l\u2019abast dels centres la formaci\u00f3, estrat\u00e8gies i recursos necessaris per elaborar un projecte de prevenci\u00f3, detecci\u00f3 i intervenci\u00f3 davant l\u2019assetjament amb la participaci\u00f3 de tota la comunitat escolar,&hellip;  <a href=\"https:\/\/agora.xtec.cat\/escmadorell\/projectes\/aquiproubulling\/\" title=\"Read #aqu\u00edproubulling\">Llegeix m\u00e9s\u00bb<\/a><\/p>\n","protected":false},"author":4,"featured_media":0,"parent":64,"menu_order":2,"comment_status":"closed","ping_status":"closed","template":"page-templates\/side-menu.php","meta":{"_bbp_topic_count":0,"_bbp_reply_count":0,"_bbp_total_topic_count":0,"_bbp_total_reply_count":0,"_bbp_voice_count":0,"_bbp_anonymous_reply_count":0,"_bbp_topic_count_hidden":0,"_bbp_reply_count_hidden":0,"_bbp_forum_subforum_count":0,"footnotes":""},"class_list":["post-11434","page","type-page","status-publish","hentry"],"post_mailing_queue_ids":[],"_links":{"self":[{"href":"https:\/\/agora.xtec.cat\/escmadorell\/wp-json\/wp\/v2\/pages\/11434","targetHints":{"allow":["GET"]}}],"collection":[{"href":"https:\/\/agora.xtec.cat\/escmadorell\/wp-json\/wp\/v2\/pages"}],"about":[{"href":"https:\/\/agora.xtec.cat\/escmadorell\/wp-json\/wp\/v2\/types\/page"}],"author":[{"embeddable":true,"href":"https:\/\/agora.xtec.cat\/escmadorell\/wp-json\/wp\/v2\/users\/4"}],"replies":[{"embeddable":true,"href":"https:\/\/agora.xtec.cat\/escmadorell\/wp-json\/wp\/v2\/comments?post=11434"}],"version-history":[{"count":1,"href":"https:\/\/agora.xtec.cat\/escmadorell\/wp-json\/wp\/v2\/pages\/11434\/revisions"}],"predecessor-version":[{"id":11435,"href":"https:\/\/agora.xtec.cat\/escmadorell\/wp-json\/wp\/v2\/pages\/11434\/revisions\/11435"}],"up":[{"embeddable":true,"href":"https:\/\/agora.xtec.cat\/escmadorell\/wp-json\/wp\/v2\/pages\/64"}],"wp:attachment":[{"href":"https:\/\/agora.xtec.cat\/escmadorell\/wp-json\/wp\/v2\/media?parent=11434"}],"curies":[{"name":"wp","href":"https:\/\/api.w.org\/{rel}","templated":true}]}}