{"id":962,"date":"2018-01-30T15:59:04","date_gmt":"2018-01-30T14:59:04","guid":{"rendered":"http:\/\/agora.xtec.cat\/esclolaangladamartorell\/?page_id=962"},"modified":"2025-02-08T21:18:14","modified_gmt":"2025-02-08T20:18:14","slug":"erasmus","status":"publish","type":"page","link":"https:\/\/agora.xtec.cat\/esclolaangladamartorell\/projectes\/projecte-dangles\/erasmus\/","title":{"rendered":"Global Scholars"},"content":{"rendered":"<h1><span style=\"font-weight: 400;\">L\u2019escola Lola Anglada amb el projecte Global Scholars<\/span><\/h1>\n<p><a href=\"https:\/\/agora.xtec.cat\/esclolaangladamartorell\/wp-content\/uploads\/usu1696\/2025\/02\/logo-global-scholars.png\"><img loading=\"lazy\" decoding=\"async\" class=\"aligncenter size-full wp-image-3104\" src=\"https:\/\/agora.xtec.cat\/esclolaangladamartorell\/wp-content\/uploads\/usu1696\/2025\/02\/logo-global-scholars.png\" alt=\"\" width=\"266\" height=\"189\" \/><\/a><\/p>\n<p><b>QU\u00c8 \u00c9S?\u00a0 <\/b><a href=\"https:\/\/www.globalcities.org\/global-scholars\"><span style=\"font-weight: 400;\">Global Scholars<\/span><\/a><span style=\"font-weight: 400;\"> \u00e9s un programa internacional d\u2019aprenentatge en l\u00ednia que connecta estudiants d\u2019escoles situades en ciutats d\u2019arreu del m\u00f3n amb l\u2019objectiu de preparar-los per esdevenir ciutadans globals. La iniciativa, adre\u00e7ada a estudiants d\u2019entre 10 i 13 anys, facilita la interacci\u00f3 i el debat a trav\u00e9s de f\u00f2rums en l\u00ednia, permet que els joves comparteixin idees i experi\u00e8ncies, i promou el desenvolupament de projectes multim\u00e8dia a l\u2019entorn de temes d\u2019inter\u00e8s general.<\/span><\/p>\n<p><b>QUI EL GESTIONA? <\/b><span style=\"font-weight: 400;\">Global Scholars \u00e9s un projecte que impulsa <\/span><a href=\"https:\/\/www.globalcities.org\/\"><span style=\"font-weight: 400;\">Global Cities Inc.<\/span><\/a><span style=\"font-weight: 400;\">, un programa de Bloomberg Philanthropies, organitzaci\u00f3 sense \u00e0nim de lucre amb seu a Nova York, amb estreta col\u00b7laboraci\u00f3 amb el Departament d\u2019Educaci\u00f3 de la Generalitat de Catalunya.\u00a0<\/span><\/p>\n<p><span style=\"font-weight: 400;\">L\u2019objectiu d\u2019aquest projecte transnacional i interactiu \u00e9s que els alumnes desenvolupin les compet\u00e8ncies necess\u00e0ries, a trav\u00e9s del di\u00e0leg i la col\u00b7laboraci\u00f3,\u00a0 per tal de convertir-se en ciutadans globals i poder interactuar amb \u00e8xit en el m\u00f3n globalitzat actual.<\/span><\/p>\n<p><span style=\"font-weight: 400;\">L\u2019Escola Lola Anglada ha estat escollida per participar-hi al llarg de quatre cursos.<\/span><\/p>\n<p>&nbsp;<\/p>\n","protected":false},"excerpt":{"rendered":"<p>L\u2019escola Lola Anglada amb el projecte Global Scholars<br \/>\n<a href=\"https:\/\/agora.xtec.cat\/esclolaangladamartorell\/wp-content\/uploads\/usu1696\/2025\/02\/logo-global-scholars.png\"><\/a><br \/>\nQU\u00c8 \u00c9S?\u00a0 <a href=\"https:\/\/www.globalcities.org\/global-scholars\">Global Scholars<\/a> \u00e9s un programa internacional d\u2019aprenentatge en l\u00ednia que connecta estudiants d\u2019escoles situades en ciutats d\u2019arreu del m\u00f3n amb l\u2019objectiu de preparar-los per esdevenir ciutadans globals. La iniciativa, adre\u00e7ada a estudiants d\u2019entre 10&hellip;  <a href=\"https:\/\/agora.xtec.cat\/esclolaangladamartorell\/projectes\/projecte-dangles\/erasmus\/\" title=\"Read Global Scholars\">Llegeix m\u00e9s\u00bb<\/a><\/p>\n","protected":false},"author":1,"featured_media":0,"parent":669,"menu_order":4,"comment_status":"closed","ping_status":"closed","template":"page-templates\/side-menu.php","meta":{"_bbp_topic_count":0,"_bbp_reply_count":0,"_bbp_total_topic_count":0,"_bbp_total_reply_count":0,"_bbp_voice_count":0,"_bbp_anonymous_reply_count":0,"_bbp_topic_count_hidden":0,"_bbp_reply_count_hidden":0,"_bbp_forum_subforum_count":0,"footnotes":""},"class_list":["post-962","page","type-page","status-publish","hentry"],"post_mailing_queue_ids":[],"_links":{"self":[{"href":"https:\/\/agora.xtec.cat\/esclolaangladamartorell\/wp-json\/wp\/v2\/pages\/962","targetHints":{"allow":["GET"]}}],"collection":[{"href":"https:\/\/agora.xtec.cat\/esclolaangladamartorell\/wp-json\/wp\/v2\/pages"}],"about":[{"href":"https:\/\/agora.xtec.cat\/esclolaangladamartorell\/wp-json\/wp\/v2\/types\/page"}],"author":[{"embeddable":true,"href":"https:\/\/agora.xtec.cat\/esclolaangladamartorell\/wp-json\/wp\/v2\/users\/1"}],"replies":[{"embeddable":true,"href":"https:\/\/agora.xtec.cat\/esclolaangladamartorell\/wp-json\/wp\/v2\/comments?post=962"}],"version-history":[{"count":4,"href":"https:\/\/agora.xtec.cat\/esclolaangladamartorell\/wp-json\/wp\/v2\/pages\/962\/revisions"}],"predecessor-version":[{"id":3105,"href":"https:\/\/agora.xtec.cat\/esclolaangladamartorell\/wp-json\/wp\/v2\/pages\/962\/revisions\/3105"}],"up":[{"embeddable":true,"href":"https:\/\/agora.xtec.cat\/esclolaangladamartorell\/wp-json\/wp\/v2\/pages\/669"}],"wp:attachment":[{"href":"https:\/\/agora.xtec.cat\/esclolaangladamartorell\/wp-json\/wp\/v2\/media?parent=962"}],"curies":[{"name":"wp","href":"https:\/\/api.w.org\/{rel}","templated":true}]}}