{"id":798,"date":"2018-01-21T22:38:42","date_gmt":"2018-01-21T21:38:42","guid":{"rendered":"http:\/\/agora.xtec.cat\/esclolaangladamartorell\/?page_id=798"},"modified":"2021-03-04T15:32:20","modified_gmt":"2021-03-04T14:32:20","slug":"fem-festes","status":"publish","type":"page","link":"https:\/\/agora.xtec.cat\/esclolaangladamartorell\/projectes\/pla-de-convivencia\/fem-festes\/","title":{"rendered":"Fem festes"},"content":{"rendered":"<p>La celebraci\u00f3 de festes tradicionals dins de l&#8217;\u00e0mbit escolar permeten als nens i nenes con\u00e8ixer i viure la cultura del nostre entorn i a la vegada s\u00f3n una bona ocasi\u00f3 per a refor\u00e7ar la cohesi\u00f3 de la comunitat educativa, obrir l&#8217;escola a les fam\u00edlies i crear un bon<br \/>\nclima.<\/p>\n<table border=\"0\" width=\"600\" cellspacing=\"0\" cellpadding=\"0\" align=\"center\">\n<tbody>\n<tr bgcolor=\"#D4D0C8\">\n<td colspan=\"2\" height=\"313\"><span style=\"font-family: Verdana,Arial,Helvetica,sans-serif; font-size: large;\">A la nostra escola celebrem les festes seg\u00fcents:<\/span><\/p>\n<ul>\n<li><span style=\"font-family: Verdana,Arial,Helvetica,sans-serif; font-size: large;\"><span style=\"text-decoration: underline;\"><strong>Castanyada<\/strong><\/span> (festa de tardor) <\/span><\/li>\n<li><span style=\"font-family: Verdana,Arial,Helvetica,sans-serif; font-size: large;\"><span style=\"text-decoration: underline;\"><strong>Nadal<\/strong><\/span> (festa d&#8217;hivern) <\/span><\/li>\n<li><span style=\"font-family: Verdana,Arial,Helvetica,sans-serif; font-size: large;\"><span style=\"text-decoration: underline;\"><strong>Festa de Lola Anglada<\/strong><\/span><\/span><\/li>\n<li><span style=\"font-family: Verdana,Arial,Helvetica,sans-serif;\"><span style=\"text-decoration: underline;\"><span style=\"font-size: large;\"><strong>Carnava<\/strong>l<\/span><\/span><\/span><\/li>\n<li><span style=\"font-family: Verdana,Arial,Helvetica,sans-serif; font-size: large;\"><span style=\"text-decoration: underline;\"><strong>Sant Jordi:<\/strong><\/span><\/span><span style=\"font-family: Verdana,Arial,Helvetica,sans-serif; font-size: large;\"><span style=\"color: #000000;\">(<\/span>festa de primavera)<\/span><\/li>\n<li><span style=\"font-family: Verdana,Arial,Helvetica,sans-serif; font-size: large;\"><span style=\"text-decoration: underline;\"><strong>Festa de final de curs<\/strong><\/span> (festa d&#8217;estiu)<\/span><\/li>\n<li><span style=\"font-family: Verdana,Arial,Helvetica,sans-serif; font-size: large;\">Compartim amb les fam\u00edlies la festa de Nadal i la de Sant Jordi.<\/span><\/li>\n<\/ul>\n<\/td>\n<\/tr>\n<tr>\n<td style=\"text-align: center;\" colspan=\"2\"><\/td>\n<\/tr>\n<tr>\n<td colspan=\"2\">\n<div align=\"center\"><span style=\"font-family: Verdana,Arial,Helvetica,sans-serif;\"><b><span style=\"color: #ff0000; font-size: xx-large;\">CASTANYAD<\/span><\/b><\/span><span style=\"font-family: Verdana,Arial,Helvetica,sans-serif;\"><b><span style=\"color: #ff0000; font-size: xx-large;\">A<\/span><\/b><\/span><\/div>\n<\/td>\n<\/tr>\n<tr>\n<td colspan=\"2\"><\/td>\n<\/tr>\n<tr>\n<td>\n<div align=\"center\"><img loading=\"lazy\" decoding=\"async\" src=\"http:\/\/xtec.cat\/centres\/a8053601\/activitats\/festes\/imatges\/castanyada.JPG\" alt=\"\" width=\"280\" height=\"210\" \/><\/div>\n<\/td>\n<td>\n<div align=\"center\"><img loading=\"lazy\" decoding=\"async\" src=\"http:\/\/xtec.cat\/centres\/a8053601\/activitats\/festes\/imatges\/castanyada1.JPG\" alt=\"\" width=\"280\" height=\"201\" \/><\/div>\n<\/td>\n<\/tr>\n<tr>\n<td><\/td>\n<td><\/td>\n<\/tr>\n<tr>\n<td>\n<div align=\"center\"><img loading=\"lazy\" decoding=\"async\" src=\"http:\/\/xtec.cat\/centres\/a8053601\/activitats\/festes\/imatges\/castanyada2.JPG\" alt=\"\" width=\"280\" height=\"210\" \/><\/div>\n<\/td>\n<td>\n<div align=\"center\"><img loading=\"lazy\" decoding=\"async\" src=\"http:\/\/xtec.cat\/centres\/a8053601\/activitats\/festes\/imatges\/castanyada3.JPG\" alt=\"\" width=\"280\" height=\"210\" \/><\/div>\n<\/td>\n<\/tr>\n<tr>\n<td colspan=\"2\"><\/td>\n<\/tr>\n<tr>\n<td colspan=\"2\">\n<div align=\"center\"><span style=\"font-family: Verdana,Arial,Helvetica,sans-serif;\"><b><span style=\"color: #ff0000; font-size: xx-large;\"><a name=\"nadal\"><\/a>NADAL<\/span><\/b><\/span><\/div>\n<\/td>\n<\/tr>\n<tr>\n<td colspan=\"2\"><\/td>\n<\/tr>\n<tr>\n<td>\n<div align=\"center\"><img loading=\"lazy\" decoding=\"async\" src=\"http:\/\/xtec.cat\/centres\/a8053601\/activitats\/festes\/imatges\/tio.JPG\" alt=\"\" width=\"280\" height=\"210\" \/><\/div>\n<\/td>\n<td>\n<div align=\"center\"><img loading=\"lazy\" decoding=\"async\" src=\"http:\/\/xtec.cat\/centres\/a8053601\/activitats\/festes\/imatges\/tio1.JPG\" alt=\"\" width=\"280\" height=\"210\" \/><\/div>\n<\/td>\n<\/tr>\n<tr>\n<td height=\"28\"><\/td>\n<td height=\"28\"><\/td>\n<\/tr>\n<tr>\n<td height=\"247\">\n<div align=\"center\"><img loading=\"lazy\" decoding=\"async\" src=\"http:\/\/xtec.cat\/centres\/a8053601\/activitats\/festes\/imatges\/tio4.JPG\" alt=\"\" width=\"280\" height=\"210\" \/><\/div>\n<\/td>\n<td height=\"247\">\n<div align=\"center\"><img loading=\"lazy\" decoding=\"async\" src=\"http:\/\/xtec.cat\/centres\/a8053601\/activitats\/festes\/imatges\/tio3.JPG\" alt=\"\" width=\"280\" height=\"210\" \/><\/div>\n<\/td>\n<\/tr>\n<tr>\n<td colspan=\"2\"><\/td>\n<\/tr>\n<tr>\n<td colspan=\"2\">\n<div align=\"center\"><a name=\"festalola\"><\/a> <span style=\"font-family: Verdana,Arial,Helvetica,sans-serif;\"><b><span style=\"color: #ff0000; font-size: xx-large;\">FESTA DE LOLA ANGLADA<\/span><\/b><\/span><\/div>\n<\/td>\n<\/tr>\n<tr>\n<td colspan=\"2\">\n<p align=\"justify\"><span style=\"font-family: Verdana,Arial,Helvetica,sans-serif; font-size: large;\">Despr\u00e9s de tres cursos de funcionament a m\u00f2duls prefabricats vam traslladar-nos a l&#8217;edifici nou i vam celebrar una gran festa per alumnes i fam\u00edlies on don\u00e0vem a con\u00e8ixer la vida i l&#8217;obra de l&#8217;escriptora i il\u00b7lustradora LOLA ANGLADA, donat que aquest havia estat el nom escollit per a la nostra escola.<\/span><\/p>\n<p align=\"justify\"><span style=\"font-family: Verdana,Arial,Helvetica,sans-serif; font-size: large;\">Contempleu algunes de les imatges d&#8217;aquest dia: <\/span><\/p>\n<\/td>\n<\/tr>\n<tr>\n<td colspan=\"2\"><\/td>\n<\/tr>\n<tr>\n<td width=\"301\">\n<div align=\"center\"><img loading=\"lazy\" decoding=\"async\" src=\"http:\/\/xtec.cat\/centres\/a8053601\/activitats\/festes\/imatges\/festalola1.jpg\" alt=\"\" width=\"280\" height=\"210\" \/><\/div>\n<\/td>\n<td width=\"299\">\n<div align=\"center\"><img loading=\"lazy\" decoding=\"async\" src=\"http:\/\/xtec.cat\/centres\/a8053601\/activitats\/festes\/imatges\/lola%20anglada.jpg\" alt=\"\" width=\"280\" height=\"210\" \/><\/div>\n<\/td>\n<\/tr>\n<tr>\n<td width=\"301\" height=\"17\"><\/td>\n<td width=\"299\" height=\"17\"><\/td>\n<\/tr>\n<tr>\n<td width=\"301\">\n<div align=\"center\"><img loading=\"lazy\" decoding=\"async\" src=\"http:\/\/xtec.cat\/centres\/a8053601\/activitats\/festes\/imatges\/festalola3.jpg\" alt=\"\" width=\"280\" height=\"210\" \/><\/div>\n<\/td>\n<td width=\"299\">\n<div align=\"center\"><img loading=\"lazy\" decoding=\"async\" src=\"http:\/\/xtec.cat\/centres\/a8053601\/activitats\/festes\/imatges\/lola%20anglada1.jpg\" alt=\"\" width=\"280\" height=\"210\" \/><\/div>\n<\/td>\n<\/tr>\n<tr>\n<td width=\"301\"><\/td>\n<td width=\"299\"><\/td>\n<\/tr>\n<tr>\n<td width=\"301\">\n<div align=\"center\"><img loading=\"lazy\" decoding=\"async\" src=\"http:\/\/xtec.cat\/centres\/a8053601\/activitats\/festes\/imatges\/lola%20anglada2.jpg\" alt=\"\" width=\"280\" height=\"210\" \/><\/div>\n<\/td>\n<td width=\"299\">\n<div align=\"center\"><img loading=\"lazy\" decoding=\"async\" src=\"http:\/\/xtec.cat\/centres\/a8053601\/activitats\/festes\/imatges\/lola%20anglada3.jpg\" alt=\"\" width=\"280\" height=\"210\" \/><\/div>\n<\/td>\n<\/tr>\n<tr>\n<td width=\"301\"><\/td>\n<td width=\"299\"><\/td>\n<\/tr>\n<tr>\n<td width=\"301\">\n<div align=\"center\"><img loading=\"lazy\" decoding=\"async\" src=\"http:\/\/xtec.cat\/centres\/a8053601\/activitats\/festes\/imatges\/festalola7.jpg\" alt=\"\" width=\"280\" height=\"210\" \/><\/div>\n<\/td>\n<td width=\"299\">\n<div align=\"center\"><img loading=\"lazy\" decoding=\"async\" src=\"http:\/\/xtec.cat\/centres\/a8053601\/activitats\/festes\/imatges\/festalola8.jpg\" alt=\"\" width=\"280\" height=\"210\" \/><\/div>\n<\/td>\n<\/tr>\n<tr>\n<td width=\"301\"><\/td>\n<td width=\"299\"><\/td>\n<\/tr>\n<tr>\n<td width=\"301\">\n<div align=\"center\"><img loading=\"lazy\" decoding=\"async\" src=\"http:\/\/xtec.cat\/centres\/a8053601\/activitats\/festes\/imatges\/festalola9.jpg\" alt=\"\" width=\"280\" height=\"210\" \/><\/div>\n<\/td>\n<td width=\"299\">\n<div align=\"center\"><img loading=\"lazy\" decoding=\"async\" src=\"http:\/\/xtec.cat\/centres\/a8053601\/activitats\/festes\/imatges\/festalola10.jpg\" alt=\"\" width=\"280\" height=\"210\" \/><\/div>\n<\/td>\n<\/tr>\n<tr>\n<td width=\"301\"><\/td>\n<td width=\"299\"><\/td>\n<\/tr>\n<tr>\n<td width=\"301\">\n<div align=\"center\"><img loading=\"lazy\" decoding=\"async\" src=\"http:\/\/xtec.cat\/centres\/a8053601\/activitats\/festes\/imatges\/festalola11.jpg\" alt=\"\" width=\"280\" height=\"210\" \/><\/div>\n<\/td>\n<td width=\"299\">\n<div align=\"center\"><img loading=\"lazy\" decoding=\"async\" src=\"http:\/\/xtec.cat\/centres\/a8053601\/activitats\/festes\/imatges\/festalola12.jpg\" alt=\"\" width=\"210\" height=\"280\" \/><\/div>\n<\/td>\n<\/tr>\n<tr>\n<td width=\"301\"><\/td>\n<td width=\"299\"><\/td>\n<\/tr>\n<tr>\n<td width=\"301\">\n<div align=\"center\"><img loading=\"lazy\" decoding=\"async\" src=\"http:\/\/xtec.cat\/centres\/a8053601\/activitats\/festes\/imatges\/festalola13.jpg\" alt=\"\" width=\"280\" height=\"210\" \/><\/div>\n<\/td>\n<td width=\"299\">\n<div align=\"center\"><img loading=\"lazy\" decoding=\"async\" src=\"http:\/\/xtec.cat\/centres\/a8053601\/activitats\/festes\/imatges\/festalola14.jpg\" alt=\"\" width=\"280\" height=\"210\" \/><\/div>\n<\/td>\n<\/tr>\n<tr>\n<td width=\"301\"><\/td>\n<td width=\"299\"><\/td>\n<\/tr>\n<tr>\n<td colspan=\"2\">\n<div align=\"center\"><strong><span style=\"color: #ff0000; font-family: Verdana,Arial,Helvetica,sans-serif; font-size: xx-large;\"><a name=\"carnaval\"><\/a>CARNAVAL<\/span><\/strong><\/div>\n<\/td>\n<\/tr>\n<tr>\n<td><img loading=\"lazy\" decoding=\"async\" src=\"http:\/\/xtec.cat\/centres\/a8053601\/activitats\/festes\/imatges\/carnaval9.jpg\" alt=\"\" width=\"280\" height=\"210\" \/><\/td>\n<td><img loading=\"lazy\" decoding=\"async\" src=\"http:\/\/xtec.cat\/centres\/a8053601\/activitats\/festes\/imatges\/carnaval4.jpg\" alt=\"\" width=\"280\" height=\"210\" \/><\/td>\n<\/tr>\n<tr>\n<td><\/td>\n<td><\/td>\n<\/tr>\n<tr>\n<td><img loading=\"lazy\" decoding=\"async\" src=\"http:\/\/xtec.cat\/centres\/a8053601\/activitats\/festes\/imatges\/carnaval12.jpg\" alt=\"\" width=\"280\" height=\"210\" \/><\/td>\n<td><img loading=\"lazy\" decoding=\"async\" src=\"http:\/\/xtec.cat\/centres\/a8053601\/activitats\/festes\/imatges\/carnaval13.jpg\" alt=\"\" width=\"280\" height=\"210\" \/><\/td>\n<\/tr>\n<tr>\n<td><\/td>\n<td><\/td>\n<\/tr>\n<tr>\n<td><img loading=\"lazy\" decoding=\"async\" src=\"http:\/\/xtec.cat\/centres\/a8053601\/activitats\/festes\/imatges\/carnaval8.jpg\" alt=\"\" width=\"280\" height=\"210\" \/><\/td>\n<td><img loading=\"lazy\" decoding=\"async\" src=\"http:\/\/xtec.cat\/centres\/a8053601\/activitats\/festes\/imatges\/carnaval6.jpg\" alt=\"\" width=\"280\" height=\"210\" \/><\/td>\n<\/tr>\n<tr>\n<td><\/td>\n<td><\/td>\n<\/tr>\n<tr>\n<td><img loading=\"lazy\" decoding=\"async\" src=\"http:\/\/xtec.cat\/centres\/a8053601\/activitats\/festes\/imatges\/carnaval10.jpg\" alt=\"\" width=\"280\" height=\"210\" \/><\/td>\n<td><img loading=\"lazy\" decoding=\"async\" src=\"http:\/\/xtec.cat\/centres\/a8053601\/activitats\/festes\/imatges\/carnaval11.jpg\" alt=\"\" width=\"280\" height=\"210\" \/><\/td>\n<\/tr>\n<tr>\n<td><\/td>\n<td><\/td>\n<\/tr>\n<tr>\n<td><img loading=\"lazy\" decoding=\"async\" src=\"http:\/\/xtec.cat\/centres\/a8053601\/activitats\/festes\/imatges\/carnaval2.jpg\" alt=\"\" width=\"280\" height=\"210\" \/><\/td>\n<td><img loading=\"lazy\" decoding=\"async\" src=\"http:\/\/xtec.cat\/centres\/a8053601\/activitats\/festes\/imatges\/carnaval.jpg\" alt=\"\" width=\"280\" height=\"209\" \/><\/td>\n<\/tr>\n<tr>\n<td><\/td>\n<td><\/td>\n<\/tr>\n<tr>\n<td><img loading=\"lazy\" decoding=\"async\" src=\"http:\/\/xtec.cat\/centres\/a8053601\/activitats\/festes\/imatges\/carnaval3.jpg\" alt=\"\" width=\"280\" height=\"210\" \/><\/td>\n<td><img loading=\"lazy\" decoding=\"async\" src=\"http:\/\/xtec.cat\/centres\/a8053601\/activitats\/festes\/imatges\/carnaval14.jpg\" alt=\"\" width=\"280\" height=\"210\" \/><\/td>\n<\/tr>\n<tr>\n<td colspan=\"2\"><\/td>\n<\/tr>\n<tr>\n<td colspan=\"2\">\n<div align=\"center\"><span style=\"font-family: Verdana,Arial,Helvetica,sans-serif;\"><b><span style=\"color: #ff0000; font-size: xx-large;\"><a name=\"santjordi\"><\/a>SANT JORDI <\/span><\/b><\/span><\/div>\n<\/td>\n<\/tr>\n<tr>\n<td><img loading=\"lazy\" decoding=\"async\" src=\"http:\/\/xtec.cat\/centres\/a8053601\/activitats\/festes\/imatges\/santjordi.jpg\" alt=\"\" width=\"280\" height=\"210\" \/><\/td>\n<td><img loading=\"lazy\" decoding=\"async\" src=\"http:\/\/xtec.cat\/centres\/a8053601\/activitats\/festes\/imatges\/santjordi1.jpg\" alt=\"\" width=\"280\" height=\"210\" \/><\/td>\n<\/tr>\n<tr>\n<td><\/td>\n<td><\/td>\n<\/tr>\n<tr>\n<td><img loading=\"lazy\" decoding=\"async\" src=\"http:\/\/xtec.cat\/centres\/a8053601\/activitats\/festes\/imatges\/santjordi2.jpg\" alt=\"\" width=\"280\" height=\"210\" \/><\/td>\n<td><img loading=\"lazy\" decoding=\"async\" src=\"http:\/\/xtec.cat\/centres\/a8053601\/activitats\/festes\/imatges\/santjordi3.jpg\" alt=\"\" width=\"280\" height=\"210\" \/><\/td>\n<\/tr>\n<tr>\n<td><\/td>\n<td><\/td>\n<\/tr>\n<tr>\n<td><img loading=\"lazy\" decoding=\"async\" src=\"http:\/\/xtec.cat\/centres\/a8053601\/activitats\/festes\/imatges\/santjordi4.jpg\" alt=\"\" width=\"280\" height=\"210\" \/><\/td>\n<td><img loading=\"lazy\" decoding=\"async\" src=\"http:\/\/xtec.cat\/centres\/a8053601\/activitats\/festes\/imatges\/santjordi5.jpg\" alt=\"\" width=\"280\" height=\"210\" \/><\/td>\n<\/tr>\n<tr>\n<td colspan=\"2\"><\/td>\n<\/tr>\n<tr>\n<td colspan=\"2\">\n<div align=\"center\"><span style=\"font-family: Verdana,Arial,Helvetica,sans-serif;\"><b><span style=\"color: #ff0000; font-size: xx-large;\"><a name=\"festafinal\"><\/a>FESTA DE FINAL DE CURS<\/span><\/b><\/span><\/div>\n<\/td>\n<\/tr>\n<tr valign=\"top\">\n<td colspan=\"2\"><span style=\"font-family: Verdana,Arial,Helvetica,sans-serif; font-size: large;\">En aquest dia tan especial es va fer una mostra davant les fam\u00edlies de les danses treballades al llarg del curs. Per acabar la estiuenca jornada res millor que uns jocs d&#8217;aigua.<\/span><\/td>\n<\/tr>\n<tr>\n<td>\n<div align=\"center\"><img loading=\"lazy\" decoding=\"async\" src=\"http:\/\/xtec.cat\/centres\/a8053601\/activitats\/festes\/imatges\/festafinal1.jpg\" alt=\"\" width=\"280\" height=\"210\" \/><\/div>\n<\/td>\n<td>\n<div align=\"center\"><img loading=\"lazy\" decoding=\"async\" src=\"http:\/\/xtec.cat\/centres\/a8053601\/activitats\/festes\/imatges\/festafinal2.jpg\" alt=\"\" width=\"280\" height=\"210\" \/><\/div>\n<\/td>\n<\/tr>\n<tr>\n<td height=\"20\"><\/td>\n<td height=\"20\"><\/td>\n<\/tr>\n<tr>\n<td>\n<div align=\"center\"><img loading=\"lazy\" decoding=\"async\" src=\"http:\/\/xtec.cat\/centres\/a8053601\/activitats\/festes\/imatges\/festafinal3.jpg\" alt=\"\" width=\"280\" height=\"210\" \/><\/div>\n<\/td>\n<td>\n<div align=\"center\"><img loading=\"lazy\" decoding=\"async\" src=\"http:\/\/xtec.cat\/centres\/a8053601\/activitats\/festes\/imatges\/festafinal4.jpg\" alt=\"\" width=\"280\" height=\"210\" \/><\/div>\n<\/td>\n<\/tr>\n<tr>\n<td height=\"20\"><\/td>\n<td height=\"20\"><\/td>\n<\/tr>\n<tr>\n<td>\n<div align=\"center\"><img loading=\"lazy\" decoding=\"async\" src=\"http:\/\/xtec.cat\/centres\/a8053601\/activitats\/festes\/imatges\/festafinal5.jpg\" alt=\"\" width=\"280\" height=\"210\" \/><\/div>\n<\/td>\n<td>\n<div align=\"center\"><img loading=\"lazy\" decoding=\"async\" src=\"http:\/\/xtec.cat\/centres\/a8053601\/activitats\/festes\/imatges\/festafinal6.jpg\" alt=\"\" width=\"280\" height=\"210\" \/><\/div>\n<\/td>\n<\/tr>\n<tr>\n<td height=\"20\"><\/td>\n<td height=\"20\"><\/td>\n<\/tr>\n<tr>\n<td>\n<div align=\"center\"><img loading=\"lazy\" decoding=\"async\" src=\"http:\/\/xtec.cat\/centres\/a8053601\/activitats\/festes\/imatges\/festafinal7.jpg\" alt=\"\" width=\"280\" height=\"210\" \/><\/div>\n<\/td>\n<td>\n<div align=\"center\"><img loading=\"lazy\" decoding=\"async\" src=\"http:\/\/xtec.cat\/centres\/a8053601\/activitats\/festes\/imatges\/festafinal8.jpg\" alt=\"\" width=\"280\" height=\"210\" \/><\/div>\n<\/td>\n<\/tr>\n<tr>\n<td height=\"20\"><\/td>\n<td height=\"20\"><\/td>\n<\/tr>\n<tr>\n<td>\n<div align=\"center\"><img loading=\"lazy\" decoding=\"async\" src=\"http:\/\/xtec.cat\/centres\/a8053601\/activitats\/festes\/imatges\/festafinal9.jpg\" alt=\"\" width=\"280\" height=\"210\" \/><\/div>\n<\/td>\n<td>\n<div align=\"center\"><img loading=\"lazy\" decoding=\"async\" src=\"http:\/\/xtec.cat\/centres\/a8053601\/activitats\/festes\/imatges\/festafinal10.jpg\" alt=\"\" width=\"280\" height=\"210\" \/><\/div>\n<\/td>\n<\/tr>\n<tr>\n<td height=\"20\"><\/td>\n<td height=\"20\"><\/td>\n<\/tr>\n<tr>\n<td>\n<div align=\"center\"><img loading=\"lazy\" decoding=\"async\" src=\"http:\/\/xtec.cat\/centres\/a8053601\/activitats\/festes\/imatges\/festafinal11.jpg\" alt=\"\" width=\"280\" height=\"210\" \/><\/div>\n<\/td>\n<td>\n<div align=\"center\"><img loading=\"lazy\" decoding=\"async\" src=\"http:\/\/xtec.cat\/centres\/a8053601\/activitats\/festes\/imatges\/festafinal12.jpg\" alt=\"\" width=\"280\" height=\"210\" \/><\/div>\n<\/td>\n<\/tr>\n<\/tbody>\n<\/table>\n","protected":false},"excerpt":{"rendered":"<p>La celebraci\u00f3 de festes tradicionals dins de l&#8217;\u00e0mbit escolar permeten als nens i nenes con\u00e8ixer i viure la cultura del nostre entorn i a la vegada s\u00f3n una bona ocasi\u00f3 per a refor\u00e7ar la cohesi\u00f3 de la comunitat educativa, obrir l&#8217;escola a les fam\u00edlies i&hellip;  <a href=\"https:\/\/agora.xtec.cat\/esclolaangladamartorell\/projectes\/pla-de-convivencia\/fem-festes\/\" title=\"Read Fem festes\">Llegeix m\u00e9s\u00bb<\/a><\/p>\n","protected":false},"author":1,"featured_media":0,"parent":785,"menu_order":6,"comment_status":"closed","ping_status":"closed","template":"page-templates\/side-menu.php","meta":{"_bbp_topic_count":0,"_bbp_reply_count":0,"_bbp_total_topic_count":0,"_bbp_total_reply_count":0,"_bbp_voice_count":0,"_bbp_anonymous_reply_count":0,"_bbp_topic_count_hidden":0,"_bbp_reply_count_hidden":0,"_bbp_forum_subforum_count":0,"footnotes":""},"class_list":["post-798","page","type-page","status-publish","hentry"],"post_mailing_queue_ids":[],"_links":{"self":[{"href":"https:\/\/agora.xtec.cat\/esclolaangladamartorell\/wp-json\/wp\/v2\/pages\/798","targetHints":{"allow":["GET"]}}],"collection":[{"href":"https:\/\/agora.xtec.cat\/esclolaangladamartorell\/wp-json\/wp\/v2\/pages"}],"about":[{"href":"https:\/\/agora.xtec.cat\/esclolaangladamartorell\/wp-json\/wp\/v2\/types\/page"}],"author":[{"embeddable":true,"href":"https:\/\/agora.xtec.cat\/esclolaangladamartorell\/wp-json\/wp\/v2\/users\/1"}],"replies":[{"embeddable":true,"href":"https:\/\/agora.xtec.cat\/esclolaangladamartorell\/wp-json\/wp\/v2\/comments?post=798"}],"version-history":[{"count":3,"href":"https:\/\/agora.xtec.cat\/esclolaangladamartorell\/wp-json\/wp\/v2\/pages\/798\/revisions"}],"predecessor-version":[{"id":2265,"href":"https:\/\/agora.xtec.cat\/esclolaangladamartorell\/wp-json\/wp\/v2\/pages\/798\/revisions\/2265"}],"up":[{"embeddable":true,"href":"https:\/\/agora.xtec.cat\/esclolaangladamartorell\/wp-json\/wp\/v2\/pages\/785"}],"wp:attachment":[{"href":"https:\/\/agora.xtec.cat\/esclolaangladamartorell\/wp-json\/wp\/v2\/media?parent=798"}],"curies":[{"name":"wp","href":"https:\/\/api.w.org\/{rel}","templated":true}]}}