{"id":795,"date":"2018-01-21T22:36:21","date_gmt":"2018-01-21T21:36:21","guid":{"rendered":"http:\/\/agora.xtec.cat\/esclolaangladamartorell\/?page_id=795"},"modified":"2018-02-09T01:48:42","modified_gmt":"2018-02-09T00:48:42","slug":"consell-dalumnes","status":"publish","type":"page","link":"https:\/\/agora.xtec.cat\/esclolaangladamartorell\/projectes\/pla-de-convivencia\/consell-dalumnes\/","title":{"rendered":"Consell d&#8217;alumnes"},"content":{"rendered":"<p><strong>Consell d\u2019alumnes<\/strong><\/p>\n<p>El Consell d\u2019Alumnes est\u00e0 format pels delegats de cada classe de prim\u00e0ria m\u00e9s els delegats de P5 d\u2019educaci\u00f3 Infantil.<\/p>\n<p>Les reunions es realitzen trimestralment.Les delegades o delegats es trien democr\u00e0ticament en cada classe i es canvien amb la periodicitat que cada tutoria estima oportuna.<\/p>\n<p>El Consell d\u2019Alumnes \u00e9s l&#8217;\u00f2rgan encarregat d\u2019 intercomunicar les diferents assemblees (tutories) d&#8217;aula que se celebren setmanalment.<\/p>\n<p>Les assemblees d&#8217;aula treballen els temes que afecten l&#8217;organitzaci\u00f3 del cicle, de nivell o de classe: resoluci\u00f3 de conflictes, propostes per al grup, an\u00e8cdotes, actualitat, din\u00e0miques de grup, aix\u00ed com els temes tractats o proposats per a les assemblees de l&#8217;escola.<\/p>\n<p>Aquestes assemblees d&#8217;aula s\u00f3n la veu de l&#8217;escola en les assemblees del centre.<\/p>\n<p><strong>Objectius del Consell d\u2019Alumnes<\/strong><\/p>\n<ul>\n<li>Promoure a l\u2019escola i a les classes un clima positiu que faciliti el treball i la consecuci\u00f3 dels objectius.<\/li>\n<li>Potenciar la presa de decisions per consens.Afavorir la responsabilitat i el comprom\u00eds en l&#8217;organitzaci\u00f3 i funcionament del centre.<\/li>\n<li>Debatre temes d&#8217;import\u00e0ncia per a l&#8217;alumnat.<\/li>\n<li>Aprendre a plantejar les necessitats d&#8217;una manera democr\u00e0tica.<\/li>\n<li>Comprometre l&#8217;alumnat en la participaci\u00f3 i organitzaci\u00f3 del nostre centre.<\/li>\n<\/ul>\n<p>Per a millorar la nostra escola \u00e9s imprescindible la participaci\u00f3 i el comprom\u00eds de tots i totes per al bon funcionament, la consecuci\u00f3 dels objectius i la realitzaci\u00f3 de les tasques proposades.<\/p>\n<p>El Consell permet escoltar l&#8217;opini\u00f3 de l&#8217;alumnat, aprendre a decidir, a ser responsables,\u00a0a organitzar i a crear un clima de conviv\u00e8ncia democr\u00e0tic en la nostra escola.<\/p>\n<p><a href=\"http:\/\/agora.xtec.cat\/esclolaangladamartorell\/wp-content\/uploads\/usu1696\/2018\/01\/DELEGATS-e1518136942396.jpg\"><img loading=\"lazy\" decoding=\"async\" class=\"alignnone wp-image-1138\" src=\"http:\/\/agora.xtec.cat\/esclolaangladamartorell\/wp-content\/uploads\/usu1696\/2018\/01\/DELEGATS-e1518136942396-1024x768.jpg\" alt=\"\" width=\"504\" height=\"378\" srcset=\"https:\/\/agora.xtec.cat\/esclolaangladamartorell\/wp-content\/uploads\/usu1696\/2018\/01\/DELEGATS-e1518136942396-1024x768.jpg 1024w, https:\/\/agora.xtec.cat\/esclolaangladamartorell\/wp-content\/uploads\/usu1696\/2018\/01\/DELEGATS-e1518136942396-300x225.jpg 300w, https:\/\/agora.xtec.cat\/esclolaangladamartorell\/wp-content\/uploads\/usu1696\/2018\/01\/DELEGATS-e1518136942396-768x576.jpg 768w, https:\/\/agora.xtec.cat\/esclolaangladamartorell\/wp-content\/uploads\/usu1696\/2018\/01\/DELEGATS-e1518136942396-200x150.jpg 200w\" sizes=\"auto, (max-width: 504px) 100vw, 504px\" \/><\/a><\/p>\n","protected":false},"excerpt":{"rendered":"<p>Consell d\u2019alumnes<br \/>\nEl Consell d\u2019Alumnes est\u00e0 format pels delegats de cada classe de prim\u00e0ria m\u00e9s els delegats de P5 d\u2019educaci\u00f3 Infantil.<br \/>\nLes reunions es realitzen trimestralment.Les delegades o delegats es trien democr\u00e0ticament en cada classe i es canvien amb la periodicitat que cada tutoria estima oportuna.<br \/>\nEl Consell&hellip;  <a href=\"https:\/\/agora.xtec.cat\/esclolaangladamartorell\/projectes\/pla-de-convivencia\/consell-dalumnes\/\" title=\"Read Consell d&#8217;alumnes\">Llegeix m\u00e9s\u00bb<\/a><\/p>\n","protected":false},"author":1,"featured_media":0,"parent":785,"menu_order":3,"comment_status":"closed","ping_status":"closed","template":"page-templates\/side-menu.php","meta":{"_bbp_topic_count":0,"_bbp_reply_count":0,"_bbp_total_topic_count":0,"_bbp_total_reply_count":0,"_bbp_voice_count":0,"_bbp_anonymous_reply_count":0,"_bbp_topic_count_hidden":0,"_bbp_reply_count_hidden":0,"_bbp_forum_subforum_count":0,"footnotes":""},"class_list":["post-795","page","type-page","status-publish","hentry"],"post_mailing_queue_ids":[],"_links":{"self":[{"href":"https:\/\/agora.xtec.cat\/esclolaangladamartorell\/wp-json\/wp\/v2\/pages\/795","targetHints":{"allow":["GET"]}}],"collection":[{"href":"https:\/\/agora.xtec.cat\/esclolaangladamartorell\/wp-json\/wp\/v2\/pages"}],"about":[{"href":"https:\/\/agora.xtec.cat\/esclolaangladamartorell\/wp-json\/wp\/v2\/types\/page"}],"author":[{"embeddable":true,"href":"https:\/\/agora.xtec.cat\/esclolaangladamartorell\/wp-json\/wp\/v2\/users\/1"}],"replies":[{"embeddable":true,"href":"https:\/\/agora.xtec.cat\/esclolaangladamartorell\/wp-json\/wp\/v2\/comments?post=795"}],"version-history":[{"count":3,"href":"https:\/\/agora.xtec.cat\/esclolaangladamartorell\/wp-json\/wp\/v2\/pages\/795\/revisions"}],"predecessor-version":[{"id":1141,"href":"https:\/\/agora.xtec.cat\/esclolaangladamartorell\/wp-json\/wp\/v2\/pages\/795\/revisions\/1141"}],"up":[{"embeddable":true,"href":"https:\/\/agora.xtec.cat\/esclolaangladamartorell\/wp-json\/wp\/v2\/pages\/785"}],"wp:attachment":[{"href":"https:\/\/agora.xtec.cat\/esclolaangladamartorell\/wp-json\/wp\/v2\/media?parent=795"}],"curies":[{"name":"wp","href":"https:\/\/api.w.org\/{rel}","templated":true}]}}