{"id":793,"date":"2018-01-21T22:35:24","date_gmt":"2018-01-21T21:35:24","guid":{"rendered":"http:\/\/agora.xtec.cat\/esclolaangladamartorell\/?page_id=793"},"modified":"2025-02-11T23:28:48","modified_gmt":"2025-02-11T22:28:48","slug":"delegats-pare-i-mares","status":"publish","type":"page","link":"https:\/\/agora.xtec.cat\/esclolaangladamartorell\/projectes\/pla-de-convivencia\/delegats-pare-i-mares\/","title":{"rendered":"Fam\u00edlies delegades"},"content":{"rendered":"<p><strong>Fam\u00edlies delegades de classe\u00a0<\/strong><\/p>\n<p>La funci\u00f3 de les fam\u00edlies delegades de curs \u00e9s facilitar la comunicaci\u00f3 entre les fam\u00edlies del grup classe amb l\u2019escola.<\/p>\n<p><strong>Objectius:<\/strong><\/p>\n<ul>\n<li>Augmentar el nivell de participaci\u00f3 de les fam\u00edlies a l\u2019escola i afavorir la comunicaci\u00f3 amb els tutors\/es per aix\u00ed trobar vies de col\u00b7laboraci\u00f3 a la vida escolar dels nostres fills\/es.<\/li>\n<li>Afavorir la transmissi\u00f3 d\u2019informaci\u00f3 que es genera en el si de la comunitat educativa.<\/li>\n<li>Potenciar el coneixement, la relaci\u00f3 i la comunicaci\u00f3 entre els pares amb l\u2019objectiu d\u2019afavorir el coneixement mutu i les relacions en el si de la comunitat educativa.<\/li>\n<li>Tot plegat pret\u00e9n aconseguir, pels nostres fills\/es, la millor educaci\u00f3 que els capaciti per integrar-se plenament a una societat oberta i tolerant i ser-ne membres actius.<\/li>\n<\/ul>\n<p><strong>Funcions:<\/strong><\/p>\n<ul>\n<li>Servir d\u2019enlla\u00e7 i comunicaci\u00f3 entre els tutors i els pares dels alumnes d\u2019un grup-classe:<\/li>\n<li>Estudiar i proposar solucions a les inquietuds i necessitats que puguin sorgir en relaci\u00f3 al grup-classe.<\/li>\n<li>Col\u00b7laborar amb els tutors en el desenvolupament de les activitats del curs.<\/li>\n<\/ul>\n","protected":false},"excerpt":{"rendered":"<p>Fam\u00edlies delegades de classe\u00a0<br \/>\nLa funci\u00f3 de les fam\u00edlies delegades de curs \u00e9s facilitar la comunicaci\u00f3 entre les fam\u00edlies del grup classe amb l\u2019escola.<br \/>\nObjectius:<\/p>\n<ul>\n<li>Augmentar el nivell de participaci\u00f3 de les fam\u00edlies a l\u2019escola i afavorir la comunicaci\u00f3 amb els tutors\/es per aix\u00ed trobar vies de col\u00b7laboraci\u00f3&hellip;  <a href=\"https:\/\/agora.xtec.cat\/esclolaangladamartorell\/projectes\/pla-de-convivencia\/delegats-pare-i-mares\/\" title=\"Read Fam\u00edlies delegades\">Llegeix m\u00e9s\u00bb<\/a><br \/>\n","protected":false},"author":1,"featured_media":0,"parent":785,"menu_order":2,"comment_status":"closed","ping_status":"closed","template":"page-templates\/side-menu.php","meta":{"_bbp_topic_count":0,"_bbp_reply_count":0,"_bbp_total_topic_count":0,"_bbp_total_reply_count":0,"_bbp_voice_count":0,"_bbp_anonymous_reply_count":0,"_bbp_topic_count_hidden":0,"_bbp_reply_count_hidden":0,"_bbp_forum_subforum_count":0,"footnotes":""},"class_list":["post-793","page","type-page","status-publish","hentry"],"post_mailing_queue_ids":[],"_links":{"self":[{"href":"https:\/\/agora.xtec.cat\/esclolaangladamartorell\/wp-json\/wp\/v2\/pages\/793","targetHints":{"allow":["GET"]}}],"collection":[{"href":"https:\/\/agora.xtec.cat\/esclolaangladamartorell\/wp-json\/wp\/v2\/pages"}],"about":[{"href":"https:\/\/agora.xtec.cat\/esclolaangladamartorell\/wp-json\/wp\/v2\/types\/page"}],"author":[{"embeddable":true,"href":"https:\/\/agora.xtec.cat\/esclolaangladamartorell\/wp-json\/wp\/v2\/users\/1"}],"replies":[{"embeddable":true,"href":"https:\/\/agora.xtec.cat\/esclolaangladamartorell\/wp-json\/wp\/v2\/comments?post=793"}],"version-history":[{"count":4,"href":"https:\/\/agora.xtec.cat\/esclolaangladamartorell\/wp-json\/wp\/v2\/pages\/793\/revisions"}],"predecessor-version":[{"id":3165,"href":"https:\/\/agora.xtec.cat\/esclolaangladamartorell\/wp-json\/wp\/v2\/pages\/793\/revisions\/3165"}],"up":[{"embeddable":true,"href":"https:\/\/agora.xtec.cat\/esclolaangladamartorell\/wp-json\/wp\/v2\/pages\/785"}],"wp:attachment":[{"href":"https:\/\/agora.xtec.cat\/esclolaangladamartorell\/wp-json\/wp\/v2\/media?parent=793"}],"curies":[{"name":"wp","href":"https:\/\/api.w.org\/{rel}","templated":true}]}}