{"id":789,"date":"2018-01-21T22:33:55","date_gmt":"2018-01-21T21:33:55","guid":{"rendered":"http:\/\/agora.xtec.cat\/esclolaangladamartorell\/?page_id=789"},"modified":"2021-03-04T15:10:48","modified_gmt":"2021-03-04T14:10:48","slug":"projecte-solidarismos","status":"publish","type":"page","link":"https:\/\/agora.xtec.cat\/esclolaangladamartorell\/projectes\/pla-de-convivencia\/projecte-solidarismos\/","title":{"rendered":"Projectes solidaris"},"content":{"rendered":"<p>Des de la nostra escola hem de mirar m\u00e9s enll\u00e0 de les realitats individuals. Pensem que hem de col.laborar activament en la construcci\u00f3 d\u2019una societat m\u00e9s justa i solid\u00e0ria per aix\u00f2 participem en:<\/p>\n<ul>\n<li>La Marat\u00f3 de TV3 fent diferents activitats com la campanya \u201c un origami un euro\u201d, una caminada solid\u00e0ria. D\u2019aquesta manera poden sensibilitzar-se respecte la necessitat d\u2019incentivar la investigaci\u00f3 cient\u00edfica per la prevenci\u00f3 de malalties; i la possibilitat de compartir un desig solidari amb tota la comunitat.<a href=\"http:\/\/agora.xtec.cat\/esclolaangladamartorell\/wp-content\/uploads\/usu1696\/2018\/01\/marato.jpg\"><img loading=\"lazy\" decoding=\"async\" class=\"alignnone wp-image-1135\" src=\"http:\/\/agora.xtec.cat\/esclolaangladamartorell\/wp-content\/uploads\/usu1696\/2018\/01\/marato-1024x516.jpg\" alt=\"\" width=\"453\" height=\"228\" srcset=\"https:\/\/agora.xtec.cat\/esclolaangladamartorell\/wp-content\/uploads\/usu1696\/2018\/01\/marato-1024x516.jpg 1024w, https:\/\/agora.xtec.cat\/esclolaangladamartorell\/wp-content\/uploads\/usu1696\/2018\/01\/marato-300x151.jpg 300w, https:\/\/agora.xtec.cat\/esclolaangladamartorell\/wp-content\/uploads\/usu1696\/2018\/01\/marato-768x387.jpg 768w\" sizes=\"auto, (max-width: 453px) 100vw, 453px\" \/><\/a><\/li>\n<li>Posa\u2019t la gorra: L\u2019objectiu principal d\u2019aquesta campanya \u00e9s el de sensibilitzar a la societat i donar a con\u00e8ixer l\u2019exist\u00e8ncia del c\u00e0ncer infantil, per tal de normalitzar la malaltia i pal\u00b7liar les necessitats que se\u2019n deriven a partir del diagn\u00f2stic. Aquesta activitat la dinamitza l\u2019AMPA.<a href=\"http:\/\/agora.xtec.cat\/esclolaangladamartorell\/wp-content\/uploads\/usu1696\/2018\/01\/POSAT-LA-GORRA.png\"><img loading=\"lazy\" decoding=\"async\" class=\"size-full wp-image-1136 aligncenter\" src=\"http:\/\/agora.xtec.cat\/esclolaangladamartorell\/wp-content\/uploads\/usu1696\/2018\/01\/POSAT-LA-GORRA.png\" alt=\"\" width=\"231\" height=\"219\" \/><\/a><\/li>\n<li>Recollida de roba: L\u2019entitat GLORR Fundaci\u00f3 \u00a0organitza a la nostra escola una campanya de recollida roba i cal\u00e7at usat en bon estat per fer-lo arribar a les persones necessitades.<\/li>\n<\/ul>\n","protected":false},"excerpt":{"rendered":"<p>Des de la nostra escola hem de mirar m\u00e9s enll\u00e0 de les realitats individuals. Pensem que hem de col.laborar activament en la construcci\u00f3 d\u2019una societat m\u00e9s justa i solid\u00e0ria per aix\u00f2 participem en:<\/p>\n<ul>\n<li>La Marat\u00f3 de TV3 fent diferents activitats com la campanya \u201c un origami&hellip;  <a href=\"https:\/\/agora.xtec.cat\/esclolaangladamartorell\/projectes\/pla-de-convivencia\/projecte-solidarismos\/\" title=\"Read Projectes solidaris\">Llegeix m\u00e9s\u00bb<\/a><br \/>\n","protected":false},"author":1,"featured_media":0,"parent":785,"menu_order":0,"comment_status":"closed","ping_status":"closed","template":"page-templates\/side-menu.php","meta":{"_bbp_topic_count":0,"_bbp_reply_count":0,"_bbp_total_topic_count":0,"_bbp_total_reply_count":0,"_bbp_voice_count":0,"_bbp_anonymous_reply_count":0,"_bbp_topic_count_hidden":0,"_bbp_reply_count_hidden":0,"_bbp_forum_subforum_count":0,"footnotes":""},"class_list":["post-789","page","type-page","status-publish","hentry"],"post_mailing_queue_ids":[],"_links":{"self":[{"href":"https:\/\/agora.xtec.cat\/esclolaangladamartorell\/wp-json\/wp\/v2\/pages\/789","targetHints":{"allow":["GET"]}}],"collection":[{"href":"https:\/\/agora.xtec.cat\/esclolaangladamartorell\/wp-json\/wp\/v2\/pages"}],"about":[{"href":"https:\/\/agora.xtec.cat\/esclolaangladamartorell\/wp-json\/wp\/v2\/types\/page"}],"author":[{"embeddable":true,"href":"https:\/\/agora.xtec.cat\/esclolaangladamartorell\/wp-json\/wp\/v2\/users\/1"}],"replies":[{"embeddable":true,"href":"https:\/\/agora.xtec.cat\/esclolaangladamartorell\/wp-json\/wp\/v2\/comments?post=789"}],"version-history":[{"count":3,"href":"https:\/\/agora.xtec.cat\/esclolaangladamartorell\/wp-json\/wp\/v2\/pages\/789\/revisions"}],"predecessor-version":[{"id":2261,"href":"https:\/\/agora.xtec.cat\/esclolaangladamartorell\/wp-json\/wp\/v2\/pages\/789\/revisions\/2261"}],"up":[{"embeddable":true,"href":"https:\/\/agora.xtec.cat\/esclolaangladamartorell\/wp-json\/wp\/v2\/pages\/785"}],"wp:attachment":[{"href":"https:\/\/agora.xtec.cat\/esclolaangladamartorell\/wp-json\/wp\/v2\/media?parent=789"}],"curies":[{"name":"wp","href":"https:\/\/api.w.org\/{rel}","templated":true}]}}