{"id":787,"date":"2018-01-21T22:32:20","date_gmt":"2018-01-21T21:32:20","guid":{"rendered":"http:\/\/agora.xtec.cat\/esclolaangladamartorell\/?page_id=787"},"modified":"2021-03-04T15:29:14","modified_gmt":"2021-03-04T14:29:14","slug":"colonies-a-2n-4t-i-6e","status":"publish","type":"page","link":"https:\/\/agora.xtec.cat\/esclolaangladamartorell\/projectes\/pla-de-convivencia\/colonies-a-2n-4t-i-6e\/","title":{"rendered":"Col\u00f2nies a 2n, 4t i 6\u00e8"},"content":{"rendered":"<p><strong>\u00a0<\/strong>Les col\u00f2nies \u00e9s una activitat que consta d\u2019una estada , dormir fora de casa. Les cases de col\u00f2nies que l\u2019escola contractada estan regulades per les autoritats pertinents.<\/p>\n<p>Per qu\u00e8 fer col\u00f2nies? :<\/p>\n<ul>\n<li>Perqu\u00e8 <strong>fomenten<\/strong> l&#8217;<strong>autonomia personal<\/strong>, l\u2019auto coneixement i la manifestaci\u00f3 de tots els vessants de la personalitat dels infants.<\/li>\n<li>Perqu\u00e8 <strong>donen a con\u00e8ixer els valors de conviv\u00e8ncia<\/strong>.<\/li>\n<li>Perqu\u00e8 s\u00f3n una eina educativa que posa a disponibilitat dels mestres un espai on promoure la curiositat innata dels infants, <strong>la descoberta natural i l&#8217;aproximaci\u00f3 cient\u00edfica<\/strong>, experimental i vivencial als principals ecosistemes naturals , refor\u00e7ant totes les \u00e0rees curriculars del treball a l&#8217;aula i del projecte educatiu del centre.<\/li>\n<li>Perqu\u00e8 <strong>afavoreixen la cohesi\u00f3\u00a0del grup<\/strong>, el treball cooperatiu\u00a0dels infants i tanmateix consolida\u00a0el treball en equip dels mestres.<\/li>\n<li>Perqu\u00e8 \u00e9s una <strong>experi\u00e8ncia i viv\u00e8ncia \u00fanica, emocionant i extraordin\u00e0riament significativa en el desenvolupament dels infants<\/strong>.<\/li>\n<\/ul>\n<table style=\"height: 223px; width: 641px; border-color: #d91111; background-color: #f2e307;\" border=\"5\" cellpadding=\"4\" align=\"center\" bgcolor=\"#FFCC99\">\n<caption>\u00a0<\/caption>\n<tbody>\n<tr>\n<td style=\"width: 303px;\" bgcolor=\"#FFFFFF\">\n<p style=\"text-align: center;\"><strong>SEGON I QUART<\/strong><\/p>\n<p><a href=\"http:\/\/casadecoloniescanrigol.cat\/\">Casa Can Rigol ( Begues )<\/a><\/p>\n<p><a href=\"http:\/\/agora.xtec.cat\/esclolaangladamartorell\/wp-content\/uploads\/usu1696\/2018\/01\/big_canrigol_01.jpg\"><img loading=\"lazy\" decoding=\"async\" class=\"wp-image-898 alignnone\" src=\"http:\/\/agora.xtec.cat\/esclolaangladamartorell\/wp-content\/uploads\/usu1696\/2018\/01\/big_canrigol_01.jpg\" alt=\"\" width=\"282\" height=\"202\" srcset=\"https:\/\/agora.xtec.cat\/esclolaangladamartorell\/wp-content\/uploads\/usu1696\/2018\/01\/big_canrigol_01.jpg 534w, https:\/\/agora.xtec.cat\/esclolaangladamartorell\/wp-content\/uploads\/usu1696\/2018\/01\/big_canrigol_01-300x215.jpg 300w\" sizes=\"auto, (max-width: 282px) 100vw, 282px\" \/><\/a><\/td>\n<td class=\"Estilo4\" style=\"width: 330px;\">\n<div style=\"text-align: center;\" align=\"center\"><strong>SIS\u00c8<\/strong><\/div>\n<div style=\"text-align: center;\" align=\"center\"><\/div>\n<div style=\"text-align: center;\" align=\"center\"><\/div>\n<div style=\"text-align: center;\" align=\"center\"><\/div>\n<div align=\"center\"><img loading=\"lazy\" decoding=\"async\" class=\"alignnone\" src=\"http:\/\/xtec.cat\/centres\/a8053601\/activitats\/colonies\/imatges\/COLONIES3.jpg\" alt=\"\" width=\"267\" height=\"179\" \/><\/div>\n<div align=\"center\"><\/div>\n<div align=\"center\"><a href=\"https:\/\/calcandi.simdif.com\/\">Casa de col\u00f2nies- Cal Candi (Vilada)<\/a><\/div>\n<\/td>\n<\/tr>\n<\/tbody>\n<\/table>\n<p>&nbsp;<\/p>\n","protected":false},"excerpt":{"rendered":"<p>\u00a0Les col\u00f2nies \u00e9s una activitat que consta d\u2019una estada , dormir fora de casa. Les cases de col\u00f2nies que l\u2019escola contractada estan regulades per les autoritats pertinents.<br \/>\nPer qu\u00e8 fer col\u00f2nies? :<\/p>\n<ul>\n<li>Perqu\u00e8 fomenten l&#8217;autonomia personal, l\u2019auto coneixement i la manifestaci\u00f3 de tots els vessants de la&hellip;  <a href=\"https:\/\/agora.xtec.cat\/esclolaangladamartorell\/projectes\/pla-de-convivencia\/colonies-a-2n-4t-i-6e\/\" title=\"Read Col\u00f2nies a 2n, 4t i 6\u00e8\">Llegeix m\u00e9s\u00bb<\/a><br \/>\n","protected":false},"author":1,"featured_media":0,"parent":785,"menu_order":4,"comment_status":"closed","ping_status":"closed","template":"page-templates\/side-menu.php","meta":{"_bbp_topic_count":0,"_bbp_reply_count":0,"_bbp_total_topic_count":0,"_bbp_total_reply_count":0,"_bbp_voice_count":0,"_bbp_anonymous_reply_count":0,"_bbp_topic_count_hidden":0,"_bbp_reply_count_hidden":0,"_bbp_forum_subforum_count":0,"footnotes":""},"class_list":["post-787","page","type-page","status-publish","hentry"],"post_mailing_queue_ids":[],"_links":{"self":[{"href":"https:\/\/agora.xtec.cat\/esclolaangladamartorell\/wp-json\/wp\/v2\/pages\/787","targetHints":{"allow":["GET"]}}],"collection":[{"href":"https:\/\/agora.xtec.cat\/esclolaangladamartorell\/wp-json\/wp\/v2\/pages"}],"about":[{"href":"https:\/\/agora.xtec.cat\/esclolaangladamartorell\/wp-json\/wp\/v2\/types\/page"}],"author":[{"embeddable":true,"href":"https:\/\/agora.xtec.cat\/esclolaangladamartorell\/wp-json\/wp\/v2\/users\/1"}],"replies":[{"embeddable":true,"href":"https:\/\/agora.xtec.cat\/esclolaangladamartorell\/wp-json\/wp\/v2\/comments?post=787"}],"version-history":[{"count":3,"href":"https:\/\/agora.xtec.cat\/esclolaangladamartorell\/wp-json\/wp\/v2\/pages\/787\/revisions"}],"predecessor-version":[{"id":2263,"href":"https:\/\/agora.xtec.cat\/esclolaangladamartorell\/wp-json\/wp\/v2\/pages\/787\/revisions\/2263"}],"up":[{"embeddable":true,"href":"https:\/\/agora.xtec.cat\/esclolaangladamartorell\/wp-json\/wp\/v2\/pages\/785"}],"wp:attachment":[{"href":"https:\/\/agora.xtec.cat\/esclolaangladamartorell\/wp-json\/wp\/v2\/media?parent=787"}],"curies":[{"name":"wp","href":"https:\/\/api.w.org\/{rel}","templated":true}]}}