{"id":785,"date":"2018-01-21T22:31:08","date_gmt":"2018-01-21T21:31:08","guid":{"rendered":"http:\/\/agora.xtec.cat\/esclolaangladamartorell\/?page_id=785"},"modified":"2025-11-25T10:17:02","modified_gmt":"2025-11-25T09:17:02","slug":"pla-de-convivencia","status":"publish","type":"page","link":"https:\/\/agora.xtec.cat\/esclolaangladamartorell\/projectes\/pla-de-convivencia\/","title":{"rendered":"Projecte de conviv\u00e8ncia"},"content":{"rendered":"<p><a href=\"https:\/\/drive.google.com\/file\/d\/1PInAJYAxSE6A1Ss01HvwXvMoIauWJQr2\/view?usp=sharing\">DOCUMENT<\/a><\/p>\n<p>Un dels principis del nostre Projecte Educatiu \u00e9s treballar per una societat democr\u00e0tica, inclusiva, solid\u00e0ria i justa.<\/p>\n<p>Els objectius s\u00f3n:<\/p>\n<ul>\n<li>Educar amb, en i per a la conviv\u00e8ncia aix\u00ed com aprendre a conviure.<\/li>\n<li>Potenciar l&#8217;equitat educativa i el respecte a la diversitat.<\/li>\n<li>Ajudar a l&#8217;alumnat a relacionar-se amb si mateix, amb els altres i amb el m\u00f3n.<\/li>\n<li>Vetllar per la cultura de mediaci\u00f3, pau i no viol\u00e8ncia.<\/li>\n<\/ul>\n<p><img loading=\"lazy\" decoding=\"async\" class=\"aligncenter\" style=\"border: 2px solid black;\" src=\"http:\/\/www.xtec.cat\/img_seccions\/mans.png\" alt=\"\/img_seccions\/mans.png\" width=\"540\" height=\"70\" \/><\/p>\n<p>Activitats de conviv\u00e8ncia<\/p>\n<p>Els nostres alumnes de Cicle Superior i Cicle Inicial llegeixen junts.<\/p>\n<p>En les festes d&#8217;escola els alumnes grans ajuden als alumnes petits.<\/p>\n<p><a href=\"http:\/\/blocs.xtec.cat\/escolalolaangladamartorell\/files\/2013\/11\/DSCN04291.jpg\"><img loading=\"lazy\" decoding=\"async\" class=\"alignleft wp-image-539\" style=\"border: 4px solid black; margin-top: 4px; margin-bottom: 4px;\" src=\"http:\/\/blocs.xtec.cat\/escolalolaangladamartorell\/files\/2013\/11\/DSCN04291-300x225.jpg\" alt=\"DSCN0429[1]\" width=\"200\" height=\"151\" \/><\/a><\/p>\n<p><a href=\"http:\/\/blocs.xtec.cat\/escolalolaangladamartorell\/files\/2013\/11\/DSCN04171.jpg\"><img loading=\"lazy\" decoding=\"async\" class=\"size-medium wp-image-540 alignnone\" style=\"border: 5px solid black; margin-top: 5px; margin-bottom: 5px;\" src=\"http:\/\/blocs.xtec.cat\/escolalolaangladamartorell\/files\/2013\/11\/DSCN04171-300x225.jpg\" alt=\"DSCN0417[1]\" width=\"198\" height=\"149\" \/><\/a><\/p>\n<p>Proporcionem als alumnes experimentar amb companys d&#8217;altres nivells al treball conjunt ( tallers, explicar contes&#8230; ).<\/p>\n<ul>\n<li>Fem assamblea de classe, per fomentar la mediaci\u00f3 escolar, la gesti\u00f3 dels conflictes&#8230;<\/li>\n<\/ul>\n<ul>\n<li>Debats de temes com la pau, la inclusi\u00f3, l&#8217;equitat, la coeducaci\u00f3.<\/li>\n<\/ul>\n<ul>\n<li>Es fomenta la participaci\u00f3 democr\u00e0tica amb activitats com: votar el delegat de classe, obert a fam\u00edlies.<\/li>\n<\/ul>\n<ul>\n<li>El dia treballen l&#8217;Educaci\u00f3 Emocional i la gesti\u00f3 de l&#8217;autoestima, la\u00a0 responsabilitat, la sinceritat.<\/li>\n<\/ul>\n<ul>\n<li>Participem en campanyes solid\u00e0ries &#8221; recollida de roba&#8221;, &#8221; recollida d&#8217;aliments&#8221;&#8230;<\/li>\n<\/ul>\n<ul>\n<li>L&#8217;AMPA fomenta la participaci\u00f3 de les fam\u00edlies en el dia Internacional de l&#8217;infant amb c\u00e0ncer.<\/li>\n<\/ul>\n<p style=\"text-align: center;\"><a href=\"http:\/\/gorra.afanoc.org\/\" target=\"_blank\" rel=\"noopener noreferrer\">Posa&#8217;t la gorra<\/a><\/p>\n<p>&nbsp;<\/p>\n<p>&nbsp;<\/p>\n<p>&nbsp;<\/p>\n<p><img alt=\"\" \/><\/p>\n","protected":false},"excerpt":{"rendered":"<p><a href=\"https:\/\/drive.google.com\/file\/d\/1PInAJYAxSE6A1Ss01HvwXvMoIauWJQr2\/view?usp=sharing\">DOCUMENT<\/a><br \/>\nUn dels principis del nostre Projecte Educatiu \u00e9s treballar per una societat democr\u00e0tica, inclusiva, solid\u00e0ria i justa.<br \/>\nEls objectius s\u00f3n:<\/p>\n<ul>\n<li>Educar amb, en i per a la conviv\u00e8ncia aix\u00ed com aprendre a conviure.<\/li>\n<li>Potenciar l&#8217;equitat educativa i el respecte a la diversitat.<\/li>\n<li>Ajudar a l&#8217;alumnat a relacionar-se amb&hellip;  <a href=\"https:\/\/agora.xtec.cat\/esclolaangladamartorell\/projectes\/pla-de-convivencia\/\" title=\"Read Projecte de conviv\u00e8ncia\">Llegeix m\u00e9s\u00bb<\/a><br \/>\n","protected":false},"author":1,"featured_media":0,"parent":520,"menu_order":2,"comment_status":"closed","ping_status":"closed","template":"page-templates\/side-menu.php","meta":{"_bbp_topic_count":0,"_bbp_reply_count":0,"_bbp_total_topic_count":0,"_bbp_total_reply_count":0,"_bbp_voice_count":0,"_bbp_anonymous_reply_count":0,"_bbp_topic_count_hidden":0,"_bbp_reply_count_hidden":0,"_bbp_forum_subforum_count":0,"footnotes":""},"class_list":["post-785","page","type-page","status-publish","hentry"],"post_mailing_queue_ids":[],"_links":{"self":[{"href":"https:\/\/agora.xtec.cat\/esclolaangladamartorell\/wp-json\/wp\/v2\/pages\/785","targetHints":{"allow":["GET"]}}],"collection":[{"href":"https:\/\/agora.xtec.cat\/esclolaangladamartorell\/wp-json\/wp\/v2\/pages"}],"about":[{"href":"https:\/\/agora.xtec.cat\/esclolaangladamartorell\/wp-json\/wp\/v2\/types\/page"}],"author":[{"embeddable":true,"href":"https:\/\/agora.xtec.cat\/esclolaangladamartorell\/wp-json\/wp\/v2\/users\/1"}],"replies":[{"embeddable":true,"href":"https:\/\/agora.xtec.cat\/esclolaangladamartorell\/wp-json\/wp\/v2\/comments?post=785"}],"version-history":[{"count":5,"href":"https:\/\/agora.xtec.cat\/esclolaangladamartorell\/wp-json\/wp\/v2\/pages\/785\/revisions"}],"predecessor-version":[{"id":3363,"href":"https:\/\/agora.xtec.cat\/esclolaangladamartorell\/wp-json\/wp\/v2\/pages\/785\/revisions\/3363"}],"up":[{"embeddable":true,"href":"https:\/\/agora.xtec.cat\/esclolaangladamartorell\/wp-json\/wp\/v2\/pages\/520"}],"wp:attachment":[{"href":"https:\/\/agora.xtec.cat\/esclolaangladamartorell\/wp-json\/wp\/v2\/media?parent=785"}],"curies":[{"name":"wp","href":"https:\/\/api.w.org\/{rel}","templated":true}]}}