{"id":783,"date":"2018-01-21T22:29:49","date_gmt":"2018-01-21T21:29:49","guid":{"rendered":"http:\/\/agora.xtec.cat\/esclolaangladamartorell\/?page_id=783"},"modified":"2025-02-16T19:15:31","modified_gmt":"2025-02-16T18:15:31","slug":"escola-formadora-universitat","status":"publish","type":"page","link":"https:\/\/agora.xtec.cat\/esclolaangladamartorell\/projectes\/pla-dacollida\/escola-formadora-universitat\/","title":{"rendered":"Escola Formadora Universitat"},"content":{"rendered":"<p>Pensem que els centres educatius han de tenir un paper rellevant i responsabilitat en la formaci\u00f3 inicial dels ensenyants, en aquest sentit intentem donar les m\u00e0ximes facilitats als candidats i fer-los la tutoritzaci\u00f3 m\u00e9s escaient. Per aix\u00f2 estem coordinats amb la Universitat de Barcelona (UB), la Universitat Aut\u00f2noma de Barcelona (UAB), la Universitat Internacional (UIC), la Universitat de la Rioja (UNIR) i altres.<\/p>\n","protected":false},"excerpt":{"rendered":"<p>Pensem que els centres educatius han de tenir un paper rellevant i responsabilitat en la formaci\u00f3 inicial dels ensenyants, en aquest sentit intentem donar les m\u00e0ximes facilitats als candidats i fer-los la tutoritzaci\u00f3 m\u00e9s escaient. Per aix\u00f2 estem coordinats amb la Universitat de Barcelona (UB),&hellip;  <a href=\"https:\/\/agora.xtec.cat\/esclolaangladamartorell\/projectes\/pla-dacollida\/escola-formadora-universitat\/\" title=\"Read Escola Formadora Universitat\">Llegeix m\u00e9s\u00bb<\/a><\/p>\n","protected":false},"author":1,"featured_media":0,"parent":775,"menu_order":3,"comment_status":"closed","ping_status":"closed","template":"page-templates\/side-menu.php","meta":{"_bbp_topic_count":0,"_bbp_reply_count":0,"_bbp_total_topic_count":0,"_bbp_total_reply_count":0,"_bbp_voice_count":0,"_bbp_anonymous_reply_count":0,"_bbp_topic_count_hidden":0,"_bbp_reply_count_hidden":0,"_bbp_forum_subforum_count":0,"footnotes":""},"class_list":["post-783","page","type-page","status-publish","hentry"],"post_mailing_queue_ids":[],"_links":{"self":[{"href":"https:\/\/agora.xtec.cat\/esclolaangladamartorell\/wp-json\/wp\/v2\/pages\/783","targetHints":{"allow":["GET"]}}],"collection":[{"href":"https:\/\/agora.xtec.cat\/esclolaangladamartorell\/wp-json\/wp\/v2\/pages"}],"about":[{"href":"https:\/\/agora.xtec.cat\/esclolaangladamartorell\/wp-json\/wp\/v2\/types\/page"}],"author":[{"embeddable":true,"href":"https:\/\/agora.xtec.cat\/esclolaangladamartorell\/wp-json\/wp\/v2\/users\/1"}],"replies":[{"embeddable":true,"href":"https:\/\/agora.xtec.cat\/esclolaangladamartorell\/wp-json\/wp\/v2\/comments?post=783"}],"version-history":[{"count":3,"href":"https:\/\/agora.xtec.cat\/esclolaangladamartorell\/wp-json\/wp\/v2\/pages\/783\/revisions"}],"predecessor-version":[{"id":3243,"href":"https:\/\/agora.xtec.cat\/esclolaangladamartorell\/wp-json\/wp\/v2\/pages\/783\/revisions\/3243"}],"up":[{"embeddable":true,"href":"https:\/\/agora.xtec.cat\/esclolaangladamartorell\/wp-json\/wp\/v2\/pages\/775"}],"wp:attachment":[{"href":"https:\/\/agora.xtec.cat\/esclolaangladamartorell\/wp-json\/wp\/v2\/media?parent=783"}],"curies":[{"name":"wp","href":"https:\/\/api.w.org\/{rel}","templated":true}]}}