{"id":779,"date":"2018-01-21T22:27:50","date_gmt":"2018-01-21T21:27:50","guid":{"rendered":"http:\/\/agora.xtec.cat\/esclolaangladamartorell\/?page_id=779"},"modified":"2018-02-08T13:57:27","modified_gmt":"2018-02-08T12:57:27","slug":"alumnes-nouvinguts","status":"publish","type":"page","link":"https:\/\/agora.xtec.cat\/esclolaangladamartorell\/projectes\/pla-dacollida\/alumnes-nouvinguts\/","title":{"rendered":"Alumnes nouvinguts"},"content":{"rendered":"<p>Es considera &#8220;alumne\/a nouvingut&#8221; aquell alumne\/a que s\u2019ha incorporat per primera vegada al sistema educatiu de Catalunya en els darrers vint-i-quatre mesos.<\/p>\n<p>Davant el xoc emocional que en aquest alumnat pot representar l\u2019arribada a un entorn social i cultural completament nou, el centre\u00a0 preveure mesures espec\u00edfiques per tal que pugui sentir-se ben acollit i percebre el respecte envers la seva llengua i cultura, i que, al m\u00e9s r\u00e0pidament possible, pugui seguir amb normalitat el curr\u00edculum i adquirir l\u2019autonomia personal dins l\u2019\u00e0mbit escolar o social.<\/p>\n<p>Per aix\u00f2 l\u2019escola disposa d\u2019un protocol d\u2019actuacions per tal que l\u2019alumne se sent\u00ed ben acollit.<\/p>\n","protected":false},"excerpt":{"rendered":"<p>Es considera &#8220;alumne\/a nouvingut&#8221; aquell alumne\/a que s\u2019ha incorporat per primera vegada al sistema educatiu de Catalunya en els darrers vint-i-quatre mesos.<br \/>\nDavant el xoc emocional que en aquest alumnat pot representar l\u2019arribada a un entorn social i cultural completament nou, el centre\u00a0 preveure mesures espec\u00edfiques&hellip;  <a href=\"https:\/\/agora.xtec.cat\/esclolaangladamartorell\/projectes\/pla-dacollida\/alumnes-nouvinguts\/\" title=\"Read Alumnes nouvinguts\">Llegeix m\u00e9s\u00bb<\/a><\/p>\n","protected":false},"author":1,"featured_media":0,"parent":775,"menu_order":1,"comment_status":"closed","ping_status":"closed","template":"page-templates\/side-menu.php","meta":{"_bbp_topic_count":0,"_bbp_reply_count":0,"_bbp_total_topic_count":0,"_bbp_total_reply_count":0,"_bbp_voice_count":0,"_bbp_anonymous_reply_count":0,"_bbp_topic_count_hidden":0,"_bbp_reply_count_hidden":0,"_bbp_forum_subforum_count":0,"footnotes":""},"class_list":["post-779","page","type-page","status-publish","hentry"],"post_mailing_queue_ids":[],"_links":{"self":[{"href":"https:\/\/agora.xtec.cat\/esclolaangladamartorell\/wp-json\/wp\/v2\/pages\/779","targetHints":{"allow":["GET"]}}],"collection":[{"href":"https:\/\/agora.xtec.cat\/esclolaangladamartorell\/wp-json\/wp\/v2\/pages"}],"about":[{"href":"https:\/\/agora.xtec.cat\/esclolaangladamartorell\/wp-json\/wp\/v2\/types\/page"}],"author":[{"embeddable":true,"href":"https:\/\/agora.xtec.cat\/esclolaangladamartorell\/wp-json\/wp\/v2\/users\/1"}],"replies":[{"embeddable":true,"href":"https:\/\/agora.xtec.cat\/esclolaangladamartorell\/wp-json\/wp\/v2\/comments?post=779"}],"version-history":[{"count":2,"href":"https:\/\/agora.xtec.cat\/esclolaangladamartorell\/wp-json\/wp\/v2\/pages\/779\/revisions"}],"predecessor-version":[{"id":905,"href":"https:\/\/agora.xtec.cat\/esclolaangladamartorell\/wp-json\/wp\/v2\/pages\/779\/revisions\/905"}],"up":[{"embeddable":true,"href":"https:\/\/agora.xtec.cat\/esclolaangladamartorell\/wp-json\/wp\/v2\/pages\/775"}],"wp:attachment":[{"href":"https:\/\/agora.xtec.cat\/esclolaangladamartorell\/wp-json\/wp\/v2\/media?parent=779"}],"curies":[{"name":"wp","href":"https:\/\/api.w.org\/{rel}","templated":true}]}}