{"id":775,"date":"2018-01-21T22:26:18","date_gmt":"2018-01-21T21:26:18","guid":{"rendered":"http:\/\/agora.xtec.cat\/esclolaangladamartorell\/?page_id=775"},"modified":"2025-02-16T19:12:00","modified_gmt":"2025-02-16T18:12:00","slug":"pla-dacollida","status":"publish","type":"page","link":"https:\/\/agora.xtec.cat\/esclolaangladamartorell\/projectes\/pla-dacollida\/","title":{"rendered":"Pla d&#8217;acollida"},"content":{"rendered":"<p>Disposem d&#8217;un <strong>Pla d&#8217;acollida<\/strong> en el qual es recullen les intencions i les l\u00ednies d\u2019actuaci\u00f3 que es duran a terme en el moment de l&#8217;arribada i acollida de nous membres a l&#8217;escola, emmarcades en la l\u00ednia del centre. Consisteix en una s\u00e8rie d&#8217;actuacions i estrat\u00e8gies amb la implicaci\u00f3 de diferents membres de la comunitat educativa. Dins del pla, s\u2019hi inclouen protocols diferents, segons qui s\u2019ha d\u2019acollir: nous docents, alumnes i fam\u00edlies de I3 a comen\u00e7ament de curs, alumnat i fam\u00edlies nouvingudes o estudiants universitaris en fase de pr\u00e0ctiques.<\/p>\n","protected":false},"excerpt":{"rendered":"<p>Disposem d&#8217;un Pla d&#8217;acollida en el qual es recullen les intencions i les l\u00ednies d\u2019actuaci\u00f3 que es duran a terme en el moment de l&#8217;arribada i acollida de nous membres a l&#8217;escola, emmarcades en la l\u00ednia del centre. Consisteix en una s\u00e8rie d&#8217;actuacions i estrat\u00e8gies&hellip;  <a href=\"https:\/\/agora.xtec.cat\/esclolaangladamartorell\/projectes\/pla-dacollida\/\" title=\"Read Pla d&#8217;acollida\">Llegeix m\u00e9s\u00bb<\/a><\/p>\n","protected":false},"author":1,"featured_media":0,"parent":520,"menu_order":0,"comment_status":"closed","ping_status":"closed","template":"page-templates\/side-menu.php","meta":{"_bbp_topic_count":0,"_bbp_reply_count":0,"_bbp_total_topic_count":0,"_bbp_total_reply_count":0,"_bbp_voice_count":0,"_bbp_anonymous_reply_count":0,"_bbp_topic_count_hidden":0,"_bbp_reply_count_hidden":0,"_bbp_forum_subforum_count":0,"footnotes":""},"class_list":["post-775","page","type-page","status-publish","hentry"],"post_mailing_queue_ids":[],"_links":{"self":[{"href":"https:\/\/agora.xtec.cat\/esclolaangladamartorell\/wp-json\/wp\/v2\/pages\/775","targetHints":{"allow":["GET"]}}],"collection":[{"href":"https:\/\/agora.xtec.cat\/esclolaangladamartorell\/wp-json\/wp\/v2\/pages"}],"about":[{"href":"https:\/\/agora.xtec.cat\/esclolaangladamartorell\/wp-json\/wp\/v2\/types\/page"}],"author":[{"embeddable":true,"href":"https:\/\/agora.xtec.cat\/esclolaangladamartorell\/wp-json\/wp\/v2\/users\/1"}],"replies":[{"embeddable":true,"href":"https:\/\/agora.xtec.cat\/esclolaangladamartorell\/wp-json\/wp\/v2\/comments?post=775"}],"version-history":[{"count":6,"href":"https:\/\/agora.xtec.cat\/esclolaangladamartorell\/wp-json\/wp\/v2\/pages\/775\/revisions"}],"predecessor-version":[{"id":3242,"href":"https:\/\/agora.xtec.cat\/esclolaangladamartorell\/wp-json\/wp\/v2\/pages\/775\/revisions\/3242"}],"up":[{"embeddable":true,"href":"https:\/\/agora.xtec.cat\/esclolaangladamartorell\/wp-json\/wp\/v2\/pages\/520"}],"wp:attachment":[{"href":"https:\/\/agora.xtec.cat\/esclolaangladamartorell\/wp-json\/wp\/v2\/media?parent=775"}],"curies":[{"name":"wp","href":"https:\/\/api.w.org\/{rel}","templated":true}]}}