{"id":772,"date":"2018-01-21T22:23:42","date_gmt":"2018-01-21T21:23:42","guid":{"rendered":"http:\/\/agora.xtec.cat\/esclolaangladamartorell\/?page_id=772"},"modified":"2018-02-12T06:43:47","modified_gmt":"2018-02-12T05:43:47","slug":"projecte-si-salut-integral","status":"publish","type":"page","link":"https:\/\/agora.xtec.cat\/esclolaangladamartorell\/projectes\/projecte-medi-ambient\/projecte-si-salut-integral\/","title":{"rendered":"Projecte SI ( Salut integral )"},"content":{"rendered":"<p>Aquest programa de Salut Integral\u00a0 t\u00e9 l\u2019objectiu\u00a0 de \u00a0demostrar que l&#8217;adquisici\u00f3 d&#8217;h\u00e0bits saludables des de la inf\u00e0ncia redueix els riscs de patir malalties cardiovasculars i millora la qualitat de vida en l&#8217;edat adulta.<\/p>\n<p>El principal factor de risc cardiovascular, tant en adults com en edat infantil, \u00e9s l&#8217;obesitat juntament\u00a0amb els factors associats com la diabetis i la hipertensi\u00f3, fruit d&#8217;una alimentaci\u00f3 inadequada d&#8217;uns nivells baixos d&#8217;activitat f\u00edsica. A m\u00e9s, altres factors de risc de les malalties cardiovasculars, t\u00edpicament estudiats en poblacions adultes, tamb\u00e9 comencen a estar presents en la poblaci\u00f3 infantil espanyola.<\/p>\n<p><em>El Programa SI! vol promoure la salut cardiovascular amb l&#8217;objectiu d&#8217;ensenyar a mantenir h\u00e0bits de vida adequats i durant tota la vida<\/em>.<\/p>\n<p>La investigaci\u00f3 en salut p\u00fablica ha assenyalat que les iniciatives de promoci\u00f3 de la salut han de comen\u00e7ar en la inf\u00e0ncia per aconseguir un canvi de comportament durador i efica\u00e7 i que les intervencions escolars s\u00f3n les m\u00e9s efectives.<\/p>\n<p>Per aquest motiu, a l&#8217;escola treballem aquest projecte des de P-3 fins a P-5. A partir de diverses unitats did\u00e0ctiques per promoure el coneixement del cos, l&#8217;activitat f\u00edsica i l&#8217;alimentaci\u00f3 saludable i tot utilitzant diverses estrat\u00e8gies i recursos. Aprenem uns bons h\u00e0bits juntament amb la fam\u00edlia, on tamb\u00e9 hi juga un paper molt important.<\/p>\n<p><img loading=\"lazy\" decoding=\"async\" class=\"size-full wp-image-1040 aligncenter\" src=\"http:\/\/agora.xtec.cat\/esclolaangladamartorell\/wp-content\/uploads\/usu1696\/2018\/01\/programa-si-ok.jpg\" alt=\"\" width=\"314\" height=\"153\" srcset=\"https:\/\/agora.xtec.cat\/esclolaangladamartorell\/wp-content\/uploads\/usu1696\/2018\/01\/programa-si-ok.jpg 314w, https:\/\/agora.xtec.cat\/esclolaangladamartorell\/wp-content\/uploads\/usu1696\/2018\/01\/programa-si-ok-300x146.jpg 300w\" sizes=\"auto, (max-width: 314px) 100vw, 314px\" \/><\/p>\n","protected":false},"excerpt":{"rendered":"<p>Aquest programa de Salut Integral\u00a0 t\u00e9 l\u2019objectiu\u00a0 de \u00a0demostrar que l&#8217;adquisici\u00f3 d&#8217;h\u00e0bits saludables des de la inf\u00e0ncia redueix els riscs de patir malalties cardiovasculars i millora la qualitat de vida en l&#8217;edat adulta.<br \/>\nEl principal factor de risc cardiovascular, tant en adults com en edat infantil,&hellip;  <a href=\"https:\/\/agora.xtec.cat\/esclolaangladamartorell\/projectes\/projecte-medi-ambient\/projecte-si-salut-integral\/\" title=\"Read Projecte SI ( Salut integral )\">Llegeix m\u00e9s\u00bb<\/a><\/p>\n","protected":false},"author":1,"featured_media":0,"parent":692,"menu_order":5,"comment_status":"closed","ping_status":"closed","template":"page-templates\/side-menu.php","meta":{"_bbp_topic_count":0,"_bbp_reply_count":0,"_bbp_total_topic_count":0,"_bbp_total_reply_count":0,"_bbp_voice_count":0,"_bbp_anonymous_reply_count":0,"_bbp_topic_count_hidden":0,"_bbp_reply_count_hidden":0,"_bbp_forum_subforum_count":0,"footnotes":""},"class_list":["post-772","page","type-page","status-publish","hentry"],"post_mailing_queue_ids":[],"_links":{"self":[{"href":"https:\/\/agora.xtec.cat\/esclolaangladamartorell\/wp-json\/wp\/v2\/pages\/772","targetHints":{"allow":["GET"]}}],"collection":[{"href":"https:\/\/agora.xtec.cat\/esclolaangladamartorell\/wp-json\/wp\/v2\/pages"}],"about":[{"href":"https:\/\/agora.xtec.cat\/esclolaangladamartorell\/wp-json\/wp\/v2\/types\/page"}],"author":[{"embeddable":true,"href":"https:\/\/agora.xtec.cat\/esclolaangladamartorell\/wp-json\/wp\/v2\/users\/1"}],"replies":[{"embeddable":true,"href":"https:\/\/agora.xtec.cat\/esclolaangladamartorell\/wp-json\/wp\/v2\/comments?post=772"}],"version-history":[{"count":2,"href":"https:\/\/agora.xtec.cat\/esclolaangladamartorell\/wp-json\/wp\/v2\/pages\/772\/revisions"}],"predecessor-version":[{"id":1160,"href":"https:\/\/agora.xtec.cat\/esclolaangladamartorell\/wp-json\/wp\/v2\/pages\/772\/revisions\/1160"}],"up":[{"embeddable":true,"href":"https:\/\/agora.xtec.cat\/esclolaangladamartorell\/wp-json\/wp\/v2\/pages\/692"}],"wp:attachment":[{"href":"https:\/\/agora.xtec.cat\/esclolaangladamartorell\/wp-json\/wp\/v2\/media?parent=772"}],"curies":[{"name":"wp","href":"https:\/\/api.w.org\/{rel}","templated":true}]}}