{"id":747,"date":"2018-01-21T22:08:54","date_gmt":"2018-01-21T21:08:54","guid":{"rendered":"http:\/\/agora.xtec.cat\/esclolaangladamartorell\/?page_id=747"},"modified":"2025-02-16T11:47:51","modified_gmt":"2025-02-16T10:47:51","slug":"pla-de-diversitat","status":"publish","type":"page","link":"https:\/\/agora.xtec.cat\/esclolaangladamartorell\/projectes\/pla-de-diversitat\/","title":{"rendered":"Pla de diversitat"},"content":{"rendered":"<p><span style=\"font-weight: 400;\">Entenem la diversitat escolar com a varietat d&#8217;alumnes amb diferents caracter\u00edstiques, necessitats i contextos, incloent-hi diversitat cultural, ling\u00fc\u00edstica, funcional i socioecon\u00f2mica, promovent un entorn inclusiu on tots els estudiants tinguin les mateixes oportunitats d&#8217;aprenentatge i puguin accedir al curr\u00edculum, garantint l\u2019assoliment de les compet\u00e8ncies.<br \/>\nL&#8217;escola adapta metodologies, recursos i suports per garantir una educaci\u00f3 equitativa i respectuosa amb les difer\u00e8ncies individuals, mantenint unes expectatives d\u2019\u00e8xit altes per a tothom.<br \/>\n<\/span><span style=\"font-weight: 400;\">\u00a0L&#8217;objectiu \u00e9s fomentar la conviv\u00e8ncia, l&#8217;empatia i el respecte entre tots els membres de la comunitat educativa.<\/span><\/p>\n<p>&nbsp;<\/p>\n<p><a href=\"https:\/\/agora.xtec.cat\/esclolaangladamartorell\/wp-content\/uploads\/usu1696\/2025\/02\/diversitat-2.png\"><img loading=\"lazy\" decoding=\"async\" class=\"aligncenter size-full wp-image-3073\" src=\"https:\/\/agora.xtec.cat\/esclolaangladamartorell\/wp-content\/uploads\/usu1696\/2025\/02\/diversitat-2.png\" alt=\"\" width=\"467\" height=\"470\" srcset=\"https:\/\/agora.xtec.cat\/esclolaangladamartorell\/wp-content\/uploads\/usu1696\/2025\/02\/diversitat-2.png 467w, https:\/\/agora.xtec.cat\/esclolaangladamartorell\/wp-content\/uploads\/usu1696\/2025\/02\/diversitat-2-298x300.png 298w, https:\/\/agora.xtec.cat\/esclolaangladamartorell\/wp-content\/uploads\/usu1696\/2025\/02\/diversitat-2-150x150.png 150w\" sizes=\"auto, (max-width: 467px) 100vw, 467px\" \/><\/a><\/p>\n","protected":false},"excerpt":{"rendered":"<p>Entenem la diversitat escolar com a varietat d&#8217;alumnes amb diferents caracter\u00edstiques, necessitats i contextos, incloent-hi diversitat cultural, ling\u00fc\u00edstica, funcional i socioecon\u00f2mica, promovent un entorn inclusiu on tots els estudiants tinguin les mateixes oportunitats d&#8217;aprenentatge i puguin accedir al curr\u00edculum, garantint l\u2019assoliment de les compet\u00e8ncies.<br \/>\nL&#8217;escola adapta&hellip;  <a href=\"https:\/\/agora.xtec.cat\/esclolaangladamartorell\/projectes\/pla-de-diversitat\/\" title=\"Read Pla de diversitat\">Llegeix m\u00e9s\u00bb<\/a><\/p>\n","protected":false},"author":1,"featured_media":0,"parent":520,"menu_order":1,"comment_status":"closed","ping_status":"closed","template":"page-templates\/side-menu.php","meta":{"_bbp_topic_count":0,"_bbp_reply_count":0,"_bbp_total_topic_count":0,"_bbp_total_reply_count":0,"_bbp_voice_count":0,"_bbp_anonymous_reply_count":0,"_bbp_topic_count_hidden":0,"_bbp_reply_count_hidden":0,"_bbp_forum_subforum_count":0,"footnotes":""},"class_list":["post-747","page","type-page","status-publish","hentry"],"post_mailing_queue_ids":[],"_links":{"self":[{"href":"https:\/\/agora.xtec.cat\/esclolaangladamartorell\/wp-json\/wp\/v2\/pages\/747","targetHints":{"allow":["GET"]}}],"collection":[{"href":"https:\/\/agora.xtec.cat\/esclolaangladamartorell\/wp-json\/wp\/v2\/pages"}],"about":[{"href":"https:\/\/agora.xtec.cat\/esclolaangladamartorell\/wp-json\/wp\/v2\/types\/page"}],"author":[{"embeddable":true,"href":"https:\/\/agora.xtec.cat\/esclolaangladamartorell\/wp-json\/wp\/v2\/users\/1"}],"replies":[{"embeddable":true,"href":"https:\/\/agora.xtec.cat\/esclolaangladamartorell\/wp-json\/wp\/v2\/comments?post=747"}],"version-history":[{"count":6,"href":"https:\/\/agora.xtec.cat\/esclolaangladamartorell\/wp-json\/wp\/v2\/pages\/747\/revisions"}],"predecessor-version":[{"id":3231,"href":"https:\/\/agora.xtec.cat\/esclolaangladamartorell\/wp-json\/wp\/v2\/pages\/747\/revisions\/3231"}],"up":[{"embeddable":true,"href":"https:\/\/agora.xtec.cat\/esclolaangladamartorell\/wp-json\/wp\/v2\/pages\/520"}],"wp:attachment":[{"href":"https:\/\/agora.xtec.cat\/esclolaangladamartorell\/wp-json\/wp\/v2\/media?parent=747"}],"curies":[{"name":"wp","href":"https:\/\/api.w.org\/{rel}","templated":true}]}}