{"id":728,"date":"2018-01-19T14:03:56","date_gmt":"2018-01-19T13:03:56","guid":{"rendered":"http:\/\/agora.xtec.cat\/esclolaangladamartorell\/?page_id=728"},"modified":"2021-03-04T15:05:39","modified_gmt":"2021-03-04T14:05:39","slug":"hora-del-conte","status":"publish","type":"page","link":"https:\/\/agora.xtec.cat\/esclolaangladamartorell\/projectes\/fem-pla-lector\/hora-del-conte\/","title":{"rendered":"Hora del conte"},"content":{"rendered":"<p>Els contes contribueixen a la formaci\u00f3 dels nens\/nenes perqu\u00e8 els desenvolupen la imaginaci\u00f3, enriqueixen el seu m\u00f3n interior, els permeten ampliar el vocabulari i millorar el llenguatge i la capacitat de comunicaci\u00f3. Desenvolupen el sentit cr\u00edtic, afavoreixen el coneixement d\u2019un mateix i la inserci\u00f3 dels menuts en el m\u00f3n.<br \/>\n<strong>10 idees \u00fatils per \u201cfer de lectors\u201d<\/strong><br \/>\nLlegir al nen\/a un conte cada dia (millor a la nit, abans de dormir)<br \/>\nNo interrompre la lectura un cop com comen\u00e7ada. Per estructurar la hist\u00f2ria, el nen\/a necessita un principi, un desenvolupament i un final.<br \/>\nNo tenir por dels contes de por, si acaben b\u00e9. El nen projecta en els personatges la seva agressivitat i la seva angoixa, i es troba m\u00e9s b\u00e9.<br \/>\nEls contes d\u2019animals serveixen al nen de mirall en el qual veu reflectida les seves viv\u00e8ncies, sense traumes.<br \/>\nDavant d\u2019una situaci\u00f3 familiar dif\u00edcil, si el nen ho vol, li podem contar una hist\u00f2ria que tracti el tema amb delicadesa. El nen tamb\u00e9 necessita contes que li permetin evadir-se de la realitat, somiar, imaginar&#8230;<br \/>\nQuan comenci a anar a l\u2019escola, no hem d\u2019apressar-lo perqu\u00e8 aprengui a llegir.<br \/>\nNo fer preguntes sense parar per veure si el nen ho ha compr\u00e8s tot. L\u2019an\u00e0lisi massa exhaustiva fa que desaparegui la m\u00e0gia.<br \/>\nSi el nen vol parar despr\u00e9s d\u2019un conte, hem de fer-li cas. Un llibre \u00e9s, molt sovint, una espurna que enc\u00e9n el di\u00e0leg.<br \/>\nConvertir la lectura en un plaer compartit.<\/p>\n<p>Text: S.C., M.T. (extret de la revista Cucafera Pares n\u00ba 103)<\/p>\n<p><img loading=\"lazy\" decoding=\"async\" class=\"aligncenter\" src=\"https:\/\/lh4.googleusercontent.com\/-nWTaziq8OxY\/Un0o5N8aXOI\/AAAAAAAAJ_g\/JhnU-E51VQQ\/s640\/DSCN2417.jpg\" alt=\"\" width=\"386\" height=\"297\" \/><\/p>\n<p style=\"text-align: center;\">CONTE INVENTAT PER NENS I NENES DE P5<br \/>\n<iframe loading=\"lazy\" src=\"\/\/www.youtube.com\/embed\/-ooE3qFOxnU\" width=\"420\" height=\"315\" frameborder=\"0\"><\/iframe><\/p>\n<p style=\"text-align: center;\">ELS NENS I NENES DE P5 EXPLIQUEN CONTES A P3<\/p>\n<p style=\"text-align: center;\"><img loading=\"lazy\" decoding=\"async\" src=\"https:\/\/lh4.googleusercontent.com\/-Q2drJEfB07k\/UlgVvQYe8xI\/AAAAAAAAJFQ\/mxeSu9MXsHQ\/s640\/IMG_0068.JPG\" alt=\"\" width=\"343\" height=\"262\" \/><\/p>\n","protected":false},"excerpt":{"rendered":"<p>Els contes contribueixen a la formaci\u00f3 dels nens\/nenes perqu\u00e8 els desenvolupen la imaginaci\u00f3, enriqueixen el seu m\u00f3n interior, els permeten ampliar el vocabulari i millorar el llenguatge i la capacitat de comunicaci\u00f3. Desenvolupen el sentit cr\u00edtic, afavoreixen el coneixement d\u2019un mateix i la inserci\u00f3 dels&hellip;  <a href=\"https:\/\/agora.xtec.cat\/esclolaangladamartorell\/projectes\/fem-pla-lector\/hora-del-conte\/\" title=\"Read Hora del conte\">Llegeix m\u00e9s\u00bb<\/a><\/p>\n","protected":false},"author":1,"featured_media":0,"parent":657,"menu_order":5,"comment_status":"closed","ping_status":"closed","template":"page-templates\/side-menu.php","meta":{"_bbp_topic_count":0,"_bbp_reply_count":0,"_bbp_total_topic_count":0,"_bbp_total_reply_count":0,"_bbp_voice_count":0,"_bbp_anonymous_reply_count":0,"_bbp_topic_count_hidden":0,"_bbp_reply_count_hidden":0,"_bbp_forum_subforum_count":0,"footnotes":""},"class_list":["post-728","page","type-page","status-publish","hentry"],"post_mailing_queue_ids":[],"_links":{"self":[{"href":"https:\/\/agora.xtec.cat\/esclolaangladamartorell\/wp-json\/wp\/v2\/pages\/728","targetHints":{"allow":["GET"]}}],"collection":[{"href":"https:\/\/agora.xtec.cat\/esclolaangladamartorell\/wp-json\/wp\/v2\/pages"}],"about":[{"href":"https:\/\/agora.xtec.cat\/esclolaangladamartorell\/wp-json\/wp\/v2\/types\/page"}],"author":[{"embeddable":true,"href":"https:\/\/agora.xtec.cat\/esclolaangladamartorell\/wp-json\/wp\/v2\/users\/1"}],"replies":[{"embeddable":true,"href":"https:\/\/agora.xtec.cat\/esclolaangladamartorell\/wp-json\/wp\/v2\/comments?post=728"}],"version-history":[{"count":3,"href":"https:\/\/agora.xtec.cat\/esclolaangladamartorell\/wp-json\/wp\/v2\/pages\/728\/revisions"}],"predecessor-version":[{"id":2256,"href":"https:\/\/agora.xtec.cat\/esclolaangladamartorell\/wp-json\/wp\/v2\/pages\/728\/revisions\/2256"}],"up":[{"embeddable":true,"href":"https:\/\/agora.xtec.cat\/esclolaangladamartorell\/wp-json\/wp\/v2\/pages\/657"}],"wp:attachment":[{"href":"https:\/\/agora.xtec.cat\/esclolaangladamartorell\/wp-json\/wp\/v2\/media?parent=728"}],"curies":[{"name":"wp","href":"https:\/\/api.w.org\/{rel}","templated":true}]}}