{"id":682,"date":"2018-01-18T22:44:04","date_gmt":"2018-01-18T21:44:04","guid":{"rendered":"http:\/\/agora.xtec.cat\/esclolaangladamartorell\/?page_id=682"},"modified":"2025-02-16T11:50:31","modified_gmt":"2025-02-16T10:50:31","slug":"projecte-de-tecnologia","status":"publish","type":"page","link":"https:\/\/agora.xtec.cat\/esclolaangladamartorell\/projectes\/projecte-de-tecnologia\/","title":{"rendered":"Projecte de tecnologia"},"content":{"rendered":"<p>Els ordinadors, port\u00e0tils, tauletes, el panell digital s\u00f3n eines que acompanyen el proc\u00e9s d&#8217;aprenentatge i\u00a0 s\u2019utilitzen en funci\u00f3 del que es necessita en cada moment, tenint present que els alumnes s\u00f3n el centre de l\u2019aprenentatge.<\/p>\n<p>Les noves tecnologies poden ajudar a millorar l\u2019aprenentatge i a fer-lo m\u00e9s significatiu.<\/p>\n<p><strong>La \u00a0compet\u00e8ncia\u00a0digital<\/strong> que \u00e9s \u00a0la capacitat d\u2019aplicar coneixements i habilitats per a resoldre situacions\u00a0en diferents entorns de la realitat emprant dispositius digitals, la desenvolupem\u00a0 en tres \u00a0escenaris diferents que s\u00f3n <strong>aprendre de<\/strong> la tecnologia<strong>, aprendre sobre<\/strong> la tecnologia i <strong>aprendre amb<\/strong> la tecnologia.<\/p>\n<p><strong>El primer<\/strong> escenari \u00e9s aquell en el qual els alumnes aprenen de la tecnologia. Aquest escenari es d\u00f3na \u00a0quan s\u2019utilitza <strong>el panell\u00a0digital<\/strong> per reproduir un v\u00eddeo, un text\u2026<\/p>\n<p><strong>El segon<\/strong> escenari es d\u00f3na quan s\u2019apr\u00e8n sobre la tecnologia. En aprendre i practicar el funcionament <strong>de l\u2019ordinador, dels port\u00e0tils i tauletes<\/strong> \u00a0o de programes i amb <strong>la rob\u00f2tica<\/strong> i la programaci\u00f3.<\/p>\n<p><strong>El tercer<\/strong> dels escenaris \u00e9s el que fa refer\u00e8ncia a aprendre amb la tecnologia,\u00a0quan l\u2019alumne t\u00e9 part activa en un proc\u00e9s que el porta a aprendre tot utilitzant la\u00a0tecnologia. Es quan l\u2019 alumne\u00a0 realitza activitats relacionades amb una \u00e0rea .<\/p>\n<p><iframe loading=\"lazy\" src=\"\/\/www.youtube.com\/embed\/IMCsnyt2kyc\" width=\"560\" height=\"314\" allowfullscreen=\"allowfullscreen\"><\/iframe><\/p>\n","protected":false},"excerpt":{"rendered":"<p>Els ordinadors, port\u00e0tils, tauletes, el panell digital s\u00f3n eines que acompanyen el proc\u00e9s d&#8217;aprenentatge i\u00a0 s\u2019utilitzen en funci\u00f3 del que es necessita en cada moment, tenint present que els alumnes s\u00f3n el centre de l\u2019aprenentatge.<br \/>\nLes noves tecnologies poden ajudar a millorar l\u2019aprenentatge i a fer-lo&hellip;  <a href=\"https:\/\/agora.xtec.cat\/esclolaangladamartorell\/projectes\/projecte-de-tecnologia\/\" title=\"Read Projecte de tecnologia\">Llegeix m\u00e9s\u00bb<\/a><\/p>\n","protected":false},"author":1,"featured_media":0,"parent":520,"menu_order":6,"comment_status":"closed","ping_status":"closed","template":"page-templates\/side-menu.php","meta":{"_bbp_topic_count":0,"_bbp_reply_count":0,"_bbp_total_topic_count":0,"_bbp_total_reply_count":0,"_bbp_voice_count":0,"_bbp_anonymous_reply_count":0,"_bbp_topic_count_hidden":0,"_bbp_reply_count_hidden":0,"_bbp_forum_subforum_count":0,"footnotes":""},"class_list":["post-682","page","type-page","status-publish","hentry"],"post_mailing_queue_ids":[],"_links":{"self":[{"href":"https:\/\/agora.xtec.cat\/esclolaangladamartorell\/wp-json\/wp\/v2\/pages\/682","targetHints":{"allow":["GET"]}}],"collection":[{"href":"https:\/\/agora.xtec.cat\/esclolaangladamartorell\/wp-json\/wp\/v2\/pages"}],"about":[{"href":"https:\/\/agora.xtec.cat\/esclolaangladamartorell\/wp-json\/wp\/v2\/types\/page"}],"author":[{"embeddable":true,"href":"https:\/\/agora.xtec.cat\/esclolaangladamartorell\/wp-json\/wp\/v2\/users\/1"}],"replies":[{"embeddable":true,"href":"https:\/\/agora.xtec.cat\/esclolaangladamartorell\/wp-json\/wp\/v2\/comments?post=682"}],"version-history":[{"count":6,"href":"https:\/\/agora.xtec.cat\/esclolaangladamartorell\/wp-json\/wp\/v2\/pages\/682\/revisions"}],"predecessor-version":[{"id":3136,"href":"https:\/\/agora.xtec.cat\/esclolaangladamartorell\/wp-json\/wp\/v2\/pages\/682\/revisions\/3136"}],"up":[{"embeddable":true,"href":"https:\/\/agora.xtec.cat\/esclolaangladamartorell\/wp-json\/wp\/v2\/pages\/520"}],"wp:attachment":[{"href":"https:\/\/agora.xtec.cat\/esclolaangladamartorell\/wp-json\/wp\/v2\/media?parent=682"}],"curies":[{"name":"wp","href":"https:\/\/api.w.org\/{rel}","templated":true}]}}