{"id":676,"date":"2018-01-18T22:40:11","date_gmt":"2018-01-18T21:40:11","guid":{"rendered":"http:\/\/agora.xtec.cat\/esclolaangladamartorell\/?page_id=676"},"modified":"2020-03-16T10:59:37","modified_gmt":"2020-03-16T09:59:37","slug":"oral-expositions","status":"publish","type":"page","link":"https:\/\/agora.xtec.cat\/esclolaangladamartorell\/projectes\/projecte-dangles\/oral-expositions\/","title":{"rendered":"Speaking"},"content":{"rendered":"<p>Des del curs 15-16, els alumnes disposen de sessions enfocades a treballar m\u00e9s espec\u00edficament l\u2019apartat oral d\u2019angl\u00e8s. Durant aquestes sessions, a trav\u00e9s de jocs, treballs per projectes, exposicions orals, contes i debats potenciem l\u2019aprenentatge de la llengua anglesa d\u2019una manera m\u00e9s din\u00e0mica.<br \/>\nGr\u00e0cies a que les sessions es duen a terme amb nom\u00e9s mig grup-classe, podem afavorir el proc\u00e9s d\u2019aprenentatge dels nens i podem centrar-nos m\u00e9s en les necessitats individuals de cada un d\u2019ells. Aix\u00ed aconseguim motivar-los i posar-los en situacions pr\u00e0ctiques quotidianes.<\/p>\n","protected":false},"excerpt":{"rendered":"<p>Des del curs 15-16, els alumnes disposen de sessions enfocades a treballar m\u00e9s espec\u00edficament l\u2019apartat oral d\u2019angl\u00e8s. Durant aquestes sessions, a trav\u00e9s de jocs, treballs per projectes, exposicions orals, contes i debats potenciem l\u2019aprenentatge de la llengua anglesa d\u2019una manera m\u00e9s din\u00e0mica.<br \/>\nGr\u00e0cies a que les&hellip;  <a href=\"https:\/\/agora.xtec.cat\/esclolaangladamartorell\/projectes\/projecte-dangles\/oral-expositions\/\" title=\"Read Speaking\">Llegeix m\u00e9s\u00bb<\/a><\/p>\n","protected":false},"author":1,"featured_media":0,"parent":669,"menu_order":2,"comment_status":"closed","ping_status":"closed","template":"page-templates\/side-menu.php","meta":{"_bbp_topic_count":0,"_bbp_reply_count":0,"_bbp_total_topic_count":0,"_bbp_total_reply_count":0,"_bbp_voice_count":0,"_bbp_anonymous_reply_count":0,"_bbp_topic_count_hidden":0,"_bbp_reply_count_hidden":0,"_bbp_forum_subforum_count":0,"footnotes":""},"class_list":["post-676","page","type-page","status-publish","hentry"],"post_mailing_queue_ids":[],"_links":{"self":[{"href":"https:\/\/agora.xtec.cat\/esclolaangladamartorell\/wp-json\/wp\/v2\/pages\/676","targetHints":{"allow":["GET"]}}],"collection":[{"href":"https:\/\/agora.xtec.cat\/esclolaangladamartorell\/wp-json\/wp\/v2\/pages"}],"about":[{"href":"https:\/\/agora.xtec.cat\/esclolaangladamartorell\/wp-json\/wp\/v2\/types\/page"}],"author":[{"embeddable":true,"href":"https:\/\/agora.xtec.cat\/esclolaangladamartorell\/wp-json\/wp\/v2\/users\/1"}],"replies":[{"embeddable":true,"href":"https:\/\/agora.xtec.cat\/esclolaangladamartorell\/wp-json\/wp\/v2\/comments?post=676"}],"version-history":[{"count":3,"href":"https:\/\/agora.xtec.cat\/esclolaangladamartorell\/wp-json\/wp\/v2\/pages\/676\/revisions"}],"predecessor-version":[{"id":1105,"href":"https:\/\/agora.xtec.cat\/esclolaangladamartorell\/wp-json\/wp\/v2\/pages\/676\/revisions\/1105"}],"up":[{"embeddable":true,"href":"https:\/\/agora.xtec.cat\/esclolaangladamartorell\/wp-json\/wp\/v2\/pages\/669"}],"wp:attachment":[{"href":"https:\/\/agora.xtec.cat\/esclolaangladamartorell\/wp-json\/wp\/v2\/media?parent=676"}],"curies":[{"name":"wp","href":"https:\/\/api.w.org\/{rel}","templated":true}]}}