{"id":674,"date":"2018-01-18T22:39:18","date_gmt":"2018-01-18T21:39:18","guid":{"rendered":"http:\/\/agora.xtec.cat\/esclolaangladamartorell\/?page_id=674"},"modified":"2020-03-16T10:58:27","modified_gmt":"2020-03-16T09:58:27","slug":"science","status":"publish","type":"page","link":"https:\/\/agora.xtec.cat\/esclolaangladamartorell\/projectes\/projecte-dangles\/science\/","title":{"rendered":"Science"},"content":{"rendered":"<p>L\u2019assignatura de Medi Social i Natural est\u00e0 dividida en dues lleng\u00fces, \u00e9s a dir, tres hores setmanals s\u00f3n en catal\u00e0 i una sessi\u00f3 per setmana es realitza en angl\u00e8s amb les especialistes. En la part d\u2019angl\u00e8s, es tracten temes pr\u00e8viament assolits per tal d\u2019ampliar coneixements i vocabularis en aquesta altra llengua aix\u00ed com acostumar-los a estructures m\u00e9s t\u00e8cniques. Aquesta assignatura es fa d\u2019una manera m\u00e9s l\u00fadica mitjan\u00e7ant quadernets i un seguit d\u2019activitats interactives, aix\u00ed com projectes de recerca. Les manualitats i experiments tamb\u00e9 els ajuden a interioritzar millor els conceptes treballats en aquesta assignatura.<\/p>\n","protected":false},"excerpt":{"rendered":"<p>L\u2019assignatura de Medi Social i Natural est\u00e0 dividida en dues lleng\u00fces, \u00e9s a dir, tres hores setmanals s\u00f3n en catal\u00e0 i una sessi\u00f3 per setmana es realitza en angl\u00e8s amb les especialistes. En la part d\u2019angl\u00e8s, es tracten temes pr\u00e8viament assolits per tal d\u2019ampliar coneixements&hellip;  <a href=\"https:\/\/agora.xtec.cat\/esclolaangladamartorell\/projectes\/projecte-dangles\/science\/\" title=\"Read Science\">Llegeix m\u00e9s\u00bb<\/a><\/p>\n","protected":false},"author":1,"featured_media":0,"parent":669,"menu_order":1,"comment_status":"closed","ping_status":"closed","template":"page-templates\/side-menu.php","meta":{"_bbp_topic_count":0,"_bbp_reply_count":0,"_bbp_total_topic_count":0,"_bbp_total_reply_count":0,"_bbp_voice_count":0,"_bbp_anonymous_reply_count":0,"_bbp_topic_count_hidden":0,"_bbp_reply_count_hidden":0,"_bbp_forum_subforum_count":0,"footnotes":""},"class_list":["post-674","page","type-page","status-publish","hentry"],"post_mailing_queue_ids":[],"_links":{"self":[{"href":"https:\/\/agora.xtec.cat\/esclolaangladamartorell\/wp-json\/wp\/v2\/pages\/674","targetHints":{"allow":["GET"]}}],"collection":[{"href":"https:\/\/agora.xtec.cat\/esclolaangladamartorell\/wp-json\/wp\/v2\/pages"}],"about":[{"href":"https:\/\/agora.xtec.cat\/esclolaangladamartorell\/wp-json\/wp\/v2\/types\/page"}],"author":[{"embeddable":true,"href":"https:\/\/agora.xtec.cat\/esclolaangladamartorell\/wp-json\/wp\/v2\/users\/1"}],"replies":[{"embeddable":true,"href":"https:\/\/agora.xtec.cat\/esclolaangladamartorell\/wp-json\/wp\/v2\/comments?post=674"}],"version-history":[{"count":2,"href":"https:\/\/agora.xtec.cat\/esclolaangladamartorell\/wp-json\/wp\/v2\/pages\/674\/revisions"}],"predecessor-version":[{"id":961,"href":"https:\/\/agora.xtec.cat\/esclolaangladamartorell\/wp-json\/wp\/v2\/pages\/674\/revisions\/961"}],"up":[{"embeddable":true,"href":"https:\/\/agora.xtec.cat\/esclolaangladamartorell\/wp-json\/wp\/v2\/pages\/669"}],"wp:attachment":[{"href":"https:\/\/agora.xtec.cat\/esclolaangladamartorell\/wp-json\/wp\/v2\/media?parent=674"}],"curies":[{"name":"wp","href":"https:\/\/api.w.org\/{rel}","templated":true}]}}