{"id":671,"date":"2018-01-18T22:40:52","date_gmt":"2018-01-18T21:40:52","guid":{"rendered":"http:\/\/agora.xtec.cat\/esclolaangladamartorell\/?page_id=671"},"modified":"2020-03-16T10:57:45","modified_gmt":"2020-03-16T09:57:45","slug":"projects","status":"publish","type":"page","link":"https:\/\/agora.xtec.cat\/esclolaangladamartorell\/projectes\/projecte-dangles\/projects\/","title":{"rendered":"Projects  and oral expositions"},"content":{"rendered":"<p>Al finalitzar cada unitat tractem de conscienciar als nens de la import\u00e0ncia de preservar el medi ambient i la societat que ens envolta, aix\u00ed com de tenir cultura general, mitjan\u00e7ant un petit projecte de recerca que despr\u00e9s hauran d\u2019exposar al grup classe i que les fam\u00edlies poden visualitzar visitant el bloc d\u2019angl\u00e8s.<br \/>\n\u00c9s una manera de motivar l\u2019alumnat i trencar amb la rutina. Es duen a terme en petits grups i aix\u00ed, fomentem la col\u2022laboraci\u00f3 i cooperaci\u00f3 entre iguals, de manera que aprenen a respectar les idees dels altres i a expressar les seves pr\u00f2pies amb respecte.<br \/>\nD\u2019altra banda, alguns projectes neixen de la pr\u00f2pia inquietud dels nens en con\u00e8ixer aspectes nous dels temes que es debaten a la classe. La forma d\u2019exposar \u00e9s lliure i s\u00f3n ells qui decideixen si ho faran en format de cartolina, maqueta, v\u00eddeo o incl\u00fas fent de mestres.<\/p>\n","protected":false},"excerpt":{"rendered":"<p>Al finalitzar cada unitat tractem de conscienciar als nens de la import\u00e0ncia de preservar el medi ambient i la societat que ens envolta, aix\u00ed com de tenir cultura general, mitjan\u00e7ant un petit projecte de recerca que despr\u00e9s hauran d\u2019exposar al grup classe i que les&hellip;  <a href=\"https:\/\/agora.xtec.cat\/esclolaangladamartorell\/projectes\/projecte-dangles\/projects\/\" title=\"Read Projects  and oral expositions\">Llegeix m\u00e9s\u00bb<\/a><\/p>\n","protected":false},"author":1,"featured_media":0,"parent":669,"menu_order":0,"comment_status":"closed","ping_status":"closed","template":"page-templates\/side-menu.php","meta":{"_bbp_topic_count":0,"_bbp_reply_count":0,"_bbp_total_topic_count":0,"_bbp_total_reply_count":0,"_bbp_voice_count":0,"_bbp_anonymous_reply_count":0,"_bbp_topic_count_hidden":0,"_bbp_reply_count_hidden":0,"_bbp_forum_subforum_count":0,"footnotes":""},"class_list":["post-671","page","type-page","status-publish","hentry"],"post_mailing_queue_ids":[],"_links":{"self":[{"href":"https:\/\/agora.xtec.cat\/esclolaangladamartorell\/wp-json\/wp\/v2\/pages\/671","targetHints":{"allow":["GET"]}}],"collection":[{"href":"https:\/\/agora.xtec.cat\/esclolaangladamartorell\/wp-json\/wp\/v2\/pages"}],"about":[{"href":"https:\/\/agora.xtec.cat\/esclolaangladamartorell\/wp-json\/wp\/v2\/types\/page"}],"author":[{"embeddable":true,"href":"https:\/\/agora.xtec.cat\/esclolaangladamartorell\/wp-json\/wp\/v2\/users\/1"}],"replies":[{"embeddable":true,"href":"https:\/\/agora.xtec.cat\/esclolaangladamartorell\/wp-json\/wp\/v2\/comments?post=671"}],"version-history":[{"count":3,"href":"https:\/\/agora.xtec.cat\/esclolaangladamartorell\/wp-json\/wp\/v2\/pages\/671\/revisions"}],"predecessor-version":[{"id":1104,"href":"https:\/\/agora.xtec.cat\/esclolaangladamartorell\/wp-json\/wp\/v2\/pages\/671\/revisions\/1104"}],"up":[{"embeddable":true,"href":"https:\/\/agora.xtec.cat\/esclolaangladamartorell\/wp-json\/wp\/v2\/pages\/669"}],"wp:attachment":[{"href":"https:\/\/agora.xtec.cat\/esclolaangladamartorell\/wp-json\/wp\/v2\/media?parent=671"}],"curies":[{"name":"wp","href":"https:\/\/api.w.org\/{rel}","templated":true}]}}