{"id":663,"date":"2018-01-18T22:28:32","date_gmt":"2018-01-18T21:28:32","guid":{"rendered":"http:\/\/agora.xtec.cat\/esclolaangladamartorell\/?page_id=663"},"modified":"2018-02-08T13:35:06","modified_gmt":"2018-02-08T12:35:06","slug":"prestec-de-biblioteca","status":"publish","type":"page","link":"https:\/\/agora.xtec.cat\/esclolaangladamartorell\/projectes\/fem-pla-lector\/prestec-de-biblioteca\/","title":{"rendered":"Pr\u00e9stec de biblioteca"},"content":{"rendered":"<p>L&#8217;objectiu d&#8217;aquest projecte \u00e9s dinamitzar<strong> la biblioteca<\/strong> com una eina b\u00e0sica i habitual <a href=\"http:\/\/blocs.xtec.cat\/escolalolaangladamartorell\/files\/2013\/11\/DSCN2665.jpg\"><img loading=\"lazy\" decoding=\"async\" class=\"alignleft size-medium wp-image-588\" style=\"border: 4px solid black; margin-top: 4px; margin-bottom: 4px;\" src=\"http:\/\/blocs.xtec.cat\/escolalolaangladamartorell\/files\/2013\/11\/DSCN2665-300x225.jpg\" alt=\"DSCN2665\" width=\"300\" height=\"225\" \/><\/a>d&#8217;aprenentatge i de coneixement en el centre. Aix\u00ed com fomentar l&#8217;h\u00e0bit lector com font de plaer i de gaudir.<\/p>\n<p>Volem que els nostres alumnes es formin com a usuaris de la biblioteca, oberta a tota la comunitat educativa.<\/p>\n<p>&nbsp;<\/p>\n<p>&nbsp;<\/p>\n<p>\u00c9s un espai meravell\u00f3s ple de llibres, contes, revistes que dona llibertat a l&#8217;infant perqu\u00e8 pugui triar una oferta amplia de textos i compartir amb la resta d&#8217;alumnes, aquest univers fascinant que \u00e9s la lectura.<\/p>\n<p><a href=\"http:\/\/blocs.xtec.cat\/escolalolaangladamartorell\/files\/2013\/11\/DSCN2672.jpg\"><img loading=\"lazy\" decoding=\"async\" class=\"wp-image-585 alignleft\" style=\"border: 4px solid black; margin-top: 4px; margin-bottom: 4px;\" src=\"http:\/\/blocs.xtec.cat\/escolalolaangladamartorell\/files\/2013\/11\/DSCN2672-300x225.jpg\" alt=\"DSCN2672\" width=\"200\" height=\"151\" \/><\/a><a href=\"http:\/\/blocs.xtec.cat\/escolalolaangladamartorell\/files\/2013\/11\/DSCN2670.jpg\"><img loading=\"lazy\" decoding=\"async\" class=\" wp-image-587 alignright\" style=\"border: 4px solid black; margin-top: 4px; margin-bottom: 4px;\" src=\"http:\/\/blocs.xtec.cat\/escolalolaangladamartorell\/files\/2013\/11\/DSCN2670-300x225.jpg\" alt=\"DSCN2670\" width=\"238\" height=\"180\" \/><\/a><\/p>\n<p>La <strong>biblioteca d&#8217;aula,<\/strong> entesa com a rac\u00f3 de lectura, pot contribuir a fomentar l&#8217;escriptura, possibilitat el treball de petites publicacions, recomanacions, sessions de debat d&#8217;algun llibre, treballs en grup&#8230;<\/p>\n<p><a href=\"http:\/\/blocs.xtec.cat\/escolalolaangladamartorell\/files\/2013\/11\/DSCN2669.jpg\"><img loading=\"lazy\" decoding=\"async\" class=\" wp-image-586 aligncenter\" style=\"border: 4px solid black; margin-top: 4px; margin-bottom: 4px;\" src=\"http:\/\/blocs.xtec.cat\/escolalolaangladamartorell\/files\/2013\/11\/DSCN2669-300x225.jpg\" alt=\"DSCN2669\" width=\"201\" height=\"152\" \/><\/a><\/p>\n<p style=\"text-align: center;\">\n","protected":false},"excerpt":{"rendered":"<p>L&#8217;objectiu d&#8217;aquest projecte \u00e9s dinamitzar la biblioteca com una eina b\u00e0sica i habitual <a href=\"http:\/\/blocs.xtec.cat\/escolalolaangladamartorell\/files\/2013\/11\/DSCN2665.jpg\"><\/a>d&#8217;aprenentatge i de coneixement en el centre. Aix\u00ed com fomentar l&#8217;h\u00e0bit lector com font de plaer i de gaudir.<br \/>\nVolem que els nostres alumnes es formin com a usuaris de la biblioteca,&hellip;  <a href=\"https:\/\/agora.xtec.cat\/esclolaangladamartorell\/projectes\/fem-pla-lector\/prestec-de-biblioteca\/\" title=\"Read Pr\u00e9stec de biblioteca\">Llegeix m\u00e9s\u00bb<\/a><\/p>\n","protected":false},"author":1,"featured_media":0,"parent":657,"menu_order":1,"comment_status":"closed","ping_status":"closed","template":"page-templates\/side-menu.php","meta":{"_bbp_topic_count":0,"_bbp_reply_count":0,"_bbp_total_topic_count":0,"_bbp_total_reply_count":0,"_bbp_voice_count":0,"_bbp_anonymous_reply_count":0,"_bbp_topic_count_hidden":0,"_bbp_reply_count_hidden":0,"_bbp_forum_subforum_count":0,"footnotes":""},"class_list":["post-663","page","type-page","status-publish","hentry"],"post_mailing_queue_ids":[],"_links":{"self":[{"href":"https:\/\/agora.xtec.cat\/esclolaangladamartorell\/wp-json\/wp\/v2\/pages\/663","targetHints":{"allow":["GET"]}}],"collection":[{"href":"https:\/\/agora.xtec.cat\/esclolaangladamartorell\/wp-json\/wp\/v2\/pages"}],"about":[{"href":"https:\/\/agora.xtec.cat\/esclolaangladamartorell\/wp-json\/wp\/v2\/types\/page"}],"author":[{"embeddable":true,"href":"https:\/\/agora.xtec.cat\/esclolaangladamartorell\/wp-json\/wp\/v2\/users\/1"}],"replies":[{"embeddable":true,"href":"https:\/\/agora.xtec.cat\/esclolaangladamartorell\/wp-json\/wp\/v2\/comments?post=663"}],"version-history":[{"count":3,"href":"https:\/\/agora.xtec.cat\/esclolaangladamartorell\/wp-json\/wp\/v2\/pages\/663\/revisions"}],"predecessor-version":[{"id":1108,"href":"https:\/\/agora.xtec.cat\/esclolaangladamartorell\/wp-json\/wp\/v2\/pages\/663\/revisions\/1108"}],"up":[{"embeddable":true,"href":"https:\/\/agora.xtec.cat\/esclolaangladamartorell\/wp-json\/wp\/v2\/pages\/657"}],"wp:attachment":[{"href":"https:\/\/agora.xtec.cat\/esclolaangladamartorell\/wp-json\/wp\/v2\/media?parent=663"}],"curies":[{"name":"wp","href":"https:\/\/api.w.org\/{rel}","templated":true}]}}