{"id":657,"date":"2018-01-18T22:23:58","date_gmt":"2018-01-18T21:23:58","guid":{"rendered":"http:\/\/agora.xtec.cat\/esclolaangladamartorell\/?page_id=657"},"modified":"2025-02-16T11:49:00","modified_gmt":"2025-02-16T10:49:00","slug":"fem-pla-lector","status":"publish","type":"page","link":"https:\/\/agora.xtec.cat\/esclolaangladamartorell\/projectes\/fem-pla-lector\/","title":{"rendered":"Pla lector"},"content":{"rendered":"<p>Potenciem i afavorim el gust per la lectura a tota l&#8217;escola. A l&#8217;arribada, la m\u00fasica ens acompanya en la lectura di\u00e0ria.<\/p>\n<p>La biblioteca de l&#8217;escola i d&#8217;aula \u00e9s un espai on sempre podem aprendre i trobar aquells llibres que m\u00e9s ens interessen. Els llibres viatgen fins a casa a trav\u00e9s del pr\u00e9stec diari de llibres i de la motxilla viatgera. Llegir sols\/es o compartir les lectures \u00e9s tota una experi\u00e8ncia.<\/p>\n<p>Les fam\u00edlies ens acompanyen a llegir en diferents moments i els padrins i fillols s&#8217;ajuden, llegeixen junts i es creen vincles que van m\u00e9s enll\u00e0 de l&#8217;apadrinament. Llegir \u00e9s tota una aventura i l&#8217;aventura si \u00e9s compartida \u00e9s molt m\u00e9s m\u00e0gica.<\/p>\n","protected":false},"excerpt":{"rendered":"<p>Potenciem i afavorim el gust per la lectura a tota l&#8217;escola. A l&#8217;arribada, la m\u00fasica ens acompanya en la lectura di\u00e0ria.<br \/>\nLa biblioteca de l&#8217;escola i d&#8217;aula \u00e9s un espai on sempre podem aprendre i trobar aquells llibres que m\u00e9s ens interessen. Els llibres viatgen fins&hellip;  <a href=\"https:\/\/agora.xtec.cat\/esclolaangladamartorell\/projectes\/fem-pla-lector\/\" title=\"Read Pla lector\">Llegeix m\u00e9s\u00bb<\/a><\/p>\n","protected":false},"author":1,"featured_media":0,"parent":520,"menu_order":3,"comment_status":"closed","ping_status":"closed","template":"page-templates\/side-menu.php","meta":{"_bbp_topic_count":0,"_bbp_reply_count":0,"_bbp_total_topic_count":0,"_bbp_total_reply_count":0,"_bbp_voice_count":0,"_bbp_anonymous_reply_count":0,"_bbp_topic_count_hidden":0,"_bbp_reply_count_hidden":0,"_bbp_forum_subforum_count":0,"footnotes":""},"class_list":["post-657","page","type-page","status-publish","hentry"],"post_mailing_queue_ids":[],"_links":{"self":[{"href":"https:\/\/agora.xtec.cat\/esclolaangladamartorell\/wp-json\/wp\/v2\/pages\/657","targetHints":{"allow":["GET"]}}],"collection":[{"href":"https:\/\/agora.xtec.cat\/esclolaangladamartorell\/wp-json\/wp\/v2\/pages"}],"about":[{"href":"https:\/\/agora.xtec.cat\/esclolaangladamartorell\/wp-json\/wp\/v2\/types\/page"}],"author":[{"embeddable":true,"href":"https:\/\/agora.xtec.cat\/esclolaangladamartorell\/wp-json\/wp\/v2\/users\/1"}],"replies":[{"embeddable":true,"href":"https:\/\/agora.xtec.cat\/esclolaangladamartorell\/wp-json\/wp\/v2\/comments?post=657"}],"version-history":[{"count":5,"href":"https:\/\/agora.xtec.cat\/esclolaangladamartorell\/wp-json\/wp\/v2\/pages\/657\/revisions"}],"predecessor-version":[{"id":3148,"href":"https:\/\/agora.xtec.cat\/esclolaangladamartorell\/wp-json\/wp\/v2\/pages\/657\/revisions\/3148"}],"up":[{"embeddable":true,"href":"https:\/\/agora.xtec.cat\/esclolaangladamartorell\/wp-json\/wp\/v2\/pages\/520"}],"wp:attachment":[{"href":"https:\/\/agora.xtec.cat\/esclolaangladamartorell\/wp-json\/wp\/v2\/media?parent=657"}],"curies":[{"name":"wp","href":"https:\/\/api.w.org\/{rel}","templated":true}]}}