{"id":606,"date":"2018-01-10T16:00:16","date_gmt":"2018-01-10T15:00:16","guid":{"rendered":"http:\/\/agora.xtec.cat\/esclolaangladamartorell\/?page_id=606"},"modified":"2025-02-11T01:56:13","modified_gmt":"2025-02-11T00:56:13","slug":"fem-psicomotricitat-i-educacio-fisica","status":"publish","type":"page","link":"https:\/\/agora.xtec.cat\/esclolaangladamartorell\/projectes\/projecte-medi-ambient\/fem-psicomotricitat-i-educacio-fisica\/","title":{"rendered":"Psicomotricitat i Educaci\u00f3 F\u00edsica"},"content":{"rendered":"<p><strong>L&#8217;esport i el moviment, bases de vida saludable i desenvolupament integral.<\/strong><\/p>\n<p>La <strong>psicomotricitat<\/strong> afavoreix el desenvolupament de les possibilitats motrius, expressives i creatives dels infants a partir del moviment del cos. Tamb\u00e9 els ajuda a millorar la relaci\u00f3 i comunicaci\u00f3 amb l&#8217;entorn que els envolta.<br \/>\nLes situacions que sorgeixen a la sala de psicomotricitat permeten als infants:<br \/>\n-Explorar i investigar<br \/>\n-Superar i transformar situacions de conflicte<br \/>\n-Enfrontar-se d&#8217;una forma positiva a les limitacions i pors<br \/>\n-Relacionar-se amb els altres<br \/>\n-Desenvolupar la iniciativa pr\u00f2pia<br \/>\n-Poder-se expressar en llibertat i creativitat<br \/>\n-Iniciar-se en les nocions espacio-temporals<br \/>\n-Permetre l&#8217;acceptaci\u00f3 de les normes<\/p>\n<p><a href=\"https:\/\/picasaweb.google.com\/lh\/photo\/77fBySO6vDbcqb5o3b_03tMTjNZETYmyPJy0liipFm0?feat=embedwebsite\"><img loading=\"lazy\" decoding=\"async\" src=\"https:\/\/lh5.googleusercontent.com\/-HuykONnO6x4\/Utbv15uDUEI\/AAAAAAAAK0U\/B5NAysaGR_c\/s640\/psico.jpg\" alt=\"\" width=\"640\" height=\"640\" \/><\/a><\/p>\n<h3 style=\"text-align: center;\"><\/h3>\n<p>L&#8217;<strong>educaci\u00f3 f\u00edsica<\/strong> en l&#8217;etapa de l&#8217;educaci\u00f3 prim\u00e0ria es fonamenta en l&#8217;adquisici\u00f3 de coneixements, habilitats, valors i compet\u00e8ncies relacionats amb el cos i la seva activitat motriu que contribueixen al desenvolupament integral de l&#8217;infant i la millora de la qualitat de vida. En l&#8217;\u00e0rea d&#8217;educaci\u00f3 f\u00edsica, la reflexi\u00f3 sobre el sentit i els efectes de l&#8217;activitat motriu, el desenvolupament d&#8217;h\u00e0bits saludables i el fet de sentir-se b\u00e9 amb el propi cos constitueixen principis valuosos de l&#8217;acci\u00f3 educativa i contribueixen a la millora de l&#8217;autoestima.<\/p>\n<p>En cursos inferiors treballem per assolir habilitats motrius b\u00e0siques a trav\u00e9s del joc, per tal que als cursos superiors les puguin aplicar a la iniciaci\u00f3 de diferents esports.<\/p>\n<p><iframe loading=\"lazy\" src=\"\/\/www.youtube.com\/embed\/fId1IsVbgY8\" width=\"560\" height=\"314\" allowfullscreen=\"allowfullscreen\"><\/iframe><\/p>\n","protected":false},"excerpt":{"rendered":"<p>L&#8217;esport i el moviment, bases de vida saludable i desenvolupament integral.<br \/>\nLa psicomotricitat afavoreix el desenvolupament de les possibilitats motrius, expressives i creatives dels infants a partir del moviment del cos. Tamb\u00e9 els ajuda a millorar la relaci\u00f3 i comunicaci\u00f3 amb l&#8217;entorn que els envolta.<br \/>\nLes situacions&hellip;  <a href=\"https:\/\/agora.xtec.cat\/esclolaangladamartorell\/projectes\/projecte-medi-ambient\/fem-psicomotricitat-i-educacio-fisica\/\" title=\"Read Psicomotricitat i Educaci\u00f3 F\u00edsica\">Llegeix m\u00e9s\u00bb<\/a><\/p>\n","protected":false},"author":1,"featured_media":0,"parent":692,"menu_order":6,"comment_status":"closed","ping_status":"closed","template":"page-templates\/side-menu.php","meta":{"_bbp_topic_count":0,"_bbp_reply_count":0,"_bbp_total_topic_count":0,"_bbp_total_reply_count":0,"_bbp_voice_count":0,"_bbp_anonymous_reply_count":0,"_bbp_topic_count_hidden":0,"_bbp_reply_count_hidden":0,"_bbp_forum_subforum_count":0,"footnotes":""},"class_list":["post-606","page","type-page","status-publish","hentry"],"post_mailing_queue_ids":[],"_links":{"self":[{"href":"https:\/\/agora.xtec.cat\/esclolaangladamartorell\/wp-json\/wp\/v2\/pages\/606","targetHints":{"allow":["GET"]}}],"collection":[{"href":"https:\/\/agora.xtec.cat\/esclolaangladamartorell\/wp-json\/wp\/v2\/pages"}],"about":[{"href":"https:\/\/agora.xtec.cat\/esclolaangladamartorell\/wp-json\/wp\/v2\/types\/page"}],"author":[{"embeddable":true,"href":"https:\/\/agora.xtec.cat\/esclolaangladamartorell\/wp-json\/wp\/v2\/users\/1"}],"replies":[{"embeddable":true,"href":"https:\/\/agora.xtec.cat\/esclolaangladamartorell\/wp-json\/wp\/v2\/comments?post=606"}],"version-history":[{"count":5,"href":"https:\/\/agora.xtec.cat\/esclolaangladamartorell\/wp-json\/wp\/v2\/pages\/606\/revisions"}],"predecessor-version":[{"id":3149,"href":"https:\/\/agora.xtec.cat\/esclolaangladamartorell\/wp-json\/wp\/v2\/pages\/606\/revisions\/3149"}],"up":[{"embeddable":true,"href":"https:\/\/agora.xtec.cat\/esclolaangladamartorell\/wp-json\/wp\/v2\/pages\/692"}],"wp:attachment":[{"href":"https:\/\/agora.xtec.cat\/esclolaangladamartorell\/wp-json\/wp\/v2\/media?parent=606"}],"curies":[{"name":"wp","href":"https:\/\/api.w.org\/{rel}","templated":true}]}}