{"id":575,"date":"2017-12-20T13:41:44","date_gmt":"2017-12-20T12:41:44","guid":{"rendered":"http:\/\/agora.xtec.cat\/esclolaangladamartorell\/?page_id=575"},"modified":"2025-02-13T19:17:10","modified_gmt":"2025-02-13T18:17:10","slug":"fem-musica","status":"publish","type":"page","link":"https:\/\/agora.xtec.cat\/esclolaangladamartorell\/projectes\/projecte-medi-ambient\/fem-musica\/","title":{"rendered":"Fem m\u00fasica"},"content":{"rendered":"<p>Un dels \u00a0elements b\u00e0sics dels llenguatges art\u00edstics s\u00f3n \u00a0les qualitats del so, la melodia, el ritme i la simultane\u00eftat sonora per a la m\u00fasica.<\/p>\n<p>Amb la m\u00fasica en directe els vincles es creen quasi de manera immediata, per aix\u00f2 els alumnes al llarg de l\u2019escolaritzaci\u00f3\u00a0 fan sortides per viv\u00e8ncia <strong>concerts musicals.<\/strong><\/p>\n<p>Amb la m\u00fasica<strong> entrem a l\u2019escola, cada mat\u00ed<\/strong>\u00a0escoltem m\u00fasica per donar el bon dia.<\/p>\n<p>Els concerts de Nadal, les danses de sant Jordi, les petites audicions, el vincle amb l\u2019escola de m\u00fasica del municipi, fan que estimem cada dia una mica m\u00e9s la m\u00fasica.<\/p>\n<p>&nbsp;<\/p>\n<p><a href=\"http:\/\/agora.xtec.cat\/esclolaangladamartorell\/wp-content\/uploads\/usu1696\/2017\/12\/musica1.jpg\"><img loading=\"lazy\" decoding=\"async\" class=\"wp-image-1168 alignleft\" src=\"http:\/\/agora.xtec.cat\/esclolaangladamartorell\/wp-content\/uploads\/usu1696\/2017\/12\/musica1-1024x768.jpg\" alt=\"\" width=\"380\" height=\"285\" srcset=\"https:\/\/agora.xtec.cat\/esclolaangladamartorell\/wp-content\/uploads\/usu1696\/2017\/12\/musica1-1024x768.jpg 1024w, https:\/\/agora.xtec.cat\/esclolaangladamartorell\/wp-content\/uploads\/usu1696\/2017\/12\/musica1-300x225.jpg 300w, https:\/\/agora.xtec.cat\/esclolaangladamartorell\/wp-content\/uploads\/usu1696\/2017\/12\/musica1-768x576.jpg 768w, https:\/\/agora.xtec.cat\/esclolaangladamartorell\/wp-content\/uploads\/usu1696\/2017\/12\/musica1-200x150.jpg 200w\" sizes=\"auto, (max-width: 380px) 100vw, 380px\" \/><\/a><a href=\"http:\/\/agora.xtec.cat\/esclolaangladamartorell\/wp-content\/uploads\/usu1696\/2017\/12\/musica.jpg\"><img loading=\"lazy\" decoding=\"async\" class=\"wp-image-1167 aligncenter\" src=\"http:\/\/agora.xtec.cat\/esclolaangladamartorell\/wp-content\/uploads\/usu1696\/2017\/12\/musica-1024x768.jpg\" alt=\"\" width=\"381\" height=\"286\" srcset=\"https:\/\/agora.xtec.cat\/esclolaangladamartorell\/wp-content\/uploads\/usu1696\/2017\/12\/musica-1024x768.jpg 1024w, https:\/\/agora.xtec.cat\/esclolaangladamartorell\/wp-content\/uploads\/usu1696\/2017\/12\/musica-300x225.jpg 300w, https:\/\/agora.xtec.cat\/esclolaangladamartorell\/wp-content\/uploads\/usu1696\/2017\/12\/musica-768x576.jpg 768w, https:\/\/agora.xtec.cat\/esclolaangladamartorell\/wp-content\/uploads\/usu1696\/2017\/12\/musica-200x150.jpg 200w\" sizes=\"auto, (max-width: 381px) 100vw, 381px\" \/><\/a><\/p>\n","protected":false},"excerpt":{"rendered":"<p>Un dels \u00a0elements b\u00e0sics dels llenguatges art\u00edstics s\u00f3n \u00a0les qualitats del so, la melodia, el ritme i la simultane\u00eftat sonora per a la m\u00fasica.<br \/>\nAmb la m\u00fasica en directe els vincles es creen quasi de manera immediata, per aix\u00f2 els alumnes al llarg de l\u2019escolaritzaci\u00f3\u00a0 fan&hellip;  <a href=\"https:\/\/agora.xtec.cat\/esclolaangladamartorell\/projectes\/projecte-medi-ambient\/fem-musica\/\" title=\"Read Fem m\u00fasica\">Llegeix m\u00e9s\u00bb<\/a><\/p>\n","protected":false},"author":1,"featured_media":0,"parent":692,"menu_order":7,"comment_status":"closed","ping_status":"closed","template":"page-templates\/side-menu.php","meta":{"_bbp_topic_count":0,"_bbp_reply_count":0,"_bbp_total_topic_count":0,"_bbp_total_reply_count":0,"_bbp_voice_count":0,"_bbp_anonymous_reply_count":0,"_bbp_topic_count_hidden":0,"_bbp_reply_count_hidden":0,"_bbp_forum_subforum_count":0,"footnotes":""},"class_list":["post-575","page","type-page","status-publish","hentry"],"post_mailing_queue_ids":[],"_links":{"self":[{"href":"https:\/\/agora.xtec.cat\/esclolaangladamartorell\/wp-json\/wp\/v2\/pages\/575","targetHints":{"allow":["GET"]}}],"collection":[{"href":"https:\/\/agora.xtec.cat\/esclolaangladamartorell\/wp-json\/wp\/v2\/pages"}],"about":[{"href":"https:\/\/agora.xtec.cat\/esclolaangladamartorell\/wp-json\/wp\/v2\/types\/page"}],"author":[{"embeddable":true,"href":"https:\/\/agora.xtec.cat\/esclolaangladamartorell\/wp-json\/wp\/v2\/users\/1"}],"replies":[{"embeddable":true,"href":"https:\/\/agora.xtec.cat\/esclolaangladamartorell\/wp-json\/wp\/v2\/comments?post=575"}],"version-history":[{"count":5,"href":"https:\/\/agora.xtec.cat\/esclolaangladamartorell\/wp-json\/wp\/v2\/pages\/575\/revisions"}],"predecessor-version":[{"id":3182,"href":"https:\/\/agora.xtec.cat\/esclolaangladamartorell\/wp-json\/wp\/v2\/pages\/575\/revisions\/3182"}],"up":[{"embeddable":true,"href":"https:\/\/agora.xtec.cat\/esclolaangladamartorell\/wp-json\/wp\/v2\/pages\/692"}],"wp:attachment":[{"href":"https:\/\/agora.xtec.cat\/esclolaangladamartorell\/wp-json\/wp\/v2\/media?parent=575"}],"curies":[{"name":"wp","href":"https:\/\/api.w.org\/{rel}","templated":true}]}}