{"id":543,"date":"2017-12-20T13:25:49","date_gmt":"2017-12-20T12:25:49","guid":{"rendered":"http:\/\/agora.xtec.cat\/esclolaangladamartorell\/?page_id=543"},"modified":"2021-03-04T15:48:01","modified_gmt":"2021-03-04T14:48:01","slug":"projecte-reutilitzacio-de-llibres","status":"publish","type":"page","link":"https:\/\/agora.xtec.cat\/esclolaangladamartorell\/projectes\/projecte-medi-ambient\/projecte-reutilitzacio-de-llibres\/","title":{"rendered":"Projecte reutilitzaci\u00f3 de llibres"},"content":{"rendered":"<p style=\"text-align: left;\">Impulsar l&#8217;\u00fas compartit i la <strong>reutilitzaci\u00f3 dels llibres<\/strong> contribueixen al foment de l&#8217;equitat i promou els valors com\u00a0 la <strong>corresponsabilitat i la solidaritat<\/strong>. La cura dels llibres i del material curricular d&#8217;\u00fas com\u00fa i la seva conservaci\u00f3 per a una reutilitzaci\u00f3 posterior suposa un estalvi econ\u00f2mic per a les fam\u00edlies i aprofundeix en la idea de <strong>sostenibilitat<\/strong>, tema clau medioambiental.\u00a0 La nostra comunitat educativa est\u00e0 molt conscienciada\u00a0 en aquest programa cooperatiu.<\/p>\n<p><a href=\"http:\/\/blocs.xtec.cat\/escolalolaangladamartorell\/files\/2013\/10\/DSCN2684.jpg\"><img loading=\"lazy\" decoding=\"async\" class=\"alignleft size-medium wp-image-576\" style=\"border: 4px solid black; margin-top: 4px; margin-bottom: 4px;\" src=\"http:\/\/blocs.xtec.cat\/escolalolaangladamartorell\/files\/2013\/10\/DSCN2684-300x225.jpg\" alt=\"DSCN2684\" width=\"200\" height=\"150\" \/><\/a><\/p>\n<p>Els llibres socialitzats s\u00f3n els <b>de \u00a0Llengua catalana , Matem\u00e0tiques, Angl\u00e8s i Medi \u00a0per a tots els alumnes de 3r, 4t, 5\u00e8 i 6\u00e8 . <\/b>A m\u00e9s a m\u00e9s, <b>llibres de consulta i tots els llibres de lectura en catal\u00e0, castell\u00e0 i angl\u00e8s ; diccionaris d\u2019aula i atles. <\/b><\/p>\n<p>&nbsp;<\/p>\n<p>Aspectes a tenir en compte:<\/p>\n<ul>\n<li>L<a href=\"http:\/\/blocs.xtec.cat\/escolalolaangladamartorell\/files\/2013\/10\/DSCN2692.jpg\"><img loading=\"lazy\" decoding=\"async\" class=\"size-medium wp-image-575 alignright\" style=\"border: 4px solid black; margin-top: 4px; margin-bottom: 4px;\" src=\"http:\/\/blocs.xtec.cat\/escolalolaangladamartorell\/files\/2013\/10\/DSCN2692-300x225.jpg\" alt=\"DSCN2692\" width=\"199\" height=\"149\" \/><\/a>\u2019escola \u00e9s propiet\u00e0ria dels llibres ( llengua catalana, matem\u00e0tiques, angl\u00e8s, medi i ciutadania) que deixa en\u00a0 pr\u00e9stec a tots els alumnes.<\/li>\n<\/ul>\n<ul>\n<li>Durant tot el curs cada alumne podr\u00e0 fer \u00fas del llibre assignat i portar-lo a casa.<\/li>\n<\/ul>\n<ul>\n<li>En finalitzar el curs els llibres es retornaran a l\u2019escola.<\/li>\n<\/ul>\n<ul>\n<li>Cada fam\u00edlia pagar\u00e0\u00a0 una\u00a0 quota \u00a0de 15 \u20ac ( a canvi de no comprar cap llibre de text).<\/li>\n<\/ul>\n<ul>\n<li>Juntament amb l\u2019informe de l\u2019alumne rebreu la relaci\u00f3 dels <b>quadernets que cal comprar.<\/b><\/li>\n<\/ul>\n<p>Comprom\u00eds:<\/p>\n<ul>\n<li>La fam\u00edlia i l\u2019alumne t\u00e9 l&#8217;obligaci\u00f3 de mantenir el llibre en bon estat d\u2019\u00fas.<\/li>\n<\/ul>\n<ul>\n<li>Reposar els llibres en cas de p\u00e8rdua o deteriorament.<\/li>\n<\/ul>\n<p><a href=\"http:\/\/blocs.xtec.cat\/escolalolaangladamartorell\/files\/2013\/10\/DSCN2681.jpg\"><img loading=\"lazy\" decoding=\"async\" class=\"alignleft wp-image-577\" style=\"border: 4px solid black; margin-top: 4px; margin-bottom: 4px;\" src=\"http:\/\/blocs.xtec.cat\/escolalolaangladamartorell\/files\/2013\/10\/DSCN2681-300x225.jpg\" alt=\"DSCN2681\" width=\"202\" height=\"151\" \/><\/a><a href=\"http:\/\/blocs.xtec.cat\/escolalolaangladamartorell\/files\/2013\/10\/DSCN2683.jpg\"><img loading=\"lazy\" decoding=\"async\" class=\" wp-image-578 alignright\" style=\"border: 4px solid black; margin-top: 4px; margin-bottom: 4px;\" src=\"http:\/\/blocs.xtec.cat\/escolalolaangladamartorell\/files\/2013\/10\/DSCN2683-300x225.jpg\" alt=\"DSCN2683\" width=\"203\" height=\"154\" \/><\/a><\/p>\n","protected":false},"excerpt":{"rendered":"<p>Impulsar l&#8217;\u00fas compartit i la reutilitzaci\u00f3 dels llibres contribueixen al foment de l&#8217;equitat i promou els valors com\u00a0 la corresponsabilitat i la solidaritat. La cura dels llibres i del material curricular d&#8217;\u00fas com\u00fa i la seva conservaci\u00f3 per a una reutilitzaci\u00f3 posterior suposa un estalvi&hellip;  <a href=\"https:\/\/agora.xtec.cat\/esclolaangladamartorell\/projectes\/projecte-medi-ambient\/projecte-reutilitzacio-de-llibres\/\" title=\"Read Projecte reutilitzaci\u00f3 de llibres\">Llegeix m\u00e9s\u00bb<\/a><\/p>\n","protected":false},"author":1,"featured_media":0,"parent":692,"menu_order":4,"comment_status":"closed","ping_status":"closed","template":"page-templates\/side-menu.php","meta":{"_bbp_topic_count":0,"_bbp_reply_count":0,"_bbp_total_topic_count":0,"_bbp_total_reply_count":0,"_bbp_voice_count":0,"_bbp_anonymous_reply_count":0,"_bbp_topic_count_hidden":0,"_bbp_reply_count_hidden":0,"_bbp_forum_subforum_count":0,"footnotes":""},"class_list":["post-543","page","type-page","status-publish","hentry"],"post_mailing_queue_ids":[],"_links":{"self":[{"href":"https:\/\/agora.xtec.cat\/esclolaangladamartorell\/wp-json\/wp\/v2\/pages\/543","targetHints":{"allow":["GET"]}}],"collection":[{"href":"https:\/\/agora.xtec.cat\/esclolaangladamartorell\/wp-json\/wp\/v2\/pages"}],"about":[{"href":"https:\/\/agora.xtec.cat\/esclolaangladamartorell\/wp-json\/wp\/v2\/types\/page"}],"author":[{"embeddable":true,"href":"https:\/\/agora.xtec.cat\/esclolaangladamartorell\/wp-json\/wp\/v2\/users\/1"}],"replies":[{"embeddable":true,"href":"https:\/\/agora.xtec.cat\/esclolaangladamartorell\/wp-json\/wp\/v2\/comments?post=543"}],"version-history":[{"count":3,"href":"https:\/\/agora.xtec.cat\/esclolaangladamartorell\/wp-json\/wp\/v2\/pages\/543\/revisions"}],"predecessor-version":[{"id":2270,"href":"https:\/\/agora.xtec.cat\/esclolaangladamartorell\/wp-json\/wp\/v2\/pages\/543\/revisions\/2270"}],"up":[{"embeddable":true,"href":"https:\/\/agora.xtec.cat\/esclolaangladamartorell\/wp-json\/wp\/v2\/pages\/692"}],"wp:attachment":[{"href":"https:\/\/agora.xtec.cat\/esclolaangladamartorell\/wp-json\/wp\/v2\/media?parent=543"}],"curies":[{"name":"wp","href":"https:\/\/api.w.org\/{rel}","templated":true}]}}