{"id":530,"date":"2017-12-20T13:23:02","date_gmt":"2017-12-20T12:23:02","guid":{"rendered":"http:\/\/agora.xtec.cat\/esclolaangladamartorell\/?page_id=530"},"modified":"2021-03-04T15:45:21","modified_gmt":"2021-03-04T14:45:21","slug":"hort","status":"publish","type":"page","link":"https:\/\/agora.xtec.cat\/esclolaangladamartorell\/projectes\/projecte-medi-ambient\/hort\/","title":{"rendered":"Hort"},"content":{"rendered":"<p><strong>L&#8217;hort\u00a0<\/strong> \u00e9s un dels projectes de llarg recorregut de la nostra escola.\u00a0 Pas a pas, any rere any, s\u2019ha consolidat aquest fet. L\u2019hort s\u2019arrela en dos continguts molt importants que permeten als nostres alumnes gaudir d\u2019APRENENTATGES VIVENCIALS.<\/p>\n<p>En primer terme valorem l\u2019hort com un espai d\u2019 experimentaci\u00f3, un laboratori de natura, de contacte amb un m\u00f3n que des de la ciutat i des de l\u2019aula queda una mica lluny dels alumnes. Una construcci\u00f3 de coneixement fru\u00eft d\u2019assimilar conceptes te\u00f2rics amb els seus propis ulls, amb les seves mans amb la seva feina.<\/p>\n<p>En segon terme l\u2019hort desenvolupa la consci\u00e8ncia de la natura. El contacte amb la terra, el fet de poder plantar regar i gaudir del creixement d\u2019un \u00e9sser viu, meravellar-se amb el m\u00f3n vegetal i sorprendre\u2019s del que aquest \u00e9s capa\u00e7 d\u2019oferir. La paci\u00e8ncia de veure cr\u00e9ixer un llavor, apreciar els seus fru\u00efts\u2026<\/p>\n<p>L\u2019hort de l\u2019escola \u00e9s un espai que convida a tota la comunitat educativa a gaudir de la natura!<\/p>\n<table style=\"width: auto;\">\n<tbody>\n<tr>\n<td><a href=\"https:\/\/picasaweb.google.com\/lh\/photo\/NOwggN78xt1YYxQD1EnhPNMTjNZETYmyPJy0liipFm0?feat=embedwebsite\"><img loading=\"lazy\" decoding=\"async\" src=\"https:\/\/lh5.googleusercontent.com\/-HvxKqQnZrNY\/UqdpS3tepBI\/AAAAAAAAKg8\/vXKJZLKkcHE\/s640\/web.jpg\" alt=\"\" width=\"640\" height=\"512\" \/><\/a><\/td>\n<\/tr>\n<tr>\n<td style=\"font-family: arial,sans-serif; font-size: 11px; text-align: right;\">From <a href=\"https:\/\/picasaweb.google.com\/educacioinfantillolaanglada\/Collages?authuser=0&amp;feat=embedwebsite\">Collages<\/a><\/td>\n<\/tr>\n<\/tbody>\n<\/table>\n","protected":false},"excerpt":{"rendered":"<p>L&#8217;hort\u00a0 \u00e9s un dels projectes de llarg recorregut de la nostra escola.\u00a0 Pas a pas, any rere any, s\u2019ha consolidat aquest fet. L\u2019hort s\u2019arrela en dos continguts molt importants que permeten als nostres alumnes gaudir d\u2019APRENENTATGES VIVENCIALS.<br \/>\nEn primer terme valorem l\u2019hort com un espai d\u2019&hellip;  <a href=\"https:\/\/agora.xtec.cat\/esclolaangladamartorell\/projectes\/projecte-medi-ambient\/hort\/\" title=\"Read Hort\">Llegeix m\u00e9s\u00bb<\/a><\/p>\n","protected":false},"author":1,"featured_media":0,"parent":692,"menu_order":3,"comment_status":"closed","ping_status":"closed","template":"page-templates\/side-menu.php","meta":{"_bbp_topic_count":0,"_bbp_reply_count":0,"_bbp_total_topic_count":0,"_bbp_total_reply_count":0,"_bbp_voice_count":0,"_bbp_anonymous_reply_count":0,"_bbp_topic_count_hidden":0,"_bbp_reply_count_hidden":0,"_bbp_forum_subforum_count":0,"footnotes":""},"class_list":["post-530","page","type-page","status-publish","hentry"],"post_mailing_queue_ids":[],"_links":{"self":[{"href":"https:\/\/agora.xtec.cat\/esclolaangladamartorell\/wp-json\/wp\/v2\/pages\/530","targetHints":{"allow":["GET"]}}],"collection":[{"href":"https:\/\/agora.xtec.cat\/esclolaangladamartorell\/wp-json\/wp\/v2\/pages"}],"about":[{"href":"https:\/\/agora.xtec.cat\/esclolaangladamartorell\/wp-json\/wp\/v2\/types\/page"}],"author":[{"embeddable":true,"href":"https:\/\/agora.xtec.cat\/esclolaangladamartorell\/wp-json\/wp\/v2\/users\/1"}],"replies":[{"embeddable":true,"href":"https:\/\/agora.xtec.cat\/esclolaangladamartorell\/wp-json\/wp\/v2\/comments?post=530"}],"version-history":[{"count":3,"href":"https:\/\/agora.xtec.cat\/esclolaangladamartorell\/wp-json\/wp\/v2\/pages\/530\/revisions"}],"predecessor-version":[{"id":2269,"href":"https:\/\/agora.xtec.cat\/esclolaangladamartorell\/wp-json\/wp\/v2\/pages\/530\/revisions\/2269"}],"up":[{"embeddable":true,"href":"https:\/\/agora.xtec.cat\/esclolaangladamartorell\/wp-json\/wp\/v2\/pages\/692"}],"wp:attachment":[{"href":"https:\/\/agora.xtec.cat\/esclolaangladamartorell\/wp-json\/wp\/v2\/media?parent=530"}],"curies":[{"name":"wp","href":"https:\/\/api.w.org\/{rel}","templated":true}]}}