{"id":528,"date":"2017-12-20T13:22:47","date_gmt":"2017-12-20T12:22:47","guid":{"rendered":"http:\/\/agora.xtec.cat\/esclolaangladamartorell\/?page_id=528"},"modified":"2021-03-04T15:39:57","modified_gmt":"2021-03-04T14:39:57","slug":"energia-renovable","status":"publish","type":"page","link":"https:\/\/agora.xtec.cat\/esclolaangladamartorell\/projectes\/projecte-medi-ambient\/energia-renovable\/","title":{"rendered":"Energia renovable"},"content":{"rendered":"<p><a href=\"http:\/\/www20.gencat.cat\/docs\/icaen\/06_Relacions%20Institucionals%20I%20Comunicacio\/04_Publicacions\/Imatges\/Arxius%20100\/Xarxa%20Escoles%20solars%20Catalunya.bmp\"><img loading=\"lazy\" decoding=\"async\" id=\"irc_mi\" class=\"alignleft\" src=\"http:\/\/www20.gencat.cat\/docs\/icaen\/06_Relacions%20Institucionals%20I%20Comunicacio\/04_Publicacions\/Imatges\/Arxius%20100\/Xarxa%20Escoles%20solars%20Catalunya.bmp\" alt=\"\" width=\"100\" height=\"138\" \/><\/a><\/p>\n<p style=\"text-align: center;\"><span style=\"text-decoration: underline;\"><strong>XARXA D&#8217;ESCOLES SOLARS DE CATALUNYA<\/strong><\/span><\/p>\n<p>Les nostres instal.lacions gaudeixen d&#8217;energia solar t\u00e8rmica, aprofitem al radiaci\u00f3 solar per escalfar l&#8217;aigua.<\/p>\n<p>&nbsp;<\/p>\n<div>\n<div>\n<p>En un model energ\u00e8tic sostenible \u00e9s prioritari avan\u00e7ar en el cam\u00ed del foment de les energies renovables de manera sincronitzada amb una estrat\u00e8gia d\u2019estalvi i efici\u00e8ncia energ\u00e8tica, ja que aquests \u00e0mbits s\u00f3n complementaris. \u00c9s a dir, cal impulsar les fonts energ\u00e8tiques renovables fins al seu m\u00e0xim potencial per\u00f2, al mateix temps, reduir les necessitats energ\u00e8tiques de la societat a uns valors que permetin que les energies renovables en siguin la component principal.<a href=\"http:\/\/blocs.xtec.cat\/escolalolaangladamartorell\/files\/2013\/11\/DSCN2664.jpg\"><img loading=\"lazy\" decoding=\"async\" class=\"alignleft size-medium wp-image-582\" style=\"border: 4px solid black; margin-top: 4px; margin-bottom: 4px;\" src=\"http:\/\/blocs.xtec.cat\/escolalolaangladamartorell\/files\/2013\/11\/DSCN2664-300x225.jpg\" alt=\"DSCN2664\" width=\"300\" height=\"225\" \/><\/a><\/p>\n<p>Les energies renovables s\u00f3n l\u2019aposta estrat\u00e8gica de futur perqu\u00e8 s\u00f3n netes, es restitueixen gratu\u00eftament, i poden ser part de la soluci\u00f3 al problema energ\u00e8tic a llarg termini. Tanmateix representen el recurs energ\u00e8tic aut\u00f2cton m\u00e9s important de Catalunya i el seu aprofitament energ\u00e8tic redueix la depend\u00e8ncia energ\u00e8tica externa.<\/p>\n<\/div>\n<\/div>\n","protected":false},"excerpt":{"rendered":"<p><a href=\"http:\/\/www20.gencat.cat\/docs\/icaen\/06_Relacions%20Institucionals%20I%20Comunicacio\/04_Publicacions\/Imatges\/Arxius%20100\/Xarxa%20Escoles%20solars%20Catalunya.bmp\"><\/a><br \/>\nXARXA D&#8217;ESCOLES SOLARS DE CATALUNYA<br \/>\nLes nostres instal.lacions gaudeixen d&#8217;energia solar t\u00e8rmica, aprofitem al radiaci\u00f3 solar per escalfar l&#8217;aigua.<br \/>\n&nbsp;<\/p>\n<p>En un model energ\u00e8tic sostenible \u00e9s prioritari avan\u00e7ar en el cam\u00ed del foment de les energies renovables de manera sincronitzada amb una estrat\u00e8gia d\u2019estalvi i efici\u00e8ncia energ\u00e8tica,&hellip;  <a href=\"https:\/\/agora.xtec.cat\/esclolaangladamartorell\/projectes\/projecte-medi-ambient\/energia-renovable\/\" title=\"Read Energia renovable\">Llegeix m\u00e9s\u00bb<\/a><\/p>\n","protected":false},"author":1,"featured_media":0,"parent":692,"menu_order":2,"comment_status":"closed","ping_status":"closed","template":"page-templates\/side-menu.php","meta":{"_bbp_topic_count":0,"_bbp_reply_count":0,"_bbp_total_topic_count":0,"_bbp_total_reply_count":0,"_bbp_voice_count":0,"_bbp_anonymous_reply_count":0,"_bbp_topic_count_hidden":0,"_bbp_reply_count_hidden":0,"_bbp_forum_subforum_count":0,"footnotes":""},"class_list":["post-528","page","type-page","status-publish","hentry"],"post_mailing_queue_ids":[],"_links":{"self":[{"href":"https:\/\/agora.xtec.cat\/esclolaangladamartorell\/wp-json\/wp\/v2\/pages\/528","targetHints":{"allow":["GET"]}}],"collection":[{"href":"https:\/\/agora.xtec.cat\/esclolaangladamartorell\/wp-json\/wp\/v2\/pages"}],"about":[{"href":"https:\/\/agora.xtec.cat\/esclolaangladamartorell\/wp-json\/wp\/v2\/types\/page"}],"author":[{"embeddable":true,"href":"https:\/\/agora.xtec.cat\/esclolaangladamartorell\/wp-json\/wp\/v2\/users\/1"}],"replies":[{"embeddable":true,"href":"https:\/\/agora.xtec.cat\/esclolaangladamartorell\/wp-json\/wp\/v2\/comments?post=528"}],"version-history":[{"count":3,"href":"https:\/\/agora.xtec.cat\/esclolaangladamartorell\/wp-json\/wp\/v2\/pages\/528\/revisions"}],"predecessor-version":[{"id":2268,"href":"https:\/\/agora.xtec.cat\/esclolaangladamartorell\/wp-json\/wp\/v2\/pages\/528\/revisions\/2268"}],"up":[{"embeddable":true,"href":"https:\/\/agora.xtec.cat\/esclolaangladamartorell\/wp-json\/wp\/v2\/pages\/692"}],"wp:attachment":[{"href":"https:\/\/agora.xtec.cat\/esclolaangladamartorell\/wp-json\/wp\/v2\/media?parent=528"}],"curies":[{"name":"wp","href":"https:\/\/api.w.org\/{rel}","templated":true}]}}