{"id":480,"date":"2017-12-13T13:19:58","date_gmt":"2017-12-13T12:19:58","guid":{"rendered":"http:\/\/agora.xtec.cat\/esclolaangladamartorell\/?page_id=480"},"modified":"2018-02-08T12:46:39","modified_gmt":"2018-02-08T11:46:39","slug":"espai-lola-anglada","status":"publish","type":"page","link":"https:\/\/agora.xtec.cat\/esclolaangladamartorell\/lescola\/espai-lola-anglada\/","title":{"rendered":"Espai Lola Anglada"},"content":{"rendered":"<p align=\"justify\"><span style=\"font-family: Arial,Helvetica,sans-serif; font-size: large;\"><b><span style=\"color: #339900; font-family: Verdana,Arial,Helvetica,sans-serif;\">Lola Anglada i Sarriera<\/span><\/b><span style=\"font-family: Verdana,Arial,Helvetica,sans-serif;\"> va n\u00e9ixer a Barcelona, el 28 d&#8217;octubre de 1892. Pertanyia a una fam\u00edlia burgesa de llarga tradici\u00f3 catalana, lligada a la ind\u00fastria t\u00e8xtil. Lola tenia dues germanes: Angelina i Conxita, i un germ\u00e0, Josep Manel. Van rebre una bona educaci\u00f3; van aprendre el franc\u00e8s i van tenir suport en les seves inclinacions art\u00edstiques.<\/span><\/span><\/p>\n<p align=\"justify\"><span style=\"font-family: Verdana,Arial,Helvetica,sans-serif; font-size: large;\">Narradora per a infants i dibuixant, col\u00b7labor\u00e0 des de molt jove a gaireb\u00e9 totes les revistes infantils catalanes de l&#8217;\u00e8poca i arrib\u00e0 a esdevenir una de les escriptores m\u00e9s representatives del g\u00e8nere a la pre-guerra. El 1920 aparegu\u00e9 el seu primer llibre, <b><span style=\"color: #ff0000;\"><i>Contes del parad\u00eds<\/i><\/span><\/b>, tamb\u00e9 obtingu\u00e9 un gran \u00e8xit amb <i><b><span style=\"color: #ff0000;\">En Peret<\/span><\/b><\/i>, hist\u00f2ria meravellosa il\u00b7lustrada per ella mateixa, com tots el seus llibres. D&#8217;estil semblant s\u00f3n, entre d&#8217;altres, <i><b><span style=\"color: #ff0000;\">Margarida<\/span><\/b><\/i>,<i><b><span style=\"color: #ff0000;\"> Monsenyor Llangardaix<\/span><\/b><\/i>, <i><b><span style=\"color: #ff0000;\">Martinet<\/span><\/b><\/i>, <span style=\"color: #ff0000;\"> <i> <b>Contes d&#8217;argent<\/b><\/i><\/span>, <i><b><span style=\"color: #ff0000;\">Narc\u00eds<\/span><\/b><\/i>, <span style=\"color: #ff0000;\"> <i> <b>Les meves nines<\/b><\/i><\/span>, <i><b><span style=\"color: #ff0000;\">Contes meravellosos<\/span><\/b><\/i>.Tamb\u00e9 \u00e9s autora d&#8217;<i><b><span style=\"color: #ff0000;\">El m\u00e9s petit de tots<\/span><\/b><\/i>. M\u00e9s tard escriuria <i><b><span style=\"color: #ff0000;\">La Barcelona dels nostres avis<\/span><\/b><\/i> i <span style=\"color: #ff0000;\"><i><b>La meva casa i el meu jard\u00ed<\/b><\/i><\/span>.<\/span><span style=\"font-family: Arial,Helvetica,sans-serif; font-size: large;\"><br \/>\n<span style=\"font-family: Verdana,Arial,Helvetica,sans-serif;\">D&#8217;altra banda, va fer una notable col\u00b7lecci\u00f3 de nines que avui en dia es pot visitar al <b><span style=\"color: #0000ff;\"><a href=\"http:\/\/www.diba.es\/museus\/sitges.asp\">Museu Rom\u00e0ntic de Sitges<\/a><\/span><\/b>.<\/span><\/span><\/p>\n<p><span style=\"font-family: Verdana,Arial,Helvetica,sans-serif; font-size: large;\">Lola Anglada va morir l&#8217;any 1984 a <a href=\"http:\/\/www.viladetiana.org\/\">Tiana<\/a>, localitat del Maresme que est\u00e0 molt present en la seva obra.<\/span><\/p>\n","protected":false},"excerpt":{"rendered":"<p>Lola Anglada i Sarriera va n\u00e9ixer a Barcelona, el 28 d&#8217;octubre de 1892. Pertanyia a una fam\u00edlia burgesa de llarga tradici\u00f3 catalana, lligada a la ind\u00fastria t\u00e8xtil. Lola tenia dues germanes: Angelina i Conxita, i un germ\u00e0, Josep Manel. Van rebre una bona educaci\u00f3; van&hellip;  <a href=\"https:\/\/agora.xtec.cat\/esclolaangladamartorell\/lescola\/espai-lola-anglada\/\" title=\"Read Espai Lola Anglada\">Llegeix m\u00e9s\u00bb<\/a><\/p>\n","protected":false},"author":1,"featured_media":0,"parent":22,"menu_order":3,"comment_status":"closed","ping_status":"closed","template":"page-templates\/side-menu.php","meta":{"_bbp_topic_count":0,"_bbp_reply_count":0,"_bbp_total_topic_count":0,"_bbp_total_reply_count":0,"_bbp_voice_count":0,"_bbp_anonymous_reply_count":0,"_bbp_topic_count_hidden":0,"_bbp_reply_count_hidden":0,"_bbp_forum_subforum_count":0,"footnotes":""},"class_list":["post-480","page","type-page","status-publish","hentry"],"post_mailing_queue_ids":[],"_links":{"self":[{"href":"https:\/\/agora.xtec.cat\/esclolaangladamartorell\/wp-json\/wp\/v2\/pages\/480","targetHints":{"allow":["GET"]}}],"collection":[{"href":"https:\/\/agora.xtec.cat\/esclolaangladamartorell\/wp-json\/wp\/v2\/pages"}],"about":[{"href":"https:\/\/agora.xtec.cat\/esclolaangladamartorell\/wp-json\/wp\/v2\/types\/page"}],"author":[{"embeddable":true,"href":"https:\/\/agora.xtec.cat\/esclolaangladamartorell\/wp-json\/wp\/v2\/users\/1"}],"replies":[{"embeddable":true,"href":"https:\/\/agora.xtec.cat\/esclolaangladamartorell\/wp-json\/wp\/v2\/comments?post=480"}],"version-history":[{"count":2,"href":"https:\/\/agora.xtec.cat\/esclolaangladamartorell\/wp-json\/wp\/v2\/pages\/480\/revisions"}],"predecessor-version":[{"id":595,"href":"https:\/\/agora.xtec.cat\/esclolaangladamartorell\/wp-json\/wp\/v2\/pages\/480\/revisions\/595"}],"up":[{"embeddable":true,"href":"https:\/\/agora.xtec.cat\/esclolaangladamartorell\/wp-json\/wp\/v2\/pages\/22"}],"wp:attachment":[{"href":"https:\/\/agora.xtec.cat\/esclolaangladamartorell\/wp-json\/wp\/v2\/media?parent=480"}],"curies":[{"name":"wp","href":"https:\/\/api.w.org\/{rel}","templated":true}]}}