{"id":3216,"date":"2025-02-15T16:50:21","date_gmt":"2025-02-15T15:50:21","guid":{"rendered":"https:\/\/agora.xtec.cat\/esclolaangladamartorell\/?page_id=3216"},"modified":"2025-02-18T01:06:58","modified_gmt":"2025-02-18T00:06:58","slug":"educacio-emocional","status":"publish","type":"page","link":"https:\/\/agora.xtec.cat\/esclolaangladamartorell\/projecte_educatiu\/com-ho-fem\/educacio-emocional\/","title":{"rendered":"Educaci\u00f3 emocional"},"content":{"rendered":"<p>A l&#8217;escola treballem l&#8217;educaci\u00f3 emocional en molts moments de la vida di\u00e0ria com ara en les rotllanes, assemblees, en l&#8217;acompanyament individualitzat a l&#8217;infant.<\/p>\n<p><a href=\"https:\/\/agora.xtec.cat\/esclolaangladamartorell\/wp-content\/uploads\/usu1696\/2025\/02\/765d79b7-0fb9-4cb3-934e-736cd6495e80.jpg\"><img loading=\"lazy\" decoding=\"async\" class=\"aligncenter  wp-image-3251\" src=\"https:\/\/agora.xtec.cat\/esclolaangladamartorell\/wp-content\/uploads\/usu1696\/2025\/02\/765d79b7-0fb9-4cb3-934e-736cd6495e80.jpg\" alt=\"\" width=\"602\" height=\"397\" srcset=\"https:\/\/agora.xtec.cat\/esclolaangladamartorell\/wp-content\/uploads\/usu1696\/2025\/02\/765d79b7-0fb9-4cb3-934e-736cd6495e80.jpg 2048w, https:\/\/agora.xtec.cat\/esclolaangladamartorell\/wp-content\/uploads\/usu1696\/2025\/02\/765d79b7-0fb9-4cb3-934e-736cd6495e80-300x198.jpg 300w, https:\/\/agora.xtec.cat\/esclolaangladamartorell\/wp-content\/uploads\/usu1696\/2025\/02\/765d79b7-0fb9-4cb3-934e-736cd6495e80-1024x675.jpg 1024w, https:\/\/agora.xtec.cat\/esclolaangladamartorell\/wp-content\/uploads\/usu1696\/2025\/02\/765d79b7-0fb9-4cb3-934e-736cd6495e80-768x506.jpg 768w, https:\/\/agora.xtec.cat\/esclolaangladamartorell\/wp-content\/uploads\/usu1696\/2025\/02\/765d79b7-0fb9-4cb3-934e-736cd6495e80-1536x1013.jpg 1536w\" sizes=\"auto, (max-width: 602px) 100vw, 602px\" \/><\/a><\/p>\n","protected":false},"excerpt":{"rendered":"<p>A l&#8217;escola treballem l&#8217;educaci\u00f3 emocional en molts moments de la vida di\u00e0ria com ara en les rotllanes, assemblees, en l&#8217;acompanyament individualitzat a l&#8217;infant.<br \/>\n<a href=\"https:\/\/agora.xtec.cat\/esclolaangladamartorell\/wp-content\/uploads\/usu1696\/2025\/02\/765d79b7-0fb9-4cb3-934e-736cd6495e80.jpg\"><\/a><\/p>\n","protected":false},"author":1,"featured_media":0,"parent":844,"menu_order":8,"comment_status":"closed","ping_status":"closed","template":"page-templates\/side-menu.php","meta":{"_bbp_topic_count":0,"_bbp_reply_count":0,"_bbp_total_topic_count":0,"_bbp_total_reply_count":0,"_bbp_voice_count":0,"_bbp_anonymous_reply_count":0,"_bbp_topic_count_hidden":0,"_bbp_reply_count_hidden":0,"_bbp_forum_subforum_count":0,"footnotes":""},"class_list":["post-3216","page","type-page","status-publish","hentry"],"post_mailing_queue_ids":[],"_links":{"self":[{"href":"https:\/\/agora.xtec.cat\/esclolaangladamartorell\/wp-json\/wp\/v2\/pages\/3216","targetHints":{"allow":["GET"]}}],"collection":[{"href":"https:\/\/agora.xtec.cat\/esclolaangladamartorell\/wp-json\/wp\/v2\/pages"}],"about":[{"href":"https:\/\/agora.xtec.cat\/esclolaangladamartorell\/wp-json\/wp\/v2\/types\/page"}],"author":[{"embeddable":true,"href":"https:\/\/agora.xtec.cat\/esclolaangladamartorell\/wp-json\/wp\/v2\/users\/1"}],"replies":[{"embeddable":true,"href":"https:\/\/agora.xtec.cat\/esclolaangladamartorell\/wp-json\/wp\/v2\/comments?post=3216"}],"version-history":[{"count":3,"href":"https:\/\/agora.xtec.cat\/esclolaangladamartorell\/wp-json\/wp\/v2\/pages\/3216\/revisions"}],"predecessor-version":[{"id":3253,"href":"https:\/\/agora.xtec.cat\/esclolaangladamartorell\/wp-json\/wp\/v2\/pages\/3216\/revisions\/3253"}],"up":[{"embeddable":true,"href":"https:\/\/agora.xtec.cat\/esclolaangladamartorell\/wp-json\/wp\/v2\/pages\/844"}],"wp:attachment":[{"href":"https:\/\/agora.xtec.cat\/esclolaangladamartorell\/wp-json\/wp\/v2\/media?parent=3216"}],"curies":[{"name":"wp","href":"https:\/\/api.w.org\/{rel}","templated":true}]}}