{"id":3212,"date":"2025-02-15T16:46:21","date_gmt":"2025-02-15T15:46:21","guid":{"rendered":"https:\/\/agora.xtec.cat\/esclolaangladamartorell\/?page_id=3212"},"modified":"2025-02-16T11:40:17","modified_gmt":"2025-02-16T10:40:17","slug":"personalitzacio-de-laprenentatge","status":"publish","type":"page","link":"https:\/\/agora.xtec.cat\/esclolaangladamartorell\/projecte_educatiu\/com-ho-fem\/personalitzacio-de-laprenentatge\/","title":{"rendered":"Personalitzaci\u00f3 de l&#8217;aprenentatge"},"content":{"rendered":"<p>A l&#8217;escola es treballa per la personalitzaci\u00f3 dels aprenentatges, a partir de propostes obertes on s&#8217;at\u00e9n la diversitat des de diferents nivells. Tots els infants tenen un repte ajustat per assolir. Fem seguiment de l&#8217;alumnat i l&#8217;acompanyem en tots els nivells al llarg de la seva escolaritat. L&#8217;educaci\u00f3 emocional hi t\u00e9 un paper clau i destacat en tot aquest proc\u00e9s.<\/p>\n","protected":false},"excerpt":{"rendered":"<p>A l&#8217;escola es treballa per la personalitzaci\u00f3 dels aprenentatges, a partir de propostes obertes on s&#8217;at\u00e9n la diversitat des de diferents nivells. Tots els infants tenen un repte ajustat per assolir. Fem seguiment de l&#8217;alumnat i l&#8217;acompanyem en tots els nivells al llarg de la&hellip;  <a href=\"https:\/\/agora.xtec.cat\/esclolaangladamartorell\/projecte_educatiu\/com-ho-fem\/personalitzacio-de-laprenentatge\/\" title=\"Read Personalitzaci\u00f3 de l&#8217;aprenentatge\">Llegeix m\u00e9s\u00bb<\/a><\/p>\n","protected":false},"author":1,"featured_media":0,"parent":844,"menu_order":7,"comment_status":"closed","ping_status":"closed","template":"page-templates\/side-menu.php","meta":{"_bbp_topic_count":0,"_bbp_reply_count":0,"_bbp_total_topic_count":0,"_bbp_total_reply_count":0,"_bbp_voice_count":0,"_bbp_anonymous_reply_count":0,"_bbp_topic_count_hidden":0,"_bbp_reply_count_hidden":0,"_bbp_forum_subforum_count":0,"footnotes":""},"class_list":["post-3212","page","type-page","status-publish","hentry"],"post_mailing_queue_ids":[],"_links":{"self":[{"href":"https:\/\/agora.xtec.cat\/esclolaangladamartorell\/wp-json\/wp\/v2\/pages\/3212","targetHints":{"allow":["GET"]}}],"collection":[{"href":"https:\/\/agora.xtec.cat\/esclolaangladamartorell\/wp-json\/wp\/v2\/pages"}],"about":[{"href":"https:\/\/agora.xtec.cat\/esclolaangladamartorell\/wp-json\/wp\/v2\/types\/page"}],"author":[{"embeddable":true,"href":"https:\/\/agora.xtec.cat\/esclolaangladamartorell\/wp-json\/wp\/v2\/users\/1"}],"replies":[{"embeddable":true,"href":"https:\/\/agora.xtec.cat\/esclolaangladamartorell\/wp-json\/wp\/v2\/comments?post=3212"}],"version-history":[{"count":2,"href":"https:\/\/agora.xtec.cat\/esclolaangladamartorell\/wp-json\/wp\/v2\/pages\/3212\/revisions"}],"predecessor-version":[{"id":3215,"href":"https:\/\/agora.xtec.cat\/esclolaangladamartorell\/wp-json\/wp\/v2\/pages\/3212\/revisions\/3215"}],"up":[{"embeddable":true,"href":"https:\/\/agora.xtec.cat\/esclolaangladamartorell\/wp-json\/wp\/v2\/pages\/844"}],"wp:attachment":[{"href":"https:\/\/agora.xtec.cat\/esclolaangladamartorell\/wp-json\/wp\/v2\/media?parent=3212"}],"curies":[{"name":"wp","href":"https:\/\/api.w.org\/{rel}","templated":true}]}}