{"id":26,"date":"2014-09-18T12:24:32","date_gmt":"2014-09-18T10:24:32","guid":{"rendered":"http:\/\/agora.xtec.cat\/esclolaangladamartorell\/?page_id=26"},"modified":"2018-01-21T22:47:25","modified_gmt":"2018-01-21T21:47:25","slug":"historia","status":"publish","type":"page","link":"https:\/\/agora.xtec.cat\/esclolaangladamartorell\/lescola\/historia\/","title":{"rendered":"Hist\u00f2ria"},"content":{"rendered":"<div align=\"center\">\n<div align=\"left\">\n<p align=\"justify\"><span style=\"font-size: large;\">L&#8217;escola va comen\u00e7ar a funcionar el mes de setembre de 1999, amb el nom de CEIP Martorell.<br \/>\nVa n\u00e9ixer fruit de l&#8217;increment espectacular de la poblaci\u00f3 activa. Aquest augment de la poblaci\u00f3 era conseq\u00fc\u00e8ncia de la immigraci\u00f3 provocada per l&#8217;oferta de llocs de treball en el municipi, fet que va determinar la necessitat de construir una nova escola.<\/span><\/p>\n<p align=\"justify\"><span style=\"font-size: large;\">Al llarg dels anys de funcionament del centre, la seva situaci\u00f3 ha canviat de manera notable a cada curs:<\/span><\/p>\n<\/div>\n<\/div>\n<div align=\"justify\">\n<ul>\n<li><span style=\"font-size: large;\"><b><i>Curs 1999\/2000<\/i><\/b>: l&#8217;any de la seva creaci\u00f3 l&#8217;escola comptava amb tres grups d&#8217;educaci\u00f3 infantil amb una r\u00e0tio molt desigual i un grup de cicle inicial amb una r\u00e0tio molt baixa. El nombre total d&#8217;alumnes era de 47. L&#8217;equipament constava de cinc m\u00f2duls prefabricats: tres aularis, un m\u00f2dul serveis (menjador i sala d&#8217;usos m\u00faltiples) i un m\u00f2dul de despatxos. Posteriorment un dels m\u00f2duls d&#8217;aulari es va condicionar com a aula d&#8217;inform\u00e0tica, guardamobles, sala de psicomotricitat i cambra dormitori pels alumnes d&#8217;educaci\u00f3 infantil que utilitzaven el servei de menjador. Aquests m\u00f2duls prefabricats s&#8217;ubicaven en els mateixos terrenys on posteriorment s&#8217;ha constru\u00eft el nou edifici, que ha comen\u00e7at a funcionar el setembre del 2002.<br \/>\nL&#8217;equip docent estava format per cinc mestres i no es comptava amb cap especialista.<\/span><\/li>\n<\/ul>\n<\/div>\n<div align=\"justify\">\n<ul>\n<li><span style=\"font-size: large;\"><b><i>Curs 2000\/2001<\/i><\/b>: El nombre d&#8217;alumnes va augmentar fins a 145, repartits en 8 grups: 5 d&#8217;educaci\u00f3 infantil, dos de cicle inicial i un de cicle mitj\u00e0 (3r).<br \/>\nEs va afegir un m\u00f2dul d&#8217;aulari m\u00e9s i es va haver de reorganitzar l&#8217;espai: el m\u00f2dul menjador va passar a ser tamb\u00e9 sala de psicomotricitat i dormitori pels alumnes d&#8217;educaci\u00f3 infantil.<br \/>\nLa plantilla de mestres va passar a ser d&#8217;11. Ja es comptava amb especialista d&#8217;angl\u00e8s i d&#8217;educaci\u00f3 especial.<\/span><\/li>\n<\/ul>\n<\/div>\n<p align=\"center\"><img loading=\"lazy\" decoding=\"async\" src=\"http:\/\/xtec.cat\/centres\/a8053601\/escola\/imatges\/ceipmartorell.jpg\" alt=\"\" width=\"280\" height=\"189\" \/><\/p>\n<div align=\"justify\">\n<ul>\n<li><span style=\"font-size: large;\"><b><i>Curs 2001\/2002<\/i><\/b>: Hi havia 215 alumnes repartits en 10 unitats: 6 d&#8217;educaci\u00f3 infantil, dues de cicle inicial i dues de cicle mitj\u00e0. Es va tornar a afegir un m\u00f2dul prefabricat per acollir les dues noves aules.<br \/>\nVa augmentar tamb\u00e9 l&#8217;equip docent: 15 mestres, entre els quals ja hi havia 4 especialistes: angl\u00e8s, educaci\u00f3 especial, m\u00fasica i educaci\u00f3 f\u00edsica.<\/span><\/li>\n<\/ul>\n<\/div>\n<p align=\"center\"><img loading=\"lazy\" decoding=\"async\" src=\"http:\/\/xtec.cat\/centres\/a8053601\/escola\/imatges\/ceipmartorell2.jpg\" alt=\"\" width=\"280\" height=\"189\" \/><\/p>\n<div align=\"justify\">\n<ul>\n<li><span style=\"font-family: Arial,Helvetica,sans-serif; font-size: large;\"><b><i>C<\/i><\/b><\/span><span style=\"font-size: large;\"><b><i>urs 2002\/2003<\/i><\/b>: L&#8217;escola es va traslladar al nou edifici. El nombre d&#8217;alumnes era de 308 repartits en 13 grups: 7 d&#8217;educaci\u00f3 infantil (un dels quals era un grup de P3 que no pertanyia al centre), tres de cicle inicial, dos de cicle mitj\u00e0 i un de cicle superior.<br \/>\nL&#8217;equip docent va passar a ser de 18 mestres, 4 dels quals eren especialistes. L&#8217;escola es va inaugurar oficialment el 19 d&#8217;octubre de 2002 i tamb\u00e9 aquest any va adoptar el nom definitiu de Lola Anglada.<\/span><\/p>\n<div align=\"center\"><img loading=\"lazy\" decoding=\"async\" src=\"http:\/\/xtec.cat\/centres\/a8053601\/escola\/imatges\/ceipmartorell3.jpg\" alt=\"\" width=\"280\" height=\"189\" \/><\/div>\n<\/li>\n<\/ul>\n<ul>\n<li><span style=\"font-size: large;\"><b><i>Curs 2003\/2004<\/i><\/b>: Vam comptar amb 17 grups: 9 d&#8217;educaci\u00f3 infantil (tres dels quals pertanyien a una escola de pr\u00f2xima creaci\u00f3 al municipi), 4 de cicle inicial, 2 de cicle mitj\u00e0 i 2 de cicle superior, que sumen un total de 417 alumnes.<br \/>\nL&#8217;equip docent era de 24 mestres.<br \/>\nLa composici\u00f3 de l&#8217;equip era la seg\u00fcent: 8 mestres amb la pla\u00e7a en propietat definitiva, 3 en comissi\u00f3 de servei amb la pla\u00e7a definitiva en un altre centre i 13 en situaci\u00f3 d&#8217;interinatge, el que conforma una plantilla poc estable.<\/span><\/li>\n<\/ul>\n<\/div>\n<div align=\"justify\">\n<ul>\n<li><span style=\"font-size: large;\"><b><i>Curs 2004\/2005<\/i><\/b>: Hi havia 16 unitats al centre, nom\u00e9s falta un 5\u00e8. i un 6\u00e8. per tenir completes les dues l\u00ednies que ens corresponen. El nombre d&#8217;alumnes era de 281, per\u00f2 es produeixen moltes variacions, a l&#8217;igual que a tots els centres de Martorell.<\/span><\/li>\n<\/ul>\n<\/div>\n<div align=\"justify\">\n<ul>\n<li><span style=\"font-size: large;\"><b><i>Curs 2005\/2006<\/i><\/b>: Hi havia 17 unitats al centre, nom\u00e9s falta un 6\u00e8. per tenir completes les dues l\u00ednies que ens corresponen. El nombre d&#8217;alumnes era de 414. <\/span><\/li>\n<\/ul>\n<\/div>\n<div align=\"justify\">\n<ul>\n<li><span style=\"font-size: large;\"><b><i>Curs 2006\/2007:<\/i>\u00a0<\/b>Hi havia 19 unitats al centre, ten\u00edem completes les dues l\u00ednies i 3 a P3<b>. <\/b>El nombre d&#8217;alumnes era 467. <\/span><\/li>\n<\/ul>\n<\/div>\n","protected":false},"excerpt":{"rendered":"<p>L&#8217;escola va comen\u00e7ar a funcionar el mes de setembre de 1999, amb el nom de CEIP Martorell.<br \/>\nVa n\u00e9ixer fruit de l&#8217;increment espectacular de la poblaci\u00f3 activa. Aquest augment de la poblaci\u00f3 era conseq\u00fc\u00e8ncia de la immigraci\u00f3 provocada per l&#8217;oferta de llocs de treball en el&hellip;  <a href=\"https:\/\/agora.xtec.cat\/esclolaangladamartorell\/lescola\/historia\/\" title=\"Read Hist\u00f2ria\">Llegeix m\u00e9s\u00bb<\/a><\/p>\n","protected":false},"author":1,"featured_media":0,"parent":22,"menu_order":3,"comment_status":"closed","ping_status":"closed","template":"page-templates\/side-menu.php","meta":{"_bbp_topic_count":0,"_bbp_reply_count":0,"_bbp_total_topic_count":0,"_bbp_total_reply_count":0,"_bbp_voice_count":0,"_bbp_anonymous_reply_count":0,"_bbp_topic_count_hidden":0,"_bbp_reply_count_hidden":0,"_bbp_forum_subforum_count":0,"footnotes":""},"class_list":["post-26","page","type-page","status-publish","hentry"],"post_mailing_queue_ids":[],"_links":{"self":[{"href":"https:\/\/agora.xtec.cat\/esclolaangladamartorell\/wp-json\/wp\/v2\/pages\/26","targetHints":{"allow":["GET"]}}],"collection":[{"href":"https:\/\/agora.xtec.cat\/esclolaangladamartorell\/wp-json\/wp\/v2\/pages"}],"about":[{"href":"https:\/\/agora.xtec.cat\/esclolaangladamartorell\/wp-json\/wp\/v2\/types\/page"}],"author":[{"embeddable":true,"href":"https:\/\/agora.xtec.cat\/esclolaangladamartorell\/wp-json\/wp\/v2\/users\/1"}],"replies":[{"embeddable":true,"href":"https:\/\/agora.xtec.cat\/esclolaangladamartorell\/wp-json\/wp\/v2\/comments?post=26"}],"version-history":[{"count":1,"href":"https:\/\/agora.xtec.cat\/esclolaangladamartorell\/wp-json\/wp\/v2\/pages\/26\/revisions"}],"predecessor-version":[{"id":468,"href":"https:\/\/agora.xtec.cat\/esclolaangladamartorell\/wp-json\/wp\/v2\/pages\/26\/revisions\/468"}],"up":[{"embeddable":true,"href":"https:\/\/agora.xtec.cat\/esclolaangladamartorell\/wp-json\/wp\/v2\/pages\/22"}],"wp:attachment":[{"href":"https:\/\/agora.xtec.cat\/esclolaangladamartorell\/wp-json\/wp\/v2\/media?parent=26"}],"curies":[{"name":"wp","href":"https:\/\/api.w.org\/{rel}","templated":true}]}}