{"id":2490,"date":"2022-02-14T16:02:11","date_gmt":"2022-02-14T15:02:11","guid":{"rendered":"https:\/\/agora.xtec.cat\/esclolaangladamartorell\/?page_id=2490"},"modified":"2025-02-16T11:58:38","modified_gmt":"2025-02-16T10:58:38","slug":"horari-datencio-al-public","status":"publish","type":"page","link":"https:\/\/agora.xtec.cat\/esclolaangladamartorell\/informacio-families\/horari-datencio-al-public\/","title":{"rendered":"Horari d&#8217;atenci\u00f3 al p\u00fablic"},"content":{"rendered":"<table style=\"border-collapse: collapse; width: 100%;\">\n<tbody>\n<tr>\n<td style=\"width: 29.763%;\">ATENCI\u00d3 AL P\u00daBLIC D&#8217;ADMINISTRACI\u00d3<\/p>\n<p>PRESENCIAL O TELEF\u00d2NICA<\/td>\n<td style=\"width: 70.1422%;\">9:00 &#8211; 10:00h dilluns, dimarts, dijous i divendres<\/p>\n<p>12:00 &#8211; 13:00h dilluns, dimarts, dijous i divendres<\/p>\n<p>15:00 &#8211; 16:00 dimarts<\/td>\n<\/tr>\n<tr>\n<td style=\"width: 29.763%;\">ATENCI\u00d3 DE DIRECCI\u00d3<\/td>\n<td style=\"width: 70.1422%;\">9:00 &#8211; 10:00h dilluns i divendres<\/p>\n<p>15:45 a 16:30 h dimarts<\/td>\n<\/tr>\n<tr>\n<td style=\"width: 29.763%;\">CONSIDERACIONS<\/td>\n<td style=\"width: 70.1422%;\">\u2013\u00a0\u00a0\u00a0 Per a sol\u00b7licitar una visita presencial caldr\u00e0 trucar per demanar <strong>cita pr\u00e8via<\/strong>.<\/td>\n<\/tr>\n<tr>\n<td style=\"width: 29.763%;\">TEL\u00c8FON<\/td>\n<td style=\"width: 70.1422%;\">937748330<\/td>\n<\/tr>\n<tr>\n<td style=\"width: 29.763%;\">E-MAIL<\/td>\n<td style=\"width: 70.1422%;\">comunicacionsdiverses@gmail.com<\/td>\n<\/tr>\n<\/tbody>\n<\/table>\n<p>&nbsp;<\/p>\n","protected":false},"excerpt":{"rendered":"<p>ATENCI\u00d3 AL P\u00daBLIC D&#8217;ADMINISTRACI\u00d3<br \/>\nPRESENCIAL O TELEF\u00d2NICA<br \/>\n9:00 &#8211; 10:00h dilluns, dimarts, dijous i divendres<br \/>\n12:00 &#8211; 13:00h dilluns, dimarts, dijous i divendres<br \/>\n15:00 &#8211; 16:00 dimarts<\/p>\n<p>ATENCI\u00d3 DE DIRECCI\u00d3<br \/>\n9:00 &#8211; 10:00h dilluns i divendres<br \/>\n15:45 a 16:30 h dimarts<\/p>\n<p>CONSIDERACIONS<br \/>\n\u2013\u00a0\u00a0\u00a0 Per a sol\u00b7licitar una visita presencial caldr\u00e0 trucar per demanar cita&hellip;  <a href=\"https:\/\/agora.xtec.cat\/esclolaangladamartorell\/informacio-families\/horari-datencio-al-public\/\" title=\"Read Horari d&#8217;atenci\u00f3 al p\u00fablic\">Llegeix m\u00e9s\u00bb<\/a><\/p>\n","protected":false},"author":1,"featured_media":0,"parent":473,"menu_order":2,"comment_status":"closed","ping_status":"closed","template":"","meta":{"_bbp_topic_count":0,"_bbp_reply_count":0,"_bbp_total_topic_count":0,"_bbp_total_reply_count":0,"_bbp_voice_count":0,"_bbp_anonymous_reply_count":0,"_bbp_topic_count_hidden":0,"_bbp_reply_count_hidden":0,"_bbp_forum_subforum_count":0,"footnotes":""},"class_list":["post-2490","page","type-page","status-publish","hentry"],"post_mailing_queue_ids":[],"_links":{"self":[{"href":"https:\/\/agora.xtec.cat\/esclolaangladamartorell\/wp-json\/wp\/v2\/pages\/2490","targetHints":{"allow":["GET"]}}],"collection":[{"href":"https:\/\/agora.xtec.cat\/esclolaangladamartorell\/wp-json\/wp\/v2\/pages"}],"about":[{"href":"https:\/\/agora.xtec.cat\/esclolaangladamartorell\/wp-json\/wp\/v2\/types\/page"}],"author":[{"embeddable":true,"href":"https:\/\/agora.xtec.cat\/esclolaangladamartorell\/wp-json\/wp\/v2\/users\/1"}],"replies":[{"embeddable":true,"href":"https:\/\/agora.xtec.cat\/esclolaangladamartorell\/wp-json\/wp\/v2\/comments?post=2490"}],"version-history":[{"count":3,"href":"https:\/\/agora.xtec.cat\/esclolaangladamartorell\/wp-json\/wp\/v2\/pages\/2490\/revisions"}],"predecessor-version":[{"id":2501,"href":"https:\/\/agora.xtec.cat\/esclolaangladamartorell\/wp-json\/wp\/v2\/pages\/2490\/revisions\/2501"}],"up":[{"embeddable":true,"href":"https:\/\/agora.xtec.cat\/esclolaangladamartorell\/wp-json\/wp\/v2\/pages\/473"}],"wp:attachment":[{"href":"https:\/\/agora.xtec.cat\/esclolaangladamartorell\/wp-json\/wp\/v2\/media?parent=2490"}],"curies":[{"name":"wp","href":"https:\/\/api.w.org\/{rel}","templated":true}]}}