{"id":2302,"date":"2021-10-06T22:08:11","date_gmt":"2021-10-06T20:08:11","guid":{"rendered":"https:\/\/agora.xtec.cat\/esclolaangladamartorell\/?page_id=2302"},"modified":"2025-02-16T19:23:26","modified_gmt":"2025-02-16T18:23:26","slug":"programa-salut-integral","status":"publish","type":"page","link":"https:\/\/agora.xtec.cat\/esclolaangladamartorell\/pagines-dinici\/programa-salut-integral\/","title":{"rendered":"Programa Salut Integral"},"content":{"rendered":"<h2><a>El Programa SI!<\/a><\/h2>\n<h5>Un programa d&#8217;intervenci\u00f3 escolar adre\u00e7at a nens i nenes de 3 a 16 anys amb un objectiu clar: demostrar que l&#8217;adquisici\u00f3 d&#8217;h\u00e0bits saludables des de la inf\u00e0ncia redueix els riscos de la malaltia cardiovascular i millora la qualitat de vida a l&#8217;edat adulta.<\/h5>\n<p>El principal factor de risc cardiovascular, tant en adults com en edat infantil, \u00e9s l&#8217;obesitat i els seus factors associats com la diabetis i la hipertensi\u00f3, fruit d&#8217;una alimentaci\u00f3 inadequada i uns nivells d&#8217;activitat f\u00edsica baixos. Altres factors de risc de les malalties cardiovasculars, t\u00edpicament estudiats en poblacions adultes, tamb\u00e9 comencen a ser presents a la poblaci\u00f3 infantil espanyola.<\/p>\n<p>El Programa SI! neix de la voluntat del Dr. Valent\u00edn Fuster de promoure la salut cardiovascular amb l&#8217;objectiu d&#8217;ensenyar a mantenir h\u00e0bits de vida adequats durant tota la vida\u00a0.<\/p>\n<p><a href=\"https:\/\/www.programasi.org\/\">Per accedir al Programa SI<br \/>\n<img loading=\"lazy\" decoding=\"async\" class=\"aligncenter wp-image-2310\" src=\"https:\/\/agora.xtec.cat\/esclolaangladamartorell\/wp-content\/uploads\/usu1696\/2021\/10\/Captura-de-pantalla-2021-10-06-a-las-22.01.48-729x1024.png\" alt=\"\" width=\"583\" height=\"819\" srcset=\"https:\/\/agora.xtec.cat\/esclolaangladamartorell\/wp-content\/uploads\/usu1696\/2021\/10\/Captura-de-pantalla-2021-10-06-a-las-22.01.48-729x1024.png 729w, https:\/\/agora.xtec.cat\/esclolaangladamartorell\/wp-content\/uploads\/usu1696\/2021\/10\/Captura-de-pantalla-2021-10-06-a-las-22.01.48-214x300.png 214w, https:\/\/agora.xtec.cat\/esclolaangladamartorell\/wp-content\/uploads\/usu1696\/2021\/10\/Captura-de-pantalla-2021-10-06-a-las-22.01.48-768x1079.png 768w, https:\/\/agora.xtec.cat\/esclolaangladamartorell\/wp-content\/uploads\/usu1696\/2021\/10\/Captura-de-pantalla-2021-10-06-a-las-22.01.48.png 1028w\" sizes=\"auto, (max-width: 583px) 100vw, 583px\" \/><\/a><\/p>\n<p><a href=\"https:\/\/agora.xtec.cat\/esclolaangladamartorell\/wp-content\/uploads\/usu1696\/2021\/10\/Captura-de-pantalla-2021-10-06-a-las-22.02.01.png\"><img loading=\"lazy\" decoding=\"async\" class=\"aligncenter wp-image-2309\" src=\"https:\/\/agora.xtec.cat\/esclolaangladamartorell\/wp-content\/uploads\/usu1696\/2021\/10\/Captura-de-pantalla-2021-10-06-a-las-22.02.01-733x1024.png\" alt=\"\" width=\"524\" height=\"732\" srcset=\"https:\/\/agora.xtec.cat\/esclolaangladamartorell\/wp-content\/uploads\/usu1696\/2021\/10\/Captura-de-pantalla-2021-10-06-a-las-22.02.01-733x1024.png 733w, https:\/\/agora.xtec.cat\/esclolaangladamartorell\/wp-content\/uploads\/usu1696\/2021\/10\/Captura-de-pantalla-2021-10-06-a-las-22.02.01-215x300.png 215w, https:\/\/agora.xtec.cat\/esclolaangladamartorell\/wp-content\/uploads\/usu1696\/2021\/10\/Captura-de-pantalla-2021-10-06-a-las-22.02.01-768x1073.png 768w, https:\/\/agora.xtec.cat\/esclolaangladamartorell\/wp-content\/uploads\/usu1696\/2021\/10\/Captura-de-pantalla-2021-10-06-a-las-22.02.01.png 1016w\" sizes=\"auto, (max-width: 524px) 100vw, 524px\" \/><\/a><a href=\"https:\/\/agora.xtec.cat\/esclolaangladamartorell\/wp-content\/uploads\/usu1696\/2021\/10\/Captura-de-pantalla-2021-10-06-a-las-22.02.12.png\"><img loading=\"lazy\" decoding=\"async\" class=\"aligncenter wp-image-2308\" src=\"https:\/\/agora.xtec.cat\/esclolaangladamartorell\/wp-content\/uploads\/usu1696\/2021\/10\/Captura-de-pantalla-2021-10-06-a-las-22.02.12-727x1024.png\" alt=\"\" width=\"500\" height=\"704\" srcset=\"https:\/\/agora.xtec.cat\/esclolaangladamartorell\/wp-content\/uploads\/usu1696\/2021\/10\/Captura-de-pantalla-2021-10-06-a-las-22.02.12-727x1024.png 727w, https:\/\/agora.xtec.cat\/esclolaangladamartorell\/wp-content\/uploads\/usu1696\/2021\/10\/Captura-de-pantalla-2021-10-06-a-las-22.02.12-213x300.png 213w, https:\/\/agora.xtec.cat\/esclolaangladamartorell\/wp-content\/uploads\/usu1696\/2021\/10\/Captura-de-pantalla-2021-10-06-a-las-22.02.12-768x1081.png 768w, https:\/\/agora.xtec.cat\/esclolaangladamartorell\/wp-content\/uploads\/usu1696\/2021\/10\/Captura-de-pantalla-2021-10-06-a-las-22.02.12.png 858w\" sizes=\"auto, (max-width: 500px) 100vw, 500px\" \/><\/a><a href=\"https:\/\/agora.xtec.cat\/esclolaangladamartorell\/wp-content\/uploads\/usu1696\/2021\/10\/Captura-de-pantalla-2021-10-06-a-las-22.02.21.png\"><img loading=\"lazy\" decoding=\"async\" class=\"aligncenter wp-image-2307\" src=\"https:\/\/agora.xtec.cat\/esclolaangladamartorell\/wp-content\/uploads\/usu1696\/2021\/10\/Captura-de-pantalla-2021-10-06-a-las-22.02.21-716x1024.png\" alt=\"\" width=\"471\" height=\"674\" srcset=\"https:\/\/agora.xtec.cat\/esclolaangladamartorell\/wp-content\/uploads\/usu1696\/2021\/10\/Captura-de-pantalla-2021-10-06-a-las-22.02.21-716x1024.png 716w, https:\/\/agora.xtec.cat\/esclolaangladamartorell\/wp-content\/uploads\/usu1696\/2021\/10\/Captura-de-pantalla-2021-10-06-a-las-22.02.21-210x300.png 210w, https:\/\/agora.xtec.cat\/esclolaangladamartorell\/wp-content\/uploads\/usu1696\/2021\/10\/Captura-de-pantalla-2021-10-06-a-las-22.02.21-768x1098.png 768w, https:\/\/agora.xtec.cat\/esclolaangladamartorell\/wp-content\/uploads\/usu1696\/2021\/10\/Captura-de-pantalla-2021-10-06-a-las-22.02.21.png 856w\" sizes=\"auto, (max-width: 471px) 100vw, 471px\" \/><\/a><a href=\"https:\/\/agora.xtec.cat\/esclolaangladamartorell\/wp-content\/uploads\/usu1696\/2021\/10\/Captura-de-pantalla-2021-10-06-a-las-22.02.29.png\"><img loading=\"lazy\" decoding=\"async\" class=\"aligncenter wp-image-2306\" src=\"https:\/\/agora.xtec.cat\/esclolaangladamartorell\/wp-content\/uploads\/usu1696\/2021\/10\/Captura-de-pantalla-2021-10-06-a-las-22.02.29-718x1024.png\" alt=\"\" width=\"472\" height=\"673\" srcset=\"https:\/\/agora.xtec.cat\/esclolaangladamartorell\/wp-content\/uploads\/usu1696\/2021\/10\/Captura-de-pantalla-2021-10-06-a-las-22.02.29-718x1024.png 718w, https:\/\/agora.xtec.cat\/esclolaangladamartorell\/wp-content\/uploads\/usu1696\/2021\/10\/Captura-de-pantalla-2021-10-06-a-las-22.02.29-210x300.png 210w, https:\/\/agora.xtec.cat\/esclolaangladamartorell\/wp-content\/uploads\/usu1696\/2021\/10\/Captura-de-pantalla-2021-10-06-a-las-22.02.29-768x1095.png 768w, https:\/\/agora.xtec.cat\/esclolaangladamartorell\/wp-content\/uploads\/usu1696\/2021\/10\/Captura-de-pantalla-2021-10-06-a-las-22.02.29.png 856w\" sizes=\"auto, (max-width: 472px) 100vw, 472px\" \/><\/a><a href=\"https:\/\/agora.xtec.cat\/esclolaangladamartorell\/wp-content\/uploads\/usu1696\/2021\/10\/Captura-de-pantalla-2021-10-06-a-las-22.02.40.png\"><img loading=\"lazy\" decoding=\"async\" class=\"aligncenter wp-image-2305\" src=\"https:\/\/agora.xtec.cat\/esclolaangladamartorell\/wp-content\/uploads\/usu1696\/2021\/10\/Captura-de-pantalla-2021-10-06-a-las-22.02.40-723x1024.png\" alt=\"\" width=\"447\" height=\"633\" srcset=\"https:\/\/agora.xtec.cat\/esclolaangladamartorell\/wp-content\/uploads\/usu1696\/2021\/10\/Captura-de-pantalla-2021-10-06-a-las-22.02.40-723x1024.png 723w, https:\/\/agora.xtec.cat\/esclolaangladamartorell\/wp-content\/uploads\/usu1696\/2021\/10\/Captura-de-pantalla-2021-10-06-a-las-22.02.40-212x300.png 212w, https:\/\/agora.xtec.cat\/esclolaangladamartorell\/wp-content\/uploads\/usu1696\/2021\/10\/Captura-de-pantalla-2021-10-06-a-las-22.02.40-768x1088.png 768w, https:\/\/agora.xtec.cat\/esclolaangladamartorell\/wp-content\/uploads\/usu1696\/2021\/10\/Captura-de-pantalla-2021-10-06-a-las-22.02.40.png 858w\" sizes=\"auto, (max-width: 447px) 100vw, 447px\" \/><\/a><a href=\"https:\/\/agora.xtec.cat\/esclolaangladamartorell\/wp-content\/uploads\/usu1696\/2021\/10\/Captura-de-pantalla-2021-10-06-a-las-22.02.48.png\"><img loading=\"lazy\" decoding=\"async\" class=\"aligncenter wp-image-2304\" src=\"https:\/\/agora.xtec.cat\/esclolaangladamartorell\/wp-content\/uploads\/usu1696\/2021\/10\/Captura-de-pantalla-2021-10-06-a-las-22.02.48-736x1024.png\" alt=\"\" width=\"417\" height=\"580\" srcset=\"https:\/\/agora.xtec.cat\/esclolaangladamartorell\/wp-content\/uploads\/usu1696\/2021\/10\/Captura-de-pantalla-2021-10-06-a-las-22.02.48-736x1024.png 736w, https:\/\/agora.xtec.cat\/esclolaangladamartorell\/wp-content\/uploads\/usu1696\/2021\/10\/Captura-de-pantalla-2021-10-06-a-las-22.02.48-216x300.png 216w, https:\/\/agora.xtec.cat\/esclolaangladamartorell\/wp-content\/uploads\/usu1696\/2021\/10\/Captura-de-pantalla-2021-10-06-a-las-22.02.48-768x1069.png 768w, https:\/\/agora.xtec.cat\/esclolaangladamartorell\/wp-content\/uploads\/usu1696\/2021\/10\/Captura-de-pantalla-2021-10-06-a-las-22.02.48.png 868w\" sizes=\"auto, (max-width: 417px) 100vw, 417px\" \/><\/a><a href=\"https:\/\/agora.xtec.cat\/esclolaangladamartorell\/wp-content\/uploads\/usu1696\/2021\/10\/Captura-de-pantalla-2021-10-06-a-las-22.02.55.png\"><img loading=\"lazy\" decoding=\"async\" class=\"aligncenter wp-image-2303\" src=\"https:\/\/agora.xtec.cat\/esclolaangladamartorell\/wp-content\/uploads\/usu1696\/2021\/10\/Captura-de-pantalla-2021-10-06-a-las-22.02.55-722x1024.png\" alt=\"\" width=\"403\" height=\"571\" srcset=\"https:\/\/agora.xtec.cat\/esclolaangladamartorell\/wp-content\/uploads\/usu1696\/2021\/10\/Captura-de-pantalla-2021-10-06-a-las-22.02.55-722x1024.png 722w, https:\/\/agora.xtec.cat\/esclolaangladamartorell\/wp-content\/uploads\/usu1696\/2021\/10\/Captura-de-pantalla-2021-10-06-a-las-22.02.55-211x300.png 211w, https:\/\/agora.xtec.cat\/esclolaangladamartorell\/wp-content\/uploads\/usu1696\/2021\/10\/Captura-de-pantalla-2021-10-06-a-las-22.02.55-768x1089.png 768w, https:\/\/agora.xtec.cat\/esclolaangladamartorell\/wp-content\/uploads\/usu1696\/2021\/10\/Captura-de-pantalla-2021-10-06-a-las-22.02.55.png 860w\" sizes=\"auto, (max-width: 403px) 100vw, 403px\" \/><\/a><\/p>\n","protected":false},"excerpt":{"rendered":"<p><a>El Programa SI!<\/a><br \/>\nUn programa d&#8217;intervenci\u00f3 escolar adre\u00e7at a nens i nenes de 3 a 16 anys amb un objectiu clar: demostrar que l&#8217;adquisici\u00f3 d&#8217;h\u00e0bits saludables des de la inf\u00e0ncia redueix els riscos de la malaltia cardiovascular i millora la qualitat de vida a l&#8217;edat adulta.<br \/>\nEl&hellip;  <a href=\"https:\/\/agora.xtec.cat\/esclolaangladamartorell\/pagines-dinici\/programa-salut-integral\/\" title=\"Read Programa Salut Integral\">Llegeix m\u00e9s\u00bb<\/a><\/p>\n","protected":false},"author":1,"featured_media":0,"parent":7,"menu_order":1,"comment_status":"closed","ping_status":"closed","template":"page-templates\/side-menu.php","meta":{"_bbp_topic_count":0,"_bbp_reply_count":0,"_bbp_total_topic_count":0,"_bbp_total_reply_count":0,"_bbp_voice_count":0,"_bbp_anonymous_reply_count":0,"_bbp_topic_count_hidden":0,"_bbp_reply_count_hidden":0,"_bbp_forum_subforum_count":0,"footnotes":""},"class_list":["post-2302","page","type-page","status-publish","hentry"],"post_mailing_queue_ids":[],"_links":{"self":[{"href":"https:\/\/agora.xtec.cat\/esclolaangladamartorell\/wp-json\/wp\/v2\/pages\/2302","targetHints":{"allow":["GET"]}}],"collection":[{"href":"https:\/\/agora.xtec.cat\/esclolaangladamartorell\/wp-json\/wp\/v2\/pages"}],"about":[{"href":"https:\/\/agora.xtec.cat\/esclolaangladamartorell\/wp-json\/wp\/v2\/types\/page"}],"author":[{"embeddable":true,"href":"https:\/\/agora.xtec.cat\/esclolaangladamartorell\/wp-json\/wp\/v2\/users\/1"}],"replies":[{"embeddable":true,"href":"https:\/\/agora.xtec.cat\/esclolaangladamartorell\/wp-json\/wp\/v2\/comments?post=2302"}],"version-history":[{"count":5,"href":"https:\/\/agora.xtec.cat\/esclolaangladamartorell\/wp-json\/wp\/v2\/pages\/2302\/revisions"}],"predecessor-version":[{"id":3247,"href":"https:\/\/agora.xtec.cat\/esclolaangladamartorell\/wp-json\/wp\/v2\/pages\/2302\/revisions\/3247"}],"up":[{"embeddable":true,"href":"https:\/\/agora.xtec.cat\/esclolaangladamartorell\/wp-json\/wp\/v2\/pages\/7"}],"wp:attachment":[{"href":"https:\/\/agora.xtec.cat\/esclolaangladamartorell\/wp-json\/wp\/v2\/media?parent=2302"}],"curies":[{"name":"wp","href":"https:\/\/api.w.org\/{rel}","templated":true}]}}