{"id":2110,"date":"2021-01-10T00:30:34","date_gmt":"2021-01-09T23:30:34","guid":{"rendered":"http:\/\/agora.xtec.cat\/esclolaangladamartorell\/?page_id=2110"},"modified":"2025-02-16T12:28:54","modified_gmt":"2025-02-16T11:28:54","slug":"consell-dinfants-i-moments-dassemblea","status":"publish","type":"page","link":"https:\/\/agora.xtec.cat\/esclolaangladamartorell\/lescola\/recursos-humans\/consell-dinfants-i-moments-dassemblea\/","title":{"rendered":"Consell d&#8217;alumnes i moments d&#8217;assemblea"},"content":{"rendered":"<p><strong>Proposem<\/strong> recull els moments d\u2019assemblea i el Consell de delegats:<\/p>\n<ul>\n<li>Les <strong>assemblees<\/strong> son moments compartits entre tots els infants d\u2019un mateix grup de refer\u00e8ncia. S\u00f3n moments importants on l\u2019infant sent que forma part d\u2019un grup i apr\u00e8n a respectar-se des de la difer\u00e8ncia. A l\u2019escola fem dues assemblees per fomentar la cooperaci\u00f3 i la cohesi\u00f3 de grup:<\/li>\n<\/ul>\n<p><strong>\u00b7<\/strong> L\u2019<strong>assemblea di\u00e0ria<\/strong> \u00a0\u00e9s el primer moment del dia que l\u2019infant es troba amb el\/la seu\/va tutor\/a i la resta companys de grup de refer\u00e8ncia. \u00c9s un moment\u00a0per treballar i aprofundir en la identitat i la pertinen\u00e7a de grup, a m\u00e9s de consolidar els vincles afectius amb el\/la mestre\/a. Es d\u00f3na molta import\u00e0ncia a escoltar com es troba l\u2019infant. Al final de l\u2019assemblea es planifica i s\u2019acorda la jornada di\u00e0ria.<\/p>\n<p><strong>\u00b7<\/strong> L\u2019<strong>assemblea de tutoria<\/strong> a la tarda \u00e9s l\u2019espai on el grup de refer\u00e8ncia valora, analitza i programa les propostes de millora setmanals. S\u00f3n moments de di\u00e0leg per escoltar les diferents veus i per compartir coneixements i viv\u00e8ncies personals.<\/p>\n<ul>\n<li>El <strong>Consell de delegats\u00a0<\/strong> \u00e9s \u00f2rgan que vol incentivar la participaci\u00f3 dels infants en la presa de decisions a l\u2019escola. Els infants tracten regularment els temes que els interessen en assemblea amb els seus companys i despr\u00e9s els posen en com\u00fa amb la resta de consellers i integrants del Consell.<\/li>\n<\/ul>\n<p>Est\u00e0 format per dos consellers de cada grup de refer\u00e8ncia, el director, secret\u00e0ria i la cap d\u2019estudis.<\/p>\n","protected":false},"excerpt":{"rendered":"<p>Proposem recull els moments d\u2019assemblea i el Consell de delegats:<\/p>\n<ul>\n<li>Les assemblees son moments compartits entre tots els infants d\u2019un mateix grup de refer\u00e8ncia. S\u00f3n moments importants on l\u2019infant sent que forma part d\u2019un grup i apr\u00e8n a respectar-se des de la difer\u00e8ncia. A l\u2019escola fem&hellip;  <a href=\"https:\/\/agora.xtec.cat\/esclolaangladamartorell\/lescola\/recursos-humans\/consell-dinfants-i-moments-dassemblea\/\" title=\"Read Consell d&#8217;alumnes i moments d&#8217;assemblea\">Llegeix m\u00e9s\u00bb<\/a><br \/>\n","protected":false},"author":1,"featured_media":0,"parent":3234,"menu_order":3,"comment_status":"closed","ping_status":"closed","template":"page-templates\/side-menu.php","meta":{"_bbp_topic_count":0,"_bbp_reply_count":0,"_bbp_total_topic_count":0,"_bbp_total_reply_count":0,"_bbp_voice_count":0,"_bbp_anonymous_reply_count":0,"_bbp_topic_count_hidden":0,"_bbp_reply_count_hidden":0,"_bbp_forum_subforum_count":0,"footnotes":""},"class_list":["post-2110","page","type-page","status-publish","hentry"],"post_mailing_queue_ids":[],"_links":{"self":[{"href":"https:\/\/agora.xtec.cat\/esclolaangladamartorell\/wp-json\/wp\/v2\/pages\/2110","targetHints":{"allow":["GET"]}}],"collection":[{"href":"https:\/\/agora.xtec.cat\/esclolaangladamartorell\/wp-json\/wp\/v2\/pages"}],"about":[{"href":"https:\/\/agora.xtec.cat\/esclolaangladamartorell\/wp-json\/wp\/v2\/types\/page"}],"author":[{"embeddable":true,"href":"https:\/\/agora.xtec.cat\/esclolaangladamartorell\/wp-json\/wp\/v2\/users\/1"}],"replies":[{"embeddable":true,"href":"https:\/\/agora.xtec.cat\/esclolaangladamartorell\/wp-json\/wp\/v2\/comments?post=2110"}],"version-history":[{"count":3,"href":"https:\/\/agora.xtec.cat\/esclolaangladamartorell\/wp-json\/wp\/v2\/pages\/2110\/revisions"}],"predecessor-version":[{"id":2113,"href":"https:\/\/agora.xtec.cat\/esclolaangladamartorell\/wp-json\/wp\/v2\/pages\/2110\/revisions\/2113"}],"up":[{"embeddable":true,"href":"https:\/\/agora.xtec.cat\/esclolaangladamartorell\/wp-json\/wp\/v2\/pages\/3234"}],"wp:attachment":[{"href":"https:\/\/agora.xtec.cat\/esclolaangladamartorell\/wp-json\/wp\/v2\/media?parent=2110"}],"curies":[{"name":"wp","href":"https:\/\/api.w.org\/{rel}","templated":true}]}}