{"id":73,"date":"2014-09-18T14:01:51","date_gmt":"2014-09-18T13:01:51","guid":{"rendered":"http:\/\/agora.xtec.cat\/escllumsdelnord\/?page_id=73"},"modified":"2026-04-13T16:58:37","modified_gmt":"2026-04-13T14:58:37","slug":"menjador-escolar","status":"publish","type":"page","link":"https:\/\/agora.xtec.cat\/escllumsdelnord\/serveis\/menjador-escolar\/","title":{"rendered":"Menjador escolar"},"content":{"rendered":"\n<div data-wp-interactive=\"core\/file\" class=\"wp-block-file\"><object data-wp-bind--hidden=\"!state.hasPdfPreview\" hidden class=\"wp-block-file__embed\" data=\"https:\/\/agora.xtec.cat\/escllumsdelnord\/wp-content\/uploads\/usu1797\/2026\/04\/2425-JOCS-ALTERNATIUS-NOBLES.pdf\" type=\"application\/pdf\" style=\"width:100%;height:600px\" aria-label=\"Incrustaci\u00f3 del fitxer 2425 JOCS ALTERNATIUS - NOBLES.\"><\/object><a id=\"wp-block-file--media-a5de9874-cb34-4184-9ed9-e8f7d51ab20a\" href=\"https:\/\/agora.xtec.cat\/escllumsdelnord\/wp-content\/uploads\/usu1797\/2026\/04\/2425-JOCS-ALTERNATIUS-NOBLES.pdf\">2425 JOCS ALTERNATIUS &#8211; NOBLES<\/a><a href=\"https:\/\/agora.xtec.cat\/escllumsdelnord\/wp-content\/uploads\/usu1797\/2026\/04\/2425-JOCS-ALTERNATIUS-NOBLES.pdf\" class=\"wp-block-file__button wp-element-button\" download aria-describedby=\"wp-block-file--media-a5de9874-cb34-4184-9ed9-e8f7d51ab20a\">Baixa<\/a><\/div>\n\n\n\n<div data-wp-interactive=\"core\/file\" class=\"wp-block-file\"><object data-wp-bind--hidden=\"!state.hasPdfPreview\" hidden class=\"wp-block-file__embed\" data=\"https:\/\/agora.xtec.cat\/escllumsdelnord\/wp-content\/uploads\/usu1797\/2026\/04\/LLUMS-DEL-NORD-ABRIL-3.pdf\" type=\"application\/pdf\" style=\"width:100%;height:600px\" aria-label=\"Incrustaci\u00f3 del fitxer LLUMS DEL NORD ABRIL (3).\"><\/object><a id=\"wp-block-file--media-b84885cd-edbb-4275-ba36-aeb287926120\" href=\"https:\/\/agora.xtec.cat\/escllumsdelnord\/wp-content\/uploads\/usu1797\/2026\/04\/LLUMS-DEL-NORD-ABRIL-3.pdf\">LLUMS DEL NORD ABRIL (3)<\/a><a href=\"https:\/\/agora.xtec.cat\/escllumsdelnord\/wp-content\/uploads\/usu1797\/2026\/04\/LLUMS-DEL-NORD-ABRIL-3.pdf\" class=\"wp-block-file__button wp-element-button\" download aria-describedby=\"wp-block-file--media-b84885cd-edbb-4275-ba36-aeb287926120\">Baixa<\/a><\/div>\n\n\n\n<div data-wp-interactive=\"core\/file\" class=\"wp-block-file\"><object data-wp-bind--hidden=\"!state.hasPdfPreview\" hidden class=\"wp-block-file__embed\" data=\"https:\/\/agora.xtec.cat\/escllumsdelnord\/wp-content\/uploads\/usu1797\/2026\/04\/2526-OLIMPIADES-PENTATLO.pdf\" type=\"application\/pdf\" style=\"width:100%;height:600px\" aria-label=\"Incrustaci\u00f3 del fitxer 2526 OLIMP\u00cdADES - PENTATL\u00d3.\"><\/object><a id=\"wp-block-file--media-f5eee54d-6722-4672-abab-e4dd37a7ee66\" href=\"https:\/\/agora.xtec.cat\/escllumsdelnord\/wp-content\/uploads\/usu1797\/2026\/04\/2526-OLIMPIADES-PENTATLO.pdf\">2526 OLIMP\u00cdADES &#8211; PENTATL\u00d3<\/a><a href=\"https:\/\/agora.xtec.cat\/escllumsdelnord\/wp-content\/uploads\/usu1797\/2026\/04\/2526-OLIMPIADES-PENTATLO.pdf\" class=\"wp-block-file__button wp-element-button\" download aria-describedby=\"wp-block-file--media-f5eee54d-6722-4672-abab-e4dd37a7ee66\">Baixa<\/a><\/div>\n\n\n\n<div data-wp-interactive=\"core\/file\" class=\"wp-block-file\"><object data-wp-bind--hidden=\"!state.hasPdfPreview\" hidden class=\"wp-block-file__embed\" data=\"https:\/\/agora.xtec.cat\/escllumsdelnord\/wp-content\/uploads\/usu1797\/2026\/04\/2526-OBJECTIUS-MENSUALS-CONVIVENCIA-MENJADOR-NET.pdf\" type=\"application\/pdf\" style=\"width:100%;height:600px\" aria-label=\"Incrustaci\u00f3 del fitxer 2526 OBJECTIUS MENSUALS CONVIV\u00c8NCIA - MENJADOR NET.\"><\/object><a id=\"wp-block-file--media-fff29c01-ac60-4059-9851-c6c6f347f4c9\" href=\"https:\/\/agora.xtec.cat\/escllumsdelnord\/wp-content\/uploads\/usu1797\/2026\/04\/2526-OBJECTIUS-MENSUALS-CONVIVENCIA-MENJADOR-NET.pdf\">2526 OBJECTIUS MENSUALS CONVIV\u00c8NCIA &#8211; MENJADOR NET<\/a><a href=\"https:\/\/agora.xtec.cat\/escllumsdelnord\/wp-content\/uploads\/usu1797\/2026\/04\/2526-OBJECTIUS-MENSUALS-CONVIVENCIA-MENJADOR-NET.pdf\" class=\"wp-block-file__button wp-element-button\" download aria-describedby=\"wp-block-file--media-fff29c01-ac60-4059-9851-c6c6f347f4c9\">Baixa<\/a><\/div>\n\n\n\n<div data-wp-interactive=\"core\/file\" class=\"wp-block-file\"><object data-wp-bind--hidden=\"!state.hasPdfPreview\" hidden class=\"wp-block-file__embed\" data=\"https:\/\/agora.xtec.cat\/escllumsdelnord\/wp-content\/uploads\/usu1797\/2026\/04\/2526-MENJADOR-SOSTENIBLE-OBJECTIUS-C.VISUAL.pdf\" type=\"application\/pdf\" style=\"width:100%;height:600px\" aria-label=\"Incrustaci\u00f3 del fitxer 2526 MENJADOR SOSTENIBLE OBJECTIUS - C.VISUAL.\"><\/object><a id=\"wp-block-file--media-45fa6772-52c0-4efa-af95-a7b90557aaf2\" href=\"https:\/\/agora.xtec.cat\/escllumsdelnord\/wp-content\/uploads\/usu1797\/2026\/04\/2526-MENJADOR-SOSTENIBLE-OBJECTIUS-C.VISUAL.pdf\">2526 MENJADOR SOSTENIBLE OBJECTIUS &#8211; C.VISUAL<\/a><a href=\"https:\/\/agora.xtec.cat\/escllumsdelnord\/wp-content\/uploads\/usu1797\/2026\/04\/2526-MENJADOR-SOSTENIBLE-OBJECTIUS-C.VISUAL.pdf\" class=\"wp-block-file__button wp-element-button\" download aria-describedby=\"wp-block-file--media-45fa6772-52c0-4efa-af95-a7b90557aaf2\">Baixa<\/a><\/div>\n\n\n\n<div data-wp-interactive=\"core\/file\" class=\"wp-block-file\"><object data-wp-bind--hidden=\"!state.hasPdfPreview\" hidden class=\"wp-block-file__embed\" data=\"https:\/\/agora.xtec.cat\/escllumsdelnord\/wp-content\/uploads\/usu1797\/2026\/04\/2526-GRUPS-DALIMENTS-LACTICS.pdf\" type=\"application\/pdf\" style=\"width:100%;height:600px\" aria-label=\"Incrustaci\u00f3 del fitxer 2526 GRUPS D&#039;ALIMENTS - L\u00c0CTICS.\"><\/object><a id=\"wp-block-file--media-a1321dd5-9683-4f9a-8360-b87e043296d9\" href=\"https:\/\/agora.xtec.cat\/escllumsdelnord\/wp-content\/uploads\/usu1797\/2026\/04\/2526-GRUPS-DALIMENTS-LACTICS.pdf\">2526 GRUPS D&#8217;ALIMENTS &#8211; L\u00c0CTICS<\/a><a href=\"https:\/\/agora.xtec.cat\/escllumsdelnord\/wp-content\/uploads\/usu1797\/2026\/04\/2526-GRUPS-DALIMENTS-LACTICS.pdf\" class=\"wp-block-file__button wp-element-button\" download aria-describedby=\"wp-block-file--media-a1321dd5-9683-4f9a-8360-b87e043296d9\">Baixa<\/a><\/div>\n\n\n\n<div data-wp-interactive=\"core\/file\" class=\"wp-block-file\"><object data-wp-bind--hidden=\"!state.hasPdfPreview\" hidden class=\"wp-block-file__embed\" data=\"https:\/\/agora.xtec.cat\/escllumsdelnord\/wp-content\/uploads\/usu1797\/2026\/04\/2526-FRUITES-I-VERDURES-TEMPORADA-ABRIL.pdf\" type=\"application\/pdf\" style=\"width:100%;height:600px\" aria-label=\"Incrustaci\u00f3 del fitxer 2526 FRUITES I VERDURES TEMPORADA - ABRIL.\"><\/object><a id=\"wp-block-file--media-8c3a294f-5120-4a81-8243-138748918332\" href=\"https:\/\/agora.xtec.cat\/escllumsdelnord\/wp-content\/uploads\/usu1797\/2026\/04\/2526-FRUITES-I-VERDURES-TEMPORADA-ABRIL.pdf\">2526 FRUITES I VERDURES TEMPORADA &#8211; ABRIL<\/a><a href=\"https:\/\/agora.xtec.cat\/escllumsdelnord\/wp-content\/uploads\/usu1797\/2026\/04\/2526-FRUITES-I-VERDURES-TEMPORADA-ABRIL.pdf\" class=\"wp-block-file__button wp-element-button\" download aria-describedby=\"wp-block-file--media-8c3a294f-5120-4a81-8243-138748918332\">Baixa<\/a><\/div>\n\n\n\n<div data-wp-interactive=\"core\/file\" class=\"wp-block-file\"><object data-wp-bind--hidden=\"!state.hasPdfPreview\" hidden class=\"wp-block-file__embed\" data=\"https:\/\/agora.xtec.cat\/escllumsdelnord\/wp-content\/uploads\/usu1797\/2026\/04\/2526-CONCURSOS-RELAT-CURT.pdf\" type=\"application\/pdf\" style=\"width:100%;height:600px\" aria-label=\"Incrustaci\u00f3 del fitxer 2526 CONCURSOS - RELAT CURT.\"><\/object><a id=\"wp-block-file--media-500e4c2a-6cc1-4a1c-bed7-3eefad470d45\" href=\"https:\/\/agora.xtec.cat\/escllumsdelnord\/wp-content\/uploads\/usu1797\/2026\/04\/2526-CONCURSOS-RELAT-CURT.pdf\">2526 CONCURSOS &#8211; RELAT CURT<\/a><a href=\"https:\/\/agora.xtec.cat\/escllumsdelnord\/wp-content\/uploads\/usu1797\/2026\/04\/2526-CONCURSOS-RELAT-CURT.pdf\" class=\"wp-block-file__button wp-element-button\" download aria-describedby=\"wp-block-file--media-500e4c2a-6cc1-4a1c-bed7-3eefad470d45\">Baixa<\/a><\/div>\n\n\n\n<div data-wp-interactive=\"core\/file\" class=\"wp-block-file\"><object data-wp-bind--hidden=\"!state.hasPdfPreview\" hidden class=\"wp-block-file__embed\" data=\"https:\/\/agora.xtec.cat\/escllumsdelnord\/wp-content\/uploads\/usu1797\/2026\/04\/2526-COM-MENSUAL-ACT-CAT-ARA-ABRIL.pdf\" type=\"application\/pdf\" style=\"width:100%;height:600px\" aria-label=\"Incrustaci\u00f3 del fitxer 2526 COM MENSUAL ACT CAT ARA - ABRIL.\"><\/object><a id=\"wp-block-file--media-fe276404-7a15-4a72-97c9-84eede3638f2\" href=\"https:\/\/agora.xtec.cat\/escllumsdelnord\/wp-content\/uploads\/usu1797\/2026\/04\/2526-COM-MENSUAL-ACT-CAT-ARA-ABRIL.pdf\">2526 COM MENSUAL ACT CAT ARA &#8211; ABRIL<\/a><a href=\"https:\/\/agora.xtec.cat\/escllumsdelnord\/wp-content\/uploads\/usu1797\/2026\/04\/2526-COM-MENSUAL-ACT-CAT-ARA-ABRIL.pdf\" class=\"wp-block-file__button wp-element-button\" download aria-describedby=\"wp-block-file--media-fe276404-7a15-4a72-97c9-84eede3638f2\">Baixa<\/a><\/div>\n","protected":false},"excerpt":{"rendered":"","protected":false},"author":1,"featured_media":0,"parent":66,"menu_order":30,"comment_status":"closed","ping_status":"closed","template":"","meta":{"_bbp_topic_count":0,"_bbp_reply_count":0,"_bbp_total_topic_count":0,"_bbp_total_reply_count":0,"_bbp_voice_count":0,"_bbp_anonymous_reply_count":0,"_bbp_topic_count_hidden":0,"_bbp_reply_count_hidden":0,"_bbp_forum_subforum_count":0,"site-sidebar-layout":"default","site-content-layout":"","ast-site-content-layout":"default","site-content-style":"default","site-sidebar-style":"default","ast-global-header-display":"","ast-banner-title-visibility":"","ast-main-header-display":"","ast-hfb-above-header-display":"","ast-hfb-below-header-display":"","ast-hfb-mobile-header-display":"","site-post-title":"","ast-breadcrumbs-content":"","ast-featured-img":"","footer-sml-layout":"","theme-transparent-header-meta":"","adv-header-id-meta":"","stick-header-meta":"","header-above-stick-meta":"","header-main-stick-meta":"","header-below-stick-meta":"","astra-migrate-meta-layouts":"set","ast-page-background-enabled":"default","ast-page-background-meta":{"desktop":{"background-color":"var(--ast-global-color-4)","background-image":"","background-repeat":"repeat","background-position":"center center","background-size":"auto","background-attachment":"scroll","background-type":"","background-media":"","overlay-type":"","overlay-color":"","overlay-opacity":"","overlay-gradient":""},"tablet":{"background-color":"","background-image":"","background-repeat":"repeat","background-position":"center center","background-size":"auto","background-attachment":"scroll","background-type":"","background-media":"","overlay-type":"","overlay-color":"","overlay-opacity":"","overlay-gradient":""},"mobile":{"background-color":"","background-image":"","background-repeat":"repeat","background-position":"center center","background-size":"auto","background-attachment":"scroll","background-type":"","background-media":"","overlay-type":"","overlay-color":"","overlay-opacity":"","overlay-gradient":""}},"ast-content-background-meta":{"desktop":{"background-color":"var(--ast-global-color-5)","background-image":"","background-repeat":"repeat","background-position":"center center","background-size":"auto","background-attachment":"scroll","background-type":"","background-media":"","overlay-type":"","overlay-color":"","overlay-opacity":"","overlay-gradient":""},"tablet":{"background-color":"var(--ast-global-color-5)","background-image":"","background-repeat":"repeat","background-position":"center center","background-size":"auto","background-attachment":"scroll","background-type":"","background-media":"","overlay-type":"","overlay-color":"","overlay-opacity":"","overlay-gradient":""},"mobile":{"background-color":"var(--ast-global-color-5)","background-image":"","background-repeat":"repeat","background-position":"center center","background-size":"auto","background-attachment":"scroll","background-type":"","background-media":"","overlay-type":"","overlay-color":"","overlay-opacity":"","overlay-gradient":""}},"footnotes":""},"class_list":["post-73","page","type-page","status-publish","hentry"],"post_mailing_queue_ids":[],"_links":{"self":[{"href":"https:\/\/agora.xtec.cat\/escllumsdelnord\/wp-json\/wp\/v2\/pages\/73","targetHints":{"allow":["GET"]}}],"collection":[{"href":"https:\/\/agora.xtec.cat\/escllumsdelnord\/wp-json\/wp\/v2\/pages"}],"about":[{"href":"https:\/\/agora.xtec.cat\/escllumsdelnord\/wp-json\/wp\/v2\/types\/page"}],"author":[{"embeddable":true,"href":"https:\/\/agora.xtec.cat\/escllumsdelnord\/wp-json\/wp\/v2\/users\/1"}],"replies":[{"embeddable":true,"href":"https:\/\/agora.xtec.cat\/escllumsdelnord\/wp-json\/wp\/v2\/comments?post=73"}],"version-history":[{"count":6,"href":"https:\/\/agora.xtec.cat\/escllumsdelnord\/wp-json\/wp\/v2\/pages\/73\/revisions"}],"predecessor-version":[{"id":10079,"href":"https:\/\/agora.xtec.cat\/escllumsdelnord\/wp-json\/wp\/v2\/pages\/73\/revisions\/10079"}],"up":[{"embeddable":true,"href":"https:\/\/agora.xtec.cat\/escllumsdelnord\/wp-json\/wp\/v2\/pages\/66"}],"wp:attachment":[{"href":"https:\/\/agora.xtec.cat\/escllumsdelnord\/wp-json\/wp\/v2\/media?parent=73"}],"curies":[{"name":"wp","href":"https:\/\/api.w.org\/{rel}","templated":true}]}}