{"id":712,"date":"2018-11-06T09:50:33","date_gmt":"2018-11-06T08:50:33","guid":{"rendered":"http:\/\/agora.xtec.cat\/escllumsdelnord\/?page_id=712"},"modified":"2025-09-12T21:37:18","modified_gmt":"2025-09-12T19:37:18","slug":"menus","status":"publish","type":"page","link":"https:\/\/agora.xtec.cat\/escllumsdelnord\/serveis\/menjador-escolar\/menus\/","title":{"rendered":"Menjador"},"content":{"rendered":"<div class=\"entry-content\">\n<p>El centre ofereix el servei de menjador de les 12:30 a les 15:00 gestionat pel Consell Comarcal amb la contractaci\u00f3 de l\u2019empresa Aramark.<\/p>\n<p><span style=\"font-size: 1.4375em; font-weight: bold; text-align: center;\">La web https:\/\/www.elgustdecreixer.cat\/ us servir\u00e0 per descarregar-vos els men\u00fas <\/span><a style=\"font-family: inherit; font-size: 1em; text-align: center;\" href=\"https:\/\/agora.xtec.cat\/escllumsdelnord\/wp-content\/uploads\/usu1797\/2021\/12\/EL-GUST-DE-CREIXER.pdf\">EL GUST DE CR\u00c9IXER<\/a><\/p>\n<p><img loading=\"lazy\" decoding=\"async\" class=\"alignnone size-full wp-image-7884\" src=\"https:\/\/agora.xtec.cat\/escllumsdelnord\/wp-content\/uploads\/usu1797\/2023\/11\/logo_PReME300px.png_1263851134.png\" alt=\"\" width=\"300\" height=\"99\" \/><\/p>\n<p>El Programa de Revisi\u00f3 de Men\u00fas Escolars a Catalunya (PReME) \u00e9s fruit d\u2019un conveni entre els departaments de Salut i Ensenyament i ofereix\u00a0als centres educatius de Catalunya la revisi\u00f3 de la programaci\u00f3 de men\u00fas que se serveix al menjador escolar, amb l&#8217;elaboraci\u00f3 d&#8217;un informe amb suggeriments per millorar la qualitat de l&#8217;oferta.<\/p>\n<p>La revisi\u00f3 dels men\u00fas escolars es realitza cada tres anys als centres educatius (educaci\u00f3 infantil, prim\u00e0ria i secund\u00e0ria) p\u00fablics, concertats i privats. El Servei T\u00e8cnic de Salut P\u00fablica recull la informaci\u00f3 durant les visites d&#8217;inspecci\u00f3 sanit\u00e0ria que es fa de forma peri\u00f2dica als centres escolars.<\/p>\n<p>En el marc del PReME s\u2019editen publicacions i altres recursos divulgatius que tamb\u00e9 s\u2019adrecen a les fam\u00edlies, als professionals sanitaris, a la comunitat educativa i als serveis de restauraci\u00f3 escolar, per promoure h\u00e0bits alimentaris saludables entre la poblaci\u00f3 infantil.<\/p>\n<p><a href=\"http:\/\/salutpublica.gencat.cat\/ca\/ambits\/promocio_salut\/alimentacio_saludable\/PREME\/\" target=\"_blank\" rel=\"noopener\" data-saferedirecturl=\"https:\/\/www.google.com\/url?q=http:\/\/salutpublica.gencat.cat\/ca\/ambits\/promocio_salut\/alimentacio_saludable\/PREME\/&amp;source=gmail&amp;ust=1700757261524000&amp;usg=AOvVaw3SDQbvey9e3K_HQRq6MIVr\"><span class=\"il\">PReME<\/span><\/a><\/p>\n<p><a href=\"https:\/\/drive.google.com\/file\/d\/1zXfaMPRceQ6N5uD48577ak2AQhqUmIU7\/view?usp=sharing\" target=\"_blank\" rel=\"noopener\">Aqu\u00ed podeu consultar l&#8217;informe d&#8217;aquest curs<\/a><\/p>\n<p><a href=\"https:\/\/drive.google.com\/file\/d\/1dVbJwilLjmklCYeEZWjI-RFt-Bfc6ayE\/view?usp=sharing\" target=\"_blank\" rel=\"noopener\">Aqu\u00ed podeu consultar l&#8217;informe de seguiment (febrer de 2024)<\/a><\/p>\n<\/div>\n\n\n\n","protected":false},"excerpt":{"rendered":"<p>El centre ofereix el servei de menjador de les 12:30 a les 15:00 gestionat pel Consell Comarcal amb la contractaci\u00f3 de l\u2019empresa Aramark. La web https:\/\/www.elgustdecreixer.cat\/ us servir\u00e0 per descarregar-vos els men\u00fas EL GUST DE CR\u00c9IXER El Programa de Revisi\u00f3 de Men\u00fas Escolars a Catalunya (PReME) \u00e9s fruit d\u2019un conveni entre els departaments de Salut [&hellip;]<\/p>\n","protected":false},"author":1,"featured_media":0,"parent":73,"menu_order":1,"comment_status":"closed","ping_status":"closed","template":"","meta":{"_bbp_topic_count":0,"_bbp_reply_count":0,"_bbp_total_topic_count":0,"_bbp_total_reply_count":0,"_bbp_voice_count":0,"_bbp_anonymous_reply_count":0,"_bbp_topic_count_hidden":0,"_bbp_reply_count_hidden":0,"_bbp_forum_subforum_count":0,"site-sidebar-layout":"default","site-content-layout":"","ast-site-content-layout":"default","site-content-style":"default","site-sidebar-style":"default","ast-global-header-display":"","ast-banner-title-visibility":"","ast-main-header-display":"","ast-hfb-above-header-display":"","ast-hfb-below-header-display":"","ast-hfb-mobile-header-display":"","site-post-title":"","ast-breadcrumbs-content":"","ast-featured-img":"","footer-sml-layout":"","theme-transparent-header-meta":"","adv-header-id-meta":"","stick-header-meta":"","header-above-stick-meta":"","header-main-stick-meta":"","header-below-stick-meta":"","astra-migrate-meta-layouts":"set","ast-page-background-enabled":"default","ast-page-background-meta":{"desktop":{"background-color":"var(--ast-global-color-4)","background-image":"","background-repeat":"repeat","background-position":"center center","background-size":"auto","background-attachment":"scroll","background-type":"","background-media":"","overlay-type":"","overlay-color":"","overlay-opacity":"","overlay-gradient":""},"tablet":{"background-color":"","background-image":"","background-repeat":"repeat","background-position":"center center","background-size":"auto","background-attachment":"scroll","background-type":"","background-media":"","overlay-type":"","overlay-color":"","overlay-opacity":"","overlay-gradient":""},"mobile":{"background-color":"","background-image":"","background-repeat":"repeat","background-position":"center center","background-size":"auto","background-attachment":"scroll","background-type":"","background-media":"","overlay-type":"","overlay-color":"","overlay-opacity":"","overlay-gradient":""}},"ast-content-background-meta":{"desktop":{"background-color":"var(--ast-global-color-5)","background-image":"","background-repeat":"repeat","background-position":"center center","background-size":"auto","background-attachment":"scroll","background-type":"","background-media":"","overlay-type":"","overlay-color":"","overlay-opacity":"","overlay-gradient":""},"tablet":{"background-color":"var(--ast-global-color-5)","background-image":"","background-repeat":"repeat","background-position":"center center","background-size":"auto","background-attachment":"scroll","background-type":"","background-media":"","overlay-type":"","overlay-color":"","overlay-opacity":"","overlay-gradient":""},"mobile":{"background-color":"var(--ast-global-color-5)","background-image":"","background-repeat":"repeat","background-position":"center center","background-size":"auto","background-attachment":"scroll","background-type":"","background-media":"","overlay-type":"","overlay-color":"","overlay-opacity":"","overlay-gradient":""}},"footnotes":""},"class_list":["post-712","page","type-page","status-publish","hentry"],"post_mailing_queue_ids":[],"_links":{"self":[{"href":"https:\/\/agora.xtec.cat\/escllumsdelnord\/wp-json\/wp\/v2\/pages\/712","targetHints":{"allow":["GET"]}}],"collection":[{"href":"https:\/\/agora.xtec.cat\/escllumsdelnord\/wp-json\/wp\/v2\/pages"}],"about":[{"href":"https:\/\/agora.xtec.cat\/escllumsdelnord\/wp-json\/wp\/v2\/types\/page"}],"author":[{"embeddable":true,"href":"https:\/\/agora.xtec.cat\/escllumsdelnord\/wp-json\/wp\/v2\/users\/1"}],"replies":[{"embeddable":true,"href":"https:\/\/agora.xtec.cat\/escllumsdelnord\/wp-json\/wp\/v2\/comments?post=712"}],"version-history":[{"count":6,"href":"https:\/\/agora.xtec.cat\/escllumsdelnord\/wp-json\/wp\/v2\/pages\/712\/revisions"}],"predecessor-version":[{"id":9877,"href":"https:\/\/agora.xtec.cat\/escllumsdelnord\/wp-json\/wp\/v2\/pages\/712\/revisions\/9877"}],"up":[{"embeddable":true,"href":"https:\/\/agora.xtec.cat\/escllumsdelnord\/wp-json\/wp\/v2\/pages\/73"}],"wp:attachment":[{"href":"https:\/\/agora.xtec.cat\/escllumsdelnord\/wp-json\/wp\/v2\/media?parent=712"}],"curies":[{"name":"wp","href":"https:\/\/api.w.org\/{rel}","templated":true}]}}