{"id":6358,"date":"2022-05-13T15:44:26","date_gmt":"2022-05-13T13:44:26","guid":{"rendered":"https:\/\/agora.xtec.cat\/escllumsdelnord\/?page_id=6358"},"modified":"2023-06-27T19:33:24","modified_gmt":"2023-06-27T17:33:24","slug":"docent%f0%9f%91%a9%e2%80%8d%f0%9f%92%bb","status":"publish","type":"page","link":"https:\/\/agora.xtec.cat\/escllumsdelnord\/docent%f0%9f%91%a9%e2%80%8d%f0%9f%92%bb\/","title":{"rendered":"Docent\ud83d\udc69\u200d\ud83d\udcbb"},"content":{"rendered":"<header class=\"entry-header\"><span style=\"font-weight: 400;\">Per tal de saber els punts forts i els punts febles del centre des del punt de vista dels docents que exerceixen els docents, es van passar dues enquestes, creades pel Marc Com\u00fa Europeu de Compet\u00e8ncia Digital, <\/span><a href=\"https:\/\/education.ec.europa.eu\/es\/selfie\"><span style=\"font-weight: 400;\">SELFIE<\/span><\/a><span style=\"font-weight: 400;\">. SELFIE, que la sigla en angl\u00e8s significa \u201creflexi\u00f3 personal sobre un aprenentatge efectiu mitjan\u00e7ant el foment de la innovaci\u00f3 a trav\u00e9s de les tecnologies educatives\u201d, \u00e9s una eina gratu\u00efta dissenyada per ajudar als centres educatius a integrar les tecnologies digitals dins de l\u2019ensenyament, l\u2019aprenentatge i l\u2019avaluaci\u00f3.\u00a0<\/span><span style=\"font-weight: 400;\">SELFIE recull, de forma an\u00f2nima, les opinions de l\u2019alumnat, els docents i l\u2019equip directiu sobre la manera en qu\u00e8 s\u2019utilitzen les tecnologies en el seu centre educatiu.\u00a0<\/span><\/p>\n<p><span style=\"font-weight: 400;\">Per altra banda, cada docent ha realitzat l\u2019enquesta <\/span><i><span style=\"font-weight: 400;\">Selfie for teachers<\/span><\/i><span style=\"font-weight: 400;\">, la qual dona el resultat aproximat del nivell de compet\u00e8ncia digital que t\u00e9 cada docent i per tal que tinguin consci\u00e8ncia de quins punts forts poden continuar aplicant i quins punts febles han de potenciar.<\/span><\/p>\n<\/header>\n<div class=\"entry-content\">\n<div>\n<h3>USOS CURRICULARS<\/h3>\n<\/div>\n<div>\n<h5><strong>Punts forts<\/strong><\/h5>\n<\/div>\n<div>\n<ul>\n<li>L\u2019\u00fas de les tecnologies per part del professorat \u00e9s divers i abasta des d\u2019aplicacions instrumentals i d\u2019exercitaci\u00f3 (per exemple programes d\u2019edici\u00f3 digital) fins a activitats de cerca, processament i presentaci\u00f3 de la informaci\u00f3 (per exemple els productes finals dels projectes) m\u00e9s enll\u00e0 de l\u2019espai i l\u2019horari de l\u2019aula i fora de l\u2019escola.<\/li>\n<li>S\u2019utilitzen eines digitals en l\u2019avaluaci\u00f3 i el seguiment personalitzat de l\u2019alumnat.<\/li>\n<\/ul>\n<h5><strong>Punts febles<\/strong><\/h5>\n<\/div>\n<ul>\n<li>No hi ha una coordinaci\u00f3 sobre les activitats digitals que cada professor planteja al seu alumnat.<\/li>\n<\/ul>\n<div>\n<h3>COMPET\u00c8NCIA DIGITAL DOCENT I DESENVOLUPAMENT PROFESSIONAL<\/h3>\n<\/div>\n<h5><strong>Punts forts<\/strong><\/h5>\n<div>\n<ul>\n<li>El professorat \u00e9s competent per planificar i acompanyar l\u2019alumnat en l\u2019assoliment de la compet\u00e8ncia digital com a compet\u00e8ncia transversal, fer-ne el seguiment i avaluar-lo.<\/li>\n<li>El professorat \u00e9s competent per plantejar i participar en activitats col\u00b7laboratives interdisciplin\u00e0ries en entorns digitals. Cada trimestre, cada \u00e0mbit planteja un projecte amb aquestes caracter\u00edstiques.<\/li>\n<li>El professorat del centre usa eines digitals habitualment en la planificaci\u00f3 de les classes, registre de l\u2019activitat d\u2019aula i avaluaci\u00f3 dels alumnes.<\/li>\n<\/ul>\n<h5><strong>Punts febles<\/strong><\/h5>\n<\/div>\n<div>\n<ul>\n<li>El professorat no expressa les seves necessitats de formaci\u00f3 en tecnologies per manca evident de temps de coordinaci\u00f3.<\/li>\n<li>El professorat nou t\u00e9 dificultats els primers mesos per integrar l\u2019\u00fas de les tecnologies en el centre.<\/li>\n<\/ul>\n<\/div>\n<\/div>\n","protected":false},"excerpt":{"rendered":"<p>Per tal de saber els punts forts i els punts febles del centre des del punt de vista dels docents que exerceixen els docents, es van passar dues enquestes, creades pel Marc Com\u00fa Europeu de Compet\u00e8ncia Digital, SELFIE. SELFIE, que la sigla en angl\u00e8s significa \u201creflexi\u00f3 personal sobre un aprenentatge efectiu mitjan\u00e7ant el foment de [&hellip;]<\/p>\n","protected":false},"author":7,"featured_media":0,"parent":0,"menu_order":0,"comment_status":"closed","ping_status":"closed","template":"","meta":{"_bbp_topic_count":0,"_bbp_reply_count":0,"_bbp_total_topic_count":0,"_bbp_total_reply_count":0,"_bbp_voice_count":0,"_bbp_anonymous_reply_count":0,"_bbp_topic_count_hidden":0,"_bbp_reply_count_hidden":0,"_bbp_forum_subforum_count":0,"site-sidebar-layout":"default","site-content-layout":"","ast-site-content-layout":"","site-content-style":"default","site-sidebar-style":"default","ast-global-header-display":"","ast-banner-title-visibility":"","ast-main-header-display":"","ast-hfb-above-header-display":"","ast-hfb-below-header-display":"","ast-hfb-mobile-header-display":"","site-post-title":"","ast-breadcrumbs-content":"","ast-featured-img":"","footer-sml-layout":"","theme-transparent-header-meta":"","adv-header-id-meta":"","stick-header-meta":"","header-above-stick-meta":"","header-main-stick-meta":"","header-below-stick-meta":"","astra-migrate-meta-layouts":"default","ast-page-background-enabled":"default","ast-page-background-meta":{"desktop":{"background-color":"var(--ast-global-color-4)","background-image":"","background-repeat":"repeat","background-position":"center center","background-size":"auto","background-attachment":"scroll","background-type":"","background-media":"","overlay-type":"","overlay-color":"","overlay-opacity":"","overlay-gradient":""},"tablet":{"background-color":"","background-image":"","background-repeat":"repeat","background-position":"center center","background-size":"auto","background-attachment":"scroll","background-type":"","background-media":"","overlay-type":"","overlay-color":"","overlay-opacity":"","overlay-gradient":""},"mobile":{"background-color":"","background-image":"","background-repeat":"repeat","background-position":"center center","background-size":"auto","background-attachment":"scroll","background-type":"","background-media":"","overlay-type":"","overlay-color":"","overlay-opacity":"","overlay-gradient":""}},"ast-content-background-meta":{"desktop":{"background-color":"var(--ast-global-color-5)","background-image":"","background-repeat":"repeat","background-position":"center center","background-size":"auto","background-attachment":"scroll","background-type":"","background-media":"","overlay-type":"","overlay-color":"","overlay-opacity":"","overlay-gradient":""},"tablet":{"background-color":"var(--ast-global-color-5)","background-image":"","background-repeat":"repeat","background-position":"center center","background-size":"auto","background-attachment":"scroll","background-type":"","background-media":"","overlay-type":"","overlay-color":"","overlay-opacity":"","overlay-gradient":""},"mobile":{"background-color":"var(--ast-global-color-5)","background-image":"","background-repeat":"repeat","background-position":"center center","background-size":"auto","background-attachment":"scroll","background-type":"","background-media":"","overlay-type":"","overlay-color":"","overlay-opacity":"","overlay-gradient":""}},"footnotes":""},"class_list":["post-6358","page","type-page","status-publish","hentry"],"post_mailing_queue_ids":[],"_links":{"self":[{"href":"https:\/\/agora.xtec.cat\/escllumsdelnord\/wp-json\/wp\/v2\/pages\/6358","targetHints":{"allow":["GET"]}}],"collection":[{"href":"https:\/\/agora.xtec.cat\/escllumsdelnord\/wp-json\/wp\/v2\/pages"}],"about":[{"href":"https:\/\/agora.xtec.cat\/escllumsdelnord\/wp-json\/wp\/v2\/types\/page"}],"author":[{"embeddable":true,"href":"https:\/\/agora.xtec.cat\/escllumsdelnord\/wp-json\/wp\/v2\/users\/7"}],"replies":[{"embeddable":true,"href":"https:\/\/agora.xtec.cat\/escllumsdelnord\/wp-json\/wp\/v2\/comments?post=6358"}],"version-history":[{"count":3,"href":"https:\/\/agora.xtec.cat\/escllumsdelnord\/wp-json\/wp\/v2\/pages\/6358\/revisions"}],"predecessor-version":[{"id":7545,"href":"https:\/\/agora.xtec.cat\/escllumsdelnord\/wp-json\/wp\/v2\/pages\/6358\/revisions\/7545"}],"wp:attachment":[{"href":"https:\/\/agora.xtec.cat\/escllumsdelnord\/wp-json\/wp\/v2\/media?parent=6358"}],"curies":[{"name":"wp","href":"https:\/\/api.w.org\/{rel}","templated":true}]}}