{"id":6329,"date":"2022-05-13T11:53:26","date_gmt":"2022-05-13T09:53:26","guid":{"rendered":"https:\/\/agora.xtec.cat\/escllumsdelnord\/?page_id=6329"},"modified":"2023-06-27T19:20:00","modified_gmt":"2023-06-27T17:20:00","slug":"comunicacio%f0%9f%94%8a","status":"publish","type":"page","link":"https:\/\/agora.xtec.cat\/escllumsdelnord\/comunicacio%f0%9f%94%8a\/","title":{"rendered":"Comunicaci\u00f3\ud83d\udd0a"},"content":{"rendered":"<header class=\"entry-header\">\n<h1 class=\"entry-title\">Comunicaci\u00f3<\/h1>\n<\/header>\n<div class=\"entry-content\">\n<div>\n<p><strong>PORTAL WEB<\/strong><\/p>\n<\/div>\n<p>El centre disposa d\u2019un web amb la informaci\u00f3 p\u00fablica. S\u2019hi poden trobar informacions est\u00e0tiques,<img loading=\"lazy\" decoding=\"async\" class=\"alignright size-medium wp-image-9488\" src=\"https:\/\/projectes.xtec.cat\/edc-suport\/wp-content\/uploads\/usu2435\/2021\/12\/nodes-300x173.png\" sizes=\"auto, (max-width: 300px) 100vw, 300px\" srcset=\"https:\/\/projectes.xtec.cat\/edc-suport\/wp-content\/uploads\/usu2435\/2021\/12\/nodes-300x173.png 300w, https:\/\/projectes.xtec.cat\/edc-suport\/wp-content\/uploads\/usu2435\/2021\/12\/nodes.png 580w\" alt=\"\" width=\"300\" height=\"173\" \/> que es revisen peri\u00f2dicament (documentaci\u00f3, dates del curs, etc.) i articles din\u00e0mics sobre el que va succeint al centre dia a dia.<\/p>\n<p>Aquest web est\u00e0 realitzat aprofitant el servei NODES que ofereix el Departament d\u2019Educaci\u00f3.<\/p>\n<p>&nbsp;<\/p>\n<p>Per fer-ne l\u2019actualitzaci\u00f3 se segueix el seg\u00fcent procediment:<\/p>\n<p><a href=\"https:\/\/docs.google.com\/document\/d\/1ulJ6VM5r_tF-Ab8_t3suk_c2q_z1_5QxnpEGbQ1JLSQ\/edit?usp=sharing\" target=\"_blank\" rel=\"noopener\">Actualitzaci\u00f3 del web del centre<\/a><\/p>\n<div><\/div>\n<div role=\"presentation\" aria-describedby=\"h.581myxd1gcqd\" aria-label=\"Copia l'enlla\u00e7 del t\u00edtol\" aria-disabled=\"false\" data-tooltip=\"Copia l'enlla\u00e7 del t\u00edtol\" aria-hidden=\"true\" data-tooltip-position=\"top\" data-tooltip-vertical-offset=\"12\" data-tooltip-horizontal-offset=\"0\"><strong><span style=\"font-family: inherit; font-size: 1em;\">COMUNICACIONS AMB LES FAM\u00cdLIES<\/span><\/strong><\/div>\n<p>&nbsp;<\/p>\n<p>Totes les informacions amb les fam\u00edlies es realitzaran per un dels seg\u00fcents canals:<\/p>\n<ul>\n<li>Per agenda escolar<\/li>\n<li>Per l&#8217;aplicaci\u00f3\u00a0<a href=\"https:\/\/tpvescola.com\/Default2.aspx\" target=\"_blank\" rel=\"noopener\">TPV escola<\/a>, per on es rebran informacions v\u00e0ries referent a les activitats del dia a dia de l&#8217;alumnat i els informes de final de trimestre.<\/li>\n<li>Per correu electr\u00f2nic, exclusivament amb l\u2019adre\u00e7a que les fam\u00edlies ha subministrat al centre<\/li>\n<li>Per tel\u00e8fon, als indicats per la fam\u00edlia en els fulls de renovaci\u00f3 de matr\u00edcula.<\/li>\n<li>En persona, amb cita pr\u00e8via.<\/li>\n<\/ul>\n<\/div>\n","protected":false},"excerpt":{"rendered":"<p>Comunicaci\u00f3 PORTAL WEB El centre disposa d\u2019un web amb la informaci\u00f3 p\u00fablica. S\u2019hi poden trobar informacions est\u00e0tiques, que es revisen peri\u00f2dicament (documentaci\u00f3, dates del curs, etc.) i articles din\u00e0mics sobre el que va succeint al centre dia a dia. Aquest web est\u00e0 realitzat aprofitant el servei NODES que ofereix el Departament d\u2019Educaci\u00f3. &nbsp; Per fer-ne [&hellip;]<\/p>\n","protected":false},"author":7,"featured_media":0,"parent":0,"menu_order":0,"comment_status":"closed","ping_status":"closed","template":"","meta":{"_bbp_topic_count":0,"_bbp_reply_count":0,"_bbp_total_topic_count":0,"_bbp_total_reply_count":0,"_bbp_voice_count":0,"_bbp_anonymous_reply_count":0,"_bbp_topic_count_hidden":0,"_bbp_reply_count_hidden":0,"_bbp_forum_subforum_count":0,"site-sidebar-layout":"default","site-content-layout":"","ast-site-content-layout":"","site-content-style":"default","site-sidebar-style":"default","ast-global-header-display":"","ast-banner-title-visibility":"","ast-main-header-display":"","ast-hfb-above-header-display":"","ast-hfb-below-header-display":"","ast-hfb-mobile-header-display":"","site-post-title":"","ast-breadcrumbs-content":"","ast-featured-img":"","footer-sml-layout":"","theme-transparent-header-meta":"","adv-header-id-meta":"","stick-header-meta":"","header-above-stick-meta":"","header-main-stick-meta":"","header-below-stick-meta":"","astra-migrate-meta-layouts":"default","ast-page-background-enabled":"default","ast-page-background-meta":{"desktop":{"background-color":"var(--ast-global-color-4)","background-image":"","background-repeat":"repeat","background-position":"center center","background-size":"auto","background-attachment":"scroll","background-type":"","background-media":"","overlay-type":"","overlay-color":"","overlay-opacity":"","overlay-gradient":""},"tablet":{"background-color":"","background-image":"","background-repeat":"repeat","background-position":"center center","background-size":"auto","background-attachment":"scroll","background-type":"","background-media":"","overlay-type":"","overlay-color":"","overlay-opacity":"","overlay-gradient":""},"mobile":{"background-color":"","background-image":"","background-repeat":"repeat","background-position":"center center","background-size":"auto","background-attachment":"scroll","background-type":"","background-media":"","overlay-type":"","overlay-color":"","overlay-opacity":"","overlay-gradient":""}},"ast-content-background-meta":{"desktop":{"background-color":"var(--ast-global-color-5)","background-image":"","background-repeat":"repeat","background-position":"center center","background-size":"auto","background-attachment":"scroll","background-type":"","background-media":"","overlay-type":"","overlay-color":"","overlay-opacity":"","overlay-gradient":""},"tablet":{"background-color":"var(--ast-global-color-5)","background-image":"","background-repeat":"repeat","background-position":"center center","background-size":"auto","background-attachment":"scroll","background-type":"","background-media":"","overlay-type":"","overlay-color":"","overlay-opacity":"","overlay-gradient":""},"mobile":{"background-color":"var(--ast-global-color-5)","background-image":"","background-repeat":"repeat","background-position":"center center","background-size":"auto","background-attachment":"scroll","background-type":"","background-media":"","overlay-type":"","overlay-color":"","overlay-opacity":"","overlay-gradient":""}},"footnotes":""},"class_list":["post-6329","page","type-page","status-publish","hentry"],"post_mailing_queue_ids":[],"_links":{"self":[{"href":"https:\/\/agora.xtec.cat\/escllumsdelnord\/wp-json\/wp\/v2\/pages\/6329","targetHints":{"allow":["GET"]}}],"collection":[{"href":"https:\/\/agora.xtec.cat\/escllumsdelnord\/wp-json\/wp\/v2\/pages"}],"about":[{"href":"https:\/\/agora.xtec.cat\/escllumsdelnord\/wp-json\/wp\/v2\/types\/page"}],"author":[{"embeddable":true,"href":"https:\/\/agora.xtec.cat\/escllumsdelnord\/wp-json\/wp\/v2\/users\/7"}],"replies":[{"embeddable":true,"href":"https:\/\/agora.xtec.cat\/escllumsdelnord\/wp-json\/wp\/v2\/comments?post=6329"}],"version-history":[{"count":3,"href":"https:\/\/agora.xtec.cat\/escllumsdelnord\/wp-json\/wp\/v2\/pages\/6329\/revisions"}],"predecessor-version":[{"id":7542,"href":"https:\/\/agora.xtec.cat\/escllumsdelnord\/wp-json\/wp\/v2\/pages\/6329\/revisions\/7542"}],"wp:attachment":[{"href":"https:\/\/agora.xtec.cat\/escllumsdelnord\/wp-json\/wp\/v2\/media?parent=6329"}],"curies":[{"name":"wp","href":"https:\/\/api.w.org\/{rel}","templated":true}]}}