{"id":6097,"date":"2022-03-30T14:22:18","date_gmt":"2022-03-30T12:22:18","guid":{"rendered":"https:\/\/agora.xtec.cat\/escllumsdelnord\/?page_id=6097"},"modified":"2023-06-27T19:13:43","modified_gmt":"2023-06-27T17:13:43","slug":"documentacio-basica","status":"publish","type":"page","link":"https:\/\/agora.xtec.cat\/escllumsdelnord\/documentacio-basica\/","title":{"rendered":"Documentaci\u00f3 B\u00e0sica\ud83d\udcda"},"content":{"rendered":"<section id=\"h.330fd61fc3d2616_58\" class=\"yaqOZd\">\n<div class=\"mYVXT\">\n<div class=\"LS81yb VICjCf\" tabindex=\"-1\">\n<div class=\"hJDwNd-AhqUyc-uQSCkd purZT-AhqUyc-II5mzb pSzOP-AhqUyc-qWD73c JNdkSc\">\n<div class=\"JNdkSc-SmKAyb\">\n<div class=\"\">\n<div class=\"oKdM2c Kzv0Me\">\n<div id=\"h.330fd61fc3d2616_55\" class=\"hJDwNd-AhqUyc-uQSCkd jXK9ad D2fZ2 OjCsFc wHaque GNzUNc\">\n<div class=\"jXK9ad-SmKAyb\">\n<div class=\"tyJCtd mGzaTb baZpAe\">\n<p class=\"CDt4Ke zfr3Q\" dir=\"ltr\">La cultura digital apareix en pr\u00e0cticament tots els documents b\u00e0sics del centre. A continuaci\u00f3 es remarquen els aspectes m\u00e9s importants de cada un d&#8217;ells.<\/p>\n<p dir=\"ltr\"><a href=\"https:\/\/agora.xtec.cat\/escllumsdelnord\/wp-content\/uploads\/usu1797\/2022\/03\/4.png\"><img loading=\"lazy\" decoding=\"async\" class=\"aligncenter size-full wp-image-6102\" src=\"https:\/\/agora.xtec.cat\/escllumsdelnord\/wp-content\/uploads\/usu1797\/2022\/03\/4.png\" alt=\"\" width=\"2000\" height=\"261\" srcset=\"https:\/\/agora.xtec.cat\/escllumsdelnord\/wp-content\/uploads\/usu1797\/2022\/03\/4.png 2000w, https:\/\/agora.xtec.cat\/escllumsdelnord\/wp-content\/uploads\/usu1797\/2022\/03\/4-300x39.png 300w, https:\/\/agora.xtec.cat\/escllumsdelnord\/wp-content\/uploads\/usu1797\/2022\/03\/4-1024x134.png 1024w, https:\/\/agora.xtec.cat\/escllumsdelnord\/wp-content\/uploads\/usu1797\/2022\/03\/4-768x100.png 768w, https:\/\/agora.xtec.cat\/escllumsdelnord\/wp-content\/uploads\/usu1797\/2022\/03\/4-1536x200.png 1536w\" sizes=\"auto, (max-width: 2000px) 100vw, 2000px\" \/><\/a><\/p>\n<p class=\"CDt4Ke zfr3Q\" dir=\"ltr\">B\u00e0sicament, apareix en tres aspectes:<\/p>\n<ul class=\"n8H08c UVNKR\">\n<li class=\"TYR86d wXCUfe zfr3Q\" dir=\"ltr\">\n<p class=\"CDt4Ke zfr3Q\" dir=\"ltr\">Un dels <strong>plantejaments educatius<\/strong> del centre \u00e9s: &#8220;\u00das responsable de la tecnologia: per poder treballar i avaluar per compet\u00e8ncies, \u00e9s imprescindible que l\u2019alumne utilitzi una \u00e0mplia diversitat de recursos i de tecnologies, especialment per cercar i contrastar informaci\u00f3. Tamb\u00e9 cal que tingui criteris per classificar-la, ordenar-la, sintetitzar-la i processar-la. Nom\u00e9s aix\u00ed podr\u00e0 arribar a conclusions i presentar resultats. Les TIC, sens dubte, permeten que aquest proc\u00e9s sigui r\u00e0pid, per\u00f2 cal fer-ne un \u00fas responsable. El centre est\u00e0 totalment digitalitzat i el professorat vetlla pel seu \u00fas correcte, per\u00f2 tenint molt clar que les TIC s\u00f3n nom\u00e9s una eina per aconseguir l\u2019aprenentatge dels alumnes.&#8221;<\/p>\n<\/li>\n<li class=\"TYR86d wXCUfe zfr3Q\" dir=\"ltr\">\n<p class=\"CDt4Ke zfr3Q\" dir=\"ltr\">L&#8217;objectiu 4 del PEC \u00e9s: &#8220;OP1. Desenvolupar les compet\u00e8ncies de l\u2019alumnat i les habilitats socials a trav\u00e9s de metodologies actives d\u2019aula i de l\u2019\u00fas habitual de les TIC\/TAC.&#8221;<\/p>\n<\/li>\n<li class=\"TYR86d wXCUfe zfr3Q\" dir=\"ltr\">\n<p class=\"CDt4Ke zfr3Q\" dir=\"ltr\">Definici\u00f3 de perfils professionals. &#8220;A partir dels plantejaments educatius i dels objectius anomenats anteriorment, els seg\u00fcents perfils professionals s\u00f3n necessaris per a l\u2019acompliment d\u2019aquest projecte: Pluriling\u00fcisme, Diversitat, Treball per projectes, <strong>TIC\/TAC<\/strong>, Coordinaci\u00f3 tutorial.<\/p>\n<\/li>\n<\/ul>\n<p dir=\"ltr\"><a href=\"https:\/\/agora.xtec.cat\/escllumsdelnord\/wp-content\/uploads\/usu1797\/2022\/03\/5.png\"><img loading=\"lazy\" decoding=\"async\" class=\"aligncenter size-full wp-image-6103\" src=\"https:\/\/agora.xtec.cat\/escllumsdelnord\/wp-content\/uploads\/usu1797\/2022\/03\/5.png\" alt=\"\" width=\"2000\" height=\"261\" srcset=\"https:\/\/agora.xtec.cat\/escllumsdelnord\/wp-content\/uploads\/usu1797\/2022\/03\/5.png 2000w, https:\/\/agora.xtec.cat\/escllumsdelnord\/wp-content\/uploads\/usu1797\/2022\/03\/5-300x39.png 300w, https:\/\/agora.xtec.cat\/escllumsdelnord\/wp-content\/uploads\/usu1797\/2022\/03\/5-1024x134.png 1024w, https:\/\/agora.xtec.cat\/escllumsdelnord\/wp-content\/uploads\/usu1797\/2022\/03\/5-768x100.png 768w, https:\/\/agora.xtec.cat\/escllumsdelnord\/wp-content\/uploads\/usu1797\/2022\/03\/5-1536x200.png 1536w\" sizes=\"auto, (max-width: 2000px) 100vw, 2000px\" \/><\/a><\/p>\n<p class=\"CDt4Ke zfr3Q\" dir=\"ltr\">B\u00e0sicament apareix en quatre apartats:<\/p>\n<ul class=\"n8H08c UVNKR\">\n<li class=\"TYR86d wXCUfe zfr3Q\" dir=\"ltr\">\n<p class=\"CDt4Ke zfr3Q\" dir=\"ltr\">Detalla les funcions del coordinador digital del centre i de la comissi\u00f3 digital del centre. En el seg\u00fcent enlla\u00e7 es poden consultar.<\/p>\n<\/li>\n<li class=\"TYR86d wXCUfe zfr3Q\" dir=\"ltr\">\n<p class=\"CDt4Ke zfr3Q\" dir=\"ltr\">Es detalla el projecte digital com a projecte d&#8217;innovaci\u00f3 de centre.<\/p>\n<\/li>\n<li class=\"TYR86d wXCUfe zfr3Q\" dir=\"ltr\">\n<p class=\"CDt4Ke zfr3Q\" dir=\"ltr\">Es designa la cultura digital com a \u00e0mbit prioritari de formaci\u00f3 del professorat.<\/p>\n<\/li>\n<li class=\"TYR86d wXCUfe zfr3Q\" dir=\"ltr\">\n<p class=\"CDt4Ke zfr3Q\" dir=\"ltr\">S&#8217;introdueix en la normativa de conviv\u00e8ncia, especialment pel que fa als chromebooks.<\/p>\n<\/li>\n<\/ul>\n<p dir=\"ltr\"><a href=\"https:\/\/agora.xtec.cat\/escllumsdelnord\/wp-content\/uploads\/usu1797\/2022\/03\/6.png\"><img loading=\"lazy\" decoding=\"async\" class=\"aligncenter size-full wp-image-6104\" src=\"https:\/\/agora.xtec.cat\/escllumsdelnord\/wp-content\/uploads\/usu1797\/2022\/03\/6.png\" alt=\"\" width=\"2000\" height=\"261\" srcset=\"https:\/\/agora.xtec.cat\/escllumsdelnord\/wp-content\/uploads\/usu1797\/2022\/03\/6.png 2000w, https:\/\/agora.xtec.cat\/escllumsdelnord\/wp-content\/uploads\/usu1797\/2022\/03\/6-300x39.png 300w, https:\/\/agora.xtec.cat\/escllumsdelnord\/wp-content\/uploads\/usu1797\/2022\/03\/6-1024x134.png 1024w, https:\/\/agora.xtec.cat\/escllumsdelnord\/wp-content\/uploads\/usu1797\/2022\/03\/6-768x100.png 768w, https:\/\/agora.xtec.cat\/escllumsdelnord\/wp-content\/uploads\/usu1797\/2022\/03\/6-1536x200.png 1536w\" sizes=\"auto, (max-width: 2000px) 100vw, 2000px\" \/><\/a><\/p>\n<p dir=\"ltr\">En el projecte de direcci\u00f3 es cita l&#8217;objectiu del PEC respecte a la cultura digital.<\/p>\n<p dir=\"ltr\">Inclou els objectius, accions i planificaci\u00f3 per l&#8217;elaboraci\u00f3 de l&#8217;Estrat\u00e8gia Digital de Centre (EDC) que a la vegada permeten assolir dins dels projectes de l&#8217;escola l&#8217;\u00fas de les eines digitals i de la rob\u00f2tica.<\/p>\n<p dir=\"ltr\">Tamb\u00e9 marca com actuacions de l&#8217;objectiu de millora de\u00a0 la cohesi\u00f3 social, el fet de dotar d&#8217;un espai de comunicaci\u00f3 digital tant a l&#8217;AFA com als membres del consell escolar per poder fer difusi\u00f3 a tota la comunitat educativa. Aix\u00ed com la difusi\u00f3 de les activitats del centre en el web escolar per part d&#8217;alumnat i de mestres.<\/p>\n<p dir=\"ltr\">Tamb\u00e9 es contempla en el PdD, dins del pla de formaci\u00f3 del centre, la formaci\u00f3 interna pels mestres oferta dins del<strong>\u00a0Pla d&#8217;educaci\u00f3 digital de Catalunya<\/strong>.<\/p>\n<\/div>\n<\/div>\n<\/div>\n<\/div>\n<\/div>\n<\/div>\n<\/div>\n<\/div>\n<\/div>\n<\/section>\n","protected":false},"excerpt":{"rendered":"<p>La cultura digital apareix en pr\u00e0cticament tots els documents b\u00e0sics del centre. A continuaci\u00f3 es remarquen els aspectes m\u00e9s importants de cada un d&#8217;ells. B\u00e0sicament, apareix en tres aspectes: Un dels plantejaments educatius del centre \u00e9s: &#8220;\u00das responsable de la tecnologia: per poder treballar i avaluar per compet\u00e8ncies, \u00e9s imprescindible que l\u2019alumne utilitzi una \u00e0mplia [&hellip;]<\/p>\n","protected":false},"author":7,"featured_media":0,"parent":0,"menu_order":0,"comment_status":"closed","ping_status":"closed","template":"","meta":{"_bbp_topic_count":0,"_bbp_reply_count":0,"_bbp_total_topic_count":0,"_bbp_total_reply_count":0,"_bbp_voice_count":0,"_bbp_anonymous_reply_count":0,"_bbp_topic_count_hidden":0,"_bbp_reply_count_hidden":0,"_bbp_forum_subforum_count":0,"site-sidebar-layout":"default","site-content-layout":"","ast-site-content-layout":"","site-content-style":"default","site-sidebar-style":"default","ast-global-header-display":"","ast-banner-title-visibility":"","ast-main-header-display":"","ast-hfb-above-header-display":"","ast-hfb-below-header-display":"","ast-hfb-mobile-header-display":"","site-post-title":"","ast-breadcrumbs-content":"","ast-featured-img":"","footer-sml-layout":"","theme-transparent-header-meta":"","adv-header-id-meta":"","stick-header-meta":"","header-above-stick-meta":"","header-main-stick-meta":"","header-below-stick-meta":"","astra-migrate-meta-layouts":"default","ast-page-background-enabled":"default","ast-page-background-meta":{"desktop":{"background-color":"var(--ast-global-color-4)","background-image":"","background-repeat":"repeat","background-position":"center center","background-size":"auto","background-attachment":"scroll","background-type":"","background-media":"","overlay-type":"","overlay-color":"","overlay-opacity":"","overlay-gradient":""},"tablet":{"background-color":"","background-image":"","background-repeat":"repeat","background-position":"center center","background-size":"auto","background-attachment":"scroll","background-type":"","background-media":"","overlay-type":"","overlay-color":"","overlay-opacity":"","overlay-gradient":""},"mobile":{"background-color":"","background-image":"","background-repeat":"repeat","background-position":"center center","background-size":"auto","background-attachment":"scroll","background-type":"","background-media":"","overlay-type":"","overlay-color":"","overlay-opacity":"","overlay-gradient":""}},"ast-content-background-meta":{"desktop":{"background-color":"var(--ast-global-color-5)","background-image":"","background-repeat":"repeat","background-position":"center center","background-size":"auto","background-attachment":"scroll","background-type":"","background-media":"","overlay-type":"","overlay-color":"","overlay-opacity":"","overlay-gradient":""},"tablet":{"background-color":"var(--ast-global-color-5)","background-image":"","background-repeat":"repeat","background-position":"center center","background-size":"auto","background-attachment":"scroll","background-type":"","background-media":"","overlay-type":"","overlay-color":"","overlay-opacity":"","overlay-gradient":""},"mobile":{"background-color":"var(--ast-global-color-5)","background-image":"","background-repeat":"repeat","background-position":"center center","background-size":"auto","background-attachment":"scroll","background-type":"","background-media":"","overlay-type":"","overlay-color":"","overlay-opacity":"","overlay-gradient":""}},"footnotes":""},"class_list":["post-6097","page","type-page","status-publish","hentry"],"post_mailing_queue_ids":[],"_links":{"self":[{"href":"https:\/\/agora.xtec.cat\/escllumsdelnord\/wp-json\/wp\/v2\/pages\/6097","targetHints":{"allow":["GET"]}}],"collection":[{"href":"https:\/\/agora.xtec.cat\/escllumsdelnord\/wp-json\/wp\/v2\/pages"}],"about":[{"href":"https:\/\/agora.xtec.cat\/escllumsdelnord\/wp-json\/wp\/v2\/types\/page"}],"author":[{"embeddable":true,"href":"https:\/\/agora.xtec.cat\/escllumsdelnord\/wp-json\/wp\/v2\/users\/7"}],"replies":[{"embeddable":true,"href":"https:\/\/agora.xtec.cat\/escllumsdelnord\/wp-json\/wp\/v2\/comments?post=6097"}],"version-history":[{"count":3,"href":"https:\/\/agora.xtec.cat\/escllumsdelnord\/wp-json\/wp\/v2\/pages\/6097\/revisions"}],"predecessor-version":[{"id":7541,"href":"https:\/\/agora.xtec.cat\/escllumsdelnord\/wp-json\/wp\/v2\/pages\/6097\/revisions\/7541"}],"wp:attachment":[{"href":"https:\/\/agora.xtec.cat\/escllumsdelnord\/wp-json\/wp\/v2\/media?parent=6097"}],"curies":[{"name":"wp","href":"https:\/\/api.w.org\/{rel}","templated":true}]}}