{"id":6051,"date":"2022-03-29T14:08:04","date_gmt":"2022-03-29T12:08:04","guid":{"rendered":"https:\/\/agora.xtec.cat\/escllumsdelnord\/?page_id=6051"},"modified":"2022-05-13T19:25:07","modified_gmt":"2022-05-13T17:25:07","slug":"edc","status":"publish","type":"page","link":"https:\/\/agora.xtec.cat\/escllumsdelnord\/projecte-educatiu\/edc\/","title":{"rendered":"EDC"},"content":{"rendered":"<p><a href=\"https:\/\/agora.xtec.cat\/escllumsdelnord\/wp-content\/uploads\/usu1797\/2022\/03\/robot_banner@.png\"><img loading=\"lazy\" decoding=\"async\" class=\"aligncenter size-full wp-image-6054\" src=\"https:\/\/agora.xtec.cat\/escllumsdelnord\/wp-content\/uploads\/usu1797\/2022\/03\/robot_banner@.png\" alt=\"\" width=\"627\" height=\"150\" srcset=\"https:\/\/agora.xtec.cat\/escllumsdelnord\/wp-content\/uploads\/usu1797\/2022\/03\/robot_banner@.png 627w, https:\/\/agora.xtec.cat\/escllumsdelnord\/wp-content\/uploads\/usu1797\/2022\/03\/robot_banner@-300x72.png 300w\" sizes=\"auto, (max-width: 627px) 100vw, 627px\" \/><\/a><\/p>\n<p>L&#8217;estrat\u00e8gia digital de centre (EDC) defineix i concreta les l\u00ednies d&#8217;actuaci\u00f3 d&#8217;un centre que fan possible que docents, alumnat i centre assoleixin la compet\u00e8ncia digital. Per aconseguir aquesta compet\u00e8ncia digital, l&#8217;EDC compr\u00e8n tots els \u00e0mbits del centre: organitzatius, metodol\u00f2gics, curriculars i comunicatius, els quals s&#8217;han de veure necess\u00e0riament implicats i, si escau, transformats, des d\u2019una perspectiva d&#8217;innovaci\u00f3 i de millora cont\u00ednua.<\/p>\n<p>Els objectius de l&#8217;EDC es poden agrupar en cinc \u00e0mbits, que tenen com a fita el m\u00e0xim assoliment de la compet\u00e8ncia digital de l\u2019alumnat, del professorat i del centre:<\/p>\n<ul>\n<li>Assoliment de la compet\u00e8ncia digital.<\/li>\n<li>Planificaci\u00f3 estrat\u00e8gica i organitzaci\u00f3.<\/li>\n<li>Metodologies did\u00e0ctiques i innovaci\u00f3.<\/li>\n<li>Inclusi\u00f3 digital i de g\u00e8nere.<\/li>\n<li>Seguretat i protecci\u00f3 de dades.<\/li>\n<\/ul>\n<p>Enguany hem comen\u00e7at amb el proc\u00e9s de creaci\u00f3 de l&#8217;EDC.<\/p>\n<table style=\"border-collapse: collapse; width: 100%;\">\n<tbody>\n<tr>\n<td style=\"width: 25%;\"><a href=\"https:\/\/agora.xtec.cat\/escllumsdelnord\/dignostic\/\" target=\"_blank\" rel=\"noopener\"><img loading=\"lazy\" decoding=\"async\" class=\"aligncenter wp-image-6395\" src=\"https:\/\/agora.xtec.cat\/escllumsdelnord\/wp-content\/uploads\/usu1797\/2022\/05\/software-1.png\" alt=\"\" width=\"81\" height=\"81\" srcset=\"https:\/\/agora.xtec.cat\/escllumsdelnord\/wp-content\/uploads\/usu1797\/2022\/05\/software-1.png 512w, https:\/\/agora.xtec.cat\/escllumsdelnord\/wp-content\/uploads\/usu1797\/2022\/05\/software-1-300x300.png 300w, https:\/\/agora.xtec.cat\/escllumsdelnord\/wp-content\/uploads\/usu1797\/2022\/05\/software-1-150x150.png 150w\" sizes=\"auto, (max-width: 81px) 100vw, 81px\" \/><\/a><\/td>\n<td style=\"width: 25%;\"><span style=\"color: #2795b6;\"><a href=\"https:\/\/agora.xtec.cat\/escllumsdelnord\/projecte-educatiu\/edc\/part-estrategica\/objectius%f0%9f%a7%bf\/\" target=\"_blank\" rel=\"noopener\"><img loading=\"lazy\" decoding=\"async\" class=\"aligncenter wp-image-6394\" src=\"https:\/\/agora.xtec.cat\/escllumsdelnord\/wp-content\/uploads\/usu1797\/2022\/05\/target.png\" alt=\"\" width=\"77\" height=\"77\" srcset=\"https:\/\/agora.xtec.cat\/escllumsdelnord\/wp-content\/uploads\/usu1797\/2022\/05\/target.png 512w, https:\/\/agora.xtec.cat\/escllumsdelnord\/wp-content\/uploads\/usu1797\/2022\/05\/target-300x300.png 300w, https:\/\/agora.xtec.cat\/escllumsdelnord\/wp-content\/uploads\/usu1797\/2022\/05\/target-150x150.png 150w\" sizes=\"auto, (max-width: 77px) 100vw, 77px\" \/><\/a><br \/>\n<\/span><\/td>\n<td style=\"width: 25%;\"><span style=\"color: #2795b6;\"><a style=\"color: #2795b6;\" href=\"https:\/\/agora.xtec.cat\/escllumsdelnord\/wp-content\/uploads\/usu1797\/2022\/05\/planning.png\"><img loading=\"lazy\" decoding=\"async\" class=\"aligncenter wp-image-6393\" src=\"https:\/\/agora.xtec.cat\/escllumsdelnord\/wp-content\/uploads\/usu1797\/2022\/05\/planning.png\" alt=\"\" width=\"68\" height=\"68\" srcset=\"https:\/\/agora.xtec.cat\/escllumsdelnord\/wp-content\/uploads\/usu1797\/2022\/05\/planning.png 512w, https:\/\/agora.xtec.cat\/escllumsdelnord\/wp-content\/uploads\/usu1797\/2022\/05\/planning-300x300.png 300w, https:\/\/agora.xtec.cat\/escllumsdelnord\/wp-content\/uploads\/usu1797\/2022\/05\/planning-150x150.png 150w\" sizes=\"auto, (max-width: 68px) 100vw, 68px\" \/><\/a><br \/>\n<\/span><\/td>\n<td style=\"width: 25%;\"><span style=\"color: #2795b6;\"><a href=\"https:\/\/agora.xtec.cat\/escllumsdelnord\/projecte-educatiu\/edc\/part-estrategica\/avaluacio-i-millora%f0%9f%91%8d\/\" target=\"_blank\" rel=\"noopener\"><img loading=\"lazy\" decoding=\"async\" class=\"aligncenter wp-image-6392\" src=\"https:\/\/agora.xtec.cat\/escllumsdelnord\/wp-content\/uploads\/usu1797\/2022\/05\/satisfaction.png\" alt=\"\" width=\"62\" height=\"62\" srcset=\"https:\/\/agora.xtec.cat\/escllumsdelnord\/wp-content\/uploads\/usu1797\/2022\/05\/satisfaction.png 512w, https:\/\/agora.xtec.cat\/escllumsdelnord\/wp-content\/uploads\/usu1797\/2022\/05\/satisfaction-300x300.png 300w, https:\/\/agora.xtec.cat\/escllumsdelnord\/wp-content\/uploads\/usu1797\/2022\/05\/satisfaction-150x150.png 150w\" sizes=\"auto, (max-width: 62px) 100vw, 62px\" \/><\/a><br \/>\n<\/span><\/td>\n<\/tr>\n<tr>\n<td style=\"width: 25%; text-align: center;\"><a href=\"https:\/\/agora.xtec.cat\/escllumsdelnord\/dignostic\/\" target=\"_blank\" rel=\"noopener\"><strong>Diagnosi<\/strong><\/a><\/td>\n<td style=\"width: 25%; text-align: center;\"><a href=\"https:\/\/agora.xtec.cat\/escllumsdelnord\/projecte-educatiu\/edc\/part-estrategica\/objectius%f0%9f%a7%bf\/\" target=\"_blank\" rel=\"noopener\"><strong>Objectius<\/strong><\/a><\/td>\n<td style=\"width: 25%; text-align: center;\"><a href=\"https:\/\/agora.xtec.cat\/escllumsdelnord\/projecte-educatiu\/edc\/part-estrategica\/planificacio-i-seguiment%f0%9f%93%91\/\" target=\"_blank\" rel=\"noopener\"><strong>Planificaci\u00f3 i seguiment<\/strong><\/a><\/td>\n<td style=\"width: 25%; text-align: center;\"><a href=\"https:\/\/agora.xtec.cat\/escllumsdelnord\/projecte-educatiu\/edc\/part-estrategica\/avaluacio-i-millora%f0%9f%91%8d\/\" target=\"_blank\" rel=\"noopener\"><strong>Avaluaci\u00f3 i Millora<\/strong><\/a><\/td>\n<\/tr>\n<\/tbody>\n<\/table>\n<p><a href=\"https:\/\/agora.xtec.cat\/escllumsdelnord\/wp-content\/uploads\/usu1797\/2022\/03\/EDC18-1@3x-1-1024x504-1.png\"><img loading=\"lazy\" decoding=\"async\" class=\"aligncenter size-full wp-image-6056\" src=\"https:\/\/agora.xtec.cat\/escllumsdelnord\/wp-content\/uploads\/usu1797\/2022\/03\/EDC18-1@3x-1-1024x504-1.png\" alt=\"\" width=\"1024\" height=\"504\" srcset=\"https:\/\/agora.xtec.cat\/escllumsdelnord\/wp-content\/uploads\/usu1797\/2022\/03\/EDC18-1@3x-1-1024x504-1.png 1024w, https:\/\/agora.xtec.cat\/escllumsdelnord\/wp-content\/uploads\/usu1797\/2022\/03\/EDC18-1@3x-1-1024x504-1-300x148.png 300w, https:\/\/agora.xtec.cat\/escllumsdelnord\/wp-content\/uploads\/usu1797\/2022\/03\/EDC18-1@3x-1-1024x504-1-768x378.png 768w\" sizes=\"auto, (max-width: 1024px) 100vw, 1024px\" \/><\/a><\/p>\n","protected":false},"excerpt":{"rendered":"<p>L&#8217;estrat\u00e8gia digital de centre (EDC) defineix i concreta les l\u00ednies d&#8217;actuaci\u00f3 d&#8217;un centre que fan possible que docents, alumnat i centre assoleixin la compet\u00e8ncia digital. Per aconseguir aquesta compet\u00e8ncia digital, l&#8217;EDC compr\u00e8n tots els \u00e0mbits del centre: organitzatius, metodol\u00f2gics, curriculars i comunicatius, els quals s&#8217;han de veure necess\u00e0riament implicats i, si escau, transformats, des d\u2019una [&hellip;]<\/p>\n","protected":false},"author":7,"featured_media":0,"parent":64,"menu_order":0,"comment_status":"closed","ping_status":"closed","template":"","meta":{"_bbp_topic_count":0,"_bbp_reply_count":0,"_bbp_total_topic_count":0,"_bbp_total_reply_count":0,"_bbp_voice_count":0,"_bbp_anonymous_reply_count":0,"_bbp_topic_count_hidden":0,"_bbp_reply_count_hidden":0,"_bbp_forum_subforum_count":0,"site-sidebar-layout":"default","site-content-layout":"","ast-site-content-layout":"","site-content-style":"default","site-sidebar-style":"default","ast-global-header-display":"","ast-banner-title-visibility":"","ast-main-header-display":"","ast-hfb-above-header-display":"","ast-hfb-below-header-display":"","ast-hfb-mobile-header-display":"","site-post-title":"","ast-breadcrumbs-content":"","ast-featured-img":"","footer-sml-layout":"","theme-transparent-header-meta":"","adv-header-id-meta":"","stick-header-meta":"","header-above-stick-meta":"","header-main-stick-meta":"","header-below-stick-meta":"","astra-migrate-meta-layouts":"default","ast-page-background-enabled":"default","ast-page-background-meta":{"desktop":{"background-color":"var(--ast-global-color-4)","background-image":"","background-repeat":"repeat","background-position":"center center","background-size":"auto","background-attachment":"scroll","background-type":"","background-media":"","overlay-type":"","overlay-color":"","overlay-opacity":"","overlay-gradient":""},"tablet":{"background-color":"","background-image":"","background-repeat":"repeat","background-position":"center center","background-size":"auto","background-attachment":"scroll","background-type":"","background-media":"","overlay-type":"","overlay-color":"","overlay-opacity":"","overlay-gradient":""},"mobile":{"background-color":"","background-image":"","background-repeat":"repeat","background-position":"center center","background-size":"auto","background-attachment":"scroll","background-type":"","background-media":"","overlay-type":"","overlay-color":"","overlay-opacity":"","overlay-gradient":""}},"ast-content-background-meta":{"desktop":{"background-color":"var(--ast-global-color-5)","background-image":"","background-repeat":"repeat","background-position":"center center","background-size":"auto","background-attachment":"scroll","background-type":"","background-media":"","overlay-type":"","overlay-color":"","overlay-opacity":"","overlay-gradient":""},"tablet":{"background-color":"var(--ast-global-color-5)","background-image":"","background-repeat":"repeat","background-position":"center center","background-size":"auto","background-attachment":"scroll","background-type":"","background-media":"","overlay-type":"","overlay-color":"","overlay-opacity":"","overlay-gradient":""},"mobile":{"background-color":"var(--ast-global-color-5)","background-image":"","background-repeat":"repeat","background-position":"center center","background-size":"auto","background-attachment":"scroll","background-type":"","background-media":"","overlay-type":"","overlay-color":"","overlay-opacity":"","overlay-gradient":""}},"footnotes":""},"class_list":["post-6051","page","type-page","status-publish","hentry"],"post_mailing_queue_ids":[],"_links":{"self":[{"href":"https:\/\/agora.xtec.cat\/escllumsdelnord\/wp-json\/wp\/v2\/pages\/6051","targetHints":{"allow":["GET"]}}],"collection":[{"href":"https:\/\/agora.xtec.cat\/escllumsdelnord\/wp-json\/wp\/v2\/pages"}],"about":[{"href":"https:\/\/agora.xtec.cat\/escllumsdelnord\/wp-json\/wp\/v2\/types\/page"}],"author":[{"embeddable":true,"href":"https:\/\/agora.xtec.cat\/escllumsdelnord\/wp-json\/wp\/v2\/users\/7"}],"replies":[{"embeddable":true,"href":"https:\/\/agora.xtec.cat\/escllumsdelnord\/wp-json\/wp\/v2\/comments?post=6051"}],"version-history":[{"count":3,"href":"https:\/\/agora.xtec.cat\/escllumsdelnord\/wp-json\/wp\/v2\/pages\/6051\/revisions"}],"predecessor-version":[{"id":6053,"href":"https:\/\/agora.xtec.cat\/escllumsdelnord\/wp-json\/wp\/v2\/pages\/6051\/revisions\/6053"}],"up":[{"embeddable":true,"href":"https:\/\/agora.xtec.cat\/escllumsdelnord\/wp-json\/wp\/v2\/pages\/64"}],"wp:attachment":[{"href":"https:\/\/agora.xtec.cat\/escllumsdelnord\/wp-json\/wp\/v2\/media?parent=6051"}],"curies":[{"name":"wp","href":"https:\/\/api.w.org\/{rel}","templated":true}]}}