{"id":5754,"date":"2021-12-03T10:06:42","date_gmt":"2021-12-03T09:06:42","guid":{"rendered":"https:\/\/agora.xtec.cat\/escllumsdelnord\/?page_id=5754"},"modified":"2022-03-24T19:34:05","modified_gmt":"2022-03-24T18:34:05","slug":"internet-segura","status":"publish","type":"page","link":"https:\/\/agora.xtec.cat\/escllumsdelnord\/internet-segura\/","title":{"rendered":"Internet Segura"},"content":{"rendered":"<h2 tabindex=\"-1\" data-thread-perm-id=\"thread-f:1717939185491358339\" data-legacy-thread-id=\"17d7589650efb283\"><a href=\"https:\/\/agora.xtec.cat\/escllumsdelnord\/wp-content\/uploads\/usu1797\/2021\/12\/\u2014Pngtree\u2014mobile-phone-qr-code-alipay_931935.jpg\"><img loading=\"lazy\" decoding=\"async\" class=\"aligncenter wp-image-5756\" src=\"https:\/\/agora.xtec.cat\/escllumsdelnord\/wp-content\/uploads\/usu1797\/2021\/12\/\u2014Pngtree\u2014mobile-phone-qr-code-alipay_931935.jpg\" alt=\"\" width=\"732\" height=\"267\" srcset=\"https:\/\/agora.xtec.cat\/escllumsdelnord\/wp-content\/uploads\/usu1797\/2021\/12\/\u2014Pngtree\u2014mobile-phone-qr-code-alipay_931935.jpg 1920w, https:\/\/agora.xtec.cat\/escllumsdelnord\/wp-content\/uploads\/usu1797\/2021\/12\/\u2014Pngtree\u2014mobile-phone-qr-code-alipay_931935-300x109.jpg 300w, https:\/\/agora.xtec.cat\/escllumsdelnord\/wp-content\/uploads\/usu1797\/2021\/12\/\u2014Pngtree\u2014mobile-phone-qr-code-alipay_931935-1024x373.jpg 1024w, https:\/\/agora.xtec.cat\/escllumsdelnord\/wp-content\/uploads\/usu1797\/2021\/12\/\u2014Pngtree\u2014mobile-phone-qr-code-alipay_931935-768x280.jpg 768w, https:\/\/agora.xtec.cat\/escllumsdelnord\/wp-content\/uploads\/usu1797\/2021\/12\/\u2014Pngtree\u2014mobile-phone-qr-code-alipay_931935-1536x560.jpg 1536w\" sizes=\"auto, (max-width: 732px) 100vw, 732px\" \/><\/a><\/h2>\n<h2 id=\":1zs\" class=\"hP\" tabindex=\"-1\" data-thread-perm-id=\"thread-f:1717939185491358339\" data-legacy-thread-id=\"17d7589650efb283\"><span style=\"font-size: 16px; font-weight: normal;\">Dins d&#8217;aquest apartat hi trobareu informaci\u00f3 sobre com preservar l&#8217;impacte de les tecnologies en els adolescents i que cada vegada s\u00f3n m\u00e9s preco\u00e7os en l&#8217;\u00fas d&#8217;aquesta tecnologia l\u00edquida.<\/span><\/h2>\n<h2 id=\":4ct\" class=\"hP\" tabindex=\"-1\" data-thread-perm-id=\"thread-f:1717939209184587485\" data-legacy-thread-id=\"17d7589bd529aedd\">Internet segura. Seguretat i recursos per pares i mares oferta pel cos de policia de la Generalitat dels Mossos d&#8217;Esquadra.<\/h2>\n<div id=\":1vx\" class=\"pG\" role=\"img\" data-tooltip-contained=\"true\" data-tooltip-align=\"b,l\" data-tooltip-delay=\"1500\" aria-label=\"No important\"><\/div>\n<p style=\"font-weight: 400;\">Actualment, els menors utilitzen cada vegada m\u00e9s les noves tecnologies, Internet, les xarxes socials i els jocs en l\u00ednia. Aquest \u00fas comporta riscos que els pares i mares poden ajudar a evitar amb l\u2019acompanyament i assegurant que es segueixen els consells de seguretat.<\/p>\n<p style=\"font-weight: 400;\">Amb l\u2019objectiu que els pares i mares puguin tenir informaci\u00f3 que pugui ser d\u2019ajuda per fer aquest acompanyament, tot seguit els hi fem arribar dos enlla\u00e7os a p\u00e0gines web on hi poden trobar consells de seguretat i recursos:<\/p>\n<ul>\n<li style=\"font-weight: 400;\">Policia de la Generalitat Mossos d\u2019Esquadra:\u00a0<a href=\"https:\/\/eur03.safelinks.protection.outlook.com\/?url=https%3A%2F%2Fmossos.gencat.cat%2Fca%2Ftemes%2FInternet-xarxes-socials-i-aplicacions%2F&amp;data=04%7C01%7Cmjesus.salsas%40gencat.cat%7Cb4c13cd2865046360fcb08d9a9c79bd9%7C3b9427dcd30e43bc8c06ff7253676fec%7C1%7C0%7C637727497032453085%7CUnknown%7CTWFpbGZsb3d8eyJWIjoiMC4wLjAwMDAiLCJQIjoiV2luMzIiLCJBTiI6Ik1haWwiLCJXVCI6Mn0%3D%7C3000&amp;sdata=yiAggDcd27p93kMWBCkPw0vgPtesmGRA8te8Q9WRwz8%3D&amp;reserved=0\" data-saferedirecturl=\"https:\/\/www.google.com\/url?q=https:\/\/eur03.safelinks.protection.outlook.com\/?url%3Dhttps%253A%252F%252Fmossos.gencat.cat%252Fca%252Ftemes%252FInternet-xarxes-socials-i-aplicacions%252F%26data%3D04%257C01%257Cmjesus.salsas%2540gencat.cat%257Cb4c13cd2865046360fcb08d9a9c79bd9%257C3b9427dcd30e43bc8c06ff7253676fec%257C1%257C0%257C637727497032453085%257CUnknown%257CTWFpbGZsb3d8eyJWIjoiMC4wLjAwMDAiLCJQIjoiV2luMzIiLCJBTiI6Ik1haWwiLCJXVCI6Mn0%253D%257C3000%26sdata%3DyiAggDcd27p93kMWBCkPw0vgPtesmGRA8te8Q9WRwz8%253D%26reserved%3D0&amp;source=gmail&amp;ust=1638606761582000&amp;usg=AOvVaw3nYqdkmLzZkXKECTSZ9Jnr\">https:\/\/mossos.gencat.cat\/ca\/temes\/Internet-xarxes-socials-i-aplicacions\/<\/a><\/li>\n<li style=\"font-weight: 400;\">\u00a0Ag\u00e8ncia Catalana de Ciberseguretat: <a href=\"https:\/\/eur03.safelinks.protection.outlook.com\/?url=https%3A%2F%2Finternetsegura.cat%2Ffamilies%2Frecursos-families%2F&amp;data=04%7C01%7Cmjesus.salsas%40gencat.cat%7Cb4c13cd2865046360fcb08d9a9c79bd9%7C3b9427dcd30e43bc8c06ff7253676fec%7C1%7C0%7C637727497032463077%7CUnknown%7CTWFpbGZsb3d8eyJWIjoiMC4wLjAwMDAiLCJQIjoiV2luMzIiLCJBTiI6Ik1haWwiLCJXVCI6Mn0%3D%7C3000&amp;sdata=Pr7yfbi5TOUP9FvsIhS1fCH5fmSUDUgYw%2FOQFPA3ygg%3D&amp;reserved=0\" data-saferedirecturl=\"https:\/\/www.google.com\/url?q=https:\/\/eur03.safelinks.protection.outlook.com\/?url%3Dhttps%253A%252F%252Finternetsegura.cat%252Ffamilies%252Frecursos-families%252F%26data%3D04%257C01%257Cmjesus.salsas%2540gencat.cat%257Cb4c13cd2865046360fcb08d9a9c79bd9%257C3b9427dcd30e43bc8c06ff7253676fec%257C1%257C0%257C637727497032463077%257CUnknown%257CTWFpbGZsb3d8eyJWIjoiMC4wLjAwMDAiLCJQIjoiV2luMzIiLCJBTiI6Ik1haWwiLCJXVCI6Mn0%253D%257C3000%26sdata%3DPr7yfbi5TOUP9FvsIhS1fCH5fmSUDUgYw%252FOQFPA3ygg%253D%26reserved%3D0&amp;source=gmail&amp;ust=1638606761582000&amp;usg=AOvVaw2IrQgmiFrFk2aaj1hvFtDi\">https:\/\/internetsegura.cat\/families\/recursos-families\/<\/a><\/li>\n<\/ul>\n<p style=\"font-weight: 400;\">\u00a0Tamb\u00e9 tenen a la seva disposici\u00f3 l\u2019adre\u00e7a de correu\u00a0<a href=\"mailto:internetsegura@gencat.cat\">internetsegura@gencat.cat<\/a> \u00a0per tal de rebre assessorament, resoldre dubtes o heu visualitzat alguna p\u00e0gina que contingui pornografia infantil.<\/p>\n<p style=\"font-weight: 400;\">\u00a0Us agra\u00efm el vostre inter\u00e8s i col\u00b7laboraci\u00f3.<\/p>\n<p>&nbsp;<\/p>\n<h2 class=\"hP\" tabindex=\"-1\" data-thread-perm-id=\"thread-f:1717939185491358339\" data-legacy-thread-id=\"17d7589650efb283\">CONTROL PARENTAL<\/h2>\n<p>Dins d&#8217;aquest enlla\u00e7 trobareu informaci\u00f3 de com aplicar el control parental en aplicacions i jocs en l\u00ednia com ara el TikTok, Fortnite&#8230;<\/p>\n<p><a href=\"https:\/\/empantallados.com\/?s=control+parental\" target=\"_blank\" rel=\"noopener\">https:\/\/empantallados.com\/?s=control+parental<\/a><\/p>\n<h2 class=\"hP\" tabindex=\"-1\" data-thread-perm-id=\"thread-f:1717939185491358339\" data-legacy-thread-id=\"17d7589650efb283\">Impacte de la tecnologia en l&#8217;adolesc\u00e8ncia.<\/h2>\n<div class=\"ast-oembed-container \" style=\"height: 100%;\"><iframe loading=\"lazy\" title=\"EN DIRECTO: Impacto de la Tecnolog\u00eda en la Adolescencia | #SuMayorInfluencer\" width=\"500\" height=\"281\" src=\"https:\/\/www.youtube.com\/embed\/v4Udp_nLHwk?feature=oembed\" frameborder=\"0\" allow=\"accelerometer; autoplay; clipboard-write; encrypted-media; gyroscope; picture-in-picture; web-share\" referrerpolicy=\"strict-origin-when-cross-origin\" allowfullscreen><\/iframe><\/div>\n<p><b><span lang=\"CA\">Us adjuntem el document original\u00a0<\/span><\/b><b><span lang=\"CA\"><a href=\"https:\/\/www.unicef.es\/publicacion\/impacto-de-la-tecnologia-en-la-adolescencia\" target=\"_blank\" rel=\"noopener\" data-saferedirecturl=\"https:\/\/www.google.com\/url?q=https:\/\/www.unicef.es\/publicacion\/impacto-de-la-tecnologia-en-la-adolescencia&amp;source=gmail&amp;ust=1638606761811000&amp;usg=AOvVaw1ZCHRfGV5ULYFRqdptIbaE\">aqu\u00ed<\/a>.<\/span><\/b><\/p>\n<h2 id=\":1zs\" class=\"hP\" tabindex=\"-1\" data-thread-perm-id=\"thread-f:1717939185491358339\" data-legacy-thread-id=\"17d7589650efb283\">Com sobreviure a l&#8217;arribada del primer m\u00f2bil\u00a0<img decoding=\"async\" class=\"an1\" src=\"https:\/\/fonts.gstatic.com\/s\/e\/notoemoji\/14.0\/1f4f1\/32.png\" alt=\"\ud83d\udcf1\" data-emoji=\"\ud83d\udcf1\" aria-label=\"\ud83d\udcf1\" \/><\/h2>\n<div id=\":4gy\" class=\"pG\" role=\"img\" data-tooltip-contained=\"true\" data-tooltip-align=\"b,l\" data-tooltip-delay=\"1500\" aria-label=\"No important\"><a href=\"https:\/\/agora.xtec.cat\/escllumsdelnord\/wp-content\/uploads\/usu1797\/2021\/12\/unnamed.png\"><img loading=\"lazy\" decoding=\"async\" class=\"aligncenter size-full wp-image-5755\" src=\"https:\/\/agora.xtec.cat\/escllumsdelnord\/wp-content\/uploads\/usu1797\/2021\/12\/unnamed.png\" alt=\"\" width=\"787\" height=\"1940\" srcset=\"https:\/\/agora.xtec.cat\/escllumsdelnord\/wp-content\/uploads\/usu1797\/2021\/12\/unnamed.png 787w, https:\/\/agora.xtec.cat\/escllumsdelnord\/wp-content\/uploads\/usu1797\/2021\/12\/unnamed-122x300.png 122w, https:\/\/agora.xtec.cat\/escllumsdelnord\/wp-content\/uploads\/usu1797\/2021\/12\/unnamed-415x1024.png 415w, https:\/\/agora.xtec.cat\/escllumsdelnord\/wp-content\/uploads\/usu1797\/2021\/12\/unnamed-768x1893.png 768w, https:\/\/agora.xtec.cat\/escllumsdelnord\/wp-content\/uploads\/usu1797\/2021\/12\/unnamed-623x1536.png 623w\" sizes=\"auto, (max-width: 787px) 100vw, 787px\" \/><\/a><\/div>\n<div role=\"img\" data-tooltip-contained=\"true\" data-tooltip-align=\"b,l\" data-tooltip-delay=\"1500\" aria-label=\"No important\">\n<h2 tabindex=\"-1\" data-thread-perm-id=\"thread-f:1717939185491358339\" data-legacy-thread-id=\"17d7589650efb283\"><\/h2>\n<h2 id=\":1zs\" class=\"hP\" tabindex=\"-1\" data-thread-perm-id=\"thread-f:1717939185491358339\" data-legacy-thread-id=\"17d7589650efb283\">\u00bfTe consideras un padre o madre digital?\u00a0<img decoding=\"async\" class=\"an1\" src=\"https:\/\/fonts.gstatic.com\/s\/e\/notoemoji\/14.0\/1f469_1f3fc_200d_1f4bb\/32.png\" alt=\"\ud83d\udc69\ud83c\udffc\u200d\ud83d\udcbb\" data-emoji=\"\ud83d\udc69\ud83c\udffc\u200d\ud83d\udcbb\" aria-label=\"\ud83d\udc69\ud83c\udffc\u200d\ud83d\udcbb\" \/><\/h2>\n<p>&nbsp;<\/p>\n<div>\n<div>\n<div>\n<div>\n<div>\n<div>\n<div>\n<div>\n<div>\n<p><strong>Formaci\u00f3n:\u00a0&#8220;Familias Digitales. Claves para acompa\u00f1ar a tus hijas e hijos en la nueva cultura digital educativa&#8221;<\/strong><\/p>\n<\/div>\n<\/div>\n<\/div>\n<\/div>\n<\/div>\n<\/div>\n<\/div>\n<\/div>\n<\/div>\n<div>\n<div>\n<div>\n<div>\n<div>\n<div>\n<div>\n<div>\n<p><strong><em>\u00bfQuieres aprender las claves para acompa\u00f1ar a tus hijos e hijas en su vida digital? \u00bfTe pierdes un poco entre tanto control parental y no sabes cu\u00e1l elegir\u00a0 o instalar? \u00bfQuieres disfrutar de forma segura de las redes sociales con tus hijos e hijas?<\/em><\/strong><\/p>\n<\/div>\n<\/div>\n<table style=\"width: 100%; height: 36px;\" role=\"presentation\" border=\"0\" width=\"100%\" cellspacing=\"0\" cellpadding=\"0\">\n<tbody>\n<tr style=\"height: 33px;\" valign=\"top\">\n<td style=\"height: 33px;\" valign=\"top\"><\/td>\n<\/tr>\n<\/tbody>\n<\/table>\n<div>\n<div><\/div>\n<\/div>\n<div align=\"center\"><\/div>\n<\/div>\n<\/div>\n<\/div>\n<\/div>\n<\/div>\n<\/div>\n<div>\n<div>\n<div>\n<div>\n<div>\n<div>\n<table role=\"presentation\" border=\"0\" width=\"100%\" cellspacing=\"0\" cellpadding=\"0\">\n<tbody>\n<tr valign=\"top\">\n<td valign=\"top\"><\/td>\n<\/tr>\n<\/tbody>\n<\/table>\n<div>\n<div>\n<p><strong>Esto es lo que nuestros alumnos y alumnas opinan de la formaci\u00f3n:<\/strong><\/p>\n<\/div>\n<\/div>\n<\/div>\n<\/div>\n<\/div>\n<\/div>\n<\/div>\n<\/div>\n<div>\n<div>\n<div>\n<div>\n<div>\n<div>\n<div align=\"center\"><img decoding=\"async\" class=\"CToWUd a6T\" tabindex=\"0\" src=\"https:\/\/ci5.googleusercontent.com\/proxy\/DngXdQMd40GjvUTP-S0e_2_sFOymAGlyn_2mZ-OZE2_O99UH2YK67fP4UTQwLOoBU0z1d8g_wrVzwQp0m2J63jfPzdpC9LCV0TKTip9PE1ZylwdJHrOUbj-HXVQGewz3ok3mbNoFTDpbkUxvsZdg6A=s0-d-e1-ft#https:\/\/images.acblnk.com\/images\/acumbamail_Ai4rdOcSnfCM6rlATGQ2\/curso_ec_familias_quote2.png\" width=\"325\" align=\"center\" border=\"0\" \/><\/div>\n<\/div>\n<\/div>\n<\/div>\n<div>\n<div>\n<div>\n<div align=\"center\"><img decoding=\"async\" class=\"CToWUd a6T\" tabindex=\"0\" src=\"https:\/\/ci6.googleusercontent.com\/proxy\/YtHOI86jvUfjDzQxqIre0lIsICClhhb5Di8bvusRgk3qq0s1ywG1-YAPegFub3DJ_2qa1XdhHag9zl1hZCL__82N4gF8y_2_DyRpNWEAsbQVY1zAQK10lRgqpHE1oVag-mr324hxw5kZEA0-OFFNRg=s0-d-e1-ft#https:\/\/images.acblnk.com\/images\/acumbamail_Ai4rdOcSnfCM6rlATGQ2\/curso_ec_familias_quote1.png\" width=\"325\" align=\"center\" border=\"0\" \/><\/div>\n<\/div>\n<\/div>\n<\/div>\n<\/div>\n<\/div>\n<\/div>\n<div>\n<table role=\"presentation\" border=\"0\" width=\"100%\" cellspacing=\"0\" cellpadding=\"0\">\n<tbody>\n<tr valign=\"top\">\n<td valign=\"top\"><\/td>\n<\/tr>\n<\/tbody>\n<\/table>\n<\/div>\n<div>\n<div>\n<div align=\"center\">\n<div><\/div>\n<p>&nbsp;<\/p>\n<div><\/div>\n<\/div>\n<\/div>\n<div>\n<div>\n<div>\n<div>\n<div><\/div>\n<\/div>\n<\/div>\n<\/div>\n<\/div>\n<\/div>\n<\/div>\n<div align=\"center\"><\/div>\n<div align=\"center\"><\/div>\n","protected":false},"excerpt":{"rendered":"<p>Dins d&#8217;aquest apartat hi trobareu informaci\u00f3 sobre com preservar l&#8217;impacte de les tecnologies en els adolescents i que cada vegada s\u00f3n m\u00e9s preco\u00e7os en l&#8217;\u00fas d&#8217;aquesta tecnologia l\u00edquida. Internet segura. Seguretat i recursos per pares i mares oferta pel cos de policia de la Generalitat dels Mossos d&#8217;Esquadra. Actualment, els menors utilitzen cada vegada m\u00e9s [&hellip;]<\/p>\n","protected":false},"author":7,"featured_media":0,"parent":0,"menu_order":0,"comment_status":"closed","ping_status":"closed","template":"","meta":{"_bbp_topic_count":0,"_bbp_reply_count":0,"_bbp_total_topic_count":0,"_bbp_total_reply_count":0,"_bbp_voice_count":0,"_bbp_anonymous_reply_count":0,"_bbp_topic_count_hidden":0,"_bbp_reply_count_hidden":0,"_bbp_forum_subforum_count":0,"site-sidebar-layout":"default","site-content-layout":"","ast-site-content-layout":"","site-content-style":"default","site-sidebar-style":"default","ast-global-header-display":"","ast-banner-title-visibility":"","ast-main-header-display":"","ast-hfb-above-header-display":"","ast-hfb-below-header-display":"","ast-hfb-mobile-header-display":"","site-post-title":"","ast-breadcrumbs-content":"","ast-featured-img":"","footer-sml-layout":"","theme-transparent-header-meta":"","adv-header-id-meta":"","stick-header-meta":"","header-above-stick-meta":"","header-main-stick-meta":"","header-below-stick-meta":"","astra-migrate-meta-layouts":"default","ast-page-background-enabled":"default","ast-page-background-meta":{"desktop":{"background-color":"var(--ast-global-color-4)","background-image":"","background-repeat":"repeat","background-position":"center center","background-size":"auto","background-attachment":"scroll","background-type":"","background-media":"","overlay-type":"","overlay-color":"","overlay-opacity":"","overlay-gradient":""},"tablet":{"background-color":"","background-image":"","background-repeat":"repeat","background-position":"center center","background-size":"auto","background-attachment":"scroll","background-type":"","background-media":"","overlay-type":"","overlay-color":"","overlay-opacity":"","overlay-gradient":""},"mobile":{"background-color":"","background-image":"","background-repeat":"repeat","background-position":"center center","background-size":"auto","background-attachment":"scroll","background-type":"","background-media":"","overlay-type":"","overlay-color":"","overlay-opacity":"","overlay-gradient":""}},"ast-content-background-meta":{"desktop":{"background-color":"var(--ast-global-color-5)","background-image":"","background-repeat":"repeat","background-position":"center center","background-size":"auto","background-attachment":"scroll","background-type":"","background-media":"","overlay-type":"","overlay-color":"","overlay-opacity":"","overlay-gradient":""},"tablet":{"background-color":"var(--ast-global-color-5)","background-image":"","background-repeat":"repeat","background-position":"center center","background-size":"auto","background-attachment":"scroll","background-type":"","background-media":"","overlay-type":"","overlay-color":"","overlay-opacity":"","overlay-gradient":""},"mobile":{"background-color":"var(--ast-global-color-5)","background-image":"","background-repeat":"repeat","background-position":"center center","background-size":"auto","background-attachment":"scroll","background-type":"","background-media":"","overlay-type":"","overlay-color":"","overlay-opacity":"","overlay-gradient":""}},"footnotes":""},"class_list":["post-5754","page","type-page","status-publish","hentry"],"post_mailing_queue_ids":[],"_links":{"self":[{"href":"https:\/\/agora.xtec.cat\/escllumsdelnord\/wp-json\/wp\/v2\/pages\/5754","targetHints":{"allow":["GET"]}}],"collection":[{"href":"https:\/\/agora.xtec.cat\/escllumsdelnord\/wp-json\/wp\/v2\/pages"}],"about":[{"href":"https:\/\/agora.xtec.cat\/escllumsdelnord\/wp-json\/wp\/v2\/types\/page"}],"author":[{"embeddable":true,"href":"https:\/\/agora.xtec.cat\/escllumsdelnord\/wp-json\/wp\/v2\/users\/7"}],"replies":[{"embeddable":true,"href":"https:\/\/agora.xtec.cat\/escllumsdelnord\/wp-json\/wp\/v2\/comments?post=5754"}],"version-history":[{"count":2,"href":"https:\/\/agora.xtec.cat\/escllumsdelnord\/wp-json\/wp\/v2\/pages\/5754\/revisions"}],"predecessor-version":[{"id":6044,"href":"https:\/\/agora.xtec.cat\/escllumsdelnord\/wp-json\/wp\/v2\/pages\/5754\/revisions\/6044"}],"wp:attachment":[{"href":"https:\/\/agora.xtec.cat\/escllumsdelnord\/wp-json\/wp\/v2\/media?parent=5754"}],"curies":[{"name":"wp","href":"https:\/\/api.w.org\/{rel}","templated":true}]}}