{"id":5370,"date":"2021-09-06T18:56:23","date_gmt":"2021-09-06T16:56:23","guid":{"rendered":"https:\/\/agora.xtec.cat\/escllumsdelnord\/?page_id=5370"},"modified":"2024-09-18T17:33:47","modified_gmt":"2024-09-18T15:33:47","slug":"acollida-matinal-i-de-tarda","status":"publish","type":"page","link":"https:\/\/agora.xtec.cat\/escllumsdelnord\/serveis\/acollida-matinal-i-de-tarda\/","title":{"rendered":"Acollida matinal i de tarda SAM\/SAT"},"content":{"rendered":"<p>El servei, va a c\u00e0rrec de l\u2019empresa MM Extraescolars, est\u00e0 finan\u00e7at en part amb les quotes que paguen les fam\u00edlies i en part per l\u2019Ajuntament de Puigcerd\u00e0.<br \/>\nDes de l\u2019\u00c0rea d\u2019Educaci\u00f3 de l\u2019Ajuntament de Puigcerd\u00e0 s\u2019ha treballat per poder facilitar a un preu accessible per les fam\u00edlies el servei d\u2019acollida i aix\u00ed ajudar en la conciliaci\u00f3 familiar.<\/p>\n<p>El servei d&#8217;acollida el SAM (servei d&#8217;acollida matinal) \u00e9s de 7.55 a 8.55 h<\/p>\n<p>El servei d&#8217;acollida SAT (servei d&#8217;acollida de tarda) \u00e9s de 16.30 a 17.30 h<\/p>\n<p>Pel <strong>servei d\u2019acollida fixe<\/strong>:<\/p>\n<ul>\n<li>Per inscriure&#8217;s s&#8217;ha de fer a trav\u00e9s de la seu electr\u00f2nica de l&#8217;Ajuntament, <a href=\"https:\/\/www.puigcerda.cat\/ca\/serveis\/educacio\/servei-d-acollida\/\" target=\"_blank\" rel=\"noopener\">https:\/\/www.puigcerda.cat\/ca\/serveis\/educacio\/servei-d-acollida\/<\/a><\/li>\n<li>De forma presencial: A traves del registre d\u2019entrada de l\u2019Oficina d\u2019Atenci\u00f3 Ciutadana de l\u2019Ajuntament de Puigcerd\u00e0 (Ajuntament de Puigcerd\u00e0, pla\u00e7a de l\u2019Ajuntament 1).<\/li>\n<li>Si necessiteu altra informaci\u00f3 podeu contactar amb l&#8217;Ajuntament al\u00a0972 88 06 50<\/li>\n<\/ul>\n<p>Pel <strong>servei d\u2019acollida espor\u00e0dica<\/strong>, no cal inscripci\u00f3 pr\u00e8via. Cal fer la compra anticipadament en un caixer amb els <a href=\"https:\/\/drive.google.com\/drive\/folders\/14qZNA8G748AUbWgzRmK_pSQzynT1-RLE\" target=\"_blank\" rel=\"noopener\">codis de pagament<\/a>. Recordeu que si \u00e9s nom\u00e9s mat\u00ed o tarda haureu de fer servir el de 2,5 euros i si \u00e9s pel dia sencer el de 4,5 euros.<strong>\u00a0<\/strong>El comprovant s\u2019entregar\u00e0 a la monitora el mateix dia, a l&#8217;arribada al servei. No es permetr\u00e0 l\u2019entrada de cap infant sense el resguard de pagament.<\/p>\n","protected":false},"excerpt":{"rendered":"<p>El servei, va a c\u00e0rrec de l\u2019empresa MM Extraescolars, est\u00e0 finan\u00e7at en part amb les quotes que paguen les fam\u00edlies i en part per l\u2019Ajuntament de Puigcerd\u00e0. Des de l\u2019\u00c0rea d\u2019Educaci\u00f3 de l\u2019Ajuntament de Puigcerd\u00e0 s\u2019ha treballat per poder facilitar a un preu accessible per les fam\u00edlies el servei d\u2019acollida i aix\u00ed ajudar en la [&hellip;]<\/p>\n","protected":false},"author":7,"featured_media":0,"parent":66,"menu_order":0,"comment_status":"closed","ping_status":"closed","template":"","meta":{"_bbp_topic_count":0,"_bbp_reply_count":0,"_bbp_total_topic_count":0,"_bbp_total_reply_count":0,"_bbp_voice_count":0,"_bbp_anonymous_reply_count":0,"_bbp_topic_count_hidden":0,"_bbp_reply_count_hidden":0,"_bbp_forum_subforum_count":0,"site-sidebar-layout":"default","site-content-layout":"","ast-site-content-layout":"","site-content-style":"default","site-sidebar-style":"default","ast-global-header-display":"","ast-banner-title-visibility":"","ast-main-header-display":"","ast-hfb-above-header-display":"","ast-hfb-below-header-display":"","ast-hfb-mobile-header-display":"","site-post-title":"","ast-breadcrumbs-content":"","ast-featured-img":"","footer-sml-layout":"","theme-transparent-header-meta":"","adv-header-id-meta":"","stick-header-meta":"","header-above-stick-meta":"","header-main-stick-meta":"","header-below-stick-meta":"","astra-migrate-meta-layouts":"default","ast-page-background-enabled":"default","ast-page-background-meta":{"desktop":{"background-color":"var(--ast-global-color-4)","background-image":"","background-repeat":"repeat","background-position":"center center","background-size":"auto","background-attachment":"scroll","background-type":"","background-media":"","overlay-type":"","overlay-color":"","overlay-opacity":"","overlay-gradient":""},"tablet":{"background-color":"","background-image":"","background-repeat":"repeat","background-position":"center center","background-size":"auto","background-attachment":"scroll","background-type":"","background-media":"","overlay-type":"","overlay-color":"","overlay-opacity":"","overlay-gradient":""},"mobile":{"background-color":"","background-image":"","background-repeat":"repeat","background-position":"center center","background-size":"auto","background-attachment":"scroll","background-type":"","background-media":"","overlay-type":"","overlay-color":"","overlay-opacity":"","overlay-gradient":""}},"ast-content-background-meta":{"desktop":{"background-color":"var(--ast-global-color-5)","background-image":"","background-repeat":"repeat","background-position":"center center","background-size":"auto","background-attachment":"scroll","background-type":"","background-media":"","overlay-type":"","overlay-color":"","overlay-opacity":"","overlay-gradient":""},"tablet":{"background-color":"var(--ast-global-color-5)","background-image":"","background-repeat":"repeat","background-position":"center center","background-size":"auto","background-attachment":"scroll","background-type":"","background-media":"","overlay-type":"","overlay-color":"","overlay-opacity":"","overlay-gradient":""},"mobile":{"background-color":"var(--ast-global-color-5)","background-image":"","background-repeat":"repeat","background-position":"center center","background-size":"auto","background-attachment":"scroll","background-type":"","background-media":"","overlay-type":"","overlay-color":"","overlay-opacity":"","overlay-gradient":""}},"footnotes":""},"class_list":["post-5370","page","type-page","status-publish","hentry"],"post_mailing_queue_ids":[],"_links":{"self":[{"href":"https:\/\/agora.xtec.cat\/escllumsdelnord\/wp-json\/wp\/v2\/pages\/5370","targetHints":{"allow":["GET"]}}],"collection":[{"href":"https:\/\/agora.xtec.cat\/escllumsdelnord\/wp-json\/wp\/v2\/pages"}],"about":[{"href":"https:\/\/agora.xtec.cat\/escllumsdelnord\/wp-json\/wp\/v2\/types\/page"}],"author":[{"embeddable":true,"href":"https:\/\/agora.xtec.cat\/escllumsdelnord\/wp-json\/wp\/v2\/users\/7"}],"replies":[{"embeddable":true,"href":"https:\/\/agora.xtec.cat\/escllumsdelnord\/wp-json\/wp\/v2\/comments?post=5370"}],"version-history":[{"count":6,"href":"https:\/\/agora.xtec.cat\/escllumsdelnord\/wp-json\/wp\/v2\/pages\/5370\/revisions"}],"predecessor-version":[{"id":8626,"href":"https:\/\/agora.xtec.cat\/escllumsdelnord\/wp-json\/wp\/v2\/pages\/5370\/revisions\/8626"}],"up":[{"embeddable":true,"href":"https:\/\/agora.xtec.cat\/escllumsdelnord\/wp-json\/wp\/v2\/pages\/66"}],"wp:attachment":[{"href":"https:\/\/agora.xtec.cat\/escllumsdelnord\/wp-json\/wp\/v2\/media?parent=5370"}],"curies":[{"name":"wp","href":"https:\/\/api.w.org\/{rel}","templated":true}]}}