{"id":38,"date":"2014-09-18T12:34:08","date_gmt":"2014-09-18T11:34:08","guid":{"rendered":"http:\/\/agora.xtec.cat\/escllumsdelnord\/?page_id=38"},"modified":"2022-06-20T16:19:42","modified_gmt":"2022-06-20T14:19:42","slug":"salut","status":"publish","type":"page","link":"https:\/\/agora.xtec.cat\/escllumsdelnord\/lescola\/salut\/","title":{"rendered":"Salut"},"content":{"rendered":"<p>En totes les malalties que cursin amb febre, a m\u00e9s de seguir les recomanacions espec\u00edfiques per a cadascuna d\u2019elles, caldr\u00e0 que l&#8217;infant hagi estat 24 hores sense febre abans de tornar a l\u2019escola.<\/p>\n<p><a href=\"https:\/\/scientiasalut.gencat.cat\/handle\/11351\/3061.2\" target=\"_blank\" rel=\"noopener\">Recomanacions per les quals l&#8217;alumnat de l&#8217;escola hauria o no d&#8217;assistir a classe durant un per\u00edode de temps a causa de diferents malalties transmissibles.<\/a><\/p>\n<h3 style=\"text-align: justify;\"><strong>Administraci\u00f3 de medicaments<\/strong><\/h3>\n<p style=\"text-align: justify;\">Sempre que sigui imprescindible administrar medicaments a l&#8217;alumnat en l&#8217;horari lectiu, caldr\u00e0 pr\u00e8viament que els pares, mares o tutors legals aportin la documentaci\u00f3 seg\u00fcent:<br \/>\nUn informe m\u00e8dic on consti el nom de l&#8217;alumne o alumna, el nom del medicament que ha de prendre i la pauta d&#8217;administraci\u00f3.<br \/>\nUna autoritzaci\u00f3 on se sol\u00b7liciti a la direcci\u00f3 del centre educatiu l&#8217;administraci\u00f3 al fill o filla del medicament prescrit d&#8217;acord amb les pautes que constin en l&#8217;informe esmentat anteriorment, i se n&#8217;autoritzi l&#8217;administraci\u00f3 als professionals del centre.<\/p>\n<h3 style=\"text-align: justify;\"><strong>Administraci\u00f3 de paracetamol.<\/strong><\/h3>\n<p style=\"text-align: justify;\">El centre disposa d&#8217;un perm\u00eds per administrar paracetamol a l&#8217;alumnat en cas d&#8217;urg\u00e8ncia i sempre que la temperatura sigui superior a 38\u00baC mestre s&#8217;espera l&#8217;arribada d&#8217;un familiar o adult autoritzat per escrit, qu el pugui dur a casa. Si esteu interessats us podeu dirigir a direcci\u00f3 on us proporcionaran el formulari.<\/p>\n<h3 style=\"text-align: justify;\"><strong>Al\u00b7l\u00e8rgies i intoler\u00e0ncies<\/strong><\/h3>\n<p style=\"text-align: justify;\">cal comunicar les es al\u00b7l\u00e8rgies i intoler\u00e0ncies a la tutora o al tutor de l&#8217;alumne\/a. Cal presentar l&#8217;informe m\u00e8dic i quedaran registrades a l&#8217;expedient de cada infant. En cas d&#8217;aparici\u00f3 d&#8217;alguna al\u00b7l\u00e8rgia o intoler\u00e0ncia s&#8217;ha d&#8217;informar a la tutora o tutor.<\/p>\n<h3 style=\"text-align: justify;\">Par\u00e0sits<\/h3>\n<p style=\"text-align: justify;\">En el cas de detectar polls, cal fer el tractament i avisar r\u00e0pidament a la tutora o al tutor, de manera que es pugui comunicar a la resta del grup per tal d&#8217;evitar-ne l propagaci\u00f3.<\/p>\n<p style=\"text-align: justify;\">M\u00e9s informaci\u00f3 a <a href=\"http:\/\/canalsalut.gencat.cat\/ca\/detalls\/article\/Polls-00001#bloc3\">Canal Salut<\/a><\/p>\n<h3 style=\"text-align: justify;\"><strong>Administraci\u00f3 de paracetamol.<\/strong><\/h3>\n<p style=\"text-align: justify;\">El centre disposa d&#8217;un perm\u00eds per administrar paracetamol a l&#8217;alumnat en cas d&#8217;urg\u00e8ncia.<\/p>\n<p style=\"text-align: justify;\">Si esteu interessats us podeu dirigir a direcci\u00f3 on us proporcionaran el formulari.<\/p>\n<h3 style=\"text-align: justify;\">Vacunacions<\/h3>\n<p style=\"text-align: justify;\">L&#8217;administraci\u00f3 de les vacunes que es fa en els centres educatius est\u00e0 regulada pel Decret 155\/1993, d&#8217;1 de juny, d&#8217;actualitzaci\u00f3 del Programa de salut escolar.<br \/>\nUna de les funcions del programa Inf\u00e0ncia amb Salut i del Programa de salut escolar de Catalunya \u00e9s dur a terme la vacunaci\u00f3 d&#8217;infants i adolescents d&#8217;acord amb el calendari vacunal vigent en cada moment. Per tant, un dels objectius del despla\u00e7ament de professionals sanitaris dels equips d&#8217;atenci\u00f3 prim\u00e0ria als centres escolars del seu<br \/>\n\u00e0mbit territorial \u00e9s mantenir una cobertura de vacunaci\u00f3 al m\u00e9s alta possible d&#8217;infants i adolescents correctament immunitzats, a m\u00e9s de garantir la continu\u00eftat assistencial i el seguiment del calendari de vacunacions sistem\u00e0tiques de Catalunya.<br \/>\nLa direcci\u00f3 del centre far\u00e0 el trasp\u00e0s d&#8217;informaci\u00f3 amb els i les professionals sanitaris, pr\u00e8via autoritzaci\u00f3 de la fam\u00edlia o el tutor o la tutora legal de l&#8217;alumnat at\u00e8s.<\/p>\n<h3><\/h3>\n<p>&nbsp;<\/p>\n<p>&nbsp;<\/p>\n<p>&nbsp;<\/p>\n<p>&nbsp;<\/p>\n<p>&nbsp;<\/p>\n","protected":false},"excerpt":{"rendered":"<p>En totes les malalties que cursin amb febre, a m\u00e9s de seguir les recomanacions espec\u00edfiques per a cadascuna d\u2019elles, caldr\u00e0 que l&#8217;infant hagi estat 24 hores sense febre abans de tornar a l\u2019escola. Recomanacions per les quals l&#8217;alumnat de l&#8217;escola hauria o no d&#8217;assistir a classe durant un per\u00edode de temps a causa de diferents [&hellip;]<\/p>\n","protected":false},"author":1,"featured_media":0,"parent":22,"menu_order":80,"comment_status":"closed","ping_status":"closed","template":"page-templates\/side-menu.php","meta":{"_bbp_topic_count":0,"_bbp_reply_count":0,"_bbp_total_topic_count":0,"_bbp_total_reply_count":0,"_bbp_voice_count":0,"_bbp_anonymous_reply_count":0,"_bbp_topic_count_hidden":0,"_bbp_reply_count_hidden":0,"_bbp_forum_subforum_count":0,"site-sidebar-layout":"default","site-content-layout":"","ast-site-content-layout":"","site-content-style":"default","site-sidebar-style":"default","ast-global-header-display":"","ast-banner-title-visibility":"","ast-main-header-display":"","ast-hfb-above-header-display":"","ast-hfb-below-header-display":"","ast-hfb-mobile-header-display":"","site-post-title":"","ast-breadcrumbs-content":"","ast-featured-img":"","footer-sml-layout":"","theme-transparent-header-meta":"","adv-header-id-meta":"","stick-header-meta":"","header-above-stick-meta":"","header-main-stick-meta":"","header-below-stick-meta":"","astra-migrate-meta-layouts":"default","ast-page-background-enabled":"default","ast-page-background-meta":{"desktop":{"background-color":"var(--ast-global-color-4)","background-image":"","background-repeat":"repeat","background-position":"center center","background-size":"auto","background-attachment":"scroll","background-type":"","background-media":"","overlay-type":"","overlay-color":"","overlay-opacity":"","overlay-gradient":""},"tablet":{"background-color":"","background-image":"","background-repeat":"repeat","background-position":"center center","background-size":"auto","background-attachment":"scroll","background-type":"","background-media":"","overlay-type":"","overlay-color":"","overlay-opacity":"","overlay-gradient":""},"mobile":{"background-color":"","background-image":"","background-repeat":"repeat","background-position":"center center","background-size":"auto","background-attachment":"scroll","background-type":"","background-media":"","overlay-type":"","overlay-color":"","overlay-opacity":"","overlay-gradient":""}},"ast-content-background-meta":{"desktop":{"background-color":"var(--ast-global-color-5)","background-image":"","background-repeat":"repeat","background-position":"center center","background-size":"auto","background-attachment":"scroll","background-type":"","background-media":"","overlay-type":"","overlay-color":"","overlay-opacity":"","overlay-gradient":""},"tablet":{"background-color":"var(--ast-global-color-5)","background-image":"","background-repeat":"repeat","background-position":"center center","background-size":"auto","background-attachment":"scroll","background-type":"","background-media":"","overlay-type":"","overlay-color":"","overlay-opacity":"","overlay-gradient":""},"mobile":{"background-color":"var(--ast-global-color-5)","background-image":"","background-repeat":"repeat","background-position":"center center","background-size":"auto","background-attachment":"scroll","background-type":"","background-media":"","overlay-type":"","overlay-color":"","overlay-opacity":"","overlay-gradient":""}},"footnotes":""},"class_list":["post-38","page","type-page","status-publish","hentry"],"post_mailing_queue_ids":[],"_links":{"self":[{"href":"https:\/\/agora.xtec.cat\/escllumsdelnord\/wp-json\/wp\/v2\/pages\/38","targetHints":{"allow":["GET"]}}],"collection":[{"href":"https:\/\/agora.xtec.cat\/escllumsdelnord\/wp-json\/wp\/v2\/pages"}],"about":[{"href":"https:\/\/agora.xtec.cat\/escllumsdelnord\/wp-json\/wp\/v2\/types\/page"}],"author":[{"embeddable":true,"href":"https:\/\/agora.xtec.cat\/escllumsdelnord\/wp-json\/wp\/v2\/users\/1"}],"replies":[{"embeddable":true,"href":"https:\/\/agora.xtec.cat\/escllumsdelnord\/wp-json\/wp\/v2\/comments?post=38"}],"version-history":[{"count":4,"href":"https:\/\/agora.xtec.cat\/escllumsdelnord\/wp-json\/wp\/v2\/pages\/38\/revisions"}],"predecessor-version":[{"id":6532,"href":"https:\/\/agora.xtec.cat\/escllumsdelnord\/wp-json\/wp\/v2\/pages\/38\/revisions\/6532"}],"up":[{"embeddable":true,"href":"https:\/\/agora.xtec.cat\/escllumsdelnord\/wp-json\/wp\/v2\/pages\/22"}],"wp:attachment":[{"href":"https:\/\/agora.xtec.cat\/escllumsdelnord\/wp-json\/wp\/v2\/media?parent=38"}],"curies":[{"name":"wp","href":"https:\/\/api.w.org\/{rel}","templated":true}]}}