{"id":36,"date":"2014-09-18T12:33:11","date_gmt":"2014-09-18T11:33:11","guid":{"rendered":"http:\/\/agora.xtec.cat\/escllumsdelnord\/?page_id=36"},"modified":"2025-07-16T10:29:18","modified_gmt":"2025-07-16T08:29:18","slug":"material-escolar","status":"publish","type":"page","link":"https:\/\/agora.xtec.cat\/escllumsdelnord\/lescola\/material-escolar\/","title":{"rendered":"Material escolar i activitats pedag\u00f2giques dins l\u2019horari lectiu"},"content":{"rendered":"<p><a href=\"https:\/\/agora.xtec.cat\/escllumsdelnord\/wp-content\/uploads\/usu1797\/2020\/07\/colors.png\"><img loading=\"lazy\" decoding=\"async\" class=\"aligncenter size-full wp-image-4019\" src=\"https:\/\/agora.xtec.cat\/escllumsdelnord\/wp-content\/uploads\/usu1797\/2020\/07\/colors.png\" alt=\"\" width=\"851\" height=\"302\" srcset=\"https:\/\/agora.xtec.cat\/escllumsdelnord\/wp-content\/uploads\/usu1797\/2020\/07\/colors.png 851w, https:\/\/agora.xtec.cat\/escllumsdelnord\/wp-content\/uploads\/usu1797\/2020\/07\/colors-300x106.png 300w, https:\/\/agora.xtec.cat\/escllumsdelnord\/wp-content\/uploads\/usu1797\/2020\/07\/colors-768x273.png 768w\" sizes=\"auto, (max-width: 851px) 100vw, 851px\" \/><\/a><\/p>\n<div>\n<p><strong>MATERIAL ESCOLAR CURS 25-26<\/strong><\/p>\n<p><span style=\"font-weight: 400;\">Les fam\u00edlies fan una \u00fanica aportaci\u00f3 de material de <strong>100 \u20ac per cada fill\/a d&#8217;educaci\u00f3 infantil per a tot el curs escolar i de 70 \u20ac per a cada fill\/a d&#8217;educaci\u00f3 prim\u00e0ria<\/strong> en concepte de fotoc\u00f2pies, fulls, cartolines, pintures&#8230;\u00a0<\/span><\/p>\n<ul>\n<li style=\"font-weight: 400;\" aria-level=\"1\"><span style=\"font-weight: 400;\"><span style=\"font-weight: 400;\">L\u2019alumnat d\u2019educaci\u00f3 infantil cal que porti una bata, amb beta per penjar-la i el nom visible a la part de davant. No hi ha bata de centre. <\/span><\/span>Tamb\u00e9 necessiten una bosseta per a l\u2019esmorzar.<\/li>\n<li style=\"font-weight: 400;\" aria-level=\"1\"><span style=\"font-weight: 400;\">L\u2019alumnat d\u2019educaci\u00f3 prim\u00e0ria ha de portar el material propi que es pot adquirir amb els vals de 60 \u20ac*\u00a0 (*L&#8217;escola ha recomanat la cessi\u00f3 d&#8217;un dels vals i aix\u00ed garantir\u00e0 els estris indispensables que es compraran des del centre)<\/span><\/li>\n<\/ul>\n<ul>\n<li style=\"list-style-type: none;\"><strong style=\"font-family: inherit; font-size: 1em;\">Preguem que els infants no portin bol\u00edgrafs de tinta esborrable ni corrector (Tipp-Ex&#8230;)<\/strong><\/li>\n<\/ul>\n<p><strong>ACTIVITATS PEDAG\u00d2GIQUES<\/strong><\/p>\n<p><span style=\"font-weight: 400;\">Dins l\u2019horari lectiu i emmarcades en les hores d\u2019educaci\u00f3 f\u00edsica de cada curs, es realitzen les seg\u00fcents activitats:<\/span><\/p>\n<p><b>Educaci\u00f3 infantil <\/b><span style=\"font-weight: 400;\">(I3, I4 i I5): Nataci\u00f3. L&#8217;aportaci\u00f3 oscil\u00b7la entre 51 \u20ac i 95 \u20ac depenent de si la fam\u00edlia \u00e9s s\u00f2cia de l\u2019AFA o del Poliesportiu de Puigcerd\u00e0.<\/span><\/p>\n<p><b>Cicle inicial de prim\u00e0ria<\/b><span style=\"font-weight: 400;\"> (1r i 2n): Nataci\u00f3. L\u2019escola est\u00e0 acollida al Programa Neda a l\u2019escola de la Diputaci\u00f3 de Girona. L&#8217;aportaci\u00f3 oscil\u00b7la entre 51 \u20ac i 95 \u20ac depenent de si la fam\u00edlia \u00e9s s\u00f2cia de l\u2019AFA o del Poliesportiu de Puigcerd\u00e0.<\/span><\/p>\n<p><b>Cicle mitj\u00e0 de prim\u00e0ria<\/b><span style=\"font-weight: 400;\"> (3r i 4t): Patinatge. L&#8217;aportaci\u00f3 oscil\u00b7la entre 26 \u20ac i 70 \u20ac depenent de si la fam\u00edlia \u00e9s s\u00f2cia de l\u2019AMPA o del Poliesportiu de Puigcerd\u00e0.<\/span><\/p>\n<p><b>Cicle superior de prim\u00e0ria <\/b>(5\u00e8 i<span style=\"font-weight: 400;\"> 6\u00e8): Itineraris de muntanya. L&#8217;aportaci\u00f3 \u00e9s de 50 \u20ac.<\/span><\/p>\n<p><span style=\"font-weight: 400;\">Cada curs organitza diferents sortides pedag\u00f2giques, aprofitant els recursos que ens ofereixen diferents entitats o i associacions per l\u2019entorn proper i altres sortides arreu de Catalunya. Per exemple, la visita al Parlament de Catalunya a 6\u00e8, al Palau de la M\u00fasica Catalana, Liceu, visites a museus\u2026 Algunes s\u00f3n gratu\u00eftes i altres tenen un cost per cobrir el transport, l&#8217;activitat o ambd\u00f3s. <\/span>Se us informar\u00e0 per agenda i TPV.<\/p>\n<p>Tamb\u00e9 es va de col\u00f2nies a EI, CI i 5\u00e8 (Projecte Transfronterer), a un camp d&#8217;aprenentatge a CM i de viatge de final de curs a 6\u00e8 (Educaci\u00f3 infantil, 1 nit i educaci\u00f3 prim\u00e0ria, 2 nits)<\/p>\n<p><span style=\"font-weight: 400;\">La Setmana Blanca 2026 est\u00e0 pendent de saber si surt una nova subvenci\u00f3. (Si no tenim subvenci\u00f3 l&#8217;activitat t\u00e9 un cost aproximat de 180 \u20ac) Hi participa l&#8217;alumnat d&#8217;EI, CI i CS.<\/span><\/p>\n<p><span style=\"font-weight: 400;\">L\u2019activitat d\u2019EBE 2026 per a CM t\u00e9 un cost aproximat de 25 \u20ac + 9 \u20ac d&#8217;asseguran\u00e7a.\u00a0<\/span><\/p>\n<p>Les aportacions es realitzen a trav\u00e9s de la plataforma TPV. Aquesta taula \u00e9s una guia orientativa de quan es rebran els avisos per realitzar-les.<\/p>\n<table style=\"width: 78.0859%;\">\n<tbody>\n<tr>\n<td style=\"width: 18.8462%;\"><span style=\"font-weight: 400;\">MES<\/span><\/td>\n<td style=\"width: 24.8077%;\"><span style=\"font-weight: 400;\">GRUP<\/span><\/td>\n<td style=\"width: 30%;\"><span style=\"font-weight: 400;\">APORTACIONS<\/span><\/td>\n<td style=\"width: 47.2238%;\"><span style=\"font-weight: 400;\">IMPORT<\/span><\/td>\n<\/tr>\n<tr>\n<td style=\"width: 18.8462%;\" rowspan=\"2\"><span style=\"font-weight: 400;\">Juliol \/ Agost<\/span><\/td>\n<td style=\"width: 24.8077%;\"><span style=\"font-weight: 400;\">Educaci\u00f3 Infantil<\/span><\/p>\n<p>Educaci\u00f3 Prim\u00e0ria<\/td>\n<td style=\"width: 30%;\"><span style=\"font-weight: 400;\">Material<\/span><\/td>\n<td style=\"width: 47.2238%;\"><span style=\"font-weight: 400;\">100 \u20ac (EI)<\/span>70 \u20ac + <a href=\"https:\/\/drive.google.com\/drive\/folders\/1r41ec8LEC22TYAQE2IWGAX9iuGRAYuqj?usp=sharing\" target=\"_blank\" rel=\"noopener\">Compra de material individual amb el val escolar en comer\u00e7os adherits <\/a>(EP)<\/td>\n<\/tr>\n<tr>\n<td style=\"width: 24.8077%;\"><span style=\"font-weight: 400;\">Tots<\/span><\/td>\n<td style=\"width: 30%;\"><span style=\"font-weight: 400;\">AFA<\/span><\/td>\n<td style=\"width: 47.2238%;\"><span style=\"font-weight: 400;\">1 fill\/a 30 \u20ac<\/span><span style=\"font-weight: 400;\">2 fills\/es 50 \u20ac<\/span>3 o m\u00e9s fills\/es 60 \u20ac<\/td>\n<\/tr>\n<tr>\n<td style=\"width: 18.8462%;\" rowspan=\"5\"><span style=\"font-weight: 400;\">Setembre<\/span><\/td>\n<td style=\"width: 24.8077%;\"><span style=\"font-weight: 400;\">E Infantil i CI<\/span><\/td>\n<td style=\"width: 30%;\"><span style=\"font-weight: 400;\">Nataci\u00f3<\/span><\/td>\n<td style=\"width: 47.2238%;\"><span style=\"font-weight: 400;\">Entre 51 i 95 \u20ac *<\/span><\/td>\n<\/tr>\n<tr>\n<td style=\"width: 24.8077%;\"><span style=\"font-weight: 400;\">CM<\/span><\/td>\n<td style=\"width: 30%;\"><span style=\"font-weight: 400;\">Patinatge<\/span><\/td>\n<td style=\"width: 47.2238%;\"><span style=\"font-weight: 400;\">Entre 26 i 70 \u20ac *<\/span><\/td>\n<\/tr>\n<tr>\n<td style=\"width: 24.8077%;\"><span style=\"font-weight: 400;\">5\u00e8<\/span><\/td>\n<td style=\"width: 30%;\"><span style=\"font-weight: 400;\">Itineraris muntanya<\/span><\/td>\n<td style=\"width: 47.2238%;\"><span style=\"font-weight: 400;\">Entre 30 i 50 \u20ac **<\/span><\/td>\n<\/tr>\n<tr>\n<td style=\"width: 24.8077%;\"><span style=\"font-weight: 400;\">6\u00e8<\/span><\/td>\n<td style=\"width: 30%;\"><span style=\"font-weight: 400;\">Itineraris muntanya<\/span><\/td>\n<td style=\"width: 47.2238%;\"><span style=\"font-weight: 400;\">Entre 30 i 50 \u20ac **<\/span><\/td>\n<\/tr>\n<tr>\n<td style=\"width: 24.8077%;\"><span style=\"font-weight: 400;\">CM<\/span><\/td>\n<td style=\"width: 30%;\"><span style=\"font-weight: 400;\">Asseguran\u00e7a EBE<\/span><\/td>\n<td style=\"width: 47.2238%;\"><span style=\"font-weight: 400;\">9 \u20ac<\/span><\/td>\n<\/tr>\n<tr>\n<td style=\"width: 18.8462%;\"><span style=\"font-weight: 400;\">Novembre<\/span><\/td>\n<td style=\"width: 24.8077%;\"><span style=\"font-weight: 400;\">Tots<\/span><\/td>\n<td style=\"width: 30%;\"><span style=\"font-weight: 400;\">Bestreta col\u00f2nies<\/span><\/td>\n<td style=\"width: 47.2238%;\"><span style=\"font-weight: 400;\">25 \u20ac<\/span><\/td>\n<\/tr>\n<tr>\n<td style=\"width: 18.8462%;\"><span style=\"font-weight: 400;\">Desembre<\/span><\/td>\n<td style=\"width: 24.8077%;\">EI, CI i CS<\/td>\n<td style=\"width: 30%;\"><span style=\"font-weight: 400;\">Bestreta setmana blanca<\/span><\/td>\n<td style=\"width: 47.2238%;\"><span style=\"font-weight: 400;\">30 \u20ac<\/span><\/td>\n<\/tr>\n<tr>\n<td style=\"width: 18.8462%;\"><span style=\"font-weight: 400;\">Febrer<\/span><\/td>\n<td style=\"width: 24.8077%;\">Tots<\/td>\n<td style=\"width: 30%;\"><span style=\"font-weight: 400;\">2n pagament col\u00f2nies<\/span><\/td>\n<td style=\"width: 47.2238%;\"><span style=\"font-weight: 400;\">A determinar *<\/span><\/td>\n<\/tr>\n<tr>\n<td style=\"width: 18.8462%;\"><span style=\"font-weight: 400;\">Abril<\/span><\/td>\n<td style=\"width: 24.8077%;\">Tots<\/td>\n<td style=\"width: 30%;\"><span style=\"font-weight: 400;\">3r pagament col\u00f2nies<\/span><\/td>\n<td style=\"width: 47.2238%;\"><span style=\"font-weight: 400;\">A determinar *<\/span><\/td>\n<\/tr>\n<\/tbody>\n<\/table>\n<p><span style=\"font-weight: 400;\">\u00a0*L&#8217;aportaci\u00f3 \u00e9s variable segons si s\u2019\u00e9s soci de l\u2019AFA,\u00a0 del poliesportiu o d\u2019ambd\u00f3s.<\/span><\/p>\n<p><span style=\"font-weight: 400;\">**L&#8217;aportaci\u00f3 \u00e9s variable segons si s\u2019\u00e9s soci de l\u2019AFA o no.<\/span><\/p>\n<p>Poden haver altres aportacions durant el curs segons les sortides que es facin a cada grup.<\/p>\n<\/div>\n","protected":false},"excerpt":{"rendered":"<p>MATERIAL ESCOLAR CURS 25-26 Les fam\u00edlies fan una \u00fanica aportaci\u00f3 de material de 100 \u20ac per cada fill\/a d&#8217;educaci\u00f3 infantil per a tot el curs escolar i de 70 \u20ac per a cada fill\/a d&#8217;educaci\u00f3 prim\u00e0ria en concepte de fotoc\u00f2pies, fulls, cartolines, pintures&#8230;\u00a0 L\u2019alumnat d\u2019educaci\u00f3 infantil cal que porti una bata, amb beta per penjar-la [&hellip;]<\/p>\n","protected":false},"author":1,"featured_media":0,"parent":22,"menu_order":70,"comment_status":"closed","ping_status":"closed","template":"page-templates\/side-menu.php","meta":{"_bbp_topic_count":0,"_bbp_reply_count":0,"_bbp_total_topic_count":0,"_bbp_total_reply_count":0,"_bbp_voice_count":0,"_bbp_anonymous_reply_count":0,"_bbp_topic_count_hidden":0,"_bbp_reply_count_hidden":0,"_bbp_forum_subforum_count":0,"site-sidebar-layout":"default","site-content-layout":"","ast-site-content-layout":"","site-content-style":"default","site-sidebar-style":"default","ast-global-header-display":"","ast-banner-title-visibility":"","ast-main-header-display":"","ast-hfb-above-header-display":"","ast-hfb-below-header-display":"","ast-hfb-mobile-header-display":"","site-post-title":"","ast-breadcrumbs-content":"","ast-featured-img":"","footer-sml-layout":"","theme-transparent-header-meta":"","adv-header-id-meta":"","stick-header-meta":"","header-above-stick-meta":"","header-main-stick-meta":"","header-below-stick-meta":"","astra-migrate-meta-layouts":"default","ast-page-background-enabled":"default","ast-page-background-meta":{"desktop":{"background-color":"var(--ast-global-color-4)","background-image":"","background-repeat":"repeat","background-position":"center center","background-size":"auto","background-attachment":"scroll","background-type":"","background-media":"","overlay-type":"","overlay-color":"","overlay-opacity":"","overlay-gradient":""},"tablet":{"background-color":"","background-image":"","background-repeat":"repeat","background-position":"center center","background-size":"auto","background-attachment":"scroll","background-type":"","background-media":"","overlay-type":"","overlay-color":"","overlay-opacity":"","overlay-gradient":""},"mobile":{"background-color":"","background-image":"","background-repeat":"repeat","background-position":"center center","background-size":"auto","background-attachment":"scroll","background-type":"","background-media":"","overlay-type":"","overlay-color":"","overlay-opacity":"","overlay-gradient":""}},"ast-content-background-meta":{"desktop":{"background-color":"var(--ast-global-color-5)","background-image":"","background-repeat":"repeat","background-position":"center center","background-size":"auto","background-attachment":"scroll","background-type":"","background-media":"","overlay-type":"","overlay-color":"","overlay-opacity":"","overlay-gradient":""},"tablet":{"background-color":"var(--ast-global-color-5)","background-image":"","background-repeat":"repeat","background-position":"center center","background-size":"auto","background-attachment":"scroll","background-type":"","background-media":"","overlay-type":"","overlay-color":"","overlay-opacity":"","overlay-gradient":""},"mobile":{"background-color":"var(--ast-global-color-5)","background-image":"","background-repeat":"repeat","background-position":"center center","background-size":"auto","background-attachment":"scroll","background-type":"","background-media":"","overlay-type":"","overlay-color":"","overlay-opacity":"","overlay-gradient":""}},"footnotes":""},"class_list":["post-36","page","type-page","status-publish","hentry"],"post_mailing_queue_ids":[],"_links":{"self":[{"href":"https:\/\/agora.xtec.cat\/escllumsdelnord\/wp-json\/wp\/v2\/pages\/36","targetHints":{"allow":["GET"]}}],"collection":[{"href":"https:\/\/agora.xtec.cat\/escllumsdelnord\/wp-json\/wp\/v2\/pages"}],"about":[{"href":"https:\/\/agora.xtec.cat\/escllumsdelnord\/wp-json\/wp\/v2\/types\/page"}],"author":[{"embeddable":true,"href":"https:\/\/agora.xtec.cat\/escllumsdelnord\/wp-json\/wp\/v2\/users\/1"}],"replies":[{"embeddable":true,"href":"https:\/\/agora.xtec.cat\/escllumsdelnord\/wp-json\/wp\/v2\/comments?post=36"}],"version-history":[{"count":6,"href":"https:\/\/agora.xtec.cat\/escllumsdelnord\/wp-json\/wp\/v2\/pages\/36\/revisions"}],"predecessor-version":[{"id":9731,"href":"https:\/\/agora.xtec.cat\/escllumsdelnord\/wp-json\/wp\/v2\/pages\/36\/revisions\/9731"}],"up":[{"embeddable":true,"href":"https:\/\/agora.xtec.cat\/escllumsdelnord\/wp-json\/wp\/v2\/pages\/22"}],"wp:attachment":[{"href":"https:\/\/agora.xtec.cat\/escllumsdelnord\/wp-json\/wp\/v2\/media?parent=36"}],"curies":[{"name":"wp","href":"https:\/\/api.w.org\/{rel}","templated":true}]}}