{"id":28,"date":"2014-09-18T12:29:35","date_gmt":"2014-09-18T11:29:35","guid":{"rendered":"http:\/\/agora.xtec.cat\/escllumsdelnord\/?page_id=28"},"modified":"2025-11-28T16:11:32","modified_gmt":"2025-11-28T15:11:32","slug":"consell-escolar","status":"publish","type":"page","link":"https:\/\/agora.xtec.cat\/escllumsdelnord\/lescola\/consell-escolar\/","title":{"rendered":"Consell escolar"},"content":{"rendered":"<p><a href=\"https:\/\/agora.xtec.cat\/escllumsdelnord\/wp-content\/uploads\/usu1797\/2021\/12\/Supporting-family-banner.jpg\"><img loading=\"lazy\" decoding=\"async\" class=\"aligncenter size-full wp-image-5748\" src=\"https:\/\/agora.xtec.cat\/escllumsdelnord\/wp-content\/uploads\/usu1797\/2021\/12\/Supporting-family-banner.jpg\" alt=\"\" width=\"1535\" height=\"472\" srcset=\"https:\/\/agora.xtec.cat\/escllumsdelnord\/wp-content\/uploads\/usu1797\/2021\/12\/Supporting-family-banner.jpg 1535w, https:\/\/agora.xtec.cat\/escllumsdelnord\/wp-content\/uploads\/usu1797\/2021\/12\/Supporting-family-banner-300x92.jpg 300w, https:\/\/agora.xtec.cat\/escllumsdelnord\/wp-content\/uploads\/usu1797\/2021\/12\/Supporting-family-banner-1024x315.jpg 1024w, https:\/\/agora.xtec.cat\/escllumsdelnord\/wp-content\/uploads\/usu1797\/2021\/12\/Supporting-family-banner-768x236.jpg 768w\" sizes=\"auto, (max-width: 1535px) 100vw, 1535px\" \/><\/a><\/p>\n<p>El consell escolar del centre \u00e9s l&#8217;<strong>\u00f2rgan col\u00b7legiat de participaci\u00f3<\/strong>\u00a0de la comunitat escolar en el govern del centre. En el consell escolar hi ha representats tots els col\u00b7lectius que intervenen en la comunitat educativa: director, professorat, alumnat, personal d&#8217;administraci\u00f3 i serveis, etc.<\/p>\n<p>En els centres p\u00fablics, la funci\u00f3 principal del consell escolar \u00e9s participar en la presa de decisions en relaci\u00f3 amb aquells temes importants per al funcionament i l&#8217;organitzaci\u00f3 del centre: el projecte educatiu, la programaci\u00f3 general, la gesti\u00f3 econ\u00f2mica, etc.<\/p>\n<p>Els membres del consell escolar s\u00f3n elegits per un per\u00edode de quatre anys i es renoven per meitats cada dos anys.<\/p>\n<h3>Representants del Consell Escolar<\/h3>\n<ul>\n<li><strong>Presidenta:<\/strong> Lourdes Cera<\/li>\n<li><strong>Secretari:<\/strong> Xavi Berenguer<\/li>\n<li><strong>Cap d&#8217;estudis:<\/strong> Merc\u00e8 Gonz\u00e1lez<\/li>\n<li><strong>Representants sector fam\u00edlies:<\/strong> Alba Guirao, Anna Morer, Paola Mur i Francesc Rovira<\/li>\n<li><strong>Representants sectors de mestres:<\/strong> Laura Abian, Anna Pont\u00ed, Txus Ternero, Anna Torrent i Pau Torres (Referent de coeducaci\u00f3)<\/li>\n<li><strong>Representant Ajuntament de Puigcerd\u00e0:<\/strong> N\u00faria Laura Mu\u00f1oz<\/li>\n<li><strong>Representant AFA<\/strong>: Ver\u00f3nica Diaz<\/li>\n<li><strong>Representant PAS:<\/strong> D\u00e8lia Carn\u00e9<\/li>\n<\/ul>\n<h3>Comissions del\u00a0Consell\u00a0Escolar<\/h3>\n<ul>\n<li style=\"font-weight: 400;\"><strong>Econ\u00f2mica<\/strong>: Lourdes Cera (presidenta del consell) Xavier Berenguer (secretari del centre), Anna T<span style=\"font-family: inherit; font-size: 1em;\"> (sector mestres) i Anna Morer i Paola Mur (sector fam\u00edlies).<\/span><\/li>\n<li style=\"font-weight: 400;\"><strong>Permanent<\/strong>: Lourdes Cera (presidenta del consell), Xavier Berenguer (secretari del centre),\u00a0 Laura Abian (sector mestres), D\u00e8lia Carn\u00e9 (sector PAS), Ver\u00f3nica D\u00edaz (representant AMPA) i N\u00faria Laura Mu\u00f1oz (representant Ajuntament).<\/li>\n<li style=\"font-weight: 400;\"><strong>Conviv\u00e8ncia<\/strong>: Merc\u00e8 Gonz\u00e1lez (cap d\u2019estudis), Txus Ternero, Pau Torres<span style=\"font-family: inherit; font-size: 1em;\"> (representants sector mestres), Alba Guirao, Ver\u00f3nica D\u00edaz (representants sector fam\u00edlies) i D\u00e8lia Carn\u00e9 (representant sector PAS).\u00a0<\/span><\/li>\n<li><span style=\"font-weight: 400;\"><strong>Menjador<\/strong>: Merc\u00e8 Gonz\u00e1lez (cap d\u2019estudis), Anna P (representant mestres),\u00a0 Francesc Rovira i Paola Mur (representants fam\u00edlies)<\/span><\/li>\n<\/ul>\n<h3>Calendari de reunions del Consell Escolar<\/h3>\n<p style=\"font-weight: 400;\">Les dates <strong>previstes<\/strong> s\u00f3n les seg\u00fcents, l&#8217;horari ser\u00e0 a les 16.40h:<\/p>\n<ul>\n<li>17 de setembre de 2025<\/li>\n<li>13 de novembre de 2025<\/li>\n<li>27 de novembre de 2025 Constituci\u00f3 del nou consell escolar i presa de possessi\u00f3 dels seus membres.<\/li>\n<li>29 de gener de 2026<\/li>\n<li>16 d&#8217;abril de 2026<\/li>\n<li>25 de juny de 2026 (migdia)<\/li>\n<\/ul>\n<p style=\"font-weight: 400;\">Les dates poden ser subjectes a modificacions.<\/p>\n<h3>Comunicacions amb les fam\u00edlies representants al\u00a0consell\u00a0escolar<\/h3>\n<p style=\"font-weight: 400;\">Les reunions del Consell Escolar, esdevenen una oportunitat m\u00e9s perqu\u00e8 les fam\u00edlies feu arribar la vostra veu sobre els temes que com a col\u00b7lectivitat us preocupen.<\/p>\n<p style=\"font-weight: 400;\">Com ho podeu fer?<\/p>\n<p style=\"font-weight: 400;\">Escrivint un correu electr\u00f2nic a les representants de les fam\u00edlies (Alba Guirao i Anna Morer) a <strong>cefamilia1@escolalldn.cat<\/strong><\/p>\n<h3>Informacions tractades als consells escolars<\/h3>\n","protected":false},"excerpt":{"rendered":"<p>El consell escolar del centre \u00e9s l&#8217;\u00f2rgan col\u00b7legiat de participaci\u00f3\u00a0de la comunitat escolar en el govern del centre. En el consell escolar hi ha representats tots els col\u00b7lectius que intervenen en la comunitat educativa: director, professorat, alumnat, personal d&#8217;administraci\u00f3 i serveis, etc. En els centres p\u00fablics, la funci\u00f3 principal del consell escolar \u00e9s participar en [&hellip;]<\/p>\n","protected":false},"author":1,"featured_media":0,"parent":22,"menu_order":30,"comment_status":"closed","ping_status":"closed","template":"","meta":{"_bbp_topic_count":0,"_bbp_reply_count":0,"_bbp_total_topic_count":0,"_bbp_total_reply_count":0,"_bbp_voice_count":0,"_bbp_anonymous_reply_count":0,"_bbp_topic_count_hidden":0,"_bbp_reply_count_hidden":0,"_bbp_forum_subforum_count":0,"site-sidebar-layout":"default","site-content-layout":"","ast-site-content-layout":"default","site-content-style":"default","site-sidebar-style":"default","ast-global-header-display":"","ast-banner-title-visibility":"","ast-main-header-display":"","ast-hfb-above-header-display":"","ast-hfb-below-header-display":"","ast-hfb-mobile-header-display":"","site-post-title":"","ast-breadcrumbs-content":"","ast-featured-img":"","footer-sml-layout":"","theme-transparent-header-meta":"","adv-header-id-meta":"","stick-header-meta":"","header-above-stick-meta":"","header-main-stick-meta":"","header-below-stick-meta":"","astra-migrate-meta-layouts":"set","ast-page-background-enabled":"default","ast-page-background-meta":{"desktop":{"background-color":"var(--ast-global-color-4)","background-image":"","background-repeat":"repeat","background-position":"center center","background-size":"auto","background-attachment":"scroll","background-type":"","background-media":"","overlay-type":"","overlay-color":"","overlay-opacity":"","overlay-gradient":""},"tablet":{"background-color":"","background-image":"","background-repeat":"repeat","background-position":"center center","background-size":"auto","background-attachment":"scroll","background-type":"","background-media":"","overlay-type":"","overlay-color":"","overlay-opacity":"","overlay-gradient":""},"mobile":{"background-color":"","background-image":"","background-repeat":"repeat","background-position":"center center","background-size":"auto","background-attachment":"scroll","background-type":"","background-media":"","overlay-type":"","overlay-color":"","overlay-opacity":"","overlay-gradient":""}},"ast-content-background-meta":{"desktop":{"background-color":"var(--ast-global-color-5)","background-image":"","background-repeat":"repeat","background-position":"center center","background-size":"auto","background-attachment":"scroll","background-type":"","background-media":"","overlay-type":"","overlay-color":"","overlay-opacity":"","overlay-gradient":""},"tablet":{"background-color":"var(--ast-global-color-5)","background-image":"","background-repeat":"repeat","background-position":"center center","background-size":"auto","background-attachment":"scroll","background-type":"","background-media":"","overlay-type":"","overlay-color":"","overlay-opacity":"","overlay-gradient":""},"mobile":{"background-color":"var(--ast-global-color-5)","background-image":"","background-repeat":"repeat","background-position":"center center","background-size":"auto","background-attachment":"scroll","background-type":"","background-media":"","overlay-type":"","overlay-color":"","overlay-opacity":"","overlay-gradient":""}},"footnotes":""},"class_list":["post-28","page","type-page","status-publish","hentry"],"post_mailing_queue_ids":[],"_links":{"self":[{"href":"https:\/\/agora.xtec.cat\/escllumsdelnord\/wp-json\/wp\/v2\/pages\/28","targetHints":{"allow":["GET"]}}],"collection":[{"href":"https:\/\/agora.xtec.cat\/escllumsdelnord\/wp-json\/wp\/v2\/pages"}],"about":[{"href":"https:\/\/agora.xtec.cat\/escllumsdelnord\/wp-json\/wp\/v2\/types\/page"}],"author":[{"embeddable":true,"href":"https:\/\/agora.xtec.cat\/escllumsdelnord\/wp-json\/wp\/v2\/users\/1"}],"replies":[{"embeddable":true,"href":"https:\/\/agora.xtec.cat\/escllumsdelnord\/wp-json\/wp\/v2\/comments?post=28"}],"version-history":[{"count":5,"href":"https:\/\/agora.xtec.cat\/escllumsdelnord\/wp-json\/wp\/v2\/pages\/28\/revisions"}],"predecessor-version":[{"id":9952,"href":"https:\/\/agora.xtec.cat\/escllumsdelnord\/wp-json\/wp\/v2\/pages\/28\/revisions\/9952"}],"up":[{"embeddable":true,"href":"https:\/\/agora.xtec.cat\/escllumsdelnord\/wp-json\/wp\/v2\/pages\/22"}],"wp:attachment":[{"href":"https:\/\/agora.xtec.cat\/escllumsdelnord\/wp-json\/wp\/v2\/media?parent=28"}],"curies":[{"name":"wp","href":"https:\/\/api.w.org\/{rel}","templated":true}]}}