{"id":26,"date":"2014-09-18T12:24:32","date_gmt":"2014-09-18T11:24:32","guid":{"rendered":"http:\/\/agora.xtec.cat\/escllumsdelnord\/?page_id=26"},"modified":"2022-08-31T08:37:51","modified_gmt":"2022-08-31T06:37:51","slug":"historia","status":"publish","type":"page","link":"https:\/\/agora.xtec.cat\/escllumsdelnord\/lescola\/historia\/","title":{"rendered":"Hist\u00f2ria"},"content":{"rendered":"<p><a href=\"https:\/\/agora.xtec.cat\/escllumsdelnord\/wp-content\/uploads\/usu1797\/2021\/11\/baixa.jpg\"><img loading=\"lazy\" decoding=\"async\" class=\"aligncenter wp-image-5740\" src=\"https:\/\/agora.xtec.cat\/escllumsdelnord\/wp-content\/uploads\/usu1797\/2021\/11\/baixa.jpg\" alt=\"\" width=\"566\" height=\"195\" srcset=\"https:\/\/agora.xtec.cat\/escllumsdelnord\/wp-content\/uploads\/usu1797\/2021\/11\/baixa.jpg 383w, https:\/\/agora.xtec.cat\/escllumsdelnord\/wp-content\/uploads\/usu1797\/2021\/11\/baixa-300x103.jpg 300w\" sizes=\"auto, (max-width: 566px) 100vw, 566px\" \/><\/a><\/p>\n<p style=\"text-align: justify;\"><strong>L\u2019escola Llums del Nord<\/strong> \u00e9s un centre educatiu de r\u00e8gim general de titularitat p\u00fablica que dep\u00e8n directament del Departament d\u2019Ensenyament de la Generalitat de Catalunya i que es va posar en funcionament el setembre de 2007.<\/p>\n<p><a href=\"https:\/\/agora.xtec.cat\/escllumsdelnord\/wp-content\/uploads\/usu1797\/2021\/11\/baixa-1.jpg\"><img loading=\"lazy\" decoding=\"async\" class=\"aligncenter size-full wp-image-5737\" src=\"https:\/\/agora.xtec.cat\/escllumsdelnord\/wp-content\/uploads\/usu1797\/2021\/11\/baixa-1.jpg\" alt=\"\" width=\"225\" height=\"225\" srcset=\"https:\/\/agora.xtec.cat\/escllumsdelnord\/wp-content\/uploads\/usu1797\/2021\/11\/baixa-1.jpg 225w, https:\/\/agora.xtec.cat\/escllumsdelnord\/wp-content\/uploads\/usu1797\/2021\/11\/baixa-1-150x150.jpg 150w\" sizes=\"auto, (max-width: 225px) 100vw, 225px\" \/><\/a><\/p>\n<p style=\"text-align: justify;\">L\u2019escola Llums del Nord est\u00e0 ubicada, provisionalment, a la part sud de Puigcerd\u00e0, a l\u2019empla\u00e7ament anomenat La Closa de l\u2019\u00c0ngel. El setembre del 2007 es van instal\u00b7lar en aquesta zona els dos primers m\u00f2duls prefabricats, a l\u2019espera de l\u2019edificaci\u00f3 del centre que tindr\u00e0 la seva ubicaci\u00f3 definitiva al Cam\u00ed de la Pedregosa.<\/p>\n<p style=\"text-align: justify;\">A cada curs escolar s\u2019han anat incorporant m\u00f2duls per tal de donar cabuda als nous grups que ha anat acollint centre.<\/p>\n<p style=\"text-align: justify;\"><strong>El proc\u00e9s de creaci\u00f3 de l\u2019escola<\/strong> ha patit diferents canvis al llarg d\u2019aquests anys, l\u2019an\u00e0lisi d\u2019aquest recorregut ens permetr\u00e0 con\u00e8ixer la situaci\u00f3 actual.<\/p>\n<p style=\"text-align: justify;\">En un primer moment, l\u2019escola Llums del Nord es va planificar com un centre de dues l\u00ednies d\u2019educaci\u00f3 infantil i prim\u00e0ria, per\u00f2, durant el curs 2008-2009, el Departament d\u2019Ensenyament donades les circumst\u00e0ncies de massificaci\u00f3 dels centres de prim\u00e0ria i de l\u2019institut de secund\u00e0ria a Puigcerd\u00e0, va proposar la modificaci\u00f3 del projecte inicial per\u00a0 un institut escola de dues l\u00ednies, on els alumnes cursarien els estudis d\u2019infantil, prim\u00e0ria i secund\u00e0ria.\u00a0 A m\u00e9s a m\u00e9s, es preveia que el nou centre acolliria la seu de la Unitat de Suport\u00a0 d\u2019Educaci\u00f3 Especial (USEE), degut a la manca d\u2019aquest servei a tota la Cerdanya.<\/p>\n<p style=\"text-align: justify;\">El concurs per a la construcci\u00f3 del centre es va atorgar a l\u2019estudi d\u2019arquitectura B-720 que van elaborar\u00a0 el projecte b\u00e0sic i la segona revisi\u00f3 del projecte executiu de l\u2019escola institut Llums del Nord. Despr\u00e9s, aquest projecte es va entregar a GISA per la seva aprovaci\u00f3.<\/p>\n<p style=\"text-align: justify;\">Per altra banda el descens generalitzat a Catalunya de matr\u00edcula, fonamentalment als cursos d\u2019infantil, ha fet que el Departament d\u2019Ensenyament\u00a0 proposi la redistribuci\u00f3 del nombre de\u00a0 l\u00ednies que ofereixen els dos centres p\u00fablics de la vila. Aix\u00ed s\u2019estableix en els \u00faltims cursos que l\u2019escola Alfons I ofereixi dues l\u00ednies, i una\u00a0 l\u2019escola Llums del Nord, fet que ha comportat modificacions en les r\u00e0tios d\u2019educaci\u00f3 infantil i de moment l&#8217;aturada del projecte de construcci\u00f3 de l\u2019edifici definitiu de l\u2019escola.<\/p>\n<p style=\"text-align: justify;\"><strong>Pel que fa a l\u2019edifici escolar<\/strong> actual hi ha instal\u00b7lats\u00a0 7 m\u00f2duls prefabricats que permeten acollir 3 grups d\u2019educaci\u00f3 infantil i 6 grups d\u2019educaci\u00f3 prim\u00e0ria,\u00a0 un menjador, una sala de psicomotricitat, una petita biblioteca, una aula polivalent i una aula d&#8217;ordinadors\/sala de mestres.\u00a0 Els m\u00f2duls cobreixen les necessitats de l&#8217;alumnat i garanteixen un espai acollidor pel desenvolupament de l\u2019activitat escolar.<\/p>\n<p>&nbsp;<\/p>\n<p>&nbsp;<\/p>\n","protected":false},"excerpt":{"rendered":"<p>L\u2019escola Llums del Nord \u00e9s un centre educatiu de r\u00e8gim general de titularitat p\u00fablica que dep\u00e8n directament del Departament d\u2019Ensenyament de la Generalitat de Catalunya i que es va posar en funcionament el setembre de 2007. L\u2019escola Llums del Nord est\u00e0 ubicada, provisionalment, a la part sud de Puigcerd\u00e0, a l\u2019empla\u00e7ament anomenat La Closa de [&hellip;]<\/p>\n","protected":false},"author":1,"featured_media":0,"parent":22,"menu_order":20,"comment_status":"closed","ping_status":"closed","template":"page-templates\/side-menu.php","meta":{"_bbp_topic_count":0,"_bbp_reply_count":0,"_bbp_total_topic_count":0,"_bbp_total_reply_count":0,"_bbp_voice_count":0,"_bbp_anonymous_reply_count":0,"_bbp_topic_count_hidden":0,"_bbp_reply_count_hidden":0,"_bbp_forum_subforum_count":0,"site-sidebar-layout":"default","site-content-layout":"","ast-site-content-layout":"","site-content-style":"default","site-sidebar-style":"default","ast-global-header-display":"","ast-banner-title-visibility":"","ast-main-header-display":"","ast-hfb-above-header-display":"","ast-hfb-below-header-display":"","ast-hfb-mobile-header-display":"","site-post-title":"","ast-breadcrumbs-content":"","ast-featured-img":"","footer-sml-layout":"","theme-transparent-header-meta":"","adv-header-id-meta":"","stick-header-meta":"","header-above-stick-meta":"","header-main-stick-meta":"","header-below-stick-meta":"","astra-migrate-meta-layouts":"default","ast-page-background-enabled":"default","ast-page-background-meta":{"desktop":{"background-color":"var(--ast-global-color-4)","background-image":"","background-repeat":"repeat","background-position":"center center","background-size":"auto","background-attachment":"scroll","background-type":"","background-media":"","overlay-type":"","overlay-color":"","overlay-opacity":"","overlay-gradient":""},"tablet":{"background-color":"","background-image":"","background-repeat":"repeat","background-position":"center center","background-size":"auto","background-attachment":"scroll","background-type":"","background-media":"","overlay-type":"","overlay-color":"","overlay-opacity":"","overlay-gradient":""},"mobile":{"background-color":"","background-image":"","background-repeat":"repeat","background-position":"center center","background-size":"auto","background-attachment":"scroll","background-type":"","background-media":"","overlay-type":"","overlay-color":"","overlay-opacity":"","overlay-gradient":""}},"ast-content-background-meta":{"desktop":{"background-color":"var(--ast-global-color-5)","background-image":"","background-repeat":"repeat","background-position":"center center","background-size":"auto","background-attachment":"scroll","background-type":"","background-media":"","overlay-type":"","overlay-color":"","overlay-opacity":"","overlay-gradient":""},"tablet":{"background-color":"var(--ast-global-color-5)","background-image":"","background-repeat":"repeat","background-position":"center center","background-size":"auto","background-attachment":"scroll","background-type":"","background-media":"","overlay-type":"","overlay-color":"","overlay-opacity":"","overlay-gradient":""},"mobile":{"background-color":"var(--ast-global-color-5)","background-image":"","background-repeat":"repeat","background-position":"center center","background-size":"auto","background-attachment":"scroll","background-type":"","background-media":"","overlay-type":"","overlay-color":"","overlay-opacity":"","overlay-gradient":""}},"footnotes":""},"class_list":["post-26","page","type-page","status-publish","hentry"],"post_mailing_queue_ids":[],"_links":{"self":[{"href":"https:\/\/agora.xtec.cat\/escllumsdelnord\/wp-json\/wp\/v2\/pages\/26","targetHints":{"allow":["GET"]}}],"collection":[{"href":"https:\/\/agora.xtec.cat\/escllumsdelnord\/wp-json\/wp\/v2\/pages"}],"about":[{"href":"https:\/\/agora.xtec.cat\/escllumsdelnord\/wp-json\/wp\/v2\/types\/page"}],"author":[{"embeddable":true,"href":"https:\/\/agora.xtec.cat\/escllumsdelnord\/wp-json\/wp\/v2\/users\/1"}],"replies":[{"embeddable":true,"href":"https:\/\/agora.xtec.cat\/escllumsdelnord\/wp-json\/wp\/v2\/comments?post=26"}],"version-history":[{"count":5,"href":"https:\/\/agora.xtec.cat\/escllumsdelnord\/wp-json\/wp\/v2\/pages\/26\/revisions"}],"predecessor-version":[{"id":6612,"href":"https:\/\/agora.xtec.cat\/escllumsdelnord\/wp-json\/wp\/v2\/pages\/26\/revisions\/6612"}],"up":[{"embeddable":true,"href":"https:\/\/agora.xtec.cat\/escllumsdelnord\/wp-json\/wp\/v2\/pages\/22"}],"wp:attachment":[{"href":"https:\/\/agora.xtec.cat\/escllumsdelnord\/wp-json\/wp\/v2\/media?parent=26"}],"curies":[{"name":"wp","href":"https:\/\/api.w.org\/{rel}","templated":true}]}}